{"id":140,"date":"2020-01-11T20:32:31","date_gmt":"2020-01-11T20:32:31","guid":{"rendered":"http:\/\/34.247.87.5\/?page_id=140"},"modified":"2021-02-05T18:03:48","modified_gmt":"2021-02-05T18:03:48","slug":"career","status":"publish","type":"page","link":"https:\/\/www.tempatech.com\/tr\/career\/","title":{"rendered":"Kariyer"},"content":{"rendered":"<div class=\"vc_row wpb_row vc_row-fluid\"><div class=\"wpb_column vc_column_container vc_col-sm-12\"><div class=\"vc_column-inner\"><div class=\"wpb_wrapper\">\n\t<div class=\"wpb_text_column wpb_content_element\" >\n\t\t<div class=\"wpb_wrapper\">\n\t\t\t<p>Tempa M\u00fchendislik b\u00fcnyesindeki i\u015f ilanlar\u0131 a\u015fa\u011f\u0131da i\u015f tan\u0131mlar\u0131yla birlikte sunulmaktad\u0131r. Uygun oldu\u011funuzu d\u00fc\u015f\u00fcn\u00fcyorsan\u0131z Ba\u015fvuru Formlar\u0131 arac\u0131l\u0131\u011f\u0131yla ba\u015fvuru yapabilirsiniz.<\/p>\n\n\t\t<\/div>\n\t<\/div>\n<\/div><\/div><\/div><\/div><div class=\"vc_row wpb_row vc_row-fluid\"><div class=\"wpb_column vc_column_container vc_col-sm-12\"><div class=\"vc_column-inner\"><div class=\"wpb_wrapper\"><div class=\"vc_tta-container\" data-vc-action=\"collapse\"><div class=\"vc_general vc_tta vc_tta-accordion vc_tta-color-grey vc_tta-style-total vc_tta-shape-rounded vc_tta-o-shape-group vc_tta-gap-15 vc_tta-controls-align-left vc_tta-o-no-fill\"><div class=\"vc_tta-panels-container\"><div class=\"vc_tta-panels\"><div class=\"vc_tta-panel vc_active\" id=\"1578774849985-0c7fd1e4-a1ad\" data-vc-content=\".vc_tta-panel-body\"><div class=\"vc_tta-panel-heading\"><h4 class=\"vc_tta-panel-title vc_tta-controls-icon-position-left\"><a href=\"#1578774849985-0c7fd1e4-a1ad\" data-vc-accordion data-vc-container=\".vc_tta-container\"><span class=\"vc_tta-title-text\">M\u00fchendislik Staj Program\u0131<\/span><i class=\"vc_tta-controls-icon vc_tta-controls-icon-plus\"><\/i><\/a><\/h4><\/div><div class=\"vc_tta-panel-body\"><div class=\"vc_row wpb_row vc_inner vc_row-fluid\"><div class=\"wpb_column vc_column_container vc_col-sm-6\"><div class=\"vc_column-inner\"><div class=\"wpb_wrapper\">\n\t<div class=\"wpb_text_column wpb_content_element  vc_custom_1612548218680\" >\n\t\t<div class=\"wpb_wrapper\">\n\t\t\t<p style=\"text-align: center;\" class=\" translation-block\">TEMPA M\u00fchendislik olarak, \u00fcniversitede edindi\u011finiz teorik altyap\u0131n\u0131n pratik uygulamalarla g\u00fc\u00e7lendirilmesinde \u00f6nemli bir rol oynayacak staj f\u0131rsat\u0131n\u0131 senin i\u00e7in yaratt\u0131k! Part-time \u00e7al\u0131\u015fmak \u00fczere Mekanik Tasar\u0131m, Sonlu Elemanlar Analizleri ve Mekanik Testler konular\u0131nda geli\u015fip \u00e7al\u0131\u015fmalar ger\u00e7ekle\u015ftirerek \"M\u00fchendislik Stajyeri\" olarak g\u00f6rev alacak \u00e7al\u0131\u015fma arkada\u015f\u0131m\u0131z\u0131 ar\u0131yoruz.<\/p>\n<p><span style=\"color: #000000;\"><strong>Kimi ar\u0131yoruz?<\/strong><\/span><\/p>\n<p style=\"padding-left: 40px;\"><span style=\"color: #000000;\">\u2022 \u00dcniversitelerin Makina, Havac\u0131l\u0131k ve Uzay, Otomotiv M\u00fchendisli\u011fi vb. b\u00f6l\u00fcmlerinde 2, 3 veya 4. s\u0131n\u0131f \u00f6\u011frencisi,<\/span><\/p>\n<p style=\"padding-left: 40px;\"><span style=\"color: #000000;\">\u2022 Haftada 15-20 saat aral\u0131\u011f\u0131nda uzaktan veya gerekti\u011finde ofiste \u00e7al\u0131\u015fabilecek,<\/span><\/p>\n<p style=\"padding-left: 40px;\"><span style=\"color: #000000;\">\u2022 \u0130yi derecede yaz\u0131l\u0131 ve s\u00f6zl\u00fc \u0130ngilizce bilgisine sahip,<\/span><\/p>\n<p style=\"padding-left: 40px;\"><span style=\"color: #000000;\">\u2022 Mekanik tasar\u0131m, sonlu elemanlar analizleri ve mekanik testler konular\u0131 ile ilgili ve \u00f6\u011frenmeye istekli,<\/span><\/p>\n<p style=\"padding-left: 40px;\"><span style=\"color: #000000;\">\u2022 \u0130leti\u015fim becerileri kuvvetli, tak\u0131m \u00e7al\u0131\u015fmas\u0131na yatk\u0131n,<\/span><\/p>\n<p><span style=\"color: #000000;\"><strong>Son Ba\u015fvuru Tarihi: 5 \u015eubat, 21.00<\/strong><\/span><\/p>\n<p><span style=\"color: #000000;\"><strong>*<\/strong>TEMPA M\u00fchendislik'in bir par\u00e7as\u0131 olacak olan arkada\u015flar\u0131m\u0131z g\u00f6rev s\u00fcreleri boyunca TEMPA \u00e7al\u0131\u015fan\u0131 olarak \u00fccret alacaklard\u0131r.<\/span><\/p>\n<p style=\"text-align: left;\"><span style=\"color: #000000;\">Nitelikli m\u00fchendisler ve teknisyenler ile beraber geni\u015f bir yaz\u0131l\u0131m ve donan\u0131m altyap\u0131s\u0131 \u00e7al\u0131\u015fma portf\u00f6y\u00fc ile \u00e7al\u0131\u015farak kendini geli\u015ftirmek isteyen stajyer adaylar\u0131m\u0131z\u0131, \u00f6nemli projelerde hep birlikte yer almak i\u00e7in bekliyoruz.<\/span><\/p>\n<p><span style=\"color: #000000;\">Bu staj ilan\u0131 ve TEMPA M\u00fchendislik hakk\u0131ndaki t\u00fcm sorular\u0131n i\u00e7in career@www.tempatech.com \u00fczerinden bizimle ileti\u015fime ge\u00e7ebilirsin.<\/span><\/p>\n<p><span style=\"font-size: 16px;\"><strong>Bu staj ilan\u0131 i\u00e7in ba\u015fvuru s\u00fcreci tamamlanm\u0131\u015ft\u0131r. Sonraki kariyer f\u0131rsatlar\u0131 i\u00e7in takipte kal\u0131n!<\/strong><\/span><\/p>\n\n\t\t<\/div>\n\t<\/div>\n<\/div><\/div><\/div><div class=\"wpb_column vc_column_container vc_col-sm-6\"><div class=\"vc_column-inner\"><div class=\"wpb_wrapper\">\n\t<div  class=\"wpb_single_image wpb_content_element vc_align_center\">\n\t\t\n\t\t<figure class=\"wpb_wrapper vc_figure\">\n\t\t\t<div class=\"vc_single_image-wrapper   vc_box_border_grey\"><img loading=\"lazy\" decoding=\"async\" width=\"1080\" height=\"1080\" src=\"https:\/\/www.tempatech.com\/wp-content\/uploads\/2021\/01\/Araba-kullanirken-telefonl-oynamayin.-Dikkatli-olun-ve-arabanizi-akillica-kullanin.-Kopyasi-4.png\" class=\"vc_single_image-img attachment-full\" alt=\"\" title=\"Engineering Internship\" srcset=\"https:\/\/www.tempatech.com\/wp-content\/uploads\/2021\/01\/Araba-kullanirken-telefonl-oynamayin.-Dikkatli-olun-ve-arabanizi-akillica-kullanin.-Kopyasi-4.png 1080w, https:\/\/www.tempatech.com\/wp-content\/uploads\/2021\/01\/Araba-kullanirken-telefonl-oynamayin.-Dikkatli-olun-ve-arabanizi-akillica-kullanin.-Kopyasi-4-300x300.png 300w, https:\/\/www.tempatech.com\/wp-content\/uploads\/2021\/01\/Araba-kullanirken-telefonl-oynamayin.-Dikkatli-olun-ve-arabanizi-akillica-kullanin.-Kopyasi-4-1024x1024.png 1024w, https:\/\/www.tempatech.com\/wp-content\/uploads\/2021\/01\/Araba-kullanirken-telefonl-oynamayin.-Dikkatli-olun-ve-arabanizi-akillica-kullanin.-Kopyasi-4-150x150.png 150w, https:\/\/www.tempatech.com\/wp-content\/uploads\/2021\/01\/Araba-kullanirken-telefonl-oynamayin.-Dikkatli-olun-ve-arabanizi-akillica-kullanin.-Kopyasi-4-768x768.png 768w, https:\/\/www.tempatech.com\/wp-content\/uploads\/2021\/01\/Araba-kullanirken-telefonl-oynamayin.-Dikkatli-olun-ve-arabanizi-akillica-kullanin.-Kopyasi-4-12x12.png 12w\" sizes=\"(max-width: 1080px) 100vw, 1080px\" \/><\/div>\n\t\t<\/figure>\n\t<\/div>\n<\/div><\/div><\/div><\/div><\/div><\/div><\/div><\/div><\/div><\/div><\/div><\/div><\/div><\/div>","protected":false},"excerpt":{"rendered":"Job postings within Tempa Engineering are presented below with job descriptions. If you think you are suitable, you can apply via Application Forms. Engineering Internship Program As TEMPA Engineering, we have created an internship opportunity for you, which will play an important role in strengthening the theoretical background you have acquired at the university with&hellip;","protected":false},"author":1,"featured_media":0,"parent":0,"menu_order":0,"comment_status":"closed","ping_status":"closed","template":"","meta":{"footnotes":""},"_links":{"self":[{"href":"https:\/\/www.tempatech.com\/tr\/wp-json\/wp\/v2\/pages\/140"}],"collection":[{"href":"https:\/\/www.tempatech.com\/tr\/wp-json\/wp\/v2\/pages"}],"about":[{"href":"https:\/\/www.tempatech.com\/tr\/wp-json\/wp\/v2\/types\/page"}],"author":[{"embeddable":true,"href":"https:\/\/www.tempatech.com\/tr\/wp-json\/wp\/v2\/users\/1"}],"replies":[{"embeddable":true,"href":"https:\/\/www.tempatech.com\/tr\/wp-json\/wp\/v2\/comments?post=140"}],"version-history":[{"count":21,"href":"https:\/\/www.tempatech.com\/tr\/wp-json\/wp\/v2\/pages\/140\/revisions"}],"predecessor-version":[{"id":1001,"href":"https:\/\/www.tempatech.com\/tr\/wp-json\/wp\/v2\/pages\/140\/revisions\/1001"}],"wp:attachment":[{"href":"https:\/\/www.tempatech.com\/tr\/wp-json\/wp\/v2\/media?parent=140"}],"curies":[{"name":"wp","href":"https:\/\/api.w.org\/{rel}","templated":true}]}}