{"id":1563,"date":"2021-03-31T00:56:58","date_gmt":"2021-03-30T21:56:58","guid":{"rendered":"https:\/\/www.tempatech.com\/?page_id=1563"},"modified":"2021-05-07T00:39:58","modified_gmt":"2021-05-06T21:39:58","slug":"vspeedbox","status":"publish","type":"page","link":"https:\/\/www.tempatech.com\/tr\/test-measurement-systems\/maul-theet-products\/vspeedbox\/","title":{"rendered":"Rotational-Speed Sensor | vSpeedBox"},"content":{"rendered":"<div class=\"vc_row wpb_row vc_row-fluid vc_row-o-equal-height vc_row-o-content-middle vc_row-flex\"><div class=\"wpb_column vc_column_container vc_col-sm-6\"><div class=\"vc_column-inner\"><div class=\"wpb_wrapper\">\n\t<div class=\"wpb_text_column wpb_content_element  vc_custom_1617141380555\" >\n\t\t<div class=\"wpb_wrapper\">\n\t\t\t<p><b>DC ve TTL \u00e7\u0131k\u0131\u015fl\u0131 Devir Sayac\u0131\u00a0<\/b><\/p>\n<p><span style=\"font-weight: 400;\">Bir\u00e7ok deneysel \u00e7al\u0131\u015fma ve \u00f6l\u00e7\u00fcmde, test nesnelerinin d\u00f6nme par\u00e7alar\u0131n\u0131n h\u0131z\u0131n\u0131n do\u011fru bir \u015fekilde \u00f6l\u00e7\u00fclmesi gerekir. \u00d6zellikle \u015felale diyagramlar\u0131 veya s\u0131ra grafikleri gibi d\u00f6nme h\u0131z\u0131na ba\u011fl\u0131 diyagramlar i\u00e7in, h\u0131z di\u011fer fiziksel birimlerle paralel olarak \u00f6l\u00e7\u00fclmelidir.\u00a0<\/span><\/p>\n<p><span style=\"font-weight: 400;\">VSpeedBox, herhangi bir tako giri\u015fine ihtiya\u00e7 duymadan normal bir DC giri\u015fi ile h\u0131z\u0131 \u00f6l\u00e7meyi sa\u011flar. VSpeedBox i\u00e7inde, LED-Sens\u00f6rden gelen giri\u015f sinyalleri, 16 MHz zaman taban\u0131na dayal\u0131 y\u00fcksek do\u011frulukta sinyal periyodunu \u00f6l\u00e7mek i\u00e7in kullan\u0131l\u0131r. H\u0131z de\u011ferleri hesaplan\u0131r ve h\u0131z orant\u0131l\u0131 analog DC \u00e7\u0131k\u0131\u015f voltaj\u0131na d\u00f6n\u00fc\u015ft\u00fcr\u00fcl\u00fcr, b\u00f6ylece DC giri\u015fli herhangi bir veri toplama sistemi taraf\u0131ndan kaydedilebilirler. LED sens\u00f6r\u00fcnden gelen d\u00fcrt\u00fc paralel olarak TTL \u00e7\u0131k\u0131\u015f\u0131na y\u00f6nlendirilir, b\u00f6ylece \u00f6zel bir tako giri\u015fine sahip veri al\u0131mlar\u0131 da kullan\u0131labilir.\u00a0<\/span><\/p>\n\n\t\t<\/div>\n\t<\/div>\n<\/div><\/div><\/div><div class=\"wpb_column vc_column_container vc_col-sm-6\"><div class=\"vc_column-inner\"><div class=\"wpb_wrapper\">\n\t<div  class=\"wpb_single_image wpb_content_element vc_align_center\">\n\t\t\n\t\t<figure class=\"wpb_wrapper vc_figure\">\n\t\t\t<a data-gallery=\"[{&quot;src&quot;:&quot;https:\\\/\\\/www.tempatech.com\\\/wp-content\\\/uploads\\\/2021\\\/03\\\/vSpeedBox-with-Sensor_01-300x225-1.jpg&quot;},{&quot;src&quot;:&quot;https:\\\/\\\/www.tempatech.com\\\/wp-content\\\/uploads\\\/2021\\\/03\\\/Sensor-mit-Fan_01-300x225-1.jpg&quot;},{&quot;src&quot;:&quot;https:\\\/\\\/www.tempatech.com\\\/wp-content\\\/uploads\\\/2021\\\/03\\\/vSpeedBox_3-300x174-1.jpg&quot;}]\" href=\"#\" target=\"_self\" class=\"vc_single_image-wrapper wpex-lightbox-gallery   vc_box_border_grey\"><img loading=\"lazy\" decoding=\"async\" width=\"300\" height=\"225\" src=\"https:\/\/www.tempatech.com\/wp-content\/uploads\/2021\/03\/vSpeedBox-with-Sensor_01-300x225-1.jpg\" class=\"vc_single_image-img attachment-full\" alt=\"\" title=\"vSpeedBox with Sensor\" srcset=\"https:\/\/www.tempatech.com\/wp-content\/uploads\/2021\/03\/vSpeedBox-with-Sensor_01-300x225-1.jpg 300w, https:\/\/www.tempatech.com\/wp-content\/uploads\/2021\/03\/vSpeedBox-with-Sensor_01-300x225-1-16x12.jpg 16w\" sizes=\"(max-width: 300px) 100vw, 300px\" \/><\/a>\n\t\t<\/figure>\n\t<\/div>\n<\/div><\/div><\/div><\/div><div class=\"vc_row wpb_row vc_row-fluid\"><div class=\"wpb_column vc_column_container vc_col-sm-12\"><div class=\"vc_column-inner\"><div class=\"wpb_wrapper\"><div class=\"vc_row wpb_row vc_inner vc_row-fluid vc_custom_1617141156334 vc_row-o-content-middle vc_row-flex\"><div class=\"wpb_column vc_column_container vc_col-sm-4\"><div class=\"vc_column-inner\"><div class=\"wpb_wrapper\">\n\t<div  class=\"wpb_single_image wpb_content_element vc_align_center  vc_custom_1620337185866\">\n\t\t\n\t\t<figure class=\"wpb_wrapper vc_figure\">\n\t\t\t<a data-gallery=\"[{&quot;src&quot;:&quot;https:\\\/\\\/www.tempatech.com\\\/wp-content\\\/uploads\\\/2021\\\/03\\\/Sensor-mit-Fan_01-300x225-1.jpg&quot;},{&quot;src&quot;:&quot;https:\\\/\\\/www.tempatech.com\\\/wp-content\\\/uploads\\\/2021\\\/03\\\/vSpeedBox_3-300x174-1.jpg&quot;},{&quot;src&quot;:&quot;https:\\\/\\\/www.tempatech.com\\\/wp-content\\\/uploads\\\/2021\\\/03\\\/vSpeedBox-with-Sensor_01-300x225-1.jpg&quot;}]\" href=\"#\" target=\"_self\" class=\"vc_single_image-wrapper wpex-lightbox-gallery   vc_box_border_grey\"><img loading=\"lazy\" decoding=\"async\" width=\"300\" height=\"225\" src=\"https:\/\/www.tempatech.com\/wp-content\/uploads\/2021\/03\/Sensor-mit-Fan_01-300x225-1.jpg\" class=\"vc_single_image-img attachment-full\" alt=\"\" title=\"Sensor&amp;Fan\" srcset=\"https:\/\/www.tempatech.com\/wp-content\/uploads\/2021\/03\/Sensor-mit-Fan_01-300x225-1.jpg 300w, https:\/\/www.tempatech.com\/wp-content\/uploads\/2021\/03\/Sensor-mit-Fan_01-300x225-1-16x12.jpg 16w\" sizes=\"(max-width: 300px) 100vw, 300px\" \/><\/a>\n\t\t<\/figure>\n\t<\/div>\n<\/div><\/div><\/div><div class=\"wpb_column vc_column_container vc_col-sm-8\"><div class=\"vc_column-inner\"><div class=\"wpb_wrapper\">\n\t<div class=\"wpb_text_column wpb_content_element\" >\n\t\t<div class=\"wpb_wrapper\">\n\t\t\t<p><span style=\"font-weight: 400;\">Y\u00fcksek do\u011fruluk garantisi i\u00e7in \u00fc\u00e7 farkl\u0131 h\u0131z aral\u0131\u011f\u0131 se\u00e7ilebilir:<\/span><\/p>\n<ul>\n<li><span style=\"font-weight: 400;\"> 400 RPM\u00a0<\/span><\/li>\n<li><span style=\"font-weight: 400;\"> 4000 RPM<\/span><\/li>\n<li><span style=\"font-weight: 400;\"> 40000 RPM\u00a0<\/span><\/li>\n<\/ul>\n<p><span style=\"font-weight: 400;\">Se\u00e7ilen h\u0131z aral\u0131\u011f\u0131 i\u00e7in, DC \u00e7\u0131k\u0131\u015f\u0131 4000 ad\u0131ml\u0131k bir \u00e7\u00f6z\u00fcn\u00fcrl\u00fc\u011fe sahiptir. Maksimum h\u0131z a\u015f\u0131l\u0131rsa, g\u00fc\u00e7 LED'i yan\u0131p s\u00f6nmeye ba\u015flar.\u00a0<\/span><\/p>\n<p><span style=\"font-weight: 400;\">VSpeedBox sistemi iki bile\u015fenden olu\u015fur:<\/span><\/p>\n<ul>\n<li><span style=\"font-weight: 400;\"> \u00b7 LED Sens\u00f6r Ucu\u00a0<\/span><\/li>\n<li><span style=\"font-weight: 400;\"> Kumanda<\/span><\/li>\n<\/ul>\n<p><span style=\"font-weight: 400;\">Ayr\u0131ca, h\u0131z vuru\u015flar\u0131n\u0131n tespitinde kullan\u0131labilecek \u00f6zel test kurulumlar\u0131 i\u00e7in \u00f6zelle\u015ftirilmi\u015f optik sens\u00f6rleri sunuyoruz.<\/span><\/p>\n\n\t\t<\/div>\n\t<\/div>\n<\/div><\/div><\/div><\/div><div class=\"vc_row wpb_row vc_inner vc_row-fluid\"><div class=\"wpb_column vc_column_container vc_col-sm-8\"><div class=\"vc_column-inner\"><div class=\"wpb_wrapper\">\n\t<div class=\"wpb_text_column wpb_content_element\" >\n\t\t<div class=\"wpb_wrapper\">\n\t\t\t<p><strong>Teknik Veri:<\/strong><\/p>\n<table>\n<tbody>\n<tr>\n<td><span style=\"font-weight: 400;\">Sens\u00f6r<\/span><\/td>\n<td><span style=\"font-weight: 400;\">M16 x 1,5 a\u00e7\u0131l\u0131 tutuculu<\/span><\/td>\n<\/tr>\n<tr>\n<td><span style=\"font-weight: 400;\">\u00d6l\u00e7\u00fcm prensibi<\/span><\/td>\n<td><span style=\"font-weight: 400;\">LED k\u0131rm\u0131z\u0131<\/span><\/td>\n<\/tr>\n<tr>\n<td><span style=\"font-weight: 400;\">\u00d6l\u00e7\u00fcm mesafesi<\/span><\/td>\n<td><span style=\"font-weight: 400;\">Maks. 1000mm<\/span><\/td>\n<\/tr>\n<tr>\n<td><span style=\"font-weight: 400;\">\u0130\u015faretleyici\u00a0<\/span><\/td>\n<td><span style=\"font-weight: 400;\">Yans\u0131t\u0131c\u0131 bant<\/span><\/td>\n<\/tr>\n<tr>\n<td><span style=\"font-weight: 400;\">Sens\u00f6r boyutu<\/span><\/td>\n<td><span style=\"font-weight: 400;\">M16x1,5 uzunluk 74 mm<\/span><\/td>\n<\/tr>\n<tr>\n<td><span style=\"font-weight: 400;\">Kablo uzunlu\u011fu<\/span><\/td>\n<td><span style=\"font-weight: 400;\">2,4 m<\/span><\/td>\n<\/tr>\n<tr>\n<td><span style=\"font-weight: 400;\">S\u0131cakl\u0131k aral\u0131\u011f\u0131<\/span><\/td>\n<td><span style=\"font-weight: 400;\">-10 \u00b0 ile 70 \u00b0 C<\/span><\/td>\n<\/tr>\n<tr>\n<td><span style=\"font-weight: 400;\">Kumanda Boyutu<\/span><\/td>\n<td><span style=\"font-weight: 400;\">110 x71x32 mm<\/span><\/td>\n<\/tr>\n<tr>\n<td><span style=\"font-weight: 400;\">\u00d6l\u00e7\u00fcm aral\u0131klar\u0131<\/span><\/td>\n<td><span style=\"font-weight: 400;\">400 RPM = 4 Volt<\/span><\/td>\n<\/tr>\n<tr>\n<td><\/td>\n<td><span style=\"font-weight: 400;\">4.000 RPM = 4 Volt<\/span><\/td>\n<\/tr>\n<tr>\n<td><\/td>\n<td><span style=\"font-weight: 400;\">40.000 RPM = 4 Volt<\/span><\/td>\n<\/tr>\n<tr>\n<td><span style=\"font-weight: 400;\">Do\u011fruluk<\/span><\/td>\n<td><span style=\"font-weight: 400;\">\u2264 0,25 %<\/span><\/td>\n<\/tr>\n<tr>\n<td><span style=\"font-weight: 400;\">TTL \u00e7\u0131k\u0131\u015f\u0131<\/span><\/td>\n<td><span style=\"font-weight: 400;\">Pulses 5 Volt<\/span><\/td>\n<\/tr>\n<tr>\n<td><span style=\"font-weight: 400;\">G\u00fc\u00e7 Kayna\u011f\u0131<\/span><\/td>\n<td><span style=\"font-weight: 400;\">9 Volt DC<\/span><\/td>\n<\/tr>\n<tr>\n<td><span style=\"font-weight: 400;\">Teslimat kapsam\u0131<\/span><\/td>\n<td><span style=\"font-weight: 400;\">Sens\u00f6r, kontrol\u00f6r ve g\u00fc\u00e7 kayna\u011f\u0131<\/span><\/td>\n<\/tr>\n<\/tbody>\n<\/table>\n<p><span style=\"font-weight: 400;\">Daha fazla bilgi veya tan\u0131t\u0131m i\u00e7in bizimle ileti\u015fime ge\u00e7ebilirsiniz.<\/span><\/p>\n\n\t\t<\/div>\n\t<\/div>\n<\/div><\/div><\/div><div class=\"wpb_column vc_column_container vc_col-sm-4\"><div class=\"vc_column-inner\"><div class=\"wpb_wrapper\">\n\t<div  class=\"wpb_single_image wpb_content_element vc_align_center  vc_custom_1620337194080\">\n\t\t\n\t\t<figure class=\"wpb_wrapper vc_figure\">\n\t\t\t<a data-gallery=\"[{&quot;src&quot;:&quot;https:\\\/\\\/www.tempatech.com\\\/wp-content\\\/uploads\\\/2021\\\/03\\\/vSpeedBox_3-300x174-1.jpg&quot;},{&quot;src&quot;:&quot;https:\\\/\\\/www.tempatech.com\\\/wp-content\\\/uploads\\\/2021\\\/03\\\/vSpeedBox-with-Sensor_01-300x225-1.jpg&quot;},{&quot;src&quot;:&quot;https:\\\/\\\/www.tempatech.com\\\/wp-content\\\/uploads\\\/2021\\\/03\\\/Sensor-mit-Fan_01-300x225-1.jpg&quot;}]\" href=\"#\" target=\"_self\" class=\"vc_single_image-wrapper wpex-lightbox-gallery   vc_box_border_grey\"><img loading=\"lazy\" decoding=\"async\" width=\"300\" height=\"174\" src=\"https:\/\/www.tempatech.com\/wp-content\/uploads\/2021\/03\/vSpeedBox_3-300x174-1.jpg\" class=\"vc_single_image-img attachment-full\" alt=\"\" title=\"vSpeedBox\" srcset=\"https:\/\/www.tempatech.com\/wp-content\/uploads\/2021\/03\/vSpeedBox_3-300x174-1.jpg 300w, https:\/\/www.tempatech.com\/wp-content\/uploads\/2021\/03\/vSpeedBox_3-300x174-1-16x9.jpg 16w\" sizes=\"(max-width: 300px) 100vw, 300px\" \/><\/a>\n\t\t<\/figure>\n\t<\/div>\n<\/div><\/div><\/div><\/div><\/div><\/div><\/div><\/div>","protected":false},"excerpt":{"rendered":"Revolution Counter with DC and TTL output.\u00a0 At many experimental studies and measurements, it is necessary to accurately measure the speed of rotational parts of test objects. Especially for diagrams that are dependent on the rotational speed, like waterfall diagrams or order plots, the speed must be measured inparallel with other physical units.\u00a0 The vSpeedBox&hellip;","protected":false},"author":1,"featured_media":0,"parent":884,"menu_order":0,"comment_status":"closed","ping_status":"closed","template":"","meta":{"footnotes":""},"_links":{"self":[{"href":"https:\/\/www.tempatech.com\/tr\/wp-json\/wp\/v2\/pages\/1563"}],"collection":[{"href":"https:\/\/www.tempatech.com\/tr\/wp-json\/wp\/v2\/pages"}],"about":[{"href":"https:\/\/www.tempatech.com\/tr\/wp-json\/wp\/v2\/types\/page"}],"author":[{"embeddable":true,"href":"https:\/\/www.tempatech.com\/tr\/wp-json\/wp\/v2\/users\/1"}],"replies":[{"embeddable":true,"href":"https:\/\/www.tempatech.com\/tr\/wp-json\/wp\/v2\/comments?post=1563"}],"version-history":[{"count":5,"href":"https:\/\/www.tempatech.com\/tr\/wp-json\/wp\/v2\/pages\/1563\/revisions"}],"predecessor-version":[{"id":1659,"href":"https:\/\/www.tempatech.com\/tr\/wp-json\/wp\/v2\/pages\/1563\/revisions\/1659"}],"up":[{"embeddable":true,"href":"https:\/\/www.tempatech.com\/tr\/wp-json\/wp\/v2\/pages\/884"}],"wp:attachment":[{"href":"https:\/\/www.tempatech.com\/tr\/wp-json\/wp\/v2\/media?parent=1563"}],"curies":[{"name":"wp","href":"https:\/\/api.w.org\/{rel}","templated":true}]}}