{"id":1625,"date":"2021-04-08T14:02:18","date_gmt":"2021-04-08T11:02:18","guid":{"rendered":"https:\/\/www.tempatech.com\/?page_id=1625"},"modified":"2021-05-07T00:41:54","modified_gmt":"2021-05-06T21:41:54","slug":"hydroacoustics","status":"publish","type":"page","link":"https:\/\/www.tempatech.com\/tr\/test-measurement-systems\/maul-theet-products\/hydroacoustics\/","title":{"rendered":"Hydroacoustics"},"content":{"rendered":"<div class=\"vc_row wpb_row vc_row-fluid vc_row-o-equal-height vc_row-o-content-middle vc_row-flex\"><div class=\"wpb_column vc_column_container vc_col-sm-6\"><div class=\"vc_column-inner\"><div class=\"wpb_wrapper\">\n\t<div class=\"wpb_text_column wpb_content_element  vc_custom_1617879518865\" >\n\t\t<div class=\"wpb_wrapper\">\n\t\t\t<h2><b>Hidroakustik \u00d6l\u00e7\u00fcmler<\/b><\/h2>\n<p><span style=\"font-weight: 400;\">Uzun y\u0131llard\u0131r Maul-Theet, gemi g\u00fcr\u00fclt\u00fcs\u00fcn\u00fc alg\u0131lamak ve nitelendirmek i\u00e7in hidroakustik \u00f6l\u00e7\u00fcm sistemleri geli\u015ftirmektedir. Di\u011fer bir i\u015f alan\u0131, a\u00e7\u0131k denizde kaz\u0131k \u00e7akma s\u0131ras\u0131nda g\u00fcr\u00fclt\u00fc azalt\u0131c\u0131 \u00f6nlemlerin ara\u015ft\u0131r\u0131lmas\u0131d\u0131r.<\/span><\/p>\n<p><span style=\"font-weight: 400;\">M\u00fc\u015fterilerimize a\u015fa\u011f\u0131dakilerin organizasyonunu ve uygulanmas\u0131n\u0131 sunuyoruz:<\/span><\/p>\n<ul>\n<li style=\"font-weight: 400;\" aria-level=\"1\"><span style=\"font-weight: 400;\">ISO ve BSH standartlar\u0131na g\u00f6re su alt\u0131 g\u00fcr\u00fclt\u00fc \u00f6l\u00e7\u00fcmleri<\/span><\/li>\n<li style=\"font-weight: 400;\" aria-level=\"1\"><span style=\"font-weight: 400;\">\u00d6l\u00e7\u00fclen verilerin haz\u0131rlanmas\u0131 ve analizi<\/span><\/li>\n<li style=\"font-weight: 400;\" aria-level=\"1\"><span style=\"font-weight: 400;\">Raporlama ve Belgeler<\/span><\/li>\n<li style=\"font-weight: 400;\" aria-level=\"1\"><span style=\"font-weight: 400;\">G\u00fcr\u00fclt\u00fc azaltma \u00f6nlemlerinin de\u011ferlendirilmesi<\/span><\/li>\n<\/ul>\n\n\t\t<\/div>\n\t<\/div>\n<\/div><\/div><\/div><div class=\"wpb_column vc_column_container vc_col-sm-6\"><div class=\"vc_column-inner\"><div class=\"wpb_wrapper\">\n\t<div  class=\"wpb_single_image wpb_content_element vc_align_center\">\n\t\t\n\t\t<figure class=\"wpb_wrapper vc_figure\">\n\t\t\t<a data-gallery=\"[{&quot;src&quot;:&quot;https:\\\/\\\/www.tempatech.com\\\/wp-content\\\/uploads\\\/2021\\\/04\\\/Calc_Beamforming-1024x888-1.png&quot;},{&quot;src&quot;:&quot;https:\\\/\\\/www.tempatech.com\\\/wp-content\\\/uploads\\\/2021\\\/04\\\/Feste-Station.png&quot;},{&quot;src&quot;:&quot;https:\\\/\\\/www.tempatech.com\\\/wp-content\\\/uploads\\\/2021\\\/04\\\/Analogue-Meas-Chain-1024x481-1.png&quot;}]\" href=\"#\" target=\"_self\" class=\"vc_single_image-wrapper wpex-lightbox-gallery   vc_box_border_grey\"><img loading=\"lazy\" decoding=\"async\" width=\"1024\" height=\"888\" src=\"https:\/\/www.tempatech.com\/wp-content\/uploads\/2021\/04\/Calc_Beamforming-1024x888-1.png\" class=\"vc_single_image-img attachment-full\" alt=\"\" title=\"Calc_Beamforming-1024x888\" srcset=\"https:\/\/www.tempatech.com\/wp-content\/uploads\/2021\/04\/Calc_Beamforming-1024x888-1.png 1024w, https:\/\/www.tempatech.com\/wp-content\/uploads\/2021\/04\/Calc_Beamforming-1024x888-1-300x260.png 300w, https:\/\/www.tempatech.com\/wp-content\/uploads\/2021\/04\/Calc_Beamforming-1024x888-1-768x666.png 768w, https:\/\/www.tempatech.com\/wp-content\/uploads\/2021\/04\/Calc_Beamforming-1024x888-1-14x12.png 14w\" sizes=\"(max-width: 1024px) 100vw, 1024px\" \/><\/a>\n\t\t<\/figure>\n\t<\/div>\n<\/div><\/div><\/div><\/div><div class=\"vc_row wpb_row vc_row-fluid\"><div class=\"wpb_column vc_column_container vc_col-sm-12\"><div class=\"vc_column-inner\"><div class=\"wpb_wrapper\"><div class=\"vc_row wpb_row vc_inner vc_row-fluid vc_custom_1617141156334 vc_row-o-content-middle vc_row-flex\"><div class=\"wpb_column vc_column_container vc_col-sm-4\"><div class=\"vc_column-inner\"><div class=\"wpb_wrapper\">\n\t<div  class=\"wpb_single_image wpb_content_element vc_align_center  vc_custom_1620337243469\">\n\t\t\n\t\t<figure class=\"wpb_wrapper vc_figure\">\n\t\t\t<a data-gallery=\"[{&quot;src&quot;:&quot;https:\\\/\\\/www.tempatech.com\\\/wp-content\\\/uploads\\\/2021\\\/04\\\/Analogue-Meas-Chain-1024x481-1.png&quot;},{&quot;src&quot;:&quot;https:\\\/\\\/www.tempatech.com\\\/wp-content\\\/uploads\\\/2021\\\/04\\\/Feste-Station.png&quot;},{&quot;src&quot;:&quot;https:\\\/\\\/www.tempatech.com\\\/wp-content\\\/uploads\\\/2021\\\/04\\\/Calc_Beamforming-1024x888-1.png&quot;}]\" href=\"#\" target=\"_self\" class=\"vc_single_image-wrapper wpex-lightbox-gallery   vc_box_border_grey\"><img loading=\"lazy\" decoding=\"async\" width=\"1024\" height=\"481\" src=\"https:\/\/www.tempatech.com\/wp-content\/uploads\/2021\/04\/Analogue-Meas-Chain-1024x481-1.png\" class=\"vc_single_image-img attachment-full\" alt=\"\" title=\"Analogue-Meas-Chain-1024x481\" srcset=\"https:\/\/www.tempatech.com\/wp-content\/uploads\/2021\/04\/Analogue-Meas-Chain-1024x481-1.png 1024w, https:\/\/www.tempatech.com\/wp-content\/uploads\/2021\/04\/Analogue-Meas-Chain-1024x481-1-300x141.png 300w, https:\/\/www.tempatech.com\/wp-content\/uploads\/2021\/04\/Analogue-Meas-Chain-1024x481-1-768x361.png 768w, https:\/\/www.tempatech.com\/wp-content\/uploads\/2021\/04\/Analogue-Meas-Chain-1024x481-1-16x8.png 16w\" sizes=\"(max-width: 1024px) 100vw, 1024px\" \/><\/a>\n\t\t<\/figure>\n\t<\/div>\n<\/div><\/div><\/div><div class=\"wpb_column vc_column_container vc_col-sm-8\"><div class=\"vc_column-inner\"><div class=\"wpb_wrapper\">\n\t<div class=\"wpb_text_column wpb_content_element\" >\n\t\t<div class=\"wpb_wrapper\">\n\t\t\t<h2><b>S\u0131n\u0131fland\u0131rma ama\u00e7l\u0131 tipik hidroakustik gemi \u00f6l\u00e7\u00fcm\u00fc ve de\u011ferlendirmesi i\u00e7in \u00e7\u00f6z\u00fcm | HyA<\/b><\/h2>\n<p><span style=\"font-weight: 400;\">Hydroacoustics, s\u0131n\u0131fland\u0131rma ama\u00e7l\u0131 tipik hidro akustik gemi \u00f6l\u00e7\u00fcm\u00fc ve de\u011ferlendirmesi i\u00e7in kapsaml\u0131 bir \u00e7\u00f6z\u00fcm sunar.  Kalibrasyon rutinlerinden spektral d\u00fczeltmelere kadar dahil olmak \u00fczere farkl\u0131 \u00f6l\u00e7\u00fcm yerleri ve hidrofonlar\u0131 ile saha kurulumunu kapsar. Ek olarak sistem merkezi veritaban\u0131na otomatik veri senkronizasyonu ile mobil yerle\u015fik (yerel veritaban\u0131) olarak kullan\u0131labilir.<\/span><\/p>\n\n\t\t<\/div>\n\t<\/div>\n<\/div><\/div><\/div><\/div><div class=\"vc_row wpb_row vc_inner vc_row-fluid\"><div class=\"wpb_column vc_column_container vc_col-sm-8\"><div class=\"vc_column-inner\"><div class=\"wpb_wrapper\">\n\t<div class=\"wpb_text_column wpb_content_element\" >\n\t\t<div class=\"wpb_wrapper\">\n\t\t\t<p><span style=\"font-weight: 400;\">Gemi verileri, hidrofon verileri ve t\u00fcm \u00f6l\u00e7\u00fcm ve de\u011ferlendirme verileri gibi t\u00fcm meta veriler ayn\u0131 veritaban\u0131na gider, bu sayede t\u00fcm \u00f6l\u00e7\u00fcm ve de\u011ferlendirme s\u00fcreci boyunca kullan\u0131labilir.  A\u011f tabanl\u0131 sunucu \/ istemci tasar\u0131m\u0131, hepsi ayn\u0131 veritaban\u0131na yerel alan a\u011f\u0131 (LAN) \u00fczerinden eri\u015fti\u011fi i\u00e7in (neredeyse) s\u0131n\u0131rs\u0131z say\u0131da \u00f6l\u00e7\u00fcm ve de\u011ferlendirme istemcisinin ayn\u0131 anda \u00e7al\u0131\u015fmas\u0131n\u0131 sa\u011flar. Meta verilerin ta\u015f\u0131ma veritaban\u0131 i\u015flevselli\u011fi sayesinde alt k\u00fcmeleri kullanarak \u00f6l\u00e7\u00fcm ve de\u011ferlendirme verileri farkl\u0131 veritabanlar\u0131 aras\u0131nda de\u011fi\u015ftirilebilir. Octave- ve FFT-Spectra gibi t\u00fcm \u00f6l\u00e7\u00fcmlerde ve \u00e7evrimi\u00e7i hesaplamalarda, hidrofonlar\u0131n zaman sinyalleri paralel olarak kaydedilebilir ve veri taban\u0131na kaydedilebilir. \u00d6zel ekranlar ve \u00f6zel g\u00f6r\u00fcn\u00fcm se\u00e7enekleri, \u00f6l\u00e7\u00fcmler s\u0131ras\u0131nda y\u00fcksek verimli veri kalitesi kontrol\u00fcne izin verir.<\/span><\/p>\n<p><span style=\"font-weight: 400;\">Hidroakustik Hesaplay\u0131c\u0131da, Hidroakustik Veritaban\u0131ndan veriler fare ile kolayl\u0131kla \u00e7e\u015fitli analizlere s\u00fcr\u00fcklenebilir. Verilere uygulanabilen Spektral De\u011ferlendirme,Transient Analiz, Post Processing, Birle\u015ftirme ve Uzamsal Filtreleme vard\u0131r. Kaydedilen zaman sinyalleri, tekrar veya farkl\u0131 bir \u015fekilde analiz edilmek \u00fczere kullan\u0131labilir.<\/span><\/p>\n\n\t\t<\/div>\n\t<\/div>\n<\/div><\/div><\/div><div class=\"wpb_column vc_column_container vc_col-sm-4\"><div class=\"vc_column-inner\"><div class=\"wpb_wrapper\">\n\t<div  class=\"wpb_single_image wpb_content_element vc_align_center\">\n\t\t\n\t\t<figure class=\"wpb_wrapper vc_figure\">\n\t\t\t<a data-gallery=\"[{&quot;src&quot;:&quot;https:\\\/\\\/www.tempatech.com\\\/wp-content\\\/uploads\\\/2021\\\/04\\\/Feste-Station.png&quot;},{&quot;src&quot;:&quot;https:\\\/\\\/www.tempatech.com\\\/wp-content\\\/uploads\\\/2021\\\/04\\\/Calc_Beamforming-1024x888-1.png&quot;},{&quot;src&quot;:&quot;https:\\\/\\\/www.tempatech.com\\\/wp-content\\\/uploads\\\/2021\\\/04\\\/Analogue-Meas-Chain-1024x481-1.png&quot;}]\" href=\"#\" target=\"_self\" class=\"vc_single_image-wrapper wpex-lightbox-gallery   vc_box_border_grey\"><img loading=\"lazy\" decoding=\"async\" width=\"991\" height=\"762\" src=\"https:\/\/www.tempatech.com\/wp-content\/uploads\/2021\/04\/Feste-Station.png\" class=\"vc_single_image-img attachment-full\" alt=\"\" title=\"Feste-Station\" srcset=\"https:\/\/www.tempatech.com\/wp-content\/uploads\/2021\/04\/Feste-Station.png 991w, https:\/\/www.tempatech.com\/wp-content\/uploads\/2021\/04\/Feste-Station-300x231.png 300w, https:\/\/www.tempatech.com\/wp-content\/uploads\/2021\/04\/Feste-Station-768x591.png 768w, https:\/\/www.tempatech.com\/wp-content\/uploads\/2021\/04\/Feste-Station-16x12.png 16w\" sizes=\"(max-width: 991px) 100vw, 991px\" \/><\/a>\n\t\t<\/figure>\n\t<\/div>\n<\/div><\/div><\/div><\/div><\/div><\/div><\/div><\/div>","protected":false},"excerpt":{"rendered":"Hydroacoustic Measurements For many years Maul-Theet develops hydroacoustic measurement systems to acquire and qualify ship noise. Another business area is monitoring of noise-reducing measures during offshore pile driving. We offer our customers the organization and implementation of: Underwater noise measurements according to ISO and BSH standards Preparation and analysis of the measured data Reporting and&hellip;","protected":false},"author":1,"featured_media":0,"parent":884,"menu_order":0,"comment_status":"closed","ping_status":"closed","template":"","meta":{"footnotes":""},"_links":{"self":[{"href":"https:\/\/www.tempatech.com\/tr\/wp-json\/wp\/v2\/pages\/1625"}],"collection":[{"href":"https:\/\/www.tempatech.com\/tr\/wp-json\/wp\/v2\/pages"}],"about":[{"href":"https:\/\/www.tempatech.com\/tr\/wp-json\/wp\/v2\/types\/page"}],"author":[{"embeddable":true,"href":"https:\/\/www.tempatech.com\/tr\/wp-json\/wp\/v2\/users\/1"}],"replies":[{"embeddable":true,"href":"https:\/\/www.tempatech.com\/tr\/wp-json\/wp\/v2\/comments?post=1625"}],"version-history":[{"count":3,"href":"https:\/\/www.tempatech.com\/tr\/wp-json\/wp\/v2\/pages\/1625\/revisions"}],"predecessor-version":[{"id":1660,"href":"https:\/\/www.tempatech.com\/tr\/wp-json\/wp\/v2\/pages\/1625\/revisions\/1660"}],"up":[{"embeddable":true,"href":"https:\/\/www.tempatech.com\/tr\/wp-json\/wp\/v2\/pages\/884"}],"wp:attachment":[{"href":"https:\/\/www.tempatech.com\/tr\/wp-json\/wp\/v2\/media?parent=1625"}],"curies":[{"name":"wp","href":"https:\/\/api.w.org\/{rel}","templated":true}]}}