{"id":1641,"date":"2021-04-22T11:18:45","date_gmt":"2021-04-22T08:18:45","guid":{"rendered":"https:\/\/www.tempatech.com\/?page_id=1641"},"modified":"2021-04-27T14:31:11","modified_gmt":"2021-04-27T11:31:11","slug":"vmeas-standard","status":"publish","type":"page","link":"https:\/\/www.tempatech.com\/tr\/test-measurement-systems\/maul-theet-products\/vmeas-standard\/","title":{"rendered":"Data Acquisition | vMeas Standard"},"content":{"rendered":"<div class=\"vc_row wpb_row vc_row-fluid vc_row-o-equal-height vc_row-o-content-middle vc_row-flex\"><div class=\"wpb_column wpb_animate_when_almost_visible wpb_fadeInLeft fadeInLeft vc_column_container vc_col-sm-6\"><div class=\"vc_column-inner\"><div class=\"wpb_wrapper\">\n\t<div style=\"color:#000000;\" class=\"wpb_text_column has-custom-color wpex-child-inherit-color wpb_content_element  vc_custom_1619523066929\" >\n\t\t<div class=\"wpb_wrapper\">\n\t\t\t<p><strong>Yeni nesil, ta\u015f\u0131nabilir veri toplama sistemi<\/strong><\/p>\n<p><span style=\"font-weight: 400;\">\u00a0 \u00a0 \u00a0vMeas, \u00e7e\u015fitli saha, mobil veya test uygulamalar\u0131 i\u00e7in dinamik veri yakalama sa\u011flayan yeni kolay ta\u015f\u0131nabilir veri toplama sistemidir. D\u00f6rt analog giri\u015f kanal\u0131na ek olarak bir takometre giri\u015fi ve birim ba\u015f\u0131na bir analog \u00e7\u0131k\u0131\u015fa sahiptir. USB arac\u0131l\u0131\u011f\u0131yla bir diz\u00fcst\u00fc bilgisayara veya ba\u015fka bir bilgisayara veri aktarabilme sayesinde \u00e7ok y\u00f6nl\u00fc kendi kendine yetebilen bir \u00e7\u00f6z\u00fcm sunar. Her kanal i\u00e7in senkronize \u00e7al\u0131\u015fan 24-bit ADC geni\u015f dinamik aral\u0131k sa\u011flar. Frekans aral\u0131klar\u0131 1 Hz'den maks. 20 kHz ve 1,2,5 aral\u0131kl\u0131 art\u0131\u015fa sahiptir. Anti-Aliasing filtresi otomatik olarak se\u00e7ilen frekans aral\u0131\u011f\u0131na ayarlan\u0131r. Sabit ak\u0131m kayna\u011f\u0131na ihtiya\u00e7 duyan sens\u00f6rler i\u00e7in giri\u015f ba\u011flant\u0131s\u0131 DC, AC veya IEPE'dir.<\/span><\/p>\n<div class=\"wpb_text_column has-custom-color wpex-child-inherit-color wpb_content_element\">\n<div class=\"wpb_wrapper\">\n<h1><span style=\"font-size: 16px;\"><b>Description<\/b><\/span><\/h1>\n<p>&nbsp;<\/p>\n<\/div>\n<\/div>\n<div class=\"vc_empty_space\">\n<ul>\n<li style=\"font-weight: 400;\" aria-level=\"1\"><span style=\"font-weight: 400;\">Kolay ta\u015f\u0131nabilir Veri Toplama Birimi<\/span><\/li>\n<li style=\"font-weight: 400;\" aria-level=\"1\"><span style=\"font-weight: 400;\">0,4 kg'dan daha hafif a\u011f\u0131rl\u0131k<\/span><span style=\"font-weight: 400;\">,<\/span><\/li>\n<li style=\"font-weight: 400;\" aria-level=\"1\"><span style=\"font-weight: 400;\">4 Analog kanal<\/span><\/li>\n<li style=\"font-weight: 400;\" aria-level=\"1\"><span style=\"font-weight: 400;\">1 Takometre Giri\u015fi<\/span><\/li>\n<li style=\"font-weight: 400;\" aria-level=\"1\"><span style=\"font-weight: 400;\">1 Analog \u00e7\u0131k\u0131\u015f<\/span><\/li>\n<li style=\"font-weight: 400;\" aria-level=\"1\"><span style=\"font-weight: 400;\">20 kHz'e kadar frekans aral\u0131\u011f\u0131<\/span><\/li>\n<li style=\"font-weight: 400;\" aria-level=\"1\"><span style=\"font-weight: 400;\">T\u00fcm kanallarda senkronize \u00e7al\u0131\u015fma<\/span><\/li>\n<li style=\"font-weight: 400;\" aria-level=\"1\"><span style=\"font-weight: 400;\">DC, AC ve IEPE giri\u015f ba\u011flant\u0131s\u0131<\/span><\/li>\n<li style=\"font-weight: 400;\" aria-level=\"1\"><span style=\"font-weight: 400;\">USB arabirimi<\/span><\/li>\n<li style=\"font-weight: 400;\" aria-level=\"1\"><span style=\"font-weight: 400;\">106dB SNR<\/span><\/li>\n<li style=\"font-weight: 400;\" aria-level=\"1\"><span style=\"font-weight: 400;\">\u00c7oklu operasyon\/i\u015flem<\/span><\/li>\n<\/ul>\n<\/div>\n<p><!--more--><\/p>\n\n\t\t<\/div>\n\t<\/div>\n<\/div><\/div><\/div><div class=\"wpb_column vc_column_container vc_col-sm-6\"><div class=\"vc_column-inner\"><div class=\"wpb_wrapper\">\n\t<div  class=\"wpb_single_image wpb_content_element vc_align_center  wpb_animate_when_almost_visible wpb_fadeInRight fadeInRight\">\n\t\t\n\t\t<figure class=\"wpb_wrapper vc_figure\">\n\t\t\t<div class=\"vc_single_image-wrapper vc_box_shadow  vc_box_border_grey\"><img loading=\"lazy\" decoding=\"async\" class=\"vc_single_image-img\" src=\"https:\/\/www.tempatech.com\/wp-content\/uploads\/2021\/04\/P1020348-500x400.jpg\" width=\"500\" height=\"400\" alt=\"P1020348\" title=\"P1020348\" \/><\/div>\n\t\t<\/figure>\n\t<\/div>\n<\/div><\/div><\/div><\/div>","protected":false},"excerpt":{"rendered":"<p>The new ultra-portable data acquisition system \u00a0 \u00a0 \u00a0The new ultra-portable data acquisition system provides dynamic data capture for a wide range of field and mobile or test facility applications. Four analog input channels plus a tachometer and an analog output per unit. Versatile self-contained solution with data streamed to a laptop or other PC&hellip;<\/p>","protected":false},"author":1,"featured_media":0,"parent":884,"menu_order":0,"comment_status":"closed","ping_status":"closed","template":"","meta":{"footnotes":""},"_links":{"self":[{"href":"https:\/\/www.tempatech.com\/tr\/wp-json\/wp\/v2\/pages\/1641"}],"collection":[{"href":"https:\/\/www.tempatech.com\/tr\/wp-json\/wp\/v2\/pages"}],"about":[{"href":"https:\/\/www.tempatech.com\/tr\/wp-json\/wp\/v2\/types\/page"}],"author":[{"embeddable":true,"href":"https:\/\/www.tempatech.com\/tr\/wp-json\/wp\/v2\/users\/1"}],"replies":[{"embeddable":true,"href":"https:\/\/www.tempatech.com\/tr\/wp-json\/wp\/v2\/comments?post=1641"}],"version-history":[{"count":8,"href":"https:\/\/www.tempatech.com\/tr\/wp-json\/wp\/v2\/pages\/1641\/revisions"}],"predecessor-version":[{"id":1656,"href":"https:\/\/www.tempatech.com\/tr\/wp-json\/wp\/v2\/pages\/1641\/revisions\/1656"}],"up":[{"embeddable":true,"href":"https:\/\/www.tempatech.com\/tr\/wp-json\/wp\/v2\/pages\/884"}],"wp:attachment":[{"href":"https:\/\/www.tempatech.com\/tr\/wp-json\/wp\/v2\/media?parent=1641"}],"curies":[{"name":"wp","href":"https:\/\/api.w.org\/{rel}","templated":true}]}}