{"id":1663,"date":"2021-05-17T09:41:04","date_gmt":"2021-05-17T06:41:04","guid":{"rendered":"https:\/\/www.tempatech.com\/?page_id=1663"},"modified":"2021-05-17T09:46:05","modified_gmt":"2021-05-17T06:46:05","slug":"vmonitor","status":"publish","type":"page","link":"https:\/\/www.tempatech.com\/tr\/test-measurement-systems\/maul-theet-products\/vmonitor\/","title":{"rendered":"Continuous Monitoring DIN4150 | vMonitor"},"content":{"rendered":"<div class=\"vc_row wpb_row vc_row-fluid vc_row-o-equal-height vc_row-o-content-middle vc_row-flex\"><div class=\"wpb_column vc_column_container vc_col-sm-6\"><div class=\"vc_column-inner\"><div class=\"wpb_wrapper\">\n\t<div class=\"wpb_text_column wpb_content_element  vc_custom_1621233031534\" >\n\t\t<div class=\"wpb_wrapper\">\n\t\t\t<div class=\"wpb_text_column wpb_content_element\">\n<div class=\"wpb_wrapper\">\n<p>Maul-Theet, vMonitor ile binalardaki titre\u015fimlerin ve \u015fok olaylar\u0131n\u0131n kesintisiz olarak kaydedilmesi i\u00e7in kullan\u0131\u015fl\u0131 bir sistem sunar. \u00d6l\u00e7\u00fcmler ayr\u0131ca DIN4150'ye g\u00f6re de yap\u0131labilir.<\/p>\n<p>T\u00fcm vMonitor sistemleri, entegre \u00f6rt\u00fc\u015fme \u00f6nleme filtrelerine sahiptir ve \u00e7ok y\u00fcksek kalitede, d\u00fc\u015f\u00fck frekans aral\u0131\u011f\u0131nda (&lt;3Hz) k\u00fc\u00e7\u00fck genliklerin \u00e7ok kanall\u0131 titre\u015fim \u00f6l\u00e7\u00fcmlerine olanak tan\u0131r. Titre\u015fim sinyallerinin kesintisiz kayd\u0131, \u00f6l\u00e7\u00fcm verilerinin uzun bir s\u00fcre boyunca geriye d\u00f6n\u00fck olarak analiz edilmesini m\u00fcmk\u00fcn k\u0131lar. Sistemler, binalar\u0131n ve yap\u0131lar\u0131n genel titre\u015fim izlemesine (DIN4150) ek olarak, ayarlanm\u0131\u015f k\u00fctle damperlerinin \u00e7al\u0131\u015fmas\u0131n\u0131 takip etmek i\u00e7in de kullan\u0131l\u0131r.<\/p>\n<p>K\u00f6pr\u00fclerin do\u011fal frekanslar\u0131n\u0131n s\u00fcrekli olarak izlenmesi sayesinde,vMonitor; yeni, daha y\u00fcksek bir g\u00fcvenlik seviyesi sa\u011flar.\u00dcretim tesislerinin emisyon seviyesinin izlenmesi ve ayr\u0131ca olas\u0131 hasarlardan korunmak i\u00e7in hassas cihazlar\u0131n emisyonun izlenmesi de vMonitor taraf\u0131ndan ger\u00e7ekle\u015ftirilebilir.<\/p>\n<p>Sanat nesnelerini korumak i\u00e7in tavan zeminlerinin, vitrinlerin veya tek tek nesnelerin titre\u015fim seviyeleri izlenebilir. Uyar\u0131 mesajlar\u0131, titre\u015fime maruz kalman\u0131n tan\u0131nmas\u0131na yard\u0131mc\u0131 olur ve personele \u00f6nlemlerin derhal ba\u015flat\u0131lmas\u0131 i\u00e7in talimat verir.<\/p>\n<\/div>\n<\/div>\n<div class=\"vc_empty_space\"><\/div>\n\n\t\t<\/div>\n\t<\/div>\n<\/div><\/div><\/div><div class=\"wpb_column vc_column_container vc_col-sm-6\"><div class=\"vc_column-inner\"><div class=\"wpb_wrapper\">\n\t<div  class=\"wpb_single_image wpb_content_element vc_align_center\">\n\t\t\n\t\t<figure class=\"wpb_wrapper vc_figure\">\n\t\t\t<a data-gallery=\"[{&quot;src&quot;:&quot;https:\\\/\\\/www.tempatech.com\\\/wp-content\\\/uploads\\\/2021\\\/05\\\/P1060861-scaled-1500x1125.jpg&quot;},{&quot;src&quot;:&quot;https:\\\/\\\/www.tempatech.com\\\/wp-content\\\/uploads\\\/2021\\\/05\\\/Foto_vMonitor_software.png&quot;},{&quot;src&quot;:&quot;https:\\\/\\\/www.tempatech.com\\\/wp-content\\\/uploads\\\/2021\\\/05\\\/Grafik_vMonitor_horizontal_mounting.png&quot;}]\" href=\"#\" target=\"_self\" class=\"vc_single_image-wrapper wpex-lightbox-gallery   vc_box_border_grey\"><img loading=\"lazy\" decoding=\"async\" width=\"2560\" height=\"1920\" src=\"https:\/\/www.tempatech.com\/wp-content\/uploads\/2021\/05\/P1060861-scaled.jpg\" class=\"vc_single_image-img attachment-full\" alt=\"\" title=\"P1060861\" srcset=\"https:\/\/www.tempatech.com\/wp-content\/uploads\/2021\/05\/P1060861-scaled.jpg 2560w, https:\/\/www.tempatech.com\/wp-content\/uploads\/2021\/05\/P1060861-300x225.jpg 300w, https:\/\/www.tempatech.com\/wp-content\/uploads\/2021\/05\/P1060861-1024x768.jpg 1024w, https:\/\/www.tempatech.com\/wp-content\/uploads\/2021\/05\/P1060861-768x576.jpg 768w, https:\/\/www.tempatech.com\/wp-content\/uploads\/2021\/05\/P1060861-1536x1152.jpg 1536w, https:\/\/www.tempatech.com\/wp-content\/uploads\/2021\/05\/P1060861-2048x1536.jpg 2048w, https:\/\/www.tempatech.com\/wp-content\/uploads\/2021\/05\/P1060861-16x12.jpg 16w, https:\/\/www.tempatech.com\/wp-content\/uploads\/2021\/05\/P1060861-scaled-1500x1125.jpg 1500w\" sizes=\"(max-width: 2560px) 100vw, 2560px\" \/><\/a>\n\t\t<\/figure>\n\t<\/div>\n<\/div><\/div><\/div><\/div><div class=\"vc_row wpb_row vc_row-fluid\"><div class=\"wpb_column vc_column_container vc_col-sm-12\"><div class=\"vc_column-inner\"><div class=\"wpb_wrapper\"><div class=\"vc_row wpb_row vc_inner vc_row-fluid vc_custom_1621233482166 vc_row-o-content-top vc_row-flex\"><div class=\"wpb_column vc_column_container vc_col-sm-4\"><div class=\"vc_column-inner\"><div class=\"wpb_wrapper\">\n\t<div  class=\"wpb_single_image wpb_content_element vc_align_center  vc_custom_1621233469733\">\n\t\t\n\t\t<figure class=\"wpb_wrapper vc_figure\">\n\t\t\t<a data-gallery=\"[{&quot;src&quot;:&quot;https:\\\/\\\/www.tempatech.com\\\/wp-content\\\/uploads\\\/2021\\\/05\\\/Foto_vMonitor_software.png&quot;},{&quot;src&quot;:&quot;https:\\\/\\\/www.tempatech.com\\\/wp-content\\\/uploads\\\/2021\\\/05\\\/Grafik_vMonitor_horizontal_mounting.png&quot;},{&quot;src&quot;:&quot;https:\\\/\\\/www.tempatech.com\\\/wp-content\\\/uploads\\\/2021\\\/05\\\/P1060861-scaled-1500x1125.jpg&quot;}]\" href=\"#\" target=\"_self\" class=\"vc_single_image-wrapper wpex-lightbox-gallery   vc_box_border_grey\"><img loading=\"lazy\" decoding=\"async\" width=\"1360\" height=\"768\" src=\"https:\/\/www.tempatech.com\/wp-content\/uploads\/2021\/05\/Foto_vMonitor_software.png\" class=\"vc_single_image-img attachment-full\" alt=\"\" title=\"Foto_vMonitor_software\" srcset=\"https:\/\/www.tempatech.com\/wp-content\/uploads\/2021\/05\/Foto_vMonitor_software.png 1360w, https:\/\/www.tempatech.com\/wp-content\/uploads\/2021\/05\/Foto_vMonitor_software-300x169.png 300w, https:\/\/www.tempatech.com\/wp-content\/uploads\/2021\/05\/Foto_vMonitor_software-1024x578.png 1024w, https:\/\/www.tempatech.com\/wp-content\/uploads\/2021\/05\/Foto_vMonitor_software-768x434.png 768w, https:\/\/www.tempatech.com\/wp-content\/uploads\/2021\/05\/Foto_vMonitor_software-16x9.png 16w\" sizes=\"(max-width: 1360px) 100vw, 1360px\" \/><\/a>\n\t\t<\/figure>\n\t<\/div>\n\n\t<div style=\"color:#000000;\" class=\"wpb_text_column has-custom-color wpex-child-inherit-color wpb_content_element  vc_custom_1621233515028\" >\n\t\t<div class=\"wpb_wrapper\">\n\t\t\t<p><b>Genel \u00d6zellikler<\/b><\/p>\n<ul>\n<li>7\/24 titre\u015fim izleme<\/li>\n<li>Se\u00e7ilebilir kanal say\u0131s\u0131<\/li>\n<li>Ayarlanabilir frekans aral\u0131\u011f\u0131<\/li>\n<li>Anti-aliasing filtresi<\/li>\n<li>Sens\u00f6rlerle entegre \u00e7al\u0131\u015fabilme<\/li>\n<li>Uzaktan kontrol<\/li>\n<li>Telefon \/ internet \u00fczerinden veri aktar\u0131m\u0131<\/li>\n<li>Dokunmatik ekran ile kullan\u0131m kolayl\u0131\u011f\u0131<\/li>\n<li>Yerel Uyar\u0131: Korna, Yan\u0131p s\u00f6nen \u0131\u015f\u0131k<\/li>\n<li>\u00c7evrimi\u00e7i Uyar\u0131: SMS, e-posta<\/li>\n<\/ul>\n\n\t\t<\/div>\n\t<\/div>\n<\/div><\/div><\/div><div class=\"wpb_column vc_column_container vc_col-sm-8\"><div class=\"vc_column-inner\"><div class=\"wpb_wrapper\">\n\t<div class=\"wpb_text_column wpb_content_element  vc_custom_1621233637026\" >\n\t\t<div class=\"wpb_wrapper\">\n\t\t\t<div class=\"wpb_text_column wpb_content_element\">\n<div class=\"wpb_wrapper\">\n<h3>Uygulama Alanlar\u0131:<\/h3>\n<\/div>\n<\/div>\n<div class=\"wpb_text_column wpb_content_element\">\n<div class=\"wpb_wrapper\">\n<h5><b>Yap\u0131 \u0130zleme:<\/b><\/h5>\n<p><span style=\"font-weight: 400;\">DIN4150, depremler, y\u0131k\u0131m i\u015fleri, in\u015faat i\u015fleri, do\u011fal frekans \u00f6l\u00e7\u00fcm\u00fc<\/span><\/p>\n<h5><b>Damper \u0130zleme:<\/b><\/h5>\n<p><span style=\"font-weight: 400;\">Bina titre\u015fimi, damper titre\u015fimi, ba\u011f\u0131l hareket<\/span><\/p>\n<h5><b>K\u00f6pr\u00fcler:<\/b><\/h5>\n<p><span style=\"font-weight: 400;\">Titre\u015fim genlikleri, do\u011fal frekans \u00f6l\u00e7\u00fcm\u00fc<\/span><\/p>\n<h5><b>Emisyon \u0130zleme:<\/b><\/h5>\n<p><span style=\"font-weight: 400;\">Haddehaneler, pres at\u00f6lyeleri, d\u00f6vme \u00e7eki\u00e7leri, delme makineleri<\/span><\/p>\n<h5><b>Emisyon Korumas\u0131:<\/b><\/h5>\n<p><span style=\"font-weight: 400;\">Mikroskoplar, 3-D yaz\u0131c\u0131lar, pozlama cihazlar\u0131<\/span><\/p>\n<h5><b>Sanat Nesneleri:<\/b><\/h5>\n<p><span style=\"font-weight: 400;\">M\u00fczeler, zemin titre\u015fimleri, vitrinler, bireysel nesneler<\/span><\/p>\n<\/div>\n<\/div>\n\n\t\t<\/div>\n\t<\/div>\n<\/div><\/div><\/div><\/div><div class=\"vc_row wpb_row vc_inner vc_row-fluid\"><div class=\"wpb_column vc_column_container vc_col-sm-8\"><div class=\"vc_column-inner\"><div class=\"wpb_wrapper\">\n\t<div class=\"wpb_text_column wpb_content_element\" >\n\t\t<div class=\"wpb_wrapper\">\n\t\t\t<div class=\"wpb_text_column wpb_content_element\">\n<div class=\"wpb_wrapper\">\n<h3><span style=\"font-size: 13px;\">Teknik Veri<\/span><\/h3>\n<p>&nbsp;<\/p>\n<\/div>\n<\/div>\n<table id=\"tablepress-8\" class=\"tablepress tablepress-id-8\">\n<tbody class=\"row-hover\">\n<tr class=\"row-1 odd\">\n<td class=\"column-1\">Kanal Say\u0131s\u0131<\/td>\n<td class=\"column-2\">1 ila 16, 32, 48, 64 \u2026<\/td>\n<\/tr>\n<tr class=\"row-2 even\">\n<td class=\"column-1\">Giri\u015f<\/td>\n<td class=\"column-2\">AC, DC, IEPE (Anti-Aliasingfilter)<\/td>\n<\/tr>\n<tr class=\"row-3 odd\">\n<td class=\"column-1\">Frekans Aral\u0131\u011f\u0131<\/td>\n<td class=\"column-2\">0 \u2013 2 kHz<br \/>\n1\u2014200 Hz, DIN4150<\/td>\n<\/tr>\n<tr class=\"row-4 even\">\n<td class=\"column-1\">Sens\u00f6rler<\/td>\n<td class=\"column-2\">H\u0131z (elektrodinamik)<br \/>\nH\u0131zlanma (piezo, MEMS)<br \/>\nLazer (triangulation)<br \/>\nKablo sens\u00f6r\u00fc<\/td>\n<\/tr>\n<tr class=\"row-5 odd\">\n<td class=\"column-1\">Ekran<\/td>\n<td class=\"column-2\">Dokunmatik Ekran 10,4 \u201c<\/td>\n<\/tr>\n<tr class=\"row-6 even\">\n<td class=\"column-1\">G\u00fc\u00e7 Kayna\u011f\u0131<\/td>\n<td class=\"column-2\">110-240 V AC<\/td>\n<\/tr>\n<tr class=\"row-7 odd\">\n<td class=\"column-1\">A\u011f\u0131rl\u0131k<\/td>\n<td class=\"column-2\">~9 kg<\/td>\n<\/tr>\n<tr class=\"row-8 even\">\n<td class=\"column-1\">Boyutlar<\/td>\n<td class=\"column-2\">400 mm x 400 mm x 200 mm<\/td>\n<\/tr>\n<\/tbody>\n<\/table>\n\n\t\t<\/div>\n\t<\/div>\n<\/div><\/div><\/div><div class=\"wpb_column vc_column_container vc_col-sm-4\"><div class=\"vc_column-inner\"><div class=\"wpb_wrapper\">\n\t<div  class=\"wpb_single_image wpb_content_element vc_align_center  vc_custom_1621233656060\">\n\t\t\n\t\t<figure class=\"wpb_wrapper vc_figure\">\n\t\t\t<a data-gallery=\"[{&quot;src&quot;:&quot;https:\\\/\\\/www.tempatech.com\\\/wp-content\\\/uploads\\\/2021\\\/05\\\/Grafik_vMonitor_horizontal_mounting.png&quot;},{&quot;src&quot;:&quot;https:\\\/\\\/www.tempatech.com\\\/wp-content\\\/uploads\\\/2021\\\/05\\\/P1060861-scaled-1500x1125.jpg&quot;},{&quot;src&quot;:&quot;https:\\\/\\\/www.tempatech.com\\\/wp-content\\\/uploads\\\/2021\\\/05\\\/Foto_vMonitor_software.png&quot;}]\" href=\"#\" target=\"_self\" class=\"vc_single_image-wrapper wpex-lightbox-gallery   vc_box_border_grey\"><img loading=\"lazy\" decoding=\"async\" width=\"194\" height=\"189\" src=\"https:\/\/www.tempatech.com\/wp-content\/uploads\/2021\/05\/Grafik_vMonitor_horizontal_mounting.png\" class=\"vc_single_image-img attachment-full\" alt=\"\" title=\"Grafik_vMonitor_horizontal_mounting\" srcset=\"https:\/\/www.tempatech.com\/wp-content\/uploads\/2021\/05\/Grafik_vMonitor_horizontal_mounting.png 194w, https:\/\/www.tempatech.com\/wp-content\/uploads\/2021\/05\/Grafik_vMonitor_horizontal_mounting-12x12.png 12w\" sizes=\"(max-width: 194px) 100vw, 194px\" \/><\/a>\n\t\t<\/figure>\n\t<\/div>\n<\/div><\/div><\/div><\/div><\/div><\/div><\/div><\/div>","protected":false},"excerpt":{"rendered":"With vMonitor, MAUL-THEET offers a flexible system for permanent recording of vibrations and shock events in buildings. The measurements can also be made according to DIN4150. All vMonitor systems have integrated anti-aliasing filters and enable multi-channel vibration measurements of small amplitudes in the low-frequency range (&lt;3Hz) with very high quality. The seamless recording of the&hellip;","protected":false},"author":1,"featured_media":0,"parent":884,"menu_order":0,"comment_status":"closed","ping_status":"closed","template":"","meta":{"footnotes":""},"_links":{"self":[{"href":"https:\/\/www.tempatech.com\/tr\/wp-json\/wp\/v2\/pages\/1663"}],"collection":[{"href":"https:\/\/www.tempatech.com\/tr\/wp-json\/wp\/v2\/pages"}],"about":[{"href":"https:\/\/www.tempatech.com\/tr\/wp-json\/wp\/v2\/types\/page"}],"author":[{"embeddable":true,"href":"https:\/\/www.tempatech.com\/tr\/wp-json\/wp\/v2\/users\/1"}],"replies":[{"embeddable":true,"href":"https:\/\/www.tempatech.com\/tr\/wp-json\/wp\/v2\/comments?post=1663"}],"version-history":[{"count":2,"href":"https:\/\/www.tempatech.com\/tr\/wp-json\/wp\/v2\/pages\/1663\/revisions"}],"predecessor-version":[{"id":1668,"href":"https:\/\/www.tempatech.com\/tr\/wp-json\/wp\/v2\/pages\/1663\/revisions\/1668"}],"up":[{"embeddable":true,"href":"https:\/\/www.tempatech.com\/tr\/wp-json\/wp\/v2\/pages\/884"}],"wp:attachment":[{"href":"https:\/\/www.tempatech.com\/tr\/wp-json\/wp\/v2\/media?parent=1663"}],"curies":[{"name":"wp","href":"https:\/\/api.w.org\/{rel}","templated":true}]}}