{"id":1698,"date":"2021-06-07T12:40:42","date_gmt":"2021-06-07T09:40:42","guid":{"rendered":"https:\/\/www.tempatech.com\/?page_id=1698"},"modified":"2021-06-08T16:02:34","modified_gmt":"2021-06-08T13:02:34","slug":"3d-design","status":"publish","type":"page","link":"https:\/\/www.tempatech.com\/tr\/softwares\/ansys\/3d-design\/","title":{"rendered":"ANSYS \/ 3D Tasar\u0131m"},"content":{"rendered":"<div data-vc-full-width=\"true\" data-vc-full-width-init=\"false\" class=\"vc_section wpb_animate_when_almost_visible wpb_appear appear vc_custom_1623062950054 wpex-vc_section-has-fill wpex-vc-row-stretched\"><div class=\"vc_row wpb_row vc_row-fluid vc_custom_1623056521764\"><div class=\"wpb_column wpb_animate_when_almost_visible wpb_fadeInUp fadeInUp vc_column_container vc_col-sm-4\"><div class=\"vc_column-inner\"><div class=\"wpb_wrapper\"><h3 style=\"font-size: 30px;color: #ffb71b;text-align: left;font-family:Montserrat;font-weight:700;font-style:normal\" class=\"vc_custom_heading vc_custom_1623108107133\" >3D Tasar\u0131m<\/h3>\n\t<div style=\"color:#ffffff;font-family:Montserrat;font-style:italic;\" class=\"wpb_text_column has-custom-color wpex-child-inherit-color wpb_content_element\" >\n\t\t<div class=\"wpb_wrapper\">\n\t\t\t<p><span style=\"font-size: 16px;\">3D \u00dcr\u00fcn Tasar\u0131m\u0131 Yaz\u0131l\u0131m \u00c7\u00f6z\u00fcmleri<\/span><\/p>\n\n\t\t<\/div>\n\t<\/div>\n<div class=\"vc_custom_1623060803952 wpex-clr\"><a href=\"https:\/\/www.tempatech.com\/tr\/contact\/\" class=\"vcex-button theme-button inline\" style=\"background:#ffb71b;font-family:Montserrat;\" data-wpex-hover='{&quot;background&quot;:&quot;#ffffff&quot;,&quot;color&quot;:&quot;#0a0a0a&quot;}'><span class=\"theme-button-inner\">Bu \u00fcr\u00fcnlerin lisanslar\u0131 i\u00e7in bizimle ileti\u015fime ge\u00e7in!<span class=\"vcex-icon-wrap theme-button-icon-right\"><span class=\"ticon ticon-telegram\" aria-hidden=\"true\"><\/span><\/span><\/span><\/a><\/div> <\/div><\/div><\/div><\/div><\/div><div class=\"vc_row-full-width vc_clearfix\"><\/div><div data-vc-full-width=\"true\" data-vc-full-width-init=\"false\" class=\"vc_section wpb_animate_when_almost_visible wpb_appear appear vc_custom_1623062926445 wpex-vc_section-has-fill wpex-vc-row-stretched\"><\/div><div class=\"vc_row-full-width vc_clearfix\"><\/div><div id=\"DiscoveryAIM\" class=\"vc_section wpb_animate_when_almost_visible wpb_fadeInUp fadeInUp vc_custom_1623110639050\" data-ls_id=\"#DiscoveryAIM\"><div class=\"vc_row wpb_row vc_row-fluid vc_row-o-content-middle vc_row-flex\"><div class=\"wpb_column wpb_animate_when_almost_visible wpb_fadeInLeft fadeInLeft vc_column_container vc_col-sm-6\"><div class=\"vc_column-inner\"><div class=\"wpb_wrapper\">\n\t<div  class=\"wpb_single_image wpb_content_element vc_align_\">\n\t\t\n\t\t<figure class=\"wpb_wrapper vc_figure\">\n\t\t\t<div class=\"vc_single_image-wrapper wpex-image-hover fade-in vc_box_shadow  vc_box_border_grey\"><img loading=\"lazy\" decoding=\"async\" class=\"vc_single_image-img\" src=\"https:\/\/www.tempatech.com\/wp-content\/uploads\/2021\/06\/2020-12-ansys-discovery-topology-optimization-1.png\" width=\"600\" height=\"300\" alt=\"2020-12-ansys-discovery-topology-optimization\" title=\"2020-12-ansys-discovery-topology-optimization\" \/><\/div>\n\t\t<\/figure>\n\t<\/div>\n<\/div><\/div><\/div><div class=\"wpb_column wpb_animate_when_almost_visible wpb_fadeInRight fadeInRight vc_column_container vc_col-sm-6\"><div class=\"vc_column-inner\"><div class=\"wpb_wrapper\">\n\t<div class=\"wpb_text_column wpb_content_element  vc_custom_1623057619692\" >\n\t\t<div class=\"wpb_wrapper\">\n\t\t\t<p><span style=\"font-size: 18px;\"><strong><span style=\"font-family: Montserrat;\"><span style=\"color: #000000;\">ANSYS <\/span><span style=\"color: #fdc649; font-size: 24px;\">Discovery AIM<\/span><\/span><\/strong><\/span><\/p>\n\n\t\t<\/div>\n\t<\/div>\n\n\t<div style=\"font-family:Montserrat;\" class=\"wpb_text_column wpb_content_element  vc_custom_1623058934138\" >\n\t\t<div class=\"wpb_wrapper\">\n\t\t\t<p><span style=\"font-size: 14px;\"><b><span style=\"color: windowtext;\">Tasar\u0131mc\u0131lar\u0131n ayn\u0131 platformda geometri olu\u015fturmas\u0131na\/de\u011fi\u015ftirmesine, yap\u0131sal, ak\u0131\u015fkanlar ve elektromanyetik etkileri analiz etmesine ve i\u015flem sonras\u0131 i\u015flemesine olanak tan\u0131yan entegre bir ara\u00e7t\u0131r.<\/span><\/b><\/span><\/p>\n<p><span style=\"font-size: 14px; color: windowtext;\">\u2022 Kullan\u0131m\u0131 kolay bir aray\u00fczde birbirine ba\u011fl\u0131 \u00e7ok say\u0131da g\u00fc\u00e7l\u00fc amiral gemisi fizik \u00e7\u00f6z\u00fcc\u00fc imkan\u0131 sunar.<\/span><\/p>\n<p><span style=\"font-size: 14px; color: windowtext;\">\u2022 Kolayca tekrar i\u015fleme koyulmas\u0131 ve en iyi y\u00f6ntemlerin \u00f6ne \u00e7\u0131kar\u0131lmas\u0131 i\u00e7in t\u00fcm sim\u00fclasyon i\u015f ak\u0131\u015f\u0131n\u0131 otomatik hale getiren i\u015flem \u015fablonlar\u0131 yaratabilirsiniz.<\/span><\/p>\n<p><span style=\"font-size: 14px; color: windowtext;\">\u2022 Amiral Gemisi ANSYS \u00e7\u00f6z\u00fcc\u00fclerin g\u00fcc\u00fcne ihtiya\u00e7 duymadan do\u011frulama amac\u0131yla tekil veya \u00e7oklu fiziksel analiz yapmak isteyen tasar\u0131m m\u00fchendisleri i\u00e7in m\u00fckemmel bir \u00e7\u00f6z\u00fcmd\u00fcr.<\/span><\/p>\n\n\t\t<\/div>\n\t<\/div>\n<\/div><\/div><\/div><\/div><\/div><div data-vc-full-width=\"true\" data-vc-full-width-init=\"false\" class=\"vc_section wpb_animate_when_almost_visible wpb_fadeInLeft fadeInLeft vc_custom_1623062652400 wpex-vc_section-has-fill wpex-vc-row-stretched\"><\/div><div class=\"vc_row-full-width vc_clearfix\"><\/div><div id=\"DiscoveryLive\" data-vc-full-width=\"true\" data-vc-full-width-init=\"false\" class=\"vc_section wpb_animate_when_almost_visible wpb_fadeInUp fadeInUp vc_custom_1623110656435 vc_section-o-content-middle vc_section-flex wpex-vc_section-has-fill wpex-vc-row-stretched\" data-ls_id=\"#DiscoveryLive\"><div class=\"vc_row wpb_row vc_row-fluid vc_row-o-content-middle vc_row-flex\"><div class=\"wpb_column wpb_animate_when_almost_visible wpb_fadeInLeft fadeInLeft vc_column_container vc_col-sm-6\"><div class=\"vc_column-inner\"><div class=\"wpb_wrapper\">\n\t<div class=\"wpb_text_column wpb_content_element  vc_custom_1623057889731\" >\n\t\t<div class=\"wpb_wrapper\">\n\t\t\t<p><span style=\"font-size: 18px;\"><strong><span style=\"font-family: Montserrat;\"><span style=\"color: #ffffff;\">ANSYS<\/span> <span style=\"color: #fdc649; font-size: 24px;\">Discovery Live<\/span><\/span><\/strong><\/span><\/p>\n\n\t\t<\/div>\n\t<\/div>\n\n\t<div style=\"color:#ffffff;font-family:Montserrat;\" class=\"wpb_text_column has-custom-color wpex-child-inherit-color wpb_content_element  vc_custom_1623060237127\" >\n\t\t<div class=\"wpb_wrapper\">\n\t\t\t<p class=\"Default\"><span style=\"font-size: 14px; color: #ffffff;\"><b>Tasar\u0131mc\u0131lar \u0130\u00e7in Kullan\u0131m\u0131 Kolay, H\u0131zl\u0131 ve G\u00fc\u00e7l\u00fc Sim\u00fclasyonlar<\/b><\/span><\/p>\n<p class=\"Default\" style=\"margin-bottom: 13.25pt;\"><span style=\"font-size: 14px; color: #ffffff;\">\u2022 Kullan\u0131c\u0131dan gelen az say\u0131da girdi ile anl\u0131k yap\u0131sal\/ak\u0131\u015fkan sonu\u00e7lar sunarak GPU teknolojisinden yararlan\u0131r. <\/span><\/p>\n<p class=\"Default\" style=\"margin-bottom: 13.25pt;\"><span style=\"font-size: 14px; color: #ffffff;\">\u2022 Tasar\u0131mc\u0131lar, geometri ve s\u0131n\u0131r durumu de\u011fi\u015fikliklerinin gerilimi, s\u00fcrati ve deformasyonu nas\u0131l de\u011fi\u015ftirdi\u011fini kolayca anlayabilir.<\/span><\/p>\n<p class=\"Default\"><span style=\"font-size: 14px; color: #ffffff;\">\u2022 Geometriyi interaktif bir \u015fekilde modifiye edebilirken belirli bir modifikasyon oldu\u011fu anda yap\u0131sal ve\/veya ak\u0131\u015fkan sonu\u00e7lar anl\u0131k olarak g\u00fcncellenir.<\/span><\/p>\n\n\t\t<\/div>\n\t<\/div>\n<\/div><\/div><\/div><div class=\"wpb_column vc_column_container vc_col-sm-6\"><div class=\"vc_column-inner vc_custom_1623062372504\"><div class=\"wpb_wrapper\">\n\t<div  class=\"wpb_single_image wpb_content_element vc_align_  wpb_animate_when_almost_visible wpb_fadeInRight fadeInRight\">\n\t\t\n\t\t<figure class=\"wpb_wrapper vc_figure\">\n\t\t\t<div class=\"vc_single_image-wrapper wpex-image-hover fade-in vc_box_shadow  vc_box_border_grey\"><img loading=\"lazy\" decoding=\"async\" class=\"vc_single_image-img\" src=\"https:\/\/www.tempatech.com\/wp-content\/uploads\/2021\/06\/2021-04-intercooler-streamlines-discovery-600x300.png\" width=\"600\" height=\"300\" alt=\"2021-04-intercooler-streamlines-discovery\" title=\"2021-04-intercooler-streamlines-discovery\" \/><\/div>\n\t\t<\/figure>\n\t<\/div>\n<\/div><\/div><\/div><\/div><\/div><div class=\"vc_row-full-width vc_clearfix\"><\/div><div data-vc-full-width=\"true\" data-vc-full-width-init=\"false\" class=\"vc_section wpb_animate_when_almost_visible wpb_fadeInRight fadeInRight vc_custom_1623062644621 wpex-vc_section-has-fill wpex-vc-row-stretched\"><\/div><div class=\"vc_row-full-width vc_clearfix\"><\/div><div id=\"DiscoverySpaceClaim\" data-vc-full-width=\"true\" data-vc-full-width-init=\"false\" class=\"vc_section wpb_animate_when_almost_visible wpb_fadeInUp fadeInUp vc_custom_1623110675891 vc_section-o-content-middle vc_section-flex wpex-vc_section-has-fill wpex-vc-row-stretched\" data-ls_id=\"#DiscoverySpaceClaim\"><div class=\"vc_row wpb_row vc_row-fluid vc_row-o-content-middle vc_row-flex\"><div class=\"wpb_column wpb_animate_when_almost_visible wpb_fadeInLeft fadeInLeft vc_column_container vc_col-sm-6\"><div class=\"vc_column-inner vc_custom_1623062358090\"><div class=\"wpb_wrapper\">\n\t<div  class=\"wpb_single_image wpb_content_element vc_align_\">\n\t\t\n\t\t<figure class=\"wpb_wrapper vc_figure\">\n\t\t\t<div class=\"vc_single_image-wrapper wpex-image-hover fade-in vc_box_shadow  vc_box_border_grey\"><img loading=\"lazy\" decoding=\"async\" class=\"vc_single_image-img\" src=\"https:\/\/www.tempatech.com\/wp-content\/uploads\/2021\/06\/2020-12-ansys-spaceclaim-see-how.png\" width=\"600\" height=\"300\" alt=\"2020-12-ansys-spaceclaim-see-how\" title=\"2020-12-ansys-spaceclaim-see-how\" \/><\/div>\n\t\t<\/figure>\n\t<\/div>\n<\/div><\/div><\/div><div class=\"wpb_column wpb_animate_when_almost_visible wpb_fadeInRight fadeInRight vc_column_container vc_col-sm-6\"><div class=\"vc_column-inner\"><div class=\"wpb_wrapper\">\n\t<div class=\"wpb_text_column wpb_content_element  vc_custom_1623062613239\" >\n\t\t<div class=\"wpb_wrapper\">\n\t\t\t<p><span style=\"font-size: 18px;\"><strong><span style=\"font-family: Montserrat;\"><span style=\"color: #ffffff;\">ANSYS<\/span> <span style=\"color: #fdc649; font-size: 24px;\">Discovery SpaceClaim<\/span><\/span><\/strong><\/span><\/p>\n\n\t\t<\/div>\n\t<\/div>\n\n\t<div style=\"color:#ffffff;font-family:Montserrat;\" class=\"wpb_text_column has-custom-color wpex-child-inherit-color wpb_content_element  vc_custom_1623062052991\" >\n\t\t<div class=\"wpb_wrapper\">\n\t\t\t<p class=\"Default\"><span style=\"font-size: 14px; color: #ffffff;\"><b>Geometriyi h\u0131zla yaratmak, modifiye etmek ve onarmak i\u00e7in; direkt modelleyici, g\u00fc\u00e7l\u00fc, tek bir platform,<\/b><\/span><\/p>\n<p class=\"Default\" style=\"margin-bottom: 12.35pt;\"><span style=\"font-size: 14px; color: #ffffff;\">\u2022 Tasar\u0131m ve konsept modellemesi i\u00e7in full part, montaj ve \u00e7izim kabiliyetleri<\/span><\/p>\n<p class=\"Default\" style=\"margin-bottom: 12.35pt;\"><span style=\"font-size: 14px; color: #ffffff;\">\u2022 Ba\u015fl\u0131ca CAD formatlar\u0131n\u0131n tamam\u0131 i\u00e7in yerle\u015fik CAD \u00e7eviricileri<\/span><\/p>\n<p class=\"Default\" style=\"margin-bottom: 12.35pt;\"><span style=\"font-size: 14px; color: #ffffff;\">\u2022 \u00d6n i\u015fleme i\u015f ak\u0131\u015flar\u0131n\u0131 h\u0131zland\u0131rmak i\u00e7in g\u00fc\u00e7l\u00fc \u00f6zellikler (\u00d6rne\u011fin: CFD analistleri i\u00e7in Volume Extract ve FEA kullan\u0131c\u0131lar\u0131 i\u00e7in otomatik \u0131\u015f\u0131n \u00e7\u0131kar\u0131m\u0131)<\/span><\/p>\n<p class=\"Default\" style=\"margin-bottom: 12.35pt;\"><span style=\"font-size: 14px; color: #ffffff;\">\u2022 Taranm\u0131\u015f verileri tersine m\u00fchendislik yapabilen ara\u00e7 setleri i\u00e7erir. STL dosyalar\u0131n\u0131 ekleme bazl\u0131 \u00fcretim ve 3D bask\u0131 i\u00e7in d\u00fczenleme veya optimize etme imkan\u0131 sunan ara\u00e7 setleri i\u00e7erir.<\/span><\/p>\n<p class=\"Default\" style=\"margin-bottom: 12.35pt;\"><span style=\"font-size: 14px; color: #ffffff;\">\u2022 \u00dcretim s\u00fcre\u00e7leri ve i\u015flem planlar\u0131 yaratmaya destek olur. Toolpath yarat\u0131lmas\u0131 i\u00e7in modellerin optimizasyonu ve onar\u0131m\u0131na destek sa\u011flar.<\/span><\/p>\n<p class=\"Default\"><span style=\"font-size: 14px; color: #ffffff;\">\u2022 Sac metal bile\u015fenlerin olu\u015fturulmas\u0131, onar\u0131m\u0131 ve h\u0131zl\u0131 a\u00e7\u0131lmas\u0131 i\u00e7in kullan\u0131labilir.<\/span><\/p>\n\n\t\t<\/div>\n\t<\/div>\n<\/div><\/div><\/div><\/div><\/div><div class=\"vc_row-full-width vc_clearfix\"><\/div>","protected":false},"excerpt":{"rendered":"3D Design 3D Product Design Software Solutions Contact us to get a product license ANSYS Discovery AIM An integrated tool that enables designers to create\/modify geometry, analyze structural, fluids and electromagnetics effects and post process all within the same platform \u2022 Multiple powerful flagship physics solvers that are tied together in an easy to use&hellip;","protected":false},"author":1,"featured_media":0,"parent":1794,"menu_order":0,"comment_status":"closed","ping_status":"closed","template":"","meta":{"footnotes":""},"_links":{"self":[{"href":"https:\/\/www.tempatech.com\/tr\/wp-json\/wp\/v2\/pages\/1698"}],"collection":[{"href":"https:\/\/www.tempatech.com\/tr\/wp-json\/wp\/v2\/pages"}],"about":[{"href":"https:\/\/www.tempatech.com\/tr\/wp-json\/wp\/v2\/types\/page"}],"author":[{"embeddable":true,"href":"https:\/\/www.tempatech.com\/tr\/wp-json\/wp\/v2\/users\/1"}],"replies":[{"embeddable":true,"href":"https:\/\/www.tempatech.com\/tr\/wp-json\/wp\/v2\/comments?post=1698"}],"version-history":[{"count":21,"href":"https:\/\/www.tempatech.com\/tr\/wp-json\/wp\/v2\/pages\/1698\/revisions"}],"predecessor-version":[{"id":1811,"href":"https:\/\/www.tempatech.com\/tr\/wp-json\/wp\/v2\/pages\/1698\/revisions\/1811"}],"up":[{"embeddable":true,"href":"https:\/\/www.tempatech.com\/tr\/wp-json\/wp\/v2\/pages\/1794"}],"wp:attachment":[{"href":"https:\/\/www.tempatech.com\/tr\/wp-json\/wp\/v2\/media?parent=1698"}],"curies":[{"name":"wp","href":"https:\/\/api.w.org\/{rel}","templated":true}]}}