{"id":1736,"date":"2021-06-08T01:53:13","date_gmt":"2021-06-07T22:53:13","guid":{"rendered":"https:\/\/www.tempatech.com\/?page_id=1736"},"modified":"2021-06-08T09:16:52","modified_gmt":"2021-06-08T06:16:52","slug":"structures","status":"publish","type":"page","link":"https:\/\/www.tempatech.com\/tr\/softwares\/ansys\/structures\/","title":{"rendered":"ANSYS \/ Yap\u0131sal"},"content":{"rendered":"<div data-vc-full-width=\"true\" data-vc-full-width-init=\"false\" class=\"vc_section wpb_animate_when_almost_visible wpb_appear appear vc_custom_1623101054687 wpex-vc_section-has-fill wpex-vc-row-stretched\"><div class=\"vc_row wpb_row vc_row-fluid vc_custom_1623056521764\"><div class=\"wpb_column wpb_animate_when_almost_visible wpb_fadeInUp fadeInUp vc_column_container vc_col-sm-2\/5\"><div class=\"vc_column-inner\"><div class=\"wpb_wrapper\"><h3 style=\"font-size: 40px;color: #ffb71b;text-align: left;font-family:Montserrat;font-weight:700;font-style:normal\" class=\"vc_custom_heading vc_custom_1623101525619\" >Yap\u0131sal<\/h3>\n\t<div style=\"color:#ffffff;font-family:Montserrat;font-style:italic;\" class=\"wpb_text_column has-custom-color wpex-child-inherit-color wpb_content_element\" >\n\t\t<div class=\"wpb_wrapper\">\n\t\t\t<div class=\"hero\">\n<div class=\"hero hero--medium-full-width-image full-width-container\">\n<div class=\"hero__item\">\n<div class=\"bs-container\">\n<div class=\"hero__content\">\n<div>\n<p><span style=\"font-size: 16px;\">Yap\u0131sal Analiz &amp; Sim\u00fclasyon Yaz\u0131l\u0131m \u00c7\u00f6z\u00fcmleri<\/span><\/p>\n<\/div>\n<\/div>\n<\/div>\n<\/div>\n<\/div>\n<\/div>\n\n\t\t<\/div>\n\t<\/div>\n<div class=\"vc_custom_1623060803952 wpex-clr\"><a href=\"https:\/\/www.tempatech.com\/tr\/contact\/\" class=\"vcex-button theme-button inline\" style=\"background:#ffb71b;font-family:Montserrat;\" data-wpex-hover='{&quot;background&quot;:&quot;#ffffff&quot;,&quot;color&quot;:&quot;#0a0a0a&quot;}'><span class=\"theme-button-inner\">Bu \u00fcr\u00fcnlerin lisanslar\u0131 i\u00e7in bizimle ileti\u015fime ge\u00e7in!<span class=\"vcex-icon-wrap theme-button-icon-right\"><span class=\"ticon ticon-telegram\" aria-hidden=\"true\"><\/span><\/span><\/span><\/a><\/div> <\/div><\/div><\/div><\/div><\/div><div class=\"vc_row-full-width vc_clearfix\"><\/div><div data-vc-full-width=\"true\" data-vc-full-width-init=\"false\" class=\"vc_section wpb_animate_when_almost_visible wpb_appear appear vc_custom_1623062926445 wpex-vc_section-has-fill wpex-vc-row-stretched\"><\/div><div class=\"vc_row-full-width vc_clearfix\"><\/div><div id=\"AdditiveSolutions\" data-vc-full-width=\"true\" data-vc-full-width-init=\"false\" class=\"vc_section wpb_animate_when_almost_visible wpb_fadeInUp fadeInUp vc_custom_1623106288786 vc_section-o-content-middle vc_section-flex wpex-vc_section-has-fill wpex-vc-row-stretched\" data-ls_id=\"#AdditiveSolutions\"><div class=\"vc_row wpb_row vc_row-fluid vc_row-o-content-middle vc_row-flex\"><div class=\"wpb_column wpb_animate_when_almost_visible wpb_fadeInLeft fadeInLeft vc_column_container vc_col-sm-6\"><div class=\"vc_column-inner vc_custom_1623062358090\"><div class=\"wpb_wrapper\">\n\t<div  class=\"wpb_single_image wpb_content_element vc_align_\">\n\t\t\n\t\t<figure class=\"wpb_wrapper vc_figure\">\n\t\t\t<div class=\"vc_single_image-wrapper wpex-image-hover opacity-invert vc_box_shadow  vc_box_border_grey\"><img loading=\"lazy\" decoding=\"async\" class=\"vc_single_image-img\" src=\"https:\/\/www.tempatech.com\/wp-content\/uploads\/2021\/06\/ANSYS-Additive-Solutions.png\" width=\"600\" height=\"300\" alt=\"ANSYS Additive Solutions\" title=\"ANSYS Additive Solutions\" \/><\/div>\n\t\t<\/figure>\n\t<\/div>\n<\/div><\/div><\/div><div class=\"wpb_column wpb_animate_when_almost_visible wpb_fadeInRight fadeInRight vc_column_container vc_col-sm-6\"><div class=\"vc_column-inner\"><div class=\"wpb_wrapper\">\n\t<div class=\"wpb_text_column wpb_content_element  vc_custom_1623101458542\" >\n\t\t<div class=\"wpb_wrapper\">\n\t\t\t<p><span style=\"font-size: 18px;\"><strong><span style=\"font-family: Montserrat;\"><span style=\"color: #ffffff;\">ANSYS<\/span> <span style=\"color: #ffb71b; font-size: 24px;\">Additive Solutions<\/span><\/span><\/strong><\/span><\/p>\n\n\t\t<\/div>\n\t<\/div>\n\n\t<div style=\"color:#ffffff;font-family:Montserrat;\" class=\"wpb_text_column has-custom-color wpex-child-inherit-color wpb_content_element  vc_custom_1623101418877\" >\n\t\t<div class=\"wpb_wrapper\">\n\t\t\t<p><em><span style=\"color: #ffffff;\"><strong>Additive Prep<\/strong><\/span><\/em><\/p>\n<ul>\n<li>Ba\u011f\u0131ms\u0131z Yap\u0131 Kurulumu\/Haz\u0131rl\u0131\u011f\u0131 \u00e7\u00f6z\u00fcm\u00fc<\/li>\n<li>STL Dosya Onar\u0131m\u0131 ve Geometri Manip\u00fclasyonu<\/li>\n<li>Par\u00e7a Yerle\u015ftirme ve Destek Olu\u015fturma<\/li>\n<li>Oryantasyon K\u0131lavuzu ve Sihirbazlar<\/li>\n<li>Dahili SpaceClaimand, ba\u011f\u0131ms\u0131z bir \u00fcr\u00fcn olarak sat\u0131n al\u0131nabilir<\/li>\n<\/ul>\n<p><em><strong>Additive Print<\/strong><\/em><\/p>\n<ul>\n<li>Metal Eklemeli \u00dcretim Proses Sim\u00fclasyonu<\/li>\n<li>Metal Toz Yatak F\u00fczyon (PBF) Proses Sim\u00fclasyonlar\u0131<\/li>\n<li>Bozulma Telafisi<\/li>\n<li>Olu\u015fturma Hatas\u0131 Tahmini<\/li>\n<\/ul>\n<p><em><strong>Additive Science<\/strong><\/em><\/p>\n<ul>\n<li>Malzeme Mikroyap\u0131 Tahmin Yetenekleri<\/li>\n<li>K\u00fcrat\u00f6rl\u00fc Malzeme \u00d6zellik Veritabanlar\u0131<\/li>\n<li>Tah\u0131l Morfolojisi Tahminleri<\/li>\n<li>Erime havuzu ve Porozite Tahmini<\/li>\n<\/ul>\n<p><em><strong>Workbench Additive<\/strong><\/em><\/p>\n<ul>\n<li>Tezgah mekanikte tam kullan\u0131c\u0131 kontrol\u00fc ile eklemeli \u00fcretim s\u00fcrecini yazd\u0131rmak i\u00e7in t\u00fcm tasar\u0131m\u0131 sim\u00fcle edebilirsiniz.<\/li>\n<\/ul>\n<p><strong><em>Not: <\/em><\/strong>Additive suite paketi lisans\u0131 yukar\u0131daki t\u00fcm \u00fcr\u00fcnleri i\u00e7erir.<\/p>\n\n\t\t<\/div>\n\t<\/div>\n<\/div><\/div><\/div><\/div><\/div><div class=\"vc_row-full-width vc_clearfix\"><\/div><div data-vc-full-width=\"true\" data-vc-full-width-init=\"false\" class=\"vc_section wpb_animate_when_almost_visible wpb_fadeInLeft fadeInLeft vc_custom_1623062652400 wpex-vc_section-has-fill wpex-vc-row-stretched\"><\/div><div class=\"vc_row-full-width vc_clearfix\"><\/div><div id=\"Mechanical\" class=\"vc_section wpb_animate_when_almost_visible wpb_fadeInUp fadeInUp vc_custom_1623106307668\" data-ls_id=\"#Mechanical\"><div class=\"vc_row wpb_row vc_row-fluid vc_row-o-content-middle vc_row-flex\"><div class=\"wpb_column wpb_animate_when_almost_visible wpb_fadeInLeft fadeInLeft vc_column_container vc_col-sm-6\"><div class=\"vc_column-inner\"><div class=\"wpb_wrapper\">\n\t<div class=\"wpb_text_column wpb_content_element  vc_custom_1623101507685\" >\n\t\t<div class=\"wpb_wrapper\">\n\t\t\t<p><span style=\"font-size: 18px;\"><strong><span style=\"font-family: Montserrat;\"><span style=\"color: #000000;\">ANSYS <\/span><span style=\"color: #ffb71b; font-size: 24px;\">Mechanical<\/span><\/span><\/strong><\/span><\/p>\n\n\t\t<\/div>\n\t<\/div>\n\n\t<div style=\"color:#000000;font-family:Montserrat;\" class=\"wpb_text_column has-custom-color wpex-child-inherit-color wpb_content_element  vc_custom_1623101564529\" >\n\t\t<div class=\"wpb_wrapper\">\n\t\t\t<p><strong>Yap\u0131sal, termal, akustik ve di\u011fer etkiler i\u00e7in amiral gemisi sonlu elemanlar analizi (FEA) yazl\u0131m\u0131,<\/strong><\/p>\n<ul>\n<li>Lineer statiklerden, lineer olmayan materyaller i\u00e7eren komplike ge\u00e7ici sim\u00fclasyonlara uzanan uygulamalar i\u00e7in kullan\u0131labilir,<\/li>\n<li>Kullan\u0131c\u0131 dostu \u00e7izelge temelli grafik aray\u00fcz\u00fc,<\/li>\n<li>Ama\u00e7lar\u0131 etkili bi\u00e7imde kar\u015f\u0131layan ideal geometrik \u015fekilleri bulmay\u0131 sa\u011flayan yerle\u015fik topoloji optimizasyonu,<\/li>\n<li>Elektriksel, Ak\u0131\u015fkan ve Sistemsel alanlar i\u00e7erisinde g\u00fc\u00e7l\u00fc \u00e7ift y\u00f6nl\u00fc ba\u011flant\u0131lar kuran ANSYS ara\u00e7lar\u0131.<\/li>\n<\/ul>\n\n\t\t<\/div>\n\t<\/div>\n<\/div><\/div><\/div><div class=\"wpb_column wpb_animate_when_almost_visible wpb_fadeInRight fadeInRight vc_column_container vc_col-sm-6\"><div class=\"vc_column-inner\"><div class=\"wpb_wrapper\">\n\t<div  class=\"wpb_single_image wpb_content_element vc_align_\">\n\t\t\n\t\t<figure class=\"wpb_wrapper vc_figure\">\n\t\t\t<div class=\"vc_single_image-wrapper wpex-image-hover opacity-invert vc_box_shadow  vc_box_border_grey\"><img loading=\"lazy\" decoding=\"async\" class=\"vc_single_image-img\" src=\"https:\/\/www.tempatech.com\/wp-content\/uploads\/2021\/06\/ANSYS-Mechanical.png\" width=\"600\" height=\"300\" alt=\"ANSYS Mechanical\" title=\"ANSYS Mechanical\" \/><\/div>\n\t\t<\/figure>\n\t<\/div>\n<\/div><\/div><\/div><\/div><\/div><div data-vc-full-width=\"true\" data-vc-full-width-init=\"false\" class=\"vc_section wpb_animate_when_almost_visible wpb_fadeInRight fadeInRight vc_custom_1623062644621 wpex-vc_section-has-fill wpex-vc-row-stretched\"><\/div><div class=\"vc_row-full-width vc_clearfix\"><\/div><div id=\"LS-Dyna\" data-vc-full-width=\"true\" data-vc-full-width-init=\"false\" class=\"vc_section wpb_animate_when_almost_visible wpb_fadeInUp fadeInUp vc_custom_1623106325845 vc_section-o-content-middle vc_section-flex wpex-vc_section-has-fill wpex-vc-row-stretched\" data-ls_id=\"#LS-Dyna\"><div class=\"vc_row wpb_row vc_row-fluid vc_row-o-content-middle vc_row-flex\"><div class=\"wpb_column wpb_animate_when_almost_visible wpb_fadeInLeft fadeInLeft vc_column_container vc_col-sm-6\"><div class=\"vc_column-inner\"><div class=\"wpb_wrapper\">\n\t<div  class=\"wpb_single_image wpb_content_element vc_align_  wpb_animate_when_almost_visible wpb_fadeInRight fadeInRight\">\n\t\t\n\t\t<figure class=\"wpb_wrapper vc_figure\">\n\t\t\t<div class=\"vc_single_image-wrapper wpex-image-hover opacity-invert vc_box_shadow  vc_box_border_grey\"><img loading=\"lazy\" decoding=\"async\" class=\"vc_single_image-img\" src=\"https:\/\/www.tempatech.com\/wp-content\/uploads\/2021\/06\/ANSYS-LS-Dyna.png\" width=\"600\" height=\"300\" alt=\"ANSYS LS-Dyna\" title=\"ANSYS LS-Dyna\" \/><\/div>\n\t\t<\/figure>\n\t<\/div>\n<\/div><\/div><\/div><div class=\"wpb_column vc_column_container vc_col-sm-6\"><div class=\"vc_column-inner vc_custom_1623062372504\"><div class=\"wpb_wrapper\">\n\t<div class=\"wpb_text_column wpb_content_element  vc_custom_1623101590109\" >\n\t\t<div class=\"wpb_wrapper\">\n\t\t\t<p><span style=\"font-size: 18px;\"><strong><span style=\"font-family: Montserrat;\"><span style=\"color: #ffffff;\">ANSYS<\/span> <span style=\"color: #ffb71b; font-size: 24px;\">LS-Dyna<\/span><\/span><\/strong><\/span><\/p>\n\n\t\t<\/div>\n\t<\/div>\n\n\t<div style=\"color:#ffffff;font-family:Montserrat;\" class=\"wpb_text_column has-custom-color wpex-child-inherit-color wpb_content_element  vc_custom_1623101614112\" >\n\t\t<div class=\"wpb_wrapper\">\n\t\t\t<p><span style=\"color: #ffffff;\"><strong>\u00c7ok k\u0131sa bir zaman aral\u0131\u011f\u0131nda a\u011f\u0131r y\u00fcklere tabi tutulan par\u00e7alar\u0131\/bile\u015fenleri sim\u00fcle etme kabiliyetine sahip bir a\u00e7\u0131k analiz arac\u0131,<\/strong><\/span><\/p>\n<ul>\n<li><span style=\"color: #ffffff;\">Otomotiv kaza testleri, spor darbesi(sport impact), metal b\u00fck\u00fclmesi vb. uygulamalar\u0131 i\u00e7erir.<\/span><\/li>\n<li><span style=\"color: #ffffff;\">ANSYS Mechanical ile entegre \u00e7al\u0131\u015f\u0131r, i\u015flem \u00f6ncesi ve sonras\u0131 i\u00e7in kullan\u0131m\u0131 kolay bir aray\u00fcz sunar.<\/span><\/li>\n<\/ul>\n\n\t\t<\/div>\n\t<\/div>\n<\/div><\/div><\/div><\/div><\/div><div class=\"vc_row-full-width vc_clearfix\"><\/div><div data-vc-full-width=\"true\" data-vc-full-width-init=\"false\" class=\"vc_section wpb_animate_when_almost_visible wpb_fadeInLeft fadeInLeft vc_custom_1623062652400 wpex-vc_section-has-fill wpex-vc-row-stretched\"><\/div><div class=\"vc_row-full-width vc_clearfix\"><\/div><div id=\"Autodyn\" class=\"vc_section wpb_animate_when_almost_visible wpb_fadeInUp fadeInUp vc_custom_1623106340715\" data-ls_id=\"#Autodyn\"><div class=\"vc_row wpb_row vc_row-fluid vc_row-o-content-middle vc_row-flex\"><div class=\"wpb_column wpb_animate_when_almost_visible wpb_fadeInLeft fadeInLeft vc_column_container vc_col-sm-6\"><div class=\"vc_column-inner\"><div class=\"wpb_wrapper\">\n\t<div class=\"wpb_text_column wpb_content_element  vc_custom_1623101655949\" >\n\t\t<div class=\"wpb_wrapper\">\n\t\t\t<p><span style=\"font-size: 18px;\"><strong><span style=\"font-family: Montserrat;\"><span style=\"color: #000000;\">ANSYS <\/span><span style=\"color: #ffb71b; font-size: 24px;\">Autodyn<\/span><\/span><\/strong><\/span><\/p>\n\n\t\t<\/div>\n\t<\/div>\n\n\t<div style=\"color:#000000;font-family:Montserrat;\" class=\"wpb_text_column has-custom-color wpex-child-inherit-color wpb_content_element  vc_custom_1623101673084\" >\n\t\t<div class=\"wpb_wrapper\">\n\t\t\t<p><strong>Darbe, d\u00fc\u015f\u00fcrme testi, patlamalar ve dahas\u0131 gibi anl\u0131k olaylar\u0131 modeller.<\/strong><\/p>\n<ul>\n<li>Yerle\u015fik yap\u0131sal ve ak\u0131\u015fkan \u00e7\u00f6z\u00fcc\u00fcleri sayesinde maddenin b\u00fct\u00fcn halleri aras\u0131ndaki komplike etkile\u015fimler i\u00e7in \u00e7\u00f6z\u00fcmler sunar.<\/li>\n<li>B\u00fcy\u00fck materyal deformasyonu ve k\u0131r\u0131lmalar\u0131ndan \u015fok dalgas\u0131 yay\u0131l\u0131m\u0131na kadar her \u015feyi sim\u00fcle edebilir.<\/li>\n<li>D\u00fc\u015f\u00fcrme testi veya darbelerin montajl\u0131 bir \u00fcr\u00fcn \u00fczerindeki etkilerini isabetli bi\u00e7imde yakalar. (ANSYS Mechanical ile ba\u011flant\u0131l\u0131)<\/li>\n<\/ul>\n\n\t\t<\/div>\n\t<\/div>\n<\/div><\/div><\/div><div class=\"wpb_column wpb_animate_when_almost_visible wpb_fadeInRight fadeInRight vc_column_container vc_col-sm-6\"><div class=\"vc_column-inner\"><div class=\"wpb_wrapper\">\n\t<div  class=\"wpb_single_image wpb_content_element vc_align_\">\n\t\t\n\t\t<figure class=\"wpb_wrapper vc_figure\">\n\t\t\t<div class=\"vc_single_image-wrapper wpex-image-hover opacity-invert vc_box_shadow  vc_box_border_grey\"><img loading=\"lazy\" decoding=\"async\" class=\"vc_single_image-img\" src=\"https:\/\/www.tempatech.com\/wp-content\/uploads\/2021\/06\/ANSYS-Autodyn.png\" width=\"600\" height=\"300\" alt=\"ANSYS Autodyn\" title=\"ANSYS Autodyn\" \/><\/div>\n\t\t<\/figure>\n\t<\/div>\n<\/div><\/div><\/div><\/div><\/div><div data-vc-full-width=\"true\" data-vc-full-width-init=\"false\" class=\"vc_section wpb_animate_when_almost_visible wpb_fadeInRight fadeInRight vc_custom_1623062644621 wpex-vc_section-has-fill wpex-vc-row-stretched\"><\/div><div class=\"vc_row-full-width vc_clearfix\"><\/div><div id=\"nCode\" data-vc-full-width=\"true\" data-vc-full-width-init=\"false\" class=\"vc_section wpb_animate_when_almost_visible wpb_fadeInUp fadeInUp vc_custom_1623106389218 vc_section-o-content-middle vc_section-flex wpex-vc_section-has-fill wpex-vc-row-stretched\" data-ls_id=\"#nCode\"><div class=\"vc_row wpb_row vc_row-fluid vc_row-o-content-middle vc_row-flex\"><div class=\"wpb_column wpb_animate_when_almost_visible wpb_fadeInLeft fadeInLeft vc_column_container vc_col-sm-6\"><div class=\"vc_column-inner vc_custom_1623062358090\"><div class=\"wpb_wrapper\">\n\t<div  class=\"wpb_single_image wpb_content_element vc_align_\">\n\t\t\n\t\t<figure class=\"wpb_wrapper vc_figure\">\n\t\t\t<div class=\"vc_single_image-wrapper wpex-image-hover opacity-invert vc_box_shadow  vc_box_border_grey\"><img loading=\"lazy\" decoding=\"async\" class=\"vc_single_image-img\" src=\"https:\/\/www.tempatech.com\/wp-content\/uploads\/2021\/06\/ANSYS-nCode.jpg\" width=\"600\" height=\"300\" alt=\"ANSYS nCode\" title=\"ANSYS nCode\" \/><\/div>\n\t\t<\/figure>\n\t<\/div>\n<\/div><\/div><\/div><div class=\"wpb_column wpb_animate_when_almost_visible wpb_fadeInRight fadeInRight vc_column_container vc_col-sm-6\"><div class=\"vc_column-inner\"><div class=\"wpb_wrapper\">\n\t<div class=\"wpb_text_column wpb_content_element  vc_custom_1623101700018\" >\n\t\t<div class=\"wpb_wrapper\">\n\t\t\t<p><span style=\"font-size: 18px;\"><strong><span style=\"font-family: Montserrat;\"><span style=\"color: #ffffff;\">ANSYS<\/span> <span style=\"color: #ffb71b; font-size: 24px;\">nCode<\/span><\/span><\/strong><\/span><\/p>\n\n\t\t<\/div>\n\t<\/div>\n\n\t<div style=\"color:#ffffff;font-family:Montserrat;\" class=\"wpb_text_column has-custom-color wpex-child-inherit-color wpb_content_element  vc_custom_1623101719515\" >\n\t\t<div class=\"wpb_wrapper\">\n\t\t\t<p><span style=\"color: #ffffff;\"><strong>Bile\u015fenlerin montajl\u0131 veya tekil halde yorulma \u00f6mr\u00fcn\u00fc hesaplar.<\/strong><\/span><\/p>\n<ul>\n<li><span style=\"color: #ffffff;\">\u00d6m\u00fcr tahmini ve hasar analizi yapmak i\u00e7in sonlu elemanlar analizinden (FEA) gelen gerilim\/gerinim bilgilerini kullan\u0131r.<\/span><\/li>\n<li><span style=\"color: #ffffff;\">Komplike ger\u00e7ek-d\u00fcnya y\u00fckleme g\u00f6revi d\u00f6ng\u00fclerinden yorulma s\u00fcresi verilerini sentezler.<\/span><\/li>\n<\/ul>\n\n\t\t<\/div>\n\t<\/div>\n<\/div><\/div><\/div><\/div><\/div><div class=\"vc_row-full-width vc_clearfix\"><\/div>","protected":false},"excerpt":{"rendered":"Structures Structural Analysis &amp; Simulation Software Solutions Contact us to get a product license ANSYS Additive Solutions Additive Prep Standalone Build Setup\/Preparation solution STL File Repair and Geometry Manipulation Part Nesting and Support Generation Orientation Guidance and Wizards Built inside SpaceClaimand can be purchased as standalone product Additive Print Metal Additive Manufacturing Process Simulation Metal&hellip;","protected":false},"author":1,"featured_media":0,"parent":1794,"menu_order":0,"comment_status":"closed","ping_status":"closed","template":"","meta":{"footnotes":""},"_links":{"self":[{"href":"https:\/\/www.tempatech.com\/tr\/wp-json\/wp\/v2\/pages\/1736"}],"collection":[{"href":"https:\/\/www.tempatech.com\/tr\/wp-json\/wp\/v2\/pages"}],"about":[{"href":"https:\/\/www.tempatech.com\/tr\/wp-json\/wp\/v2\/types\/page"}],"author":[{"embeddable":true,"href":"https:\/\/www.tempatech.com\/tr\/wp-json\/wp\/v2\/users\/1"}],"replies":[{"embeddable":true,"href":"https:\/\/www.tempatech.com\/tr\/wp-json\/wp\/v2\/comments?post=1736"}],"version-history":[{"count":6,"href":"https:\/\/www.tempatech.com\/tr\/wp-json\/wp\/v2\/pages\/1736\/revisions"}],"predecessor-version":[{"id":1814,"href":"https:\/\/www.tempatech.com\/tr\/wp-json\/wp\/v2\/pages\/1736\/revisions\/1814"}],"up":[{"embeddable":true,"href":"https:\/\/www.tempatech.com\/tr\/wp-json\/wp\/v2\/pages\/1794"}],"wp:attachment":[{"href":"https:\/\/www.tempatech.com\/tr\/wp-json\/wp\/v2\/media?parent=1736"}],"curies":[{"name":"wp","href":"https:\/\/api.w.org\/{rel}","templated":true}]}}