{"id":1746,"date":"2021-06-08T02:20:16","date_gmt":"2021-06-07T23:20:16","guid":{"rendered":"https:\/\/www.tempatech.com\/?page_id=1746"},"modified":"2021-06-08T09:15:44","modified_gmt":"2021-06-08T06:15:44","slug":"fluids","status":"publish","type":"page","link":"https:\/\/www.tempatech.com\/tr\/softwares\/ansys\/fluids\/","title":{"rendered":"ANSYS \/ Ak\u0131\u015fkanlar Dinami\u011fi"},"content":{"rendered":"<div data-vc-full-width=\"true\" data-vc-full-width-init=\"false\" class=\"vc_section wpb_animate_when_almost_visible wpb_appear appear vc_custom_1623107226753 wpex-vc_section-has-fill wpex-vc-row-stretched\"><div class=\"vc_row wpb_row vc_row-fluid vc_custom_1623056521764\"><div class=\"wpb_column wpb_animate_when_almost_visible wpb_fadeInUp fadeInUp vc_column_container vc_col-sm-2\/5\"><div class=\"vc_column-inner\"><div class=\"wpb_wrapper\"><h3 style=\"font-size: 40px;color: #ffb71b;text-align: left;font-family:Montserrat;font-weight:700;font-style:normal\" class=\"vc_custom_heading vc_custom_1623107267110\" >Ak\u0131\u015fkanlar Dinami\u011fi<\/h3>\n\t<div style=\"color:#ffffff;font-family:Montserrat;font-style:italic;\" class=\"wpb_text_column has-custom-color wpex-child-inherit-color wpb_content_element\" >\n\t\t<div class=\"wpb_wrapper\">\n\t\t\t<div class=\"hero\">\n<div class=\"hero hero--medium-full-width-image full-width-container\">\n<div class=\"hero__item\">\n<div class=\"bs-container\">\n<div class=\"hero__content\">\n<div class=\"hero\">\n<div class=\"hero hero--medium-full-width-image full-width-container\">\n<div class=\"hero__item\">\n<div class=\"bs-container\">\n<div class=\"hero__content\">\n<div>\n<p><span style=\"font-size: 16px;\">Hesaplamal\u0131 Ak\u0131\u015fkanlar Dinami\u011fi (CFD) Sim\u00fclasyonu<\/span><\/p>\n<\/div>\n<\/div>\n<\/div>\n<\/div>\n<\/div>\n<\/div>\n<div class=\"containerwithbackground\">\n<div class=\"ansys-container bg-white responsivegrid\">\n<div class=\"columncontrolcontainer\">\n<div class=\"bs-container\">\n<div class=\"row align-items-center\">\n<div class=\"col-md-7\">\n<div class=\"text\">\n<p id=\"text-b9eb21a1a2\" class=\"cmp-text rte dark-theme\">\n<\/div>\n<\/div>\n<\/div>\n<\/div>\n<\/div>\n<\/div>\n<\/div>\n<\/div>\n<\/div>\n<\/div>\n<\/div>\n<\/div>\n\n\t\t<\/div>\n\t<\/div>\n<div class=\"vc_custom_1623060803952 wpex-clr\"><a href=\"https:\/\/www.tempatech.com\/tr\/contact\/\" class=\"vcex-button theme-button inline\" style=\"background:#ffb71b;font-family:Montserrat;\" data-wpex-hover='{&quot;background&quot;:&quot;#ffffff&quot;,&quot;color&quot;:&quot;#0a0a0a&quot;}'><span class=\"theme-button-inner\">Bu \u00fcr\u00fcnlerin lisanslar\u0131 i\u00e7in bizimle ileti\u015fime ge\u00e7in!<span class=\"vcex-icon-wrap theme-button-icon-right\"><span class=\"ticon ticon-telegram\" aria-hidden=\"true\"><\/span><\/span><\/span><\/a><\/div> <\/div><\/div><\/div><\/div><\/div><div class=\"vc_row-full-width vc_clearfix\"><\/div><div data-vc-full-width=\"true\" data-vc-full-width-init=\"false\" class=\"vc_section wpb_animate_when_almost_visible wpb_appear appear vc_custom_1623062926445 wpex-vc_section-has-fill wpex-vc-row-stretched\"><\/div><div class=\"vc_row-full-width vc_clearfix\"><\/div><div id=\"Fluent\" class=\"vc_section wpb_animate_when_almost_visible wpb_fadeInUp fadeInUp vc_custom_1623107798590\" data-ls_id=\"#Fluent\"><div class=\"vc_row wpb_row vc_row-fluid vc_row-o-content-middle vc_row-flex\"><div class=\"wpb_column wpb_animate_when_almost_visible wpb_fadeInLeft fadeInLeft vc_column_container vc_col-sm-6\"><div class=\"vc_column-inner\"><div class=\"wpb_wrapper\">\n\t<div class=\"wpb_text_column wpb_content_element  vc_custom_1623107490375\" >\n\t\t<div class=\"wpb_wrapper\">\n\t\t\t<p><span style=\"font-size: 18px;\"><strong><span style=\"font-family: Montserrat;\"><span style=\"color: #000000;\">ANSYS <\/span><span style=\"color: #ffb71b; font-size: 24px;\">Fluent<\/span><\/span><\/strong><\/span><\/p>\n\n\t\t<\/div>\n\t<\/div>\n\n\t<div style=\"color:#000000;font-family:Montserrat;\" class=\"wpb_text_column has-custom-color wpex-child-inherit-color wpb_content_element  vc_custom_1623107523446\" >\n\t\t<div class=\"wpb_wrapper\">\n\t\t\t<p><strong>ANSYS\u2019in en g\u00fc\u00e7l\u00fc \u00e7ok ama\u00e7l\u0131 hesaplamal\u0131 ak\u0131\u015fkanlar dinami\u011fi (CFD) arac\u0131,<\/strong><\/p>\n<ul>\n<li>\u00dcst\u00fcn fiziksel modelleme kabiliyetleri en \u00e7e\u015fitli CFD ve \u00e7oklu fizik uygulamalar\u0131nda h\u0131zl\u0131 ve isabetli sonu\u00e7lar sunar.<\/li>\n<li>Geni\u015f model CFD sim\u00fclasyonlar\u0131n\u0131 h\u0131zl\u0131 ve d\u00fc\u015f\u00fck maliyet ile \u00e7\u00f6zebilmek i\u00e7in, iyi \u00f6l\u00e7eklendirilebilir y\u00fcksek performansl\u0131 hesaplama (HPC). Fluent, 172,000 \u00e7ekirde\u011fe kadar \u00e7\u0131karak s\u00fcperhesaplama rekorunu elinde bulundurur.<\/li>\n<li><strong>Yeni bir Fluent deneyimi: <\/strong>Yeni g\u00f6r\u00fcn\u00fcm\u00fc ve g\u00f6rev bazl\u0131 i\u015f ak\u0131\u015flar\u0131 ile, ANSYS Fluent\u2019in tek-pencere ile hesaplamal\u0131 ak\u0131\u015fkanlar dinami\u011fi sim\u00fclasyonlar\u0131n\u0131 \u00e7al\u0131\u015ft\u0131r\u0131rkenki h\u0131z\u0131na ve basitli\u011fine hayran olacaks\u0131n\u0131z.<\/li>\n<\/ul>\n\n\t\t<\/div>\n\t<\/div>\n<\/div><\/div><\/div><div class=\"wpb_column wpb_animate_when_almost_visible wpb_fadeInRight fadeInRight vc_column_container vc_col-sm-6\"><div class=\"vc_column-inner\"><div class=\"wpb_wrapper\">\n\t<div  class=\"wpb_single_image wpb_content_element vc_align_\">\n\t\t\n\t\t<figure class=\"wpb_wrapper vc_figure\">\n\t\t\t<div class=\"vc_single_image-wrapper wpex-image-hover opacity-invert vc_box_shadow  vc_box_border_grey\"><img loading=\"lazy\" decoding=\"async\" class=\"vc_single_image-img\" src=\"https:\/\/www.tempatech.com\/wp-content\/uploads\/2021\/06\/ANSYS-Fluent.png\" width=\"600\" height=\"300\" alt=\"ANSYS Fluent\" title=\"ANSYS Fluent\" \/><\/div>\n\t\t<\/figure>\n\t<\/div>\n<\/div><\/div><\/div><\/div><\/div><div data-vc-full-width=\"true\" data-vc-full-width-init=\"false\" class=\"vc_section wpb_animate_when_almost_visible wpb_fadeInRight fadeInRight vc_custom_1623062644621 wpex-vc_section-has-fill wpex-vc-row-stretched\"><\/div><div class=\"vc_row-full-width vc_clearfix\"><\/div><div id=\"CFX\" data-vc-full-width=\"true\" data-vc-full-width-init=\"false\" class=\"vc_section wpb_animate_when_almost_visible wpb_fadeInUp fadeInUp vc_custom_1623107785880 vc_section-o-content-middle vc_section-flex wpex-vc_section-has-fill wpex-vc-row-stretched\" data-ls_id=\"#CFX\"><div class=\"vc_row wpb_row vc_row-fluid vc_row-o-content-middle vc_row-flex\"><div class=\"wpb_column wpb_animate_when_almost_visible wpb_fadeInLeft fadeInLeft vc_column_container vc_col-sm-6\"><div class=\"vc_column-inner vc_custom_1623062358090\"><div class=\"wpb_wrapper\">\n\t<div  class=\"wpb_single_image wpb_content_element vc_align_\">\n\t\t\n\t\t<figure class=\"wpb_wrapper vc_figure\">\n\t\t\t<div class=\"vc_single_image-wrapper wpex-image-hover opacity-invert vc_box_shadow  vc_box_border_grey\"><img loading=\"lazy\" decoding=\"async\" class=\"vc_single_image-img\" src=\"https:\/\/www.tempatech.com\/wp-content\/uploads\/2021\/06\/ANSYS-CFX.png\" width=\"600\" height=\"300\" alt=\"ANSYS CFX\" title=\"ANSYS CFX\" \/><\/div>\n\t\t<\/figure>\n\t<\/div>\n<\/div><\/div><\/div><div class=\"wpb_column wpb_animate_when_almost_visible wpb_fadeInRight fadeInRight vc_column_container vc_col-sm-6\"><div class=\"vc_column-inner\"><div class=\"wpb_wrapper\">\n\t<div class=\"wpb_text_column wpb_content_element  vc_custom_1623107683441\" >\n\t\t<div class=\"wpb_wrapper\">\n\t\t\t<p><span style=\"font-size: 18px;\"><strong><span style=\"font-family: Montserrat;\"><span style=\"color: #ffffff;\">ANSYS<\/span> <span style=\"color: #ffb71b; font-size: 24px;\">CFX<\/span><\/span><\/strong><\/span><\/p>\n\n\t\t<\/div>\n\t<\/div>\n\n\t<div style=\"color:#ffffff;font-family:Montserrat;\" class=\"wpb_text_column has-custom-color wpex-child-inherit-color wpb_content_element  vc_custom_1623107674190\" >\n\t\t<div class=\"wpb_wrapper\">\n\t\t\t<p><strong>ANSYS CFX turbomakineler ve genel sim\u00fclasyonlar i\u00e7in tavsiye edilen y\u00fcksek performansl\u0131 bir hesaplamal\u0131 ak\u0131\u015fkanlar dinami\u011fi (CFD) yaz\u0131l\u0131m\u0131d\u0131r.<\/strong><\/p>\n<ul>\n<li>Geni\u015f \u00e7apl\u0131 CFD ve \u00e7oklu fizik uygulamalar\u0131 i\u00e7in g\u00fcvenilir ve isabetli \u00e7\u00f6z\u00fcmleri \u00e7abuk ve sa\u011flam bir \u015fekilde sunar.<\/li>\n<li>Pompalar, fanlar, kompres\u00f6rler, gaz ve hidrolik t\u00fcrbinleri gibi turbo makineler ile ola\u011fan\u00fcst\u00fc isabetli, sa\u011flam ve h\u0131zl\u0131 \u00e7al\u0131\u015fmas\u0131 ile bilinir.<\/li>\n<\/ul>\n\n\t\t<\/div>\n\t<\/div>\n<\/div><\/div><\/div><\/div><\/div><div class=\"vc_row-full-width vc_clearfix\"><\/div><div data-vc-full-width=\"true\" data-vc-full-width-init=\"false\" class=\"vc_section wpb_animate_when_almost_visible wpb_fadeInLeft fadeInLeft vc_custom_1623062652400 wpex-vc_section-has-fill wpex-vc-row-stretched\"><\/div><div class=\"vc_row-full-width vc_clearfix\"><\/div><div id=\"Polyflow\" class=\"vc_section wpb_animate_when_almost_visible wpb_fadeInUp fadeInUp vc_custom_1623107771962\" data-ls_id=\"#Polyflow\"><div class=\"vc_row wpb_row vc_row-fluid vc_row-o-content-middle vc_row-flex\"><div class=\"wpb_column wpb_animate_when_almost_visible wpb_fadeInLeft fadeInLeft vc_column_container vc_col-sm-6\"><div class=\"vc_column-inner\"><div class=\"wpb_wrapper\">\n\t<div class=\"wpb_text_column wpb_content_element  vc_custom_1623107721876\" >\n\t\t<div class=\"wpb_wrapper\">\n\t\t\t<p><span style=\"font-size: 18px;\"><strong><span style=\"font-family: Montserrat;\"><span style=\"color: #000000;\">ANSYS <\/span><span style=\"color: #ffb71b; font-size: 24px;\">Polyflow<\/span><\/span><\/strong><\/span><\/p>\n\n\t\t<\/div>\n\t<\/div>\n\n\t<div style=\"color:#000000;font-family:Montserrat;\" class=\"wpb_text_column has-custom-color wpex-child-inherit-color wpb_content_element  vc_custom_1623107702866\" >\n\t\t<div class=\"wpb_wrapper\">\n\t\t\t<p><strong>Enerji ve ham madde kullan\u0131m\u0131n\u0131 azaltarak \u00fcretim s\u00fcre\u00e7lerini daha uygun maliyetli ve \u00e7evresel olarak s\u00fcrd\u00fcr\u00fclebilir hale getirin ve tasar\u0131m\u0131n\u0131z\u0131 g\u00fc\u00e7lendirin.<\/strong><\/p>\n<ul>\n<li>Ekstr\u00fczyon, termoform, \u00fcflemeli kal\u0131plama, cam kal\u0131plama, fiber \u00e7izim ve beton \u015fekillendirme gibi i\u015flemleri tasarlay\u0131n ve optimize edin.<\/li>\n<li>Ekstr\u00fczyon kal\u0131plar\u0131 \u00fcretirken fiziksel prototip kullan\u0131m\u0131n\u0131 minimize edin. Termoform edilmi\u015f veya \u00fcflenmi\u015f \u00fcr\u00fcnlerin kalitesini art\u0131rmak i\u00e7in kal\u0131nl\u0131k \u00e7e\u015fitlili\u011fini azalt\u0131n.<\/li>\n<li>Tersine kal\u0131p tasar\u0131m\u0131 kabiliyeti, nihai kal\u0131p tasar\u0131mlar\u0131n\u0131 geleneksel \u201c\u00f6nce yap sonra test et\u201d metoduna k\u0131yasla \u00e7ok daha h\u0131zl\u0131 tan\u0131mlayabilir.<\/li>\n<\/ul>\n\n\t\t<\/div>\n\t<\/div>\n<\/div><\/div><\/div><div class=\"wpb_column wpb_animate_when_almost_visible wpb_fadeInRight fadeInRight vc_column_container vc_col-sm-6\"><div class=\"vc_column-inner\"><div class=\"wpb_wrapper\">\n\t<div  class=\"wpb_single_image wpb_content_element vc_align_\">\n\t\t\n\t\t<figure class=\"wpb_wrapper vc_figure\">\n\t\t\t<div class=\"vc_single_image-wrapper wpex-image-hover opacity-invert vc_box_shadow  vc_box_border_grey\"><img loading=\"lazy\" decoding=\"async\" class=\"vc_single_image-img\" src=\"https:\/\/www.tempatech.com\/wp-content\/uploads\/2021\/06\/ANSYS-Polyflow.png\" width=\"600\" height=\"300\" alt=\"ANSYS Polyflow\" title=\"ANSYS Polyflow\" \/><\/div>\n\t\t<\/figure>\n\t<\/div>\n<\/div><\/div><\/div><\/div><\/div><div data-vc-full-width=\"true\" data-vc-full-width-init=\"false\" class=\"vc_section wpb_animate_when_almost_visible wpb_fadeInRight fadeInRight vc_custom_1623062644621 wpex-vc_section-has-fill wpex-vc-row-stretched\"><\/div><div class=\"vc_row-full-width vc_clearfix\"><\/div><div id=\"BladeModeler\" data-vc-full-width=\"true\" data-vc-full-width-init=\"false\" class=\"vc_section wpb_animate_when_almost_visible wpb_fadeInUp fadeInUp vc_custom_1623107754625 vc_section-o-content-middle vc_section-flex wpex-vc_section-has-fill wpex-vc-row-stretched\" data-ls_id=\"#BladeModeler\"><div class=\"vc_row wpb_row vc_row-fluid vc_row-o-content-middle vc_row-flex\"><div class=\"wpb_column wpb_animate_when_almost_visible wpb_fadeInLeft fadeInLeft vc_column_container vc_col-sm-6\"><div class=\"vc_column-inner\"><div class=\"wpb_wrapper\">\n\t<div  class=\"wpb_single_image wpb_content_element vc_align_  wpb_animate_when_almost_visible wpb_fadeInRight fadeInRight\">\n\t\t\n\t\t<figure class=\"wpb_wrapper vc_figure\">\n\t\t\t<div class=\"vc_single_image-wrapper wpex-image-hover opacity-invert vc_box_shadow  vc_box_border_grey\"><img loading=\"lazy\" decoding=\"async\" class=\"vc_single_image-img\" src=\"https:\/\/www.tempatech.com\/wp-content\/uploads\/2021\/06\/ANSYS-BladeModeler.png\" width=\"600\" height=\"300\" alt=\"ANSYS BladeModeler\" title=\"ANSYS BladeModeler\" \/><\/div>\n\t\t<\/figure>\n\t<\/div>\n<\/div><\/div><\/div><div class=\"wpb_column vc_column_container vc_col-sm-6\"><div class=\"vc_column-inner vc_custom_1623062372504\"><div class=\"wpb_wrapper\">\n\t<div class=\"wpb_text_column wpb_content_element  vc_custom_1623107743863\" >\n\t\t<div class=\"wpb_wrapper\">\n\t\t\t<p><span style=\"font-size: 18px;\"><strong><span style=\"font-family: Montserrat;\"><span style=\"color: #ffffff;\">ANSYS<\/span> <span style=\"color: #ffb71b; font-size: 24px;\">BladeModeler<\/span><\/span><\/strong><\/span><\/p>\n\n\t\t<\/div>\n\t<\/div>\n\n\t<div style=\"color:#ffffff;font-family:Montserrat;\" class=\"wpb_text_column has-custom-color wpex-child-inherit-color wpb_content_element  vc_custom_1623108309827\" >\n\t\t<div class=\"wpb_wrapper\">\n\t\t\t<p><span style=\"color: #ffffff;\"><strong>Tasar\u0131m ekseni, kar\u0131\u015f\u0131k ak\u0131\u015f ve radyal kesici bile\u015fenleri (pompalar, kompres\u00f6rler, fanlar, \u00fcfleyiciler, t\u00fcrbinler, geni\u015fleticiler, turbo \u015farj cihazlar\u0131, ind\u00fckleyiciler vb.) gibi d\u00f6nen makine bile\u015fenlerinin an\u0131nda 3D tasar\u0131m\u0131 i\u00e7in \u00f6zelle\u015ftirilmi\u015f, kullan\u0131m\u0131 kolay bir ara\u00e7t\u0131r.<\/strong><\/span><\/p>\n<ul>\n<li><span style=\"color: #ffffff;\">Tam geometrik modelleme,<\/span><\/li>\n<li><span style=\"color: #ffffff;\">Entegre edilmi\u015f ilk boyutlama<\/span><\/li>\n<li><span style=\"color: #ffffff;\">\u0130nteraktif blade tasar\u0131m\u0131,<\/span><\/li>\n<li><span style=\"color: #ffffff;\">ANSYS Turbo Ara\u00e7lar\u0131\u2019n\u0131n bir par\u00e7as\u0131 -3D bile\u015fenleri, etkili kesici dizi geometrileri ve y\u00fcksek kalite mesh an\u0131nda tasar\u0131m\u0131 i\u00e7in \u00f6zelle\u015ftirilmi\u015f ve kullan\u0131m\u0131 kolay ara\u00e7lar sunar.<\/span><\/li>\n<\/ul>\n\n\t\t<\/div>\n\t<\/div>\n<\/div><\/div><\/div><\/div><\/div><div class=\"vc_row-full-width vc_clearfix\"><\/div>","protected":false},"excerpt":{"rendered":"Fluids Computational Fluid Dynamics (CFD) Simulation Contact us to get a product license ANSYS Fluent ANSYS\u2019 most powerful general-purpose computational fluid dynamics (CFD) tool. Well-validated physical modeling capabilities deliver fast, accurate results across the widest range of CFD and multiphysics applications Highly scalable high-performance computing (HPC) so you can solve complex, large-model CFD simulations \u2014faster&hellip;","protected":false},"author":1,"featured_media":0,"parent":1794,"menu_order":0,"comment_status":"closed","ping_status":"closed","template":"","meta":{"footnotes":""},"_links":{"self":[{"href":"https:\/\/www.tempatech.com\/tr\/wp-json\/wp\/v2\/pages\/1746"}],"collection":[{"href":"https:\/\/www.tempatech.com\/tr\/wp-json\/wp\/v2\/pages"}],"about":[{"href":"https:\/\/www.tempatech.com\/tr\/wp-json\/wp\/v2\/types\/page"}],"author":[{"embeddable":true,"href":"https:\/\/www.tempatech.com\/tr\/wp-json\/wp\/v2\/users\/1"}],"replies":[{"embeddable":true,"href":"https:\/\/www.tempatech.com\/tr\/wp-json\/wp\/v2\/comments?post=1746"}],"version-history":[{"count":5,"href":"https:\/\/www.tempatech.com\/tr\/wp-json\/wp\/v2\/pages\/1746\/revisions"}],"predecessor-version":[{"id":1813,"href":"https:\/\/www.tempatech.com\/tr\/wp-json\/wp\/v2\/pages\/1746\/revisions\/1813"}],"up":[{"embeddable":true,"href":"https:\/\/www.tempatech.com\/tr\/wp-json\/wp\/v2\/pages\/1794"}],"wp:attachment":[{"href":"https:\/\/www.tempatech.com\/tr\/wp-json\/wp\/v2\/media?parent=1746"}],"curies":[{"name":"wp","href":"https:\/\/api.w.org\/{rel}","templated":true}]}}