{"id":1758,"date":"2021-06-08T03:15:19","date_gmt":"2021-06-08T00:15:19","guid":{"rendered":"https:\/\/www.tempatech.com\/?page_id=1758"},"modified":"2021-06-08T09:15:25","modified_gmt":"2021-06-08T06:15:25","slug":"embedded-software","status":"publish","type":"page","link":"https:\/\/www.tempatech.com\/tr\/softwares\/ansys\/embedded-software\/","title":{"rendered":"ANSYS \/ G\u00f6m\u00fcl\u00fc Yaz\u0131l\u0131m"},"content":{"rendered":"<div data-vc-full-width=\"true\" data-vc-full-width-init=\"false\" class=\"vc_section wpb_animate_when_almost_visible wpb_appear appear vc_custom_1623110876126 wpex-vc_section-has-fill wpex-vc-row-stretched\"><div class=\"vc_row wpb_row vc_row-fluid vc_custom_1623056521764\"><div class=\"wpb_column wpb_animate_when_almost_visible wpb_fadeInUp fadeInUp vc_column_container vc_col-sm-2\/5\"><div class=\"vc_column-inner\"><div class=\"wpb_wrapper\"><h3 style=\"font-size: 40px;color: #ffb71b;text-align: left;font-family:Montserrat;font-weight:700;font-style:normal\" class=\"vc_custom_heading vc_custom_1623110898736\" >G\u00f6m\u00fcl\u00fc Yaz\u0131l\u0131m Geli\u015ftirme<br \/>\n<\/h3>\n\t<div style=\"color:#ffffff;font-family:Montserrat;font-style:italic;\" class=\"wpb_text_column has-custom-color wpex-child-inherit-color wpb_content_element\" >\n\t\t<div class=\"wpb_wrapper\">\n\t\t\t<div class=\"hero\">\n<div class=\"hero hero--medium-full-width-image full-width-container\">\n<div class=\"hero__item\">\n<div class=\"bs-container\">\n<div class=\"hero__content\">\n<div class=\"hero\">\n<div class=\"hero hero--medium-full-width-image full-width-container\">\n<div class=\"hero__item\">\n<div class=\"bs-container\">\n<div class=\"hero__content\">\n<p><span style=\"font-size: 14px;\">G\u00fcvenilir G\u00f6m\u00fcl\u00fc Yaz\u0131l\u0131m Geli\u015ftirme \u00c7\u00f6z\u00fcmleri<\/span><\/p>\n<\/div>\n<\/div>\n<\/div>\n<\/div>\n<\/div>\n<\/div>\n<\/div>\n<\/div>\n<\/div>\n<\/div>\n\n\t\t<\/div>\n\t<\/div>\n<div class=\"vc_custom_1623060803952 wpex-clr\"><a href=\"https:\/\/www.tempatech.com\/tr\/contact\/\" class=\"vcex-button theme-button inline\" style=\"background:#ffb71b;font-family:Montserrat;\" data-wpex-hover='{&quot;background&quot;:&quot;#ffffff&quot;,&quot;color&quot;:&quot;#0a0a0a&quot;}'><span class=\"theme-button-inner\">Bu \u00fcr\u00fcnlerin lisanslar\u0131 i\u00e7in bizimle ileti\u015fime ge\u00e7in!<span class=\"vcex-icon-wrap theme-button-icon-right\"><span class=\"ticon ticon-telegram\" aria-hidden=\"true\"><\/span><\/span><\/span><\/a><\/div> <\/div><\/div><\/div><\/div><\/div><div class=\"vc_row-full-width vc_clearfix\"><\/div><div data-vc-full-width=\"true\" data-vc-full-width-init=\"false\" class=\"vc_section wpb_animate_when_almost_visible wpb_appear appear vc_custom_1623062926445 wpex-vc_section-has-fill wpex-vc-row-stretched\"><\/div><div class=\"vc_row-full-width vc_clearfix\"><\/div><div id=\"SCADESuite\" data-vc-full-width=\"true\" data-vc-full-width-init=\"false\" class=\"vc_section wpb_animate_when_almost_visible wpb_fadeInUp fadeInUp vc_custom_1623110800247 vc_section-o-content-middle vc_section-flex wpex-vc_section-has-fill wpex-vc-row-stretched\" data-ls_id=\"#SCADESuite\"><div class=\"vc_row wpb_row vc_row-fluid vc_row-o-content-middle vc_row-flex\"><div class=\"wpb_column wpb_animate_when_almost_visible wpb_fadeInLeft fadeInLeft vc_column_container vc_col-sm-6\"><div class=\"vc_column-inner vc_custom_1623062358090\"><div class=\"wpb_wrapper\">\n\t<div  class=\"wpb_single_image wpb_content_element vc_align_\">\n\t\t\n\t\t<figure class=\"wpb_wrapper vc_figure\">\n\t\t\t<div class=\"vc_single_image-wrapper wpex-image-hover opacity-invert vc_box_shadow  vc_box_border_grey\"><img loading=\"lazy\" decoding=\"async\" class=\"vc_single_image-img\" src=\"https:\/\/www.tempatech.com\/wp-content\/uploads\/2021\/06\/ANSYS-SCADE-Suite.png\" width=\"600\" height=\"300\" alt=\"ANSYS SCADE Suite\" title=\"ANSYS SCADE Suite\" \/><\/div>\n\t\t<\/figure>\n\t<\/div>\n<\/div><\/div><\/div><div class=\"wpb_column wpb_animate_when_almost_visible wpb_fadeInRight fadeInRight vc_column_container vc_col-sm-6\"><div class=\"vc_column-inner\"><div class=\"wpb_wrapper\">\n\t<div class=\"wpb_text_column wpb_content_element  vc_custom_1623110790732\" >\n\t\t<div class=\"wpb_wrapper\">\n\t\t\t<p><span style=\"font-size: 18px;\"><strong><span style=\"font-family: Montserrat;\"><span style=\"color: #ffffff;\">ANSYS<\/span> <span style=\"color: #ffb71b; font-size: 24px;\">SCADE Suite<\/span><\/span><\/strong><\/span><\/p>\n\n\t\t<\/div>\n\t<\/div>\n\n\t<div style=\"color:#ffffff;font-family:Montserrat;\" class=\"wpb_text_column has-custom-color wpex-child-inherit-color wpb_content_element  vc_custom_1623110936562\" >\n\t\t<div class=\"wpb_wrapper\">\n\t\t\t<p><strong>Kritik g\u00f6m\u00fcl\u00fc yaz\u0131l\u0131mlar i\u00e7in model tabanl\u0131 geli\u015ftirme ortam\u0131, sim\u00fclasyon ve hata ay\u0131klama, otomatik kod olu\u015fturma ve sertifika deste\u011fi sa\u011flayan g\u00f6m\u00fcl\u00fc bir yaz\u0131l\u0131m \u00fcr\u00fcn\u00fc grubu,<\/strong><\/p>\n<ul>\n<li>\u00dcr\u00fcn\u00fcn kod \u00fcreteci, DO-178B seviye A, ISO 26262:2011, IEC 61508 2010, vb. kapsam\u0131nda bir geli\u015ftirme arac\u0131 olarak nitelendirilmi\u015f ve onaylanm\u0131\u015ft\u0131r.<\/li>\n<li>SCADE'nin sertifikasyon kitleri, sertifika yetkililerinin ihtiya\u00e7 duydu\u011fu kritik dok\u00fcmantasyon materyallerini sunar. (\u00f6rn. Ara\u00e7 Kalifikasyon Plan\u0131 ve Uygunluk Analizi)<\/li>\n<li>SCADE'in bu sertifikal\u0131 otomasyon \u00f6zelli\u011fi, h\u0131zl\u0131 geli\u015ftirme sa\u011flaman\u0131n yan\u0131 s\u0131ra hata denetimi ve manuel kod geli\u015ftirme maliyetlerinden \u00f6nemli \u00f6l\u00e7\u00fcde tasarruf sa\u011flar.<\/li>\n<li>\u0130nteraktif E\/E ve \u00e7oklu fizik sim\u00fclasyonu sa\u011flayan FMI\/FMU ko-sim\u00fclasyon standard\u0131 arac\u0131l\u0131\u011f\u0131yla ANSYS Twin Builder ile entegre olur.<\/li>\n<\/ul>\n\n\t\t<\/div>\n\t<\/div>\n<\/div><\/div><\/div><\/div><\/div><div class=\"vc_row-full-width vc_clearfix\"><\/div><div data-vc-full-width=\"true\" data-vc-full-width-init=\"false\" class=\"vc_section wpb_animate_when_almost_visible wpb_fadeInLeft fadeInLeft vc_custom_1623062652400 wpex-vc_section-has-fill wpex-vc-row-stretched\"><\/div><div class=\"vc_row-full-width vc_clearfix\"><\/div><div id=\"SCADEDisplay\" class=\"vc_section wpb_animate_when_almost_visible wpb_fadeInUp fadeInUp vc_custom_1623110965924\" data-ls_id=\"#SCADEDisplay\"><div class=\"vc_row wpb_row vc_row-fluid vc_row-o-content-middle vc_row-flex\"><div class=\"wpb_column wpb_animate_when_almost_visible wpb_fadeInLeft fadeInLeft vc_column_container vc_col-sm-6\"><div class=\"vc_column-inner\"><div class=\"wpb_wrapper\">\n\t<div class=\"wpb_text_column wpb_content_element  vc_custom_1623110955651\" >\n\t\t<div class=\"wpb_wrapper\">\n\t\t\t<p><span style=\"font-size: 18px;\"><strong><span style=\"font-family: Montserrat;\"><span style=\"color: #000000;\">ANSYS <\/span><span style=\"color: #ffb71b; font-size: 24px;\">SCADE Display<\/span><\/span><\/strong><\/span><\/p>\n\n\t\t<\/div>\n\t<\/div>\n\n\t<div style=\"color:#000000;font-family:Montserrat;\" class=\"wpb_text_column has-custom-color wpex-child-inherit-color wpb_content_element  vc_custom_1623110981485\" >\n\t\t<div class=\"wpb_wrapper\">\n\t\t\t<p><strong>\u0130nsan Makine Aray\u00fczlerinin (HMI) tasar\u0131m\u0131 i\u00e7in kullan\u0131m\u0131 kolay, \u00e7ok y\u00f6nl\u00fc bir ortam sa\u011flayan g\u00f6m\u00fcl\u00fc sistemler arac\u0131,<\/strong><\/p>\n<ul>\n<li>Grafik prototipleme ve tasar\u0131m\u0131, HMI davran\u0131\u015fsal mant\u0131k tasar\u0131m\u0131, etkile\u015fimli sim\u00fclasyon, entegre tasar\u0131m kontrol\u00fc ve HMI test otomasyonu ger\u00e7ekle\u015ftirin,<\/li>\n<li>Otomatik sertifikal\u0131 KCG Code Generator sayesinde DO-178B ve DO-178C, ISO 26262:2011 ve daha fazlas\u0131n\u0131n proje maliyetlerini \u00f6nemli \u00f6l\u00e7\u00fcde azalt\u0131n.,<\/li>\n<li>\u0130nteraktif E\/E ve \u00e7oklu fizik sim\u00fclasyonu sa\u011flayan FMI\/FMU ko-sim\u00fclasyon standard\u0131 arac\u0131l\u0131\u011f\u0131yla ANSYS Twin Builder ile entegre olur.<\/li>\n<\/ul>\n\n\t\t<\/div>\n\t<\/div>\n<\/div><\/div><\/div><div class=\"wpb_column wpb_animate_when_almost_visible wpb_fadeInRight fadeInRight vc_column_container vc_col-sm-6\"><div class=\"vc_column-inner\"><div class=\"wpb_wrapper\">\n\t<div  class=\"wpb_single_image wpb_content_element vc_align_\">\n\t\t\n\t\t<figure class=\"wpb_wrapper vc_figure\">\n\t\t\t<div class=\"vc_single_image-wrapper wpex-image-hover opacity-invert vc_box_shadow  vc_box_border_grey\"><img loading=\"lazy\" decoding=\"async\" class=\"vc_single_image-img\" src=\"https:\/\/www.tempatech.com\/wp-content\/uploads\/2021\/06\/ANSYS-SCADE-Display.png\" width=\"600\" height=\"300\" alt=\"ANSYS SCADE Display\" title=\"ANSYS SCADE Display\" \/><\/div>\n\t\t<\/figure>\n\t<\/div>\n<\/div><\/div><\/div><\/div><\/div><div data-vc-full-width=\"true\" data-vc-full-width-init=\"false\" class=\"vc_section wpb_animate_when_almost_visible wpb_fadeInRight fadeInRight vc_custom_1623062644621 wpex-vc_section-has-fill wpex-vc-row-stretched\"><\/div><div class=\"vc_row-full-width vc_clearfix\"><\/div><div id=\"SCADEArchitect\" data-vc-full-width=\"true\" data-vc-full-width-init=\"false\" class=\"vc_section wpb_animate_when_almost_visible wpb_fadeInUp fadeInUp vc_custom_1623111051237 vc_section-o-content-middle vc_section-flex wpex-vc_section-has-fill wpex-vc-row-stretched\" data-ls_id=\"#SCADEArchitect\"><div class=\"vc_row wpb_row vc_row-fluid vc_row-o-content-middle vc_row-flex\"><div class=\"wpb_column wpb_animate_when_almost_visible wpb_fadeInLeft fadeInLeft vc_column_container vc_col-sm-6\"><div class=\"vc_column-inner\"><div class=\"wpb_wrapper\">\n\t<div  class=\"wpb_single_image wpb_content_element vc_align_  wpb_animate_when_almost_visible wpb_fadeInRight fadeInRight\">\n\t\t\n\t\t<figure class=\"wpb_wrapper vc_figure\">\n\t\t\t<div class=\"vc_single_image-wrapper wpex-image-hover opacity-invert vc_box_shadow  vc_box_border_grey\"><img loading=\"lazy\" decoding=\"async\" class=\"vc_single_image-img\" src=\"https:\/\/www.tempatech.com\/wp-content\/uploads\/2021\/06\/ANSYS-SCADE-Architect.png\" width=\"600\" height=\"300\" alt=\"ANSYS SCADE Architect\" title=\"ANSYS SCADE Architect\" \/><\/div>\n\t\t<\/figure>\n\t<\/div>\n<\/div><\/div><\/div><div class=\"wpb_column vc_column_container vc_col-sm-6\"><div class=\"vc_column-inner vc_custom_1623062372504\"><div class=\"wpb_wrapper\">\n\t<div class=\"wpb_text_column wpb_content_element  vc_custom_1623111073223\" >\n\t\t<div class=\"wpb_wrapper\">\n\t\t\t<p><span style=\"font-size: 18px;\"><strong><span style=\"font-family: Montserrat;\"><span style=\"color: #ffffff;\">ANSYS<\/span> <span style=\"color: #ffb71b; font-size: 24px;\">SCADE Architect<\/span><\/span><\/strong><\/span><\/p>\n\n\t\t<\/div>\n\t<\/div>\n\n\t<div style=\"color:#ffffff;font-family:Montserrat;\" class=\"wpb_text_column has-custom-color wpex-child-inherit-color wpb_content_element  vc_custom_1623111065550\" >\n\t\t<div class=\"wpb_wrapper\">\n\t\t\t<p><span style=\"color: #ffffff;\"><strong>Y\u00fcksek g\u00fcvenilirlik gereksinimleri olan sistemler i\u00e7in bir tasar\u0131m ortam\u0131,<\/strong><\/span><\/p>\n<ul>\n<li><span style=\"color: #ffffff;\">ARP 4754A, ISO26262 ve EN 50126 gibi end\u00fcstriyel sistem m\u00fchendisli\u011fi s\u00fcre\u00e7lerini tam olarak destekler,<\/span><\/li>\n<li><span style=\"color: #ffffff;\">Sistem m\u00fchendisleri i\u00e7in \u00f6zel olarak tasarlanm\u0131\u015ft\u0131r, tipik SysML uygulamalar\u0131ndan daha kullan\u0131c\u0131 dostu ve sezgisel bir deneyim sunmak i\u00e7in SysML\u2019den faydalan\u0131r,<\/span><\/li>\n<li><span style=\"color: #ffffff;\">\u00c7e\u015fitli standartlar ve operasyonlar i\u00e7in \u00f6zelle\u015ftirilmi\u015f \u015fablonlarla Aviyonik Geli\u015ftiricileri, Otomotiv Geli\u015ftiricileri ve FACE Geli\u015ftiricileri i\u00e7in \u00f6zel olarak haz\u0131rlanm\u0131\u015f ek paketler sunar,<\/span><\/li>\n<li><span style=\"color: #ffffff;\">\u2022 SCADE Suite, medini analiz ve Twin Builder ile kolayca entegre ve senkronize olur.<\/span><\/li>\n<\/ul>\n\n\t\t<\/div>\n\t<\/div>\n<\/div><\/div><\/div><\/div><\/div><div class=\"vc_row-full-width vc_clearfix\"><\/div><div data-vc-full-width=\"true\" data-vc-full-width-init=\"false\" class=\"vc_section wpb_animate_when_almost_visible wpb_fadeInLeft fadeInLeft vc_custom_1623062652400 wpex-vc_section-has-fill wpex-vc-row-stretched\"><\/div><div class=\"vc_row-full-width vc_clearfix\"><\/div><div id=\"SCADELifeCycle\" class=\"vc_section wpb_animate_when_almost_visible wpb_fadeInUp fadeInUp vc_custom_1623111104991\" data-ls_id=\"#SCADELifeCycle\"><div class=\"vc_row wpb_row vc_row-fluid vc_row-o-content-middle vc_row-flex\"><div class=\"wpb_column wpb_animate_when_almost_visible wpb_fadeInLeft fadeInLeft vc_column_container vc_col-sm-6\"><div class=\"vc_column-inner\"><div class=\"wpb_wrapper\">\n\t<div class=\"wpb_text_column wpb_content_element  vc_custom_1623111091706\" >\n\t\t<div class=\"wpb_wrapper\">\n\t\t\t<p><span style=\"font-size: 18px;\"><strong><span style=\"font-family: Montserrat;\"><span style=\"color: #000000;\">ANSYS <\/span><span style=\"color: #ffb71b; font-size: 24px;\">SCADE LifeCycle<\/span><\/span><\/strong><\/span><\/p>\n\n\t\t<\/div>\n\t<\/div>\n\n\t<div style=\"color:#000000;font-family:Montserrat;\" class=\"wpb_text_column has-custom-color wpex-child-inherit-color wpb_content_element  vc_custom_1623111115141\" >\n\t\t<div class=\"wpb_wrapper\">\n\t\t\t<p><strong>Uygulama Ya\u015fam D\u00f6ng\u00fcs\u00fc Y\u00f6netimi Deste\u011fi<\/strong><\/p>\n<ul>\n<li>\u0130zlenebilirlik; karma\u015f\u0131k uygulamalar geli\u015ftirmede ve modellerin, konfig\u00fcrasyonun, de\u011fi\u015fikliklerin ve belgelerin ya\u015fam d\u00f6ng\u00fcs\u00fc y\u00f6netimi i\u00e7in kontrol sa\u011flaman\u0131n anahtar\u0131d\u0131r,<\/li>\n<li>Di\u011fer SCADE ara\u00e7lar\u0131 ile PLM\/ALM aras\u0131nda k\u00f6pr\u00fc g\u00f6revi g\u00f6r\u00fcr,<\/li>\n<li>Yap\u0131land\u0131rma y\u00f6netimi ortamlar\u0131 sayesinde entegrasyonu destek olur (\u00f6rn. IBM Rational Synergy, Serena Dimensions CM veya Microsoft Visual SourceSafe),<\/li>\n<li>SCCI ve ASCII veri depolama t\u00fcrlerini ve yayg\u0131n giri\u015f\/\u00e7\u0131k\u0131\u015f i\u015flevlerini destekler.<\/li>\n<\/ul>\n\n\t\t<\/div>\n\t<\/div>\n<\/div><\/div><\/div><div class=\"wpb_column wpb_animate_when_almost_visible wpb_fadeInRight fadeInRight vc_column_container vc_col-sm-6\"><div class=\"vc_column-inner\"><div class=\"wpb_wrapper\">\n\t<div  class=\"wpb_single_image wpb_content_element vc_align_\">\n\t\t\n\t\t<figure class=\"wpb_wrapper vc_figure\">\n\t\t\t<div class=\"vc_single_image-wrapper wpex-image-hover opacity-invert vc_box_shadow  vc_box_border_grey\"><img loading=\"lazy\" decoding=\"async\" class=\"vc_single_image-img\" src=\"https:\/\/www.tempatech.com\/wp-content\/uploads\/2021\/06\/ANSYS-SCADE-LifeCycle.png\" width=\"600\" height=\"300\" alt=\"ANSYS SCADE LifeCycle\" title=\"ANSYS SCADE LifeCycle\" \/><\/div>\n\t\t<\/figure>\n\t<\/div>\n<\/div><\/div><\/div><\/div><\/div><div data-vc-full-width=\"true\" data-vc-full-width-init=\"false\" class=\"vc_section wpb_animate_when_almost_visible wpb_fadeInRight fadeInRight vc_custom_1623062644621 wpex-vc_section-has-fill wpex-vc-row-stretched\"><\/div><div class=\"vc_row-full-width vc_clearfix\"><\/div><div id=\"SCADETest\" data-vc-full-width=\"true\" data-vc-full-width-init=\"false\" class=\"vc_section wpb_animate_when_almost_visible wpb_fadeInUp fadeInUp vc_custom_1623111153558 vc_section-o-content-middle vc_section-flex wpex-vc_section-has-fill wpex-vc-row-stretched\" data-ls_id=\"#SCADETest\"><div class=\"vc_row wpb_row vc_row-fluid vc_row-o-content-middle vc_row-flex\"><div class=\"wpb_column wpb_animate_when_almost_visible wpb_fadeInLeft fadeInLeft vc_column_container vc_col-sm-6\"><div class=\"vc_column-inner vc_custom_1623062358090\"><div class=\"wpb_wrapper\">\n\t<div  class=\"wpb_single_image wpb_content_element vc_align_\">\n\t\t\n\t\t<figure class=\"wpb_wrapper vc_figure\">\n\t\t\t<div class=\"vc_single_image-wrapper wpex-image-hover opacity-invert vc_box_shadow  vc_box_border_grey\"><img loading=\"lazy\" decoding=\"async\" class=\"vc_single_image-img\" src=\"https:\/\/www.tempatech.com\/wp-content\/uploads\/2021\/06\/ANSYS-SCADE-Test.png\" width=\"600\" height=\"300\" alt=\"ANSYS SCADE Test\" title=\"ANSYS SCADE Test\" \/><\/div>\n\t\t<\/figure>\n\t<\/div>\n<\/div><\/div><\/div><div class=\"wpb_column wpb_animate_when_almost_visible wpb_fadeInRight fadeInRight vc_column_container vc_col-sm-6\"><div class=\"vc_column-inner\"><div class=\"wpb_wrapper\">\n\t<div class=\"wpb_text_column wpb_content_element  vc_custom_1623111142163\" >\n\t\t<div class=\"wpb_wrapper\">\n\t\t\t<p><span style=\"font-size: 18px;\"><strong><span style=\"font-family: Montserrat;\"><span style=\"color: #ffffff;\">ANSYS<\/span> <span style=\"color: #ffb71b; font-size: 24px;\">SCADE Test<\/span><\/span><\/strong><\/span><\/p>\n\n\t\t<\/div>\n\t<\/div>\n\n\t<div style=\"color:#ffffff;font-family:Montserrat;\" class=\"wpb_text_column has-custom-color wpex-child-inherit-color wpb_content_element  vc_custom_1623111168390\" >\n\t\t<div class=\"wpb_wrapper\">\n\t\t\t<p><strong>Herhangi bir SCADE uygulamas\u0131 i\u00e7in test ve gereksinimlerin do\u011frulanmas\u0131 i\u00e7in uygun maliyetli ortam,<\/strong><\/p>\n<ul>\n<li>D\u00f6ng\u00fcdeki sistem i\u00e7 ortam\u0131n\u0131n bir par\u00e7as\u0131 olarak yaz\u0131l\u0131m testi ger\u00e7ekle\u015ftirmek i\u00e7in test hizmetleri API'sini sa\u011flar,<\/li>\n<li>IBM Rational, VectorCAST vb. gibi COTS ara\u00e7lar\u0131 i\u00e7in bir hedef test donan\u0131m\u0131n\u0131n olu\u015fturulmas\u0131n\u0131 otomatikle\u015ftirir.<\/li>\n<\/ul>\n\n\t\t<\/div>\n\t<\/div>\n<\/div><\/div><\/div><\/div><\/div><div class=\"vc_row-full-width vc_clearfix\"><\/div>","protected":false},"excerpt":{"rendered":"Embedded Software Development Reliable Embedded Software Development Solutions Contact us to get a product license ANSYS SCADE Suite An embedded software product line that provides model-based development environment, simulation and debugging, automatic code generation and certification support for critical embedded software Its code generator has been qualified and certified as a development tool under DO-178B&hellip;","protected":false},"author":1,"featured_media":0,"parent":1794,"menu_order":0,"comment_status":"closed","ping_status":"closed","template":"","meta":{"footnotes":""},"_links":{"self":[{"href":"https:\/\/www.tempatech.com\/tr\/wp-json\/wp\/v2\/pages\/1758"}],"collection":[{"href":"https:\/\/www.tempatech.com\/tr\/wp-json\/wp\/v2\/pages"}],"about":[{"href":"https:\/\/www.tempatech.com\/tr\/wp-json\/wp\/v2\/types\/page"}],"author":[{"embeddable":true,"href":"https:\/\/www.tempatech.com\/tr\/wp-json\/wp\/v2\/users\/1"}],"replies":[{"embeddable":true,"href":"https:\/\/www.tempatech.com\/tr\/wp-json\/wp\/v2\/comments?post=1758"}],"version-history":[{"count":2,"href":"https:\/\/www.tempatech.com\/tr\/wp-json\/wp\/v2\/pages\/1758\/revisions"}],"predecessor-version":[{"id":1780,"href":"https:\/\/www.tempatech.com\/tr\/wp-json\/wp\/v2\/pages\/1758\/revisions\/1780"}],"up":[{"embeddable":true,"href":"https:\/\/www.tempatech.com\/tr\/wp-json\/wp\/v2\/pages\/1794"}],"wp:attachment":[{"href":"https:\/\/www.tempatech.com\/tr\/wp-json\/wp\/v2\/media?parent=1758"}],"curies":[{"name":"wp","href":"https:\/\/api.w.org\/{rel}","templated":true}]}}