{"id":1759,"date":"2021-06-08T02:38:14","date_gmt":"2021-06-07T23:38:14","guid":{"rendered":"https:\/\/www.tempatech.com\/?page_id=1759"},"modified":"2021-06-10T00:29:18","modified_gmt":"2021-06-09T21:29:18","slug":"electronics","status":"publish","type":"page","link":"https:\/\/www.tempatech.com\/tr\/softwares\/ansys\/electronics\/","title":{"rendered":"ANSYS \/ Elektronik"},"content":{"rendered":"<div data-vc-full-width=\"true\" data-vc-full-width-init=\"false\" class=\"vc_section wpb_animate_when_almost_visible wpb_appear appear vc_custom_1623110157062 wpex-vc_section-has-fill wpex-vc-row-stretched\"><div class=\"vc_row wpb_row vc_row-fluid vc_custom_1623056521764\"><div class=\"wpb_column wpb_animate_when_almost_visible wpb_fadeInUp fadeInUp vc_column_container vc_col-sm-2\/5\"><div class=\"vc_column-inner\"><div class=\"wpb_wrapper\"><h3 style=\"font-size: 40px;color: #ffb71b;text-align: left;font-family:Montserrat;font-weight:700;font-style:normal\" class=\"vc_custom_heading vc_custom_1623109037511\" >Elektronik<\/h3>\n\t<div style=\"color:#ffffff;font-family:Montserrat;font-style:italic;\" class=\"wpb_text_column has-custom-color wpex-child-inherit-color wpb_content_element\" >\n\t\t<div class=\"wpb_wrapper\">\n\t\t\t<div class=\"hero\">\n<div class=\"hero hero--medium-full-width-image full-width-container\">\n<div class=\"hero__item\">\n<div class=\"bs-container\">\n<div class=\"hero__content\">\n<div class=\"hero\">\n<div class=\"hero hero--medium-full-width-image full-width-container\">\n<div class=\"hero__item\">\n<div class=\"bs-container\">\n<div class=\"hero__content\">\n<div>\n<p><span style=\"font-size: 14px;\">Elektromanyetik, Sinyal B\u00fct\u00fcnl\u00fc\u011f\u00fc, Termal ve<br \/>\nElektro-Mekanik Sim\u00fclasyon \u00c7\u00f6z\u00fcmleri<\/span><\/div>\n<\/div>\n<\/div>\n<\/div>\n<\/div>\n<\/div>\n<\/div>\n<\/div>\n<\/div>\n<\/div>\n<\/div>\n\n\t\t<\/div>\n\t<\/div>\n<div class=\"vc_custom_1623060803952 wpex-clr\"><a href=\"https:\/\/www.tempatech.com\/tr\/contact\/\" class=\"vcex-button theme-button inline\" style=\"background:#ffb71b;font-family:Montserrat;\" data-wpex-hover='{&quot;background&quot;:&quot;#ffffff&quot;,&quot;color&quot;:&quot;#0a0a0a&quot;}'><span class=\"theme-button-inner\">Bu \u00fcr\u00fcnlerin lisanslar\u0131 i\u00e7in bizimle ileti\u015fime ge\u00e7in!<span class=\"vcex-icon-wrap theme-button-icon-right\"><span class=\"ticon ticon-telegram\" aria-hidden=\"true\"><\/span><\/span><\/span><\/a><\/div> <\/div><\/div><\/div><\/div><\/div><div class=\"vc_row-full-width vc_clearfix\"><\/div><div data-vc-full-width=\"true\" data-vc-full-width-init=\"false\" class=\"vc_section wpb_animate_when_almost_visible wpb_appear appear vc_custom_1623062926445 wpex-vc_section-has-fill wpex-vc-row-stretched\"><\/div><div class=\"vc_row-full-width vc_clearfix\"><\/div><div id=\"Maxwell\" class=\"vc_section wpb_animate_when_almost_visible wpb_fadeInUp fadeInUp vc_custom_1623108449291\" data-ls_id=\"#Maxwell\"><div class=\"vc_row wpb_row vc_row-fluid vc_row-o-content-middle vc_row-flex\"><div class=\"wpb_column wpb_animate_when_almost_visible wpb_fadeInLeft fadeInLeft vc_column_container vc_col-sm-6\"><div class=\"vc_column-inner\"><div class=\"wpb_wrapper\">\n\t<div class=\"wpb_text_column wpb_content_element  vc_custom_1623108440881\" >\n\t\t<div class=\"wpb_wrapper\">\n\t\t\t<p><span style=\"font-size: 18px;\"><strong><span style=\"font-family: Montserrat;\"><span style=\"color: #000000;\">ANSYS <\/span><span style=\"color: #ffb71b; font-size: 24px;\">Maxwell<\/span><\/span><\/strong><\/span><\/p>\n\n\t\t<\/div>\n\t<\/div>\n\n\t<div style=\"color:#000000;font-family:Montserrat;\" class=\"wpb_text_column has-custom-color wpex-child-inherit-color wpb_content_element  vc_custom_1623108424473\" >\n\t\t<div class=\"wpb_wrapper\">\n\t\t\t<p><strong>Motorlar, d\u00f6n\u00fc\u015ft\u00fcr\u00fcc\u00fcler, sens\u00f6rler, kal\u0131c\u0131-magnet cihazlar ve daha fazlas\u0131n\u0131n elektromekanik ve d\u00fc\u015f\u00fck frekansta elektromanyetik performanslar\u0131n\u0131 sim\u00fcle etmek i\u00e7in bir d\u00fc\u015f\u00fck frekans elektromanyetik FEA arac\u0131,<\/strong><\/p>\n<p><strong>Maxwell \u00c7\u00f6z\u00fcc\u00fcleri:<\/strong><\/p>\n<ul>\n<li>Sert hareket ile Manyetik Ge\u00e7ici<\/li>\n<li>AC Elektromanyetik<\/li>\n<li>Manyetostatik<\/li>\n<li>Elektrostatik<\/li>\n<li>DC \u0130letim<\/li>\n<li>Elektrik Ge\u00e7ici<\/li>\n<li>Simplorer(devre ve sistem sim\u00fclasyonu)<\/li>\n<li>ANSYS Mechanical ve ANSYS CFD ile Multiphysics Coupling<\/li>\n<\/ul>\n<p><strong>Uygulama Tasar\u0131m Aray\u00fczleri:<\/strong><\/p>\n<ul>\n<li>RMxprt\u2013elektrikli makineler<\/li>\n<li>PExprt\u2013ind\u00fckt\u00f6rler ve transformat\u00f6rler<\/li>\n<\/ul>\n\n\t\t<\/div>\n\t<\/div>\n<\/div><\/div><\/div><div class=\"wpb_column wpb_animate_when_almost_visible wpb_fadeInRight fadeInRight vc_column_container vc_col-sm-6\"><div class=\"vc_column-inner\"><div class=\"wpb_wrapper\">\n\t<div  class=\"wpb_single_image wpb_content_element vc_align_\">\n\t\t\n\t\t<figure class=\"wpb_wrapper vc_figure\">\n\t\t\t<div class=\"vc_single_image-wrapper wpex-image-hover opacity-invert vc_box_shadow  vc_box_border_grey\"><img loading=\"lazy\" decoding=\"async\" class=\"vc_single_image-img\" src=\"https:\/\/www.tempatech.com\/wp-content\/uploads\/2021\/06\/ANSYS-Maxwell.png\" width=\"600\" height=\"300\" alt=\"ANSYS Maxwell\" title=\"ANSYS Maxwell\" \/><\/div>\n\t\t<\/figure>\n\t<\/div>\n<\/div><\/div><\/div><\/div><\/div><div data-vc-full-width=\"true\" data-vc-full-width-init=\"false\" class=\"vc_section wpb_animate_when_almost_visible wpb_fadeInRight fadeInRight vc_custom_1623062644621 wpex-vc_section-has-fill wpex-vc-row-stretched\"><\/div><div class=\"vc_row-full-width vc_clearfix\"><\/div><div id=\"HFSS\" data-vc-full-width=\"true\" data-vc-full-width-init=\"false\" class=\"vc_section wpb_animate_when_almost_visible wpb_fadeInUp fadeInUp vc_custom_1623108472143 vc_section-o-content-middle vc_section-flex wpex-vc_section-has-fill wpex-vc-row-stretched\" data-ls_id=\"#HFSS\"><div class=\"vc_row wpb_row vc_row-fluid vc_row-o-content-middle vc_row-flex\"><div class=\"wpb_column wpb_animate_when_almost_visible wpb_fadeInLeft fadeInLeft vc_column_container vc_col-sm-6\"><div class=\"vc_column-inner vc_custom_1623062358090\"><div class=\"wpb_wrapper\">\n\t<div  class=\"wpb_single_image wpb_content_element vc_align_\">\n\t\t\n\t\t<figure class=\"wpb_wrapper vc_figure\">\n\t\t\t<div class=\"vc_single_image-wrapper wpex-image-hover opacity-invert vc_box_shadow  vc_box_border_grey\"><img loading=\"lazy\" decoding=\"async\" class=\"vc_single_image-img\" src=\"https:\/\/www.tempatech.com\/wp-content\/uploads\/2021\/06\/ANSYS-HFSS.png\" width=\"600\" height=\"300\" alt=\"ANSYS HFSS\" title=\"ANSYS HFSS\" \/><\/div>\n\t\t<\/figure>\n\t<\/div>\n<\/div><\/div><\/div><div class=\"wpb_column wpb_animate_when_almost_visible wpb_fadeInRight fadeInRight vc_column_container vc_col-sm-6\"><div class=\"vc_column-inner\"><div class=\"wpb_wrapper\">\n\t<div class=\"wpb_text_column wpb_content_element  vc_custom_1623108466757\" >\n\t\t<div class=\"wpb_wrapper\">\n\t\t\t<p><span style=\"font-size: 18px;\"><strong><span style=\"font-family: Montserrat;\"><span style=\"color: #ffffff;\">ANSYS<\/span> <span style=\"color: #ffb71b; font-size: 24px;\">HFSS<\/span><\/span><\/strong><\/span><\/p>\n\n\t\t<\/div>\n\t<\/div>\n\n\t<div style=\"color:#ffffff;font-family:Montserrat;\" class=\"wpb_text_column has-custom-color wpex-child-inherit-color wpb_content_element  vc_custom_1623108511419\" >\n\t\t<div class=\"wpb_wrapper\">\n\t\t\t<p><strong>Y\u00fcksek frekansl\u0131 elektromanyetik alanlar\u0131n modellemesi i\u00e7in end\u00fcstri lideri bir ara\u00e7t\u0131r. Di\u011fer t\u00fcm \u00e7\u00f6z\u00fcc\u00fclerin \u00f6l\u00e7\u00fcld\u00fc\u011f\u00fc do\u011fruluk standard\u0131d\u0131r.<\/strong><\/p>\n<p><strong>Y\u00fcksek h\u0131zl\u0131 PCB'lerde ve IC paketlerinde sinyal ve g\u00fc\u00e7 b\u00fct\u00fcnl\u00fc\u011f\u00fc baz\u0131nda analiz ger\u00e7ekle\u015ftirmek i\u00e7in RF ve mikrodalga tasar\u0131m\u0131nda (\u00f6rnek: antenler) \u00e7ok \u00e7e\u015fitli uygulamalarda \u00e7\u00f6z\u00fcmler sunar.<\/strong><\/p>\n<p><strong>HFSS \u00c7\u00f6z\u00fcc\u00fcleri:<\/strong><\/p>\n<ul>\n<li>Frekans Alan\u0131<\/li>\n<li>Zaman Alan\u0131<\/li>\n<li>Integral Denklemleri<\/li>\n<li>Hibrid FEA-Integral Denklemi<\/li>\n<li>ANSYS Mechanical ve ANSYS Icepak \u00e7oklu fizik e\u015flemeleri<\/li>\n<\/ul>\n\n\t\t<\/div>\n\t<\/div>\n<\/div><\/div><\/div><\/div><\/div><div class=\"vc_row-full-width vc_clearfix\"><\/div><div data-vc-full-width=\"true\" data-vc-full-width-init=\"false\" class=\"vc_section wpb_animate_when_almost_visible wpb_fadeInLeft fadeInLeft vc_custom_1623062652400 wpex-vc_section-has-fill wpex-vc-row-stretched\"><\/div><div class=\"vc_row-full-width vc_clearfix\"><\/div><div id=\"Icepak\" data-vc-full-width=\"true\" data-vc-full-width-init=\"false\" class=\"vc_section wpb_animate_when_almost_visible wpb_fadeInUp fadeInUp vc_custom_1623108745192 vc_section-o-content-middle vc_section-flex wpex-vc_section-has-fill wpex-vc-row-stretched\" data-ls_id=\"#Icepak\"><div class=\"vc_row wpb_row vc_row-fluid vc_row-o-content-middle vc_row-flex\"><div class=\"wpb_column wpb_animate_when_almost_visible wpb_fadeInLeft fadeInLeft vc_column_container vc_col-sm-6\"><div class=\"vc_column-inner\"><div class=\"wpb_wrapper\">\n\t<div class=\"wpb_text_column wpb_content_element  vc_custom_1623108739767\" >\n\t\t<div class=\"wpb_wrapper\">\n\t\t\t<p><span style=\"font-size: 18px;\"><strong><span style=\"font-family: Montserrat;\"><span style=\"color: #ffffff;\">ANSYS<\/span> <span style=\"color: #ffb71b; font-size: 24px;\">Icepak<\/span><\/span><\/strong><\/span><\/p>\n\n\t\t<\/div>\n\t<\/div>\n\n\t<div style=\"color:#ffffff;font-family:Montserrat;\" class=\"wpb_text_column has-custom-color wpex-child-inherit-color wpb_content_element  vc_custom_1623108704063\" >\n\t\t<div class=\"wpb_wrapper\">\n\t\t\t<p><span style=\"color: #ffffff;\"><strong>G\u00fc\u00e7l\u00fc elektronik so\u011futma \u00e7\u00f6z\u00fcmleri sunar. Entegre devrelerin (ICs), paketlerin, bask\u0131l\u0131 devre kartlar\u0131n\u0131n ve montajl\u0131 elektroniklerin termal ve s\u0131v\u0131 ak\u0131\u015f\u0131 analizleri i\u00e7in end\u00fcstri lideri ANSYS Fluent hesaplamal\u0131 ak\u0131\u015fkan dinamikleri \u00e7\u00f6z\u00fcc\u00fcs\u00fcn\u00fc kullan\u0131r.<\/strong><\/span><\/p>\n<p><span style=\"color: #ffffff;\"><strong>\u00d6zellikler:<\/strong><\/span><\/p>\n<ul>\n<li><span style=\"color: #ffffff;\">Kapsaml\u0131 \u00c7oklu fizik e\u015flemeleri<\/span><\/li>\n<li><span style=\"color: #ffffff;\">Ticari fanlar, so\u011futucular, \u00fcfleyiciler ve dahas\u0131n\u0131 i\u00e7eren bir k\u00fct\u00fcphane<\/span><\/li>\n<li><span style=\"color: #ffffff;\">\u0130letim, Konveksiyon, Yay\u0131lan \u0131s\u0131 transfer modlar\u0131<\/span><\/li>\n<li><span style=\"color: #ffffff;\">Electronics Desktop\u2019a entegre \u00e7al\u0131\u015f\u0131r<\/span><\/li>\n<li><span style=\"color: #ffffff;\">MCAD geometrisinin i\u00e7e aktar\u0131lmas\u0131<\/span><\/li>\n<li><span style=\"color: #ffffff;\">ECAD geometrisinin i\u00e7e aktar\u0131lmas\u0131<\/span><\/li>\n<li><span style=\"color: #ffffff;\">Otomasyon i\u00e7in G\u00fc\u00e7l\u00fc Python Komut Dosyas\u0131<\/span><\/li>\n<\/ul>\n\n\t\t<\/div>\n\t<\/div>\n<\/div><\/div><\/div><div class=\"wpb_column vc_column_container vc_col-sm-6\"><div class=\"vc_column-inner vc_custom_1623062372504\"><div class=\"wpb_wrapper\">\n\t<div  class=\"wpb_single_image wpb_content_element vc_align_  wpb_animate_when_almost_visible wpb_fadeInRight fadeInRight\">\n\t\t\n\t\t<figure class=\"wpb_wrapper vc_figure\">\n\t\t\t<div class=\"vc_single_image-wrapper wpex-image-hover opacity-invert vc_box_shadow  vc_box_border_grey\"><img loading=\"lazy\" decoding=\"async\" class=\"vc_single_image-img\" src=\"https:\/\/www.tempatech.com\/wp-content\/uploads\/2021\/06\/ANSYS-Icepak.png\" width=\"600\" height=\"300\" alt=\"ANSYS Icepak\" title=\"ANSYS Icepak\" \/><\/div>\n\t\t<\/figure>\n\t<\/div>\n<\/div><\/div><\/div><\/div><\/div><div class=\"vc_row-full-width vc_clearfix\"><\/div><div data-vc-full-width=\"true\" data-vc-full-width-init=\"false\" class=\"vc_section wpb_animate_when_almost_visible wpb_fadeInRight fadeInRight vc_custom_1623062644621 wpex-vc_section-has-fill wpex-vc-row-stretched\"><\/div><div class=\"vc_row-full-width vc_clearfix\"><\/div><div id=\"SIwave\" data-vc-full-width=\"true\" data-vc-full-width-init=\"false\" class=\"vc_section wpb_animate_when_almost_visible wpb_fadeInUp fadeInUp vc_custom_1623108782584 vc_section-o-content-middle vc_section-flex wpex-vc_section-has-fill wpex-vc-row-stretched\" data-ls_id=\"#SIwave\"><div class=\"vc_row wpb_row vc_row-fluid vc_row-o-content-middle vc_row-flex\"><div class=\"wpb_column wpb_animate_when_almost_visible wpb_fadeInLeft fadeInLeft vc_column_container vc_col-sm-6\"><div class=\"vc_column-inner vc_custom_1623062358090\"><div class=\"wpb_wrapper\">\n\t<div  class=\"wpb_single_image wpb_content_element vc_align_\">\n\t\t\n\t\t<figure class=\"wpb_wrapper vc_figure\">\n\t\t\t<div class=\"vc_single_image-wrapper wpex-image-hover opacity-invert vc_box_shadow  vc_box_border_grey\"><img loading=\"lazy\" decoding=\"async\" class=\"vc_single_image-img\" src=\"https:\/\/www.tempatech.com\/wp-content\/uploads\/2021\/06\/ANSYS-SIwave.png\" width=\"600\" height=\"300\" alt=\"ANSYS SIwave\" title=\"ANSYS SIwave\" \/><\/div>\n\t\t<\/figure>\n\t<\/div>\n<\/div><\/div><\/div><div class=\"wpb_column wpb_animate_when_almost_visible wpb_fadeInRight fadeInRight vc_column_container vc_col-sm-6\"><div class=\"vc_column-inner\"><div class=\"wpb_wrapper\">\n\t<div class=\"wpb_text_column wpb_content_element  vc_custom_1623108775752\" >\n\t\t<div class=\"wpb_wrapper\">\n\t\t\t<p><span style=\"font-size: 18px;\"><strong><span style=\"font-family: Montserrat;\"><span style=\"color: #ffffff;\">ANSYS<\/span> <span style=\"color: #ffb71b; font-size: 24px;\">SIwave<\/span><\/span><\/strong><\/span><\/p>\n\n\t\t<\/div>\n\t<\/div>\n\n\t<div style=\"color:#ffffff;font-family:Montserrat;\" class=\"wpb_text_column has-custom-color wpex-child-inherit-color wpb_content_element  vc_custom_1623108834515\" >\n\t\t<div class=\"wpb_wrapper\">\n\t\t\t<p>IC Paketlerinin ve tam PCB'lerin sinyal b\u00fct\u00fcnl\u00fc\u011f\u00fcn\u00fc, g\u00fc\u00e7 b\u00fct\u00fcnl\u00fc\u011f\u00fcn\u00fc ve EMI analizlerini analiz etmek i\u00e7in \u00f6zel tasar\u0131m platformu,<\/p>\n<p><strong>\u00d6zellikleri:<\/strong>:<br \/>\n\u2022 ECAD i\u00e7e aktarma<br \/>\n\u2022Multiphysics Couplings<br \/>\n\u2022 IBIS &amp; IBIS-AMI SerDes Analizi<br \/>\n\u2022 DDR3\/4 Sanal Uyumluluk<br \/>\n\u2022 Dekuplaj Kapasit\u00f6r Optimizasyonu<br \/>\n\u2022 Empedans Taramas\u0131<br \/>\n\u2022 \u00c7apraz Konu\u015fma Taramas\u0131<br \/>\n\u2022 HFSS b\u00f6lgeleri ile SIwave<\/p>\n\n\t\t<\/div>\n\t<\/div>\n<\/div><\/div><\/div><\/div><\/div><div class=\"vc_row-full-width vc_clearfix\"><\/div><div data-vc-full-width=\"true\" data-vc-full-width-init=\"false\" class=\"vc_section wpb_animate_when_almost_visible wpb_fadeInLeft fadeInLeft vc_custom_1623062652400 wpex-vc_section-has-fill wpex-vc-row-stretched\"><\/div><div class=\"vc_row-full-width vc_clearfix\"><\/div><div id=\"Q3DExtractor\" class=\"vc_section wpb_animate_when_almost_visible wpb_fadeInUp fadeInUp vc_custom_1623274151436\" data-ls_id=\"#Q3DExtractor\"><div class=\"vc_row wpb_row vc_row-fluid vc_row-o-content-middle vc_row-flex\"><div class=\"wpb_column wpb_animate_when_almost_visible wpb_fadeInLeft fadeInLeft vc_column_container vc_col-sm-6\"><div class=\"vc_column-inner\"><div class=\"wpb_wrapper\">\n\t<div class=\"wpb_text_column wpb_content_element  vc_custom_1623108856052\" >\n\t\t<div class=\"wpb_wrapper\">\n\t\t\t<p><span style=\"font-size: 18px;\"><strong><span style=\"font-family: Montserrat;\"><span style=\"color: #000000;\">ANSYS <\/span><span style=\"color: #ffb71b; font-size: 24px;\">Q3D Extractor<\/span><\/span><\/strong><\/span><\/p>\n\n\t\t<\/div>\n\t<\/div>\n\n\t<div style=\"color:#000000;font-family:Montserrat;\" class=\"wpb_text_column has-custom-color wpex-child-inherit-color wpb_content_element  vc_custom_1623108868219\" >\n\t\t<div class=\"wpb_wrapper\">\n\t\t\t<p><strong>\u00c7e\u015fitli elektromanyetik uygulamalarda (IGBT\u2019ler, izler, konekt\u00f6rler, baralar ve kablolar) RLCG parametrelerinin \u00e7\u0131kar\u0131m\u0131na olanak sa\u011flar <\/strong><\/p>\n<p><strong>Dokunmatik ekran ve IC paketleme uygulamalar\u0131nda yayg\u0131n olarak kullan\u0131l\u0131r.<\/strong><\/p>\n<p><strong>\u00d6zellikler:<\/strong><\/p>\n<ul>\n<li>RLCG parametrelerinin h\u0131zl\u0131 3D \u00e7\u0131kar\u0131m\u0131<\/li>\n<li>IBIS Paket Model \u00c7\u0131kar\u0131m\u0131<\/li>\n<li>E\u015fde\u011fer Devre Modeli Olu\u015fturma<\/li>\n<li>Dokunmatik Paneller<\/li>\n<li>G\u00fc\u00e7 Elektroni\u011fi<\/li>\n<li>IGBT\u2019ler<\/li>\n<\/ul>\n\n\t\t<\/div>\n\t<\/div>\n<\/div><\/div><\/div><div class=\"wpb_column wpb_animate_when_almost_visible wpb_fadeInRight fadeInRight vc_column_container vc_col-sm-6\"><div class=\"vc_column-inner\"><div class=\"wpb_wrapper\">\n\t<div  class=\"wpb_single_image wpb_content_element vc_align_\">\n\t\t\n\t\t<figure class=\"wpb_wrapper vc_figure\">\n\t\t\t<div class=\"vc_single_image-wrapper wpex-image-hover opacity-invert vc_box_shadow  vc_box_border_grey\"><img loading=\"lazy\" decoding=\"async\" class=\"vc_single_image-img\" src=\"https:\/\/www.tempatech.com\/wp-content\/uploads\/2021\/06\/ANSYS-Q3D-Extractor.jpg\" width=\"600\" height=\"300\" alt=\"ANSYS Q3D Extractor\" title=\"ANSYS Q3D Extractor\" \/><\/div>\n\t\t<\/figure>\n\t<\/div>\n<\/div><\/div><\/div><\/div><\/div>","protected":false},"excerpt":{"rendered":"Electronics Electromagnetic, Signal Integrity, Thermal, and Electro-Mechanical Simulation Solutions Contact us to get a product license ANSYS Maxwell A low frequency electromagnetic FEA tool for simulating electromechanical and low frequency electromagnetic performance in motors, transformers, sensors, permanent-magnet devices and more Maxwell Solvers: Magnetic Transient with rigid motion AC Electromagnetic Magnetostatic Electrostatic DC Conduction Electric Transient&hellip;","protected":false},"author":1,"featured_media":0,"parent":1794,"menu_order":0,"comment_status":"closed","ping_status":"closed","template":"","meta":{"footnotes":""},"_links":{"self":[{"href":"https:\/\/www.tempatech.com\/tr\/wp-json\/wp\/v2\/pages\/1759"}],"collection":[{"href":"https:\/\/www.tempatech.com\/tr\/wp-json\/wp\/v2\/pages"}],"about":[{"href":"https:\/\/www.tempatech.com\/tr\/wp-json\/wp\/v2\/types\/page"}],"author":[{"embeddable":true,"href":"https:\/\/www.tempatech.com\/tr\/wp-json\/wp\/v2\/users\/1"}],"replies":[{"embeddable":true,"href":"https:\/\/www.tempatech.com\/tr\/wp-json\/wp\/v2\/comments?post=1759"}],"version-history":[{"count":5,"href":"https:\/\/www.tempatech.com\/tr\/wp-json\/wp\/v2\/pages\/1759\/revisions"}],"predecessor-version":[{"id":1887,"href":"https:\/\/www.tempatech.com\/tr\/wp-json\/wp\/v2\/pages\/1759\/revisions\/1887"}],"up":[{"embeddable":true,"href":"https:\/\/www.tempatech.com\/tr\/wp-json\/wp\/v2\/pages\/1794"}],"wp:attachment":[{"href":"https:\/\/www.tempatech.com\/tr\/wp-json\/wp\/v2\/media?parent=1759"}],"curies":[{"name":"wp","href":"https:\/\/api.w.org\/{rel}","templated":true}]}}