{"id":1781,"date":"2021-06-08T03:19:17","date_gmt":"2021-06-08T00:19:17","guid":{"rendered":"https:\/\/www.tempatech.com\/?page_id=1781"},"modified":"2021-06-08T09:16:00","modified_gmt":"2021-06-08T06:16:00","slug":"optics","status":"publish","type":"page","link":"https:\/\/www.tempatech.com\/tr\/softwares\/ansys\/optics\/","title":{"rendered":"ANSYS \/ Optik"},"content":{"rendered":"<div data-vc-full-width=\"true\" data-vc-full-width-init=\"false\" class=\"vc_section wpb_animate_when_almost_visible wpb_appear appear vc_custom_1623111419132 wpex-vc_section-has-fill wpex-vc-row-stretched\"><div class=\"vc_row wpb_row vc_row-fluid vc_custom_1623056521764\"><div class=\"wpb_column wpb_animate_when_almost_visible wpb_fadeInUp fadeInUp vc_column_container vc_col-sm-4\"><div class=\"vc_column-inner\"><div class=\"wpb_wrapper\"><h3 style=\"font-size: 30px;color: #ffb71b;text-align: left;font-family:Montserrat;font-weight:700;font-style:normal\" class=\"vc_custom_heading vc_custom_1623111384865\" >Optik ve Sanal Ger\u00e7eklik<br \/>\n<\/h3>\n\t<div style=\"color:#ffffff;font-family:Montserrat;font-style:italic;\" class=\"wpb_text_column has-custom-color wpex-child-inherit-color wpb_content_element\" >\n\t\t<div class=\"wpb_wrapper\">\n\t\t\t<div class=\"hero\">\n<div class=\"hero hero--medium-full-width-image full-width-container\">\n<div class=\"hero__item\">\n<div class=\"bs-container\">\n<div class=\"hero__content\">\n<div>\n<p><span style=\"font-size: 14px;\">Optik Sistem Sim\u00fclasyon Yaz\u0131l\u0131m\u0131<\/span><\/p>\n<\/div>\n<\/div>\n<\/div>\n<\/div>\n<\/div>\n<\/div>\n<div class=\"containerwithbackground\">\n<div class=\"ansys-container bg-white responsivegrid\">\n<div class=\"columncontrolcontainer\">\n<div class=\"bs-container\">\n<div class=\"row align-items-center\">\n<div class=\"col-md-7\">\n<div class=\"text\">\n<p id=\"text-d9e2ae111f\" class=\"cmp-text rte dark-theme\">\n<\/div>\n<\/div>\n<\/div>\n<\/div>\n<\/div>\n<\/div>\n<\/div>\n\n\t\t<\/div>\n\t<\/div>\n<div class=\"vc_custom_1623060803952 wpex-clr\"><a href=\"https:\/\/www.tempatech.com\/tr\/contact\/\" class=\"vcex-button theme-button inline\" style=\"background:#ffb71b;font-family:Montserrat;\" data-wpex-hover='{&quot;background&quot;:&quot;#ffffff&quot;,&quot;color&quot;:&quot;#0a0a0a&quot;}'><span class=\"theme-button-inner\">Bu \u00fcr\u00fcnlerin lisanslar\u0131 i\u00e7in bizimle ileti\u015fime ge\u00e7in!<span class=\"vcex-icon-wrap theme-button-icon-right\"><span class=\"ticon ticon-telegram\" aria-hidden=\"true\"><\/span><\/span><\/span><\/a><\/div> <\/div><\/div><\/div><\/div><\/div><div class=\"vc_row-full-width vc_clearfix\"><\/div><div data-vc-full-width=\"true\" data-vc-full-width-init=\"false\" class=\"vc_section wpb_animate_when_almost_visible wpb_appear appear vc_custom_1623062926445 wpex-vc_section-has-fill wpex-vc-row-stretched\"><\/div><div class=\"vc_row-full-width vc_clearfix\"><\/div><div id=\"DiscoverySpaceClaim\" data-vc-full-width=\"true\" data-vc-full-width-init=\"false\" class=\"vc_section wpb_animate_when_almost_visible wpb_fadeInUp fadeInUp vc_custom_1623110675891 vc_section-o-content-middle vc_section-flex wpex-vc_section-has-fill wpex-vc-row-stretched\" data-ls_id=\"#DiscoverySpaceClaim\"><div class=\"vc_row wpb_row vc_row-fluid vc_row-o-content-middle vc_row-flex\"><div class=\"wpb_column wpb_animate_when_almost_visible wpb_fadeInLeft fadeInLeft vc_column_container vc_col-sm-6\"><div class=\"vc_column-inner vc_custom_1623062358090\"><div class=\"wpb_wrapper\">\n\t<div  class=\"wpb_single_image wpb_content_element vc_align_\">\n\t\t\n\t\t<figure class=\"wpb_wrapper vc_figure\">\n\t\t\t<div class=\"vc_single_image-wrapper wpex-image-hover fade-in vc_box_shadow  vc_box_border_grey\"><img loading=\"lazy\" decoding=\"async\" class=\"vc_single_image-img\" src=\"https:\/\/www.tempatech.com\/wp-content\/uploads\/2021\/06\/ANSYS-Optis.png\" width=\"600\" height=\"300\" alt=\"ANSYS Optis\" title=\"ANSYS Optis\" \/><\/div>\n\t\t<\/figure>\n\t<\/div>\n<\/div><\/div><\/div><div class=\"wpb_column wpb_animate_when_almost_visible wpb_fadeInRight fadeInRight vc_column_container vc_col-sm-6\"><div class=\"vc_column-inner\"><div class=\"wpb_wrapper\">\n\t<div class=\"wpb_text_column wpb_content_element  vc_custom_1623111473807\" >\n\t\t<div class=\"wpb_wrapper\">\n\t\t\t<p><span style=\"font-size: 18px;\"><strong><span style=\"font-family: Montserrat;\"><span style=\"color: #ffffff;\">ANSYS<\/span> <span style=\"color: #fdc649; font-size: 24px;\">Optis<\/span><\/span><\/strong><\/span><\/p>\n\n\t\t<\/div>\n\t<\/div>\n\n\t<div style=\"color:#ffffff;font-family:Montserrat;\" class=\"wpb_text_column has-custom-color wpex-child-inherit-color wpb_content_element  vc_custom_1623111491592\" >\n\t\t<div class=\"wpb_wrapper\">\n\t\t\t<ul>\n<li><span style=\"color: #ffffff;\"><strong>Lidar, kameralar ve radar dahil t\u00fcm sens\u00f6rlerin sim\u00fclasyonu, fiziksel ve elektronik bile\u015fenlerin \u00e7oklu fizik sim\u00fclasyonu, sistemlerin i\u015flevsel g\u00fcvenli\u011finin analizi ve g\u00fcvenlik sertifikal\u0131 g\u00f6m\u00fcl\u00fc yaz\u0131l\u0131m\u0131n otomatik olarak geli\u015ftirilmesi a\u015famalar\u0131nda kullan\u0131l\u0131r.\u2022Lidar, kameralar ve radar dahil b\u00fct\u00fcn sens\u00f6rlerin sim\u00fclasyonlar\u0131, fiziksel ve elektronik bile\u015fenlerin \u00e7oklu fizik sim\u00fclasyonlar\u0131, sistemlerin fonksiyonel g\u00fcvenli\u011finin analizi ve bunlar\u0131n yan\u0131 s\u0131ra g\u00fcvenlik sertifikal\u0131 g\u00f6m\u00fcl\u00fc yaz\u0131l\u0131m\u0131n otomatik olarak geli\u015ftirilmesi s\u00fcre\u00e7lerinde yan\u0131n\u0131zda.<\/strong><\/span><\/li>\n<li><span style=\"color: #ffffff;\">S\u00fcr\u00fc\u015f senaryolar\u0131n\u0131 detayl\u0131 fiziki \u015fartlarda sim\u00fcle edin,<\/span><\/li>\n<li><span style=\"color: #ffffff;\">Kontrol algoritmalar\u0131n\u0131, sens\u00f6r do\u011frulu\u011funu ve ara\u00e7 dinamiklerini sanal olarak test edin,<\/span><\/li>\n<li><span style=\"color: #ffffff;\">Sim\u00fclasyon yoluyla g\u00fcvenlik varsay\u0131mlar\u0131n\u0131 do\u011frulay\u0131n,<\/span><\/li>\n<li><span style=\"color: #ffffff;\">Binlerce s\u00fcr\u00fc\u015f senaryosunun sanal olarak \u00e7al\u0131\u015ft\u0131r\u0131lmas\u0131n\u0131 sa\u011flayan, hava ve trafik sim\u00fclat\u00f6rleriyle etkile\u015fime ge\u00e7en bir kapal\u0131-d\u00f6ng\u00fc sim\u00fclasyon ortam\u0131na entegre olun.<\/span><\/li>\n<\/ul>\n\n\t\t<\/div>\n\t<\/div>\n<\/div><\/div><\/div><\/div><\/div><div class=\"vc_row-full-width vc_clearfix\"><\/div>","protected":false},"excerpt":{"rendered":"Optics &amp; Virtual Reality Optical System Simulation Software Contact us to get a product license ANSYS Optis Simulation of all sensors, including lidar, cameras and radar, the multiphysicssimulation of physical and electronic components, analysis of systems functional safety, as well as the automated development of safety-certified embedded software Simulate driving scenarios with detailed physics Virtually&hellip;","protected":false},"author":1,"featured_media":0,"parent":1794,"menu_order":0,"comment_status":"closed","ping_status":"closed","template":"","meta":{"footnotes":""},"_links":{"self":[{"href":"https:\/\/www.tempatech.com\/tr\/wp-json\/wp\/v2\/pages\/1781"}],"collection":[{"href":"https:\/\/www.tempatech.com\/tr\/wp-json\/wp\/v2\/pages"}],"about":[{"href":"https:\/\/www.tempatech.com\/tr\/wp-json\/wp\/v2\/types\/page"}],"author":[{"embeddable":true,"href":"https:\/\/www.tempatech.com\/tr\/wp-json\/wp\/v2\/users\/1"}],"replies":[{"embeddable":true,"href":"https:\/\/www.tempatech.com\/tr\/wp-json\/wp\/v2\/comments?post=1781"}],"version-history":[{"count":2,"href":"https:\/\/www.tempatech.com\/tr\/wp-json\/wp\/v2\/pages\/1781\/revisions"}],"predecessor-version":[{"id":1784,"href":"https:\/\/www.tempatech.com\/tr\/wp-json\/wp\/v2\/pages\/1781\/revisions\/1784"}],"up":[{"embeddable":true,"href":"https:\/\/www.tempatech.com\/tr\/wp-json\/wp\/v2\/pages\/1794"}],"wp:attachment":[{"href":"https:\/\/www.tempatech.com\/tr\/wp-json\/wp\/v2\/media?parent=1781"}],"curies":[{"name":"wp","href":"https:\/\/api.w.org\/{rel}","templated":true}]}}