{"id":1785,"date":"2021-06-08T03:26:08","date_gmt":"2021-06-08T00:26:08","guid":{"rendered":"https:\/\/www.tempatech.com\/?page_id=1785"},"modified":"2021-06-10T02:43:57","modified_gmt":"2021-06-09T23:43:57","slug":"systems","status":"publish","type":"page","link":"https:\/\/www.tempatech.com\/tr\/softwares\/ansys\/systems\/","title":{"rendered":"ANSYS \/ Sistemler"},"content":{"rendered":"<div data-vc-full-width=\"true\" data-vc-full-width-init=\"false\" class=\"vc_section wpb_animate_when_almost_visible wpb_appear appear vc_custom_1623111719522 wpex-vc_section-has-fill wpex-vc-row-stretched\"><div class=\"vc_row wpb_row vc_row-fluid vc_custom_1623056521764\"><div class=\"wpb_column wpb_animate_when_almost_visible wpb_fadeInUp fadeInUp vc_column_container vc_col-sm-2\/5\"><div class=\"vc_column-inner\"><div class=\"wpb_wrapper\"><h3 style=\"font-size: 40px;color: #ffb71b;text-align: left;font-family:Montserrat;font-weight:700;font-style:normal\" class=\"vc_custom_heading vc_custom_1623111695219\" >Sistemler<\/h3>\n\t<div style=\"color:#ffffff;font-family:Montserrat;font-style:italic;\" class=\"wpb_text_column has-custom-color wpex-child-inherit-color wpb_content_element\" >\n\t\t<div class=\"wpb_wrapper\">\n\t\t\t<div class=\"hero\">\n<div class=\"hero hero--medium-full-width-image full-width-container\">\n<div class=\"hero__item\">\n<div class=\"bs-container\">\n<div class=\"hero__content\">\n<div class=\"hero\">\n<div class=\"hero hero--medium-full-width-image full-width-container\">\n<div class=\"hero__item\">\n<div class=\"bs-container\">\n<div class=\"hero__content\">\n<p><span style=\"font-size: 14px;\">Elektronik Sistemler i\u00e7in G\u00fcvenlik<\/span><\/div>\n<\/div>\n<\/div>\n<\/div>\n<\/div>\n<div class=\"containerwithbackground\">\n<div class=\"ansys-container bg-white responsivegrid\">\n<div class=\"columncontrolcontainer\">\n<div class=\"bs-container\">\n<div class=\"row align-items-center\">\n<div class=\"col-md-7\">\n<div class=\"text\">\n<p id=\"text-16ce191981\" class=\"cmp-text rte dark-theme\">\n<\/div>\n<\/div>\n<\/div>\n<\/div>\n<\/div>\n<\/div>\n<\/div>\n<\/div>\n<\/div>\n<\/div>\n<\/div>\n<\/div>\n\n\t\t<\/div>\n\t<\/div>\n<div class=\"vc_custom_1623060803952 wpex-clr\"><a href=\"https:\/\/www.tempatech.com\/tr\/contact\/\" class=\"vcex-button theme-button inline\" style=\"background:#ffb71b;font-family:Montserrat;\" data-wpex-hover='{&quot;background&quot;:&quot;#ffffff&quot;,&quot;color&quot;:&quot;#0a0a0a&quot;}'><span class=\"theme-button-inner\">Bu \u00fcr\u00fcnlerin lisanslar\u0131 i\u00e7in bizimle ileti\u015fime ge\u00e7in!<span class=\"vcex-icon-wrap theme-button-icon-right\"><span class=\"ticon ticon-telegram\" aria-hidden=\"true\"><\/span><\/span><\/span><\/a><\/div> <\/div><\/div><\/div><\/div><\/div><div class=\"vc_row-full-width vc_clearfix\"><\/div><div data-vc-full-width=\"true\" data-vc-full-width-init=\"false\" class=\"vc_section wpb_animate_when_almost_visible wpb_appear appear vc_custom_1623062926445 wpex-vc_section-has-fill wpex-vc-row-stretched\"><\/div><div class=\"vc_row-full-width vc_clearfix\"><\/div><div id=\"TwinBuilder\" class=\"vc_section wpb_animate_when_almost_visible wpb_fadeInUp fadeInUp vc_custom_1623111857811\" data-ls_id=\"#TwinBuilder\"><div class=\"vc_row wpb_row vc_row-fluid vc_row-o-content-middle vc_row-flex\"><div class=\"wpb_column wpb_animate_when_almost_visible wpb_fadeInLeft fadeInLeft vc_column_container vc_col-sm-6\"><div class=\"vc_column-inner\"><div class=\"wpb_wrapper\">\n\t<div  class=\"wpb_single_image wpb_content_element vc_align_\">\n\t\t\n\t\t<figure class=\"wpb_wrapper vc_figure\">\n\t\t\t<div class=\"vc_single_image-wrapper wpex-image-hover opacity-invert vc_box_shadow  vc_box_border_grey\"><img loading=\"lazy\" decoding=\"async\" class=\"vc_single_image-img\" src=\"https:\/\/www.tempatech.com\/wp-content\/uploads\/2021\/06\/ANSYS-Twin-Builder.jpg\" width=\"600\" height=\"300\" alt=\"ANSYS Twin Builder\" title=\"ANSYS Twin Builder\" \/><\/div>\n\t\t<\/figure>\n\t<\/div>\n<\/div><\/div><\/div><div class=\"wpb_column wpb_animate_when_almost_visible wpb_fadeInRight fadeInRight vc_column_container vc_col-sm-6\"><div class=\"vc_column-inner\"><div class=\"wpb_wrapper\">\n\t<div class=\"wpb_text_column wpb_content_element  vc_custom_1623111773700\" >\n\t\t<div class=\"wpb_wrapper\">\n\t\t\t<p><span style=\"font-size: 18px;\"><strong><span style=\"font-family: Montserrat;\"><span style=\"color: #000000;\">ANSYS <\/span><span style=\"color: #000000;\"><span style=\"color: #ffb71b;\">Twin Builder<\/span><\/span><\/span><\/strong><\/span><\/p>\n\n\t\t<\/div>\n\t<\/div>\n\n\t<div style=\"color:#000000;font-family:Montserrat;\" class=\"wpb_text_column has-custom-color wpex-child-inherit-color wpb_content_element  vc_custom_1623282218803\" >\n\t\t<div class=\"wpb_wrapper\">\n\t\t\t<p><strong>Dijital ikizler olu\u015fturun, do\u011frulay\u0131n ve devreye sokun,<\/strong><\/p>\n<ul>\n<li>\u00c7ok alanl\u0131 sistem modelleyicinin g\u00fcc\u00fcn\u00fc, kapsaml\u0131 0D uygulamaya \u00f6zel kitapl\u0131klar, 3D fizik \u00e7\u00f6z\u00fcc\u00fcler ve azalt\u0131lm\u0131\u015f s\u0131ral\u0131 model (ROM) yetenekleriyle birle\u015ftirir,<\/li>\n<li>Sistem do\u011frulamas\u0131 ve beklenen performans\u0131n sa\u011fland\u0131\u011f\u0131n\u0131 g\u00fcvence alt\u0131na almak i\u00e7in \u00e7ok alanl\u0131 sistem sim\u00fclasyon yeteneklerini h\u0131zl\u0131 insan-makine aray\u00fcz\u00fc (HMI) prototipleme, sistem optimizasyonu ve XiLvalidation ara\u00e7lar\u0131yla birle\u015ftirir,<\/li>\n<li>End\u00fcstriyel nesnelerin interneti (IIoT) platformlar\u0131yla kolayca entegre olur ve ikizi teste veya ger\u00e7ek zamanl\u0131 verilere ba\u011flamak i\u00e7in \u00e7al\u0131\u015fma zaman\u0131 da\u011f\u0131t\u0131m se\u00e7eneklerini i\u00e7erir.<\/li>\n<\/ul>\n\n\t\t<\/div>\n\t<\/div>\n<\/div><\/div><\/div><\/div><\/div><div id=\"medinianalyze\" data-vc-full-width=\"true\" data-vc-full-width-init=\"false\" class=\"vc_section wpb_animate_when_almost_visible wpb_fadeInLeft fadeInLeft vc_custom_1623111843908 wpex-vc_section-has-fill wpex-vc-row-stretched\" data-ls_id=\"#medinianalyze\"><\/div><div class=\"vc_row-full-width vc_clearfix\"><\/div><div id=\"RedHawk\" data-vc-full-width=\"true\" data-vc-full-width-init=\"false\" class=\"vc_section wpb_animate_when_almost_visible wpb_fadeInUp fadeInUp vc_custom_1623110431568 vc_section-o-content-middle vc_section-flex wpex-vc_section-has-fill wpex-vc-row-stretched\" data-ls_id=\"#RedHawk\"><div class=\"vc_row wpb_row vc_row-fluid vc_row-o-content-middle vc_row-flex\"><div class=\"wpb_column wpb_animate_when_almost_visible wpb_fadeInLeft fadeInLeft vc_column_container vc_col-sm-6\"><div class=\"vc_column-inner vc_custom_1623062358090\"><div class=\"wpb_wrapper\">\n\t<div class=\"wpb_text_column wpb_content_element  vc_custom_1623111829432\" >\n\t\t<div class=\"wpb_wrapper\">\n\t\t\t<p><span style=\"font-size: 18px;\"><strong><span style=\"font-family: Montserrat;\"><span style=\"color: #ffffff;\">ANSYS<\/span> <span style=\"color: #ffb71b; font-size: 24px;\">medini analyze<\/span><\/span><\/strong><\/span><\/p>\n\n\t\t<\/div>\n\t<\/div>\n\n\t<div style=\"color:#ffffff;font-family:Montserrat;\" class=\"wpb_text_column has-custom-color wpex-child-inherit-color wpb_content_element  vc_custom_1623282231918\" >\n\t\t<div class=\"wpb_wrapper\">\n\t\t\t<p><strong>Temel g\u00fcvenlik analiz y\u00f6ntemlerinin (HAZOP, FTA, FMEA, FMEDA) uygulanmas\u0131 i\u00e7in tek bir entegre ara\u00e7,<\/strong><\/p>\n<ul>\n<li>Ge\u00e7erli g\u00fcvenlik standartlar\u0131n\u0131n gerektirdi\u011fi g\u00fcvenlikle ilgili faaliyetlerin verimli ve tutarl\u0131 bir \u015fekilde y\u00fcr\u00fct\u00fclmesini destek olur,<\/li>\n<li>SysML gibi standartlardan faydalanarak tasar\u0131m modellerine dayal\u0131 g\u00fcvenlik analizi sa\u011flayan di\u011fer m\u00fchendislik ara\u00e7lar\u0131yla entegre olur,<\/li>\n<li>G\u00fcvenlik a\u00e7\u0131s\u0131ndan kritik E\/E ve SW kontroll\u00fc geli\u015ftirme i\u00e7in kullan\u0131l\u0131r,<\/li>\n<li>Alana \u00f6zel ISO 26262, IEC 61508 ve ARP4761 standartlar\u0131na uygun olarak uyarlanm\u0131\u015ft\u0131r.<\/li>\n<\/ul>\n<p>Uygulama kapsam\u0131, erken kavramsal a\u015famadan \u00fcr\u00fcn geli\u015ftirmekten ve yar\u0131 iletken seviyesinde ayr\u0131nt\u0131l\u0131 analize kadar uzan\u0131r.<\/p>\n\n\t\t<\/div>\n\t<\/div>\n<\/div><\/div><\/div><div class=\"wpb_column wpb_animate_when_almost_visible wpb_fadeInRight fadeInRight vc_column_container vc_col-sm-6\"><div class=\"vc_column-inner\"><div class=\"wpb_wrapper\">\n\t<div  class=\"wpb_single_image wpb_content_element vc_align_\">\n\t\t\n\t\t<figure class=\"wpb_wrapper vc_figure\">\n\t\t\t<div class=\"vc_single_image-wrapper wpex-image-hover opacity-invert vc_box_shadow  vc_box_border_grey\"><img loading=\"lazy\" decoding=\"async\" class=\"vc_single_image-img\" src=\"https:\/\/www.tempatech.com\/wp-content\/uploads\/2021\/06\/ANSYS-medini-analyze.png\" width=\"600\" height=\"300\" alt=\"ANSYS medini analyze\" title=\"ANSYS medini analyze\" \/><\/div>\n\t\t<\/figure>\n\t<\/div>\n<\/div><\/div><\/div><\/div><\/div><div class=\"vc_row-full-width vc_clearfix\"><\/div>","protected":false},"excerpt":{"rendered":"Systems Safety &amp; Security for Electronic Systems Contact us to get a product license ANSYS Twin Builder Build, validate and deploy digital twins Combines the power of a multidomain systems modeler with extensive 0D application-specific libraries, 3D physics solvers and reduced-order model (ROM) capabilities Combines multidomain systems simulation capabilities with rapid human-machine interface (HMI) prototyping,&hellip;","protected":false},"author":1,"featured_media":0,"parent":1794,"menu_order":0,"comment_status":"closed","ping_status":"closed","template":"","meta":{"footnotes":""},"_links":{"self":[{"href":"https:\/\/www.tempatech.com\/tr\/wp-json\/wp\/v2\/pages\/1785"}],"collection":[{"href":"https:\/\/www.tempatech.com\/tr\/wp-json\/wp\/v2\/pages"}],"about":[{"href":"https:\/\/www.tempatech.com\/tr\/wp-json\/wp\/v2\/types\/page"}],"author":[{"embeddable":true,"href":"https:\/\/www.tempatech.com\/tr\/wp-json\/wp\/v2\/users\/1"}],"replies":[{"embeddable":true,"href":"https:\/\/www.tempatech.com\/tr\/wp-json\/wp\/v2\/comments?post=1785"}],"version-history":[{"count":3,"href":"https:\/\/www.tempatech.com\/tr\/wp-json\/wp\/v2\/pages\/1785\/revisions"}],"predecessor-version":[{"id":1890,"href":"https:\/\/www.tempatech.com\/tr\/wp-json\/wp\/v2\/pages\/1785\/revisions\/1890"}],"up":[{"embeddable":true,"href":"https:\/\/www.tempatech.com\/tr\/wp-json\/wp\/v2\/pages\/1794"}],"wp:attachment":[{"href":"https:\/\/www.tempatech.com\/tr\/wp-json\/wp\/v2\/media?parent=1785"}],"curies":[{"name":"wp","href":"https:\/\/api.w.org\/{rel}","templated":true}]}}