{"id":1790,"date":"2021-06-08T03:31:00","date_gmt":"2021-06-08T00:31:00","guid":{"rendered":"https:\/\/www.tempatech.com\/?page_id=1790"},"modified":"2021-06-10T02:48:04","modified_gmt":"2021-06-09T23:48:04","slug":"platform","status":"publish","type":"page","link":"https:\/\/www.tempatech.com\/tr\/softwares\/ansys\/platform\/","title":{"rendered":"ANSYS \/ Platform \u00c7\u00f6z\u00fcmleri"},"content":{"rendered":"<div data-vc-full-width=\"true\" data-vc-full-width-init=\"false\" class=\"vc_section wpb_animate_when_almost_visible wpb_appear appear vc_custom_1623112234246 wpex-vc_section-has-fill wpex-vc-row-stretched\"><div class=\"vc_row wpb_row vc_row-fluid vc_custom_1623056521764\"><div class=\"wpb_column wpb_animate_when_almost_visible wpb_fadeInUp fadeInUp vc_column_container vc_col-sm-4\"><div class=\"vc_column-inner\"><div class=\"wpb_wrapper\"><h3 style=\"font-size: 30px;color: #ffb71b;text-align: left;font-family:Montserrat;font-weight:700;font-style:normal\" class=\"vc_custom_heading vc_custom_1623112116346\" >Platform<\/h3>\n\t<div style=\"color:#ffffff;font-family:Montserrat;font-style:italic;\" class=\"wpb_text_column has-custom-color wpex-child-inherit-color wpb_content_element\" >\n\t\t<div class=\"wpb_wrapper\">\n\t\t\t<div class=\"hero\">\n<div class=\"hero hero--medium-full-width-image full-width-container\">\n<div class=\"hero__item\">\n<div class=\"bs-container\">\n<div class=\"hero__content\">\n<div>\n<div class=\"hero\">\n<div class=\"hero hero--medium-full-width-image full-width-container\">\n<div class=\"hero__item\">\n<div class=\"bs-container\">\n<div class=\"hero__content\">\n<div>\n<p><span style=\"font-size: 14px;\">Sim\u00fclasyonlar\u0131n\u0131z\u0131 Destekleyin, Optimize Edin, Y\u00f6netin ve \u00d6l\u00e7eklendirin<\/span><\/div>\n<\/div>\n<\/div>\n<\/div>\n<\/div>\n<\/div>\n<div class=\"containerwithbackground\">\n<div class=\"ansys-container bg-white responsivegrid\">\n<div class=\"columncontrolcontainer\">\n<div class=\"bs-container\">\n<div class=\"row align-items-center\">\n<div class=\"col-md-7\">\n<div class=\"text\">\n<p id=\"text-6d4f53aa21\" class=\"cmp-text rte\">\n<\/div>\n<\/div>\n<\/div>\n<\/div>\n<\/div>\n<\/div>\n<\/div>\n<\/div>\n<\/div>\n<\/div>\n<\/div>\n<\/div>\n<\/div>\n\n\t\t<\/div>\n\t<\/div>\n<div class=\"vc_custom_1623060803952 wpex-clr\"><a href=\"https:\/\/www.tempatech.com\/tr\/contact\/\" class=\"vcex-button theme-button inline\" style=\"background:#ffb71b;font-family:Montserrat;\" data-wpex-hover='{&quot;background&quot;:&quot;#ffffff&quot;,&quot;color&quot;:&quot;#0a0a0a&quot;}'><span class=\"theme-button-inner\">Bu \u00fcr\u00fcnlerin lisanslar\u0131 i\u00e7in bizimle ileti\u015fime ge\u00e7in!<span class=\"vcex-icon-wrap theme-button-icon-right\"><span class=\"ticon ticon-telegram\" aria-hidden=\"true\"><\/span><\/span><\/span><\/a><\/div> <\/div><\/div><\/div><\/div><\/div><div class=\"vc_row-full-width vc_clearfix\"><\/div><div data-vc-full-width=\"true\" data-vc-full-width-init=\"false\" class=\"vc_section wpb_animate_when_almost_visible wpb_appear appear vc_custom_1623062926445 wpex-vc_section-has-fill wpex-vc-row-stretched\"><\/div><div class=\"vc_row-full-width vc_clearfix\"><\/div><div id=\"Cloud\" data-vc-full-width=\"true\" data-vc-full-width-init=\"false\" class=\"vc_section wpb_animate_when_almost_visible wpb_fadeInUp fadeInUp vc_custom_1623112219774 vc_section-o-content-middle vc_section-flex wpex-vc_section-has-fill wpex-vc-row-stretched\" data-ls_id=\"#Cloud\"><div class=\"vc_row wpb_row vc_row-fluid vc_row-o-content-middle vc_row-flex\"><div class=\"wpb_column wpb_animate_when_almost_visible wpb_fadeInLeft fadeInLeft vc_column_container vc_col-sm-6\"><div class=\"vc_column-inner vc_custom_1623062358090\"><div class=\"wpb_wrapper\">\n\t<div  class=\"wpb_single_image wpb_content_element vc_align_\">\n\t\t\n\t\t<figure class=\"wpb_wrapper vc_figure\">\n\t\t\t<div class=\"vc_single_image-wrapper wpex-image-hover fade-in vc_box_shadow  vc_box_border_grey\"><img loading=\"lazy\" decoding=\"async\" class=\"vc_single_image-img\" src=\"https:\/\/www.tempatech.com\/wp-content\/uploads\/2021\/06\/ANSYS-Cloud.png\" width=\"600\" height=\"300\" alt=\"ANSYS Cloud\" title=\"ANSYS Cloud\" \/><\/div>\n\t\t<\/figure>\n\t<\/div>\n<\/div><\/div><\/div><div class=\"wpb_column wpb_animate_when_almost_visible wpb_fadeInRight fadeInRight vc_column_container vc_col-sm-6\"><div class=\"vc_column-inner\"><div class=\"wpb_wrapper\">\n\t<div class=\"wpb_text_column wpb_content_element  vc_custom_1623112104587\" >\n\t\t<div class=\"wpb_wrapper\">\n\t\t\t<p><span style=\"font-size: 18px;\"><strong><span style=\"font-family: Montserrat;\"><span style=\"color: #ffffff;\">ANSYS<\/span><span style=\"font-size: 18px;\">\u00a0<\/span><span style=\"color: #fdc649;\"><span style=\"font-size: 24px;\">Cloud<\/span><\/span><\/span><\/strong><\/span><\/p>\n\n\t\t<\/div>\n\t<\/div>\n\n\t<div style=\"color:#ffffff;font-family:Montserrat;\" class=\"wpb_text_column has-custom-color wpex-child-inherit-color wpb_content_element  vc_custom_1623282478683\" >\n\t\t<div class=\"wpb_wrapper\">\n\t\t\t<p><span style=\"color: #ffffff;\"><strong>ANSYS Cloud, do\u011frudan ANSYS uygulamalar\u0131ndan iste\u011fe ba\u011fl\u0131 olarak HPC'ye kolay eri\u015fim sa\u011flar,<\/strong><\/span><\/p>\n<ul>\n<li style=\"list-style-type: none;\">\n<ul>\n<li><span style=\"color: #ffffff;\">Verilerin son derece g\u00fcvenli ve korumal\u0131 kald\u0131\u011f\u0131 Microsoft Azure \u00fczerine kurulmu\u015ftur,<\/span><\/li>\n<li><span style=\"color: #ffffff;\">En iyi performans-maliyet oran\u0131 i\u00e7in optimize edilmi\u015f, \u00f6nceden yap\u0131land\u0131r\u0131lm\u0131\u015f HPC kuyruklar\u0131 aras\u0131ndan se\u00e7im yapabilirsiniz,<\/span><\/li>\n<li><span style=\"color: #ffffff;\">Hem bulut donan\u0131m\u0131 hem de ANSYS yaz\u0131l\u0131m\u0131 i\u00e7in kulland\u0131k\u00e7a \u00f6de lisans modeli sa\u011flar,<\/span><\/li>\n<li><span style=\"color: #ffffff;\">Donan\u0131m ve yaz\u0131l\u0131m i\u00e7in tek sat\u0131c\u0131 \u00e7\u00f6z\u00fcm\u00fc, tedarik ve deste\u011fi kolayla\u015ft\u0131r\u0131r.<\/span><\/li>\n<\/ul>\n<\/li>\n<\/ul>\n<p><span style=\"color: #ffffff;\"><strong>ANSYS Cloud, a\u015fa\u011f\u0131daki ANSYS \u00e7\u00f6z\u00fcc\u00fclerini destekler:<\/strong><\/span><\/p>\n<ul>\n<li style=\"list-style-type: none;\">\n<ul>\n<li><span style=\"color: #ffffff;\">ANSYS Mechanical<\/span><\/li>\n<li><span style=\"color: #ffffff;\">ANSYS Fluent<\/span><\/li>\n<li><span style=\"color: #ffffff;\">ANSYS HFSS 3D<\/span><\/li>\n<li><span style=\"color: #ffffff;\">ANSYS 3D Layout<\/span><\/li>\n<li><span style=\"color: #ffffff;\">ANSYS Maxwell<\/span><\/li>\n<\/ul>\n<\/li>\n<\/ul>\n\n\t\t<\/div>\n\t<\/div>\n<\/div><\/div><\/div><\/div><\/div><div class=\"vc_row-full-width vc_clearfix\"><\/div>","protected":false},"excerpt":{"rendered":"Platform Feed, Optimize, Manage and Scale your simulations Contact us to get a product license ANSYS\u00a0Cloud ANSYS Cloud provides easy access to on-demand HPC directly from ANSYS applications Built on Microsoft Azure where data remains highly secure and protected Choose from pre-configured HPC queues optimized for the best performance-to-cost ratio Pay-per-use license model for both&hellip;","protected":false},"author":1,"featured_media":0,"parent":1794,"menu_order":0,"comment_status":"closed","ping_status":"closed","template":"","meta":{"footnotes":""},"_links":{"self":[{"href":"https:\/\/www.tempatech.com\/tr\/wp-json\/wp\/v2\/pages\/1790"}],"collection":[{"href":"https:\/\/www.tempatech.com\/tr\/wp-json\/wp\/v2\/pages"}],"about":[{"href":"https:\/\/www.tempatech.com\/tr\/wp-json\/wp\/v2\/types\/page"}],"author":[{"embeddable":true,"href":"https:\/\/www.tempatech.com\/tr\/wp-json\/wp\/v2\/users\/1"}],"replies":[{"embeddable":true,"href":"https:\/\/www.tempatech.com\/tr\/wp-json\/wp\/v2\/comments?post=1790"}],"version-history":[{"count":3,"href":"https:\/\/www.tempatech.com\/tr\/wp-json\/wp\/v2\/pages\/1790\/revisions"}],"predecessor-version":[{"id":1891,"href":"https:\/\/www.tempatech.com\/tr\/wp-json\/wp\/v2\/pages\/1790\/revisions\/1891"}],"up":[{"embeddable":true,"href":"https:\/\/www.tempatech.com\/tr\/wp-json\/wp\/v2\/pages\/1794"}],"wp:attachment":[{"href":"https:\/\/www.tempatech.com\/tr\/wp-json\/wp\/v2\/media?parent=1790"}],"curies":[{"name":"wp","href":"https:\/\/api.w.org\/{rel}","templated":true}]}}