{"id":21,"date":"2015-10-03T20:12:25","date_gmt":"2015-10-03T20:12:25","guid":{"rendered":"http:\/\/totaltheme.wpengine.com\/corporate\/?page_id=21"},"modified":"2023-07-08T14:24:37","modified_gmt":"2023-07-08T11:24:37","slug":"about","status":"publish","type":"page","link":"https:\/\/www.tempatech.com\/tr\/about\/","title":{"rendered":"Hakk\u0131m\u0131zda"},"content":{"rendered":"<div class=\"vc_row wpb_row vc_row-fluid\"><div class=\"wpb_column vc_column_container vc_col-sm-6\"><div class=\"vc_column-inner\"><div class=\"wpb_wrapper\">\n\t<div class=\"wpb_text_column wpb_content_element\" >\n\t\t<div class=\"wpb_wrapper\">\n\t\t\t<p style=\"text-align: justify;\">1992 y\u0131l\u0131nda kurulan Tempa M\u00fchendislik San. ve Tic. Ltd. \u015eti., savunma, havac\u0131l\u0131k, otomotiv, tar\u0131m, beyaz e\u015fya ve medikal sekt\u00f6rlerinde yer alan CAD \/ CAE faaliyetlerine y\u00f6nelik m\u00fchendislik dan\u0131\u015fmanl\u0131\u011f\u0131 yapmaktad\u0131r.<\/p>\n<p style=\"text-align: justify;\">Nitelikli m\u00fchendisler ve teknisyenler ile geni\u015f bir yaz\u0131l\u0131m ve donan\u0131m altyap\u0131s\u0131 \u00e7al\u0131\u015fma portf\u00f6y\u00fc ile; TEMPA M\u00fchendislik a\u015fa\u011f\u0131daki alanlara y\u00f6nelik hizmetler sunmaktad\u0131r:<\/p>\n<ul>\n<li style=\"text-align: justify;\">Sonlu Elemanlar Analizi<\/li>\n<li style=\"text-align: justify;\">Yap\u0131sal Tasar\u0131m ve Optimizasyon<\/li>\n<li style=\"text-align: justify;\">Mekanik Test<\/li>\n<li style=\"text-align: justify;\">Malzeme Karakterizasyonu<\/li>\n<li style=\"text-align: justify;\">Prototipleme<\/li>\n<\/ul>\n\n\t\t<\/div>\n\t<\/div>\n<div class=\"vc_separator wpb_content_element vc_separator_align_center vc_sep_width_100 vc_sep_pos_align_center vc_separator_no_text vc_sep_color_grey vc_custom_1688480476442  vc_custom_1688480476442\" ><span class=\"vc_sep_holder vc_sep_holder_l\"><span  class=\"vc_sep_line\"><\/span><\/span><span class=\"vc_sep_holder vc_sep_holder_r\"><span  class=\"vc_sep_line\"><\/span><\/span>\n<\/div><div class=\"vc_message_box vc_message_box-standard vc_message_box-rounded vc_color-pink\" ><div class=\"vc_message_box-icon\"><i class=\"far fa-file-alt\"><\/i><\/div><p><strong>KAL\u0130TE VE B\u0130LG\u0130 G\u00dcVENL\u0130\u011e\u0130 POL\u0130T\u0130KAMIZ<\/strong><\/p>\n<\/div><div class=\"vc-hoverbox-wrapper  vc_custom_1688815479624 vc-hoverbox-shape--rounded vc-hoverbox-align--left vc-hoverbox-direction--default vc-hoverbox-width--70\"  ontouchstart=\"\">\n  <div class=\"vc-hoverbox\">\n    <div class=\"vc-hoverbox-inner\">\n      <div class=\"vc-hoverbox-block vc-hoverbox-front\" style=\"background-image: url(https:\/\/www.tempatech.com\/wp-content\/uploads\/2023\/07\/F3R-852x1024.jpg);\">\n        <div class=\"vc-hoverbox-block-inner vc-hoverbox-front-inner\">\n            \n        <\/div>\n      <\/div>\n      <div class=\"vc-hoverbox-block vc-hoverbox-back\" style=\"background-color: #ebebeb;\">\n        <div class=\"vc-hoverbox-block-inner vc-hoverbox-back-inner\">\n            \n            \n            <div class=\"vc_btn3-container vc_btn3-inline\" ><a class=\"vc_general vc_btn3 vc_btn3-size-md vc_btn3-shape-rounded vc_btn3-style-classic vc_btn3-color-danger\" href=\"https:\/\/www.tempatech.com\/tr\/kys-bgys-politikasi\/\" title=\"\">KAL\u0130TE VE B\u0130LG\u0130 G\u00dcVENL\u0130\u011e\u0130 POL\u0130T\u0130KAMIZ<\/a><\/div>\n        <\/div>\n      <\/div>\n    <\/div>\n  <\/div>\n<\/div><\/div><\/div><\/div><div class=\"wpb_column vc_column_container vc_col-sm-6\"><div class=\"vc_column-inner\"><div class=\"wpb_wrapper\">\n\t<div  class=\"wpb_single_image wpb_content_element vc_align_\">\n\t\t\n\t\t<figure class=\"wpb_wrapper vc_figure\">\n\t\t\t<div class=\"vc_single_image-wrapper   vc_box_border_grey\"><img loading=\"lazy\" decoding=\"async\" width=\"622\" height=\"400\" src=\"https:\/\/www.tempatech.com\/wp-content\/uploads\/2021\/01\/about-622x400-1.png\" class=\"vc_single_image-img attachment-full\" alt=\"\" title=\"about-622x400\" srcset=\"https:\/\/www.tempatech.com\/wp-content\/uploads\/2021\/01\/about-622x400-1.png 622w, https:\/\/www.tempatech.com\/wp-content\/uploads\/2021\/01\/about-622x400-1-300x193.png 300w, https:\/\/www.tempatech.com\/wp-content\/uploads\/2021\/01\/about-622x400-1-16x10.png 16w\" sizes=\"(max-width: 622px) 100vw, 622px\" \/><\/div>\n\t\t<\/figure>\n\t<\/div>\n<\/div><\/div><\/div><\/div>","protected":false},"excerpt":{"rendered":"Founded in 1992, Tempa Engineering &amp; Commerce Inc. has been involved with\u00a0engineering consultancy directed towards CAD\/CAE activities that take place in defense, aerospace, automotive, agriculture, household appliances and medical industries. Operating with a broad portfolio of software and hardware infrastructure with highly skilled engineers and technicians; the company offers services directed towards the following fields:&hellip;","protected":false},"author":1,"featured_media":0,"parent":0,"menu_order":0,"comment_status":"closed","ping_status":"closed","template":"","meta":{"footnotes":""},"_links":{"self":[{"href":"https:\/\/www.tempatech.com\/tr\/wp-json\/wp\/v2\/pages\/21"}],"collection":[{"href":"https:\/\/www.tempatech.com\/tr\/wp-json\/wp\/v2\/pages"}],"about":[{"href":"https:\/\/www.tempatech.com\/tr\/wp-json\/wp\/v2\/types\/page"}],"author":[{"embeddable":true,"href":"https:\/\/www.tempatech.com\/tr\/wp-json\/wp\/v2\/users\/1"}],"replies":[{"embeddable":true,"href":"https:\/\/www.tempatech.com\/tr\/wp-json\/wp\/v2\/comments?post=21"}],"version-history":[{"count":20,"href":"https:\/\/www.tempatech.com\/tr\/wp-json\/wp\/v2\/pages\/21\/revisions"}],"predecessor-version":[{"id":3043,"href":"https:\/\/www.tempatech.com\/tr\/wp-json\/wp\/v2\/pages\/21\/revisions\/3043"}],"wp:attachment":[{"href":"https:\/\/www.tempatech.com\/tr\/wp-json\/wp\/v2\/media?parent=21"}],"curies":[{"name":"wp","href":"https:\/\/api.w.org\/{rel}","templated":true}]}}