{"id":2129,"date":"2021-09-22T07:21:53","date_gmt":"2021-09-22T04:21:53","guid":{"rendered":"https:\/\/www.tempatech.com\/?page_id=2129"},"modified":"2021-09-22T07:24:28","modified_gmt":"2021-09-22T04:24:28","slug":"srs-test-systems","status":"publish","type":"page","link":"https:\/\/www.tempatech.com\/tr\/test-measurement-systems\/cme\/srs-test-systems\/","title":{"rendered":"SRS Test Sistemleri"},"content":{"rendered":"<div data-vc-full-width=\"true\" data-vc-full-width-init=\"false\" class=\"vc_section wpb_animate_when_almost_visible wpb_appear appear vc_custom_1632221636155 wpex-vc_section-has-fill wpex-vc-row-stretched\"><div class=\"vc_row wpb_row vc_row-fluid vc_custom_1623056521764\"><div class=\"wpb_column wpb_animate_when_almost_visible wpb_fadeInUp fadeInUp vc_column_container vc_col-sm-12\"><div class=\"vc_column-inner\"><div class=\"wpb_wrapper\"><h3 style=\"font-size: 40px;color: #ffffff;text-align: center;font-family:Montserrat;font-weight:700;font-style:normal\" class=\"vc_custom_heading vc_custom_1632283448677\" >CME \/ SRS Test Sistemleri<\/h3><div class=\"vc_custom_1632221815559 wpex-clr\"><div class=\"theme-button-wrap textcenter wpex-clr\"><a href=\"https:\/\/www.tempatech.com\/tr\/contact\/\" class=\"vcex-button theme-button align-center inline\" style=\"background:#881c22;font-family:Montserrat;\" data-wpex-hover='{&quot;background&quot;:&quot;#ffffff&quot;,&quot;color&quot;:&quot;#0a0a0a&quot;}'><span class=\"theme-button-inner\">Bu \u00fcr\u00fcnleri sat\u0131n almak i\u00e7in bizimle ileti\u015fime ge\u00e7in!<span class=\"vcex-icon-wrap theme-button-icon-right\"><span class=\"ticon ticon-telegram\" aria-hidden=\"true\"><\/span><\/span><\/span><\/a><\/div><\/div> <\/div><\/div><\/div><\/div><\/div><div class=\"vc_row-full-width vc_clearfix\"><\/div><div data-vc-full-width=\"true\" data-vc-full-width-init=\"false\" class=\"vc_section wpb_animate_when_almost_visible wpb_appear appear vc_custom_1632221834743 wpex-vc_section-has-fill wpex-vc-row-stretched\"><\/div><div class=\"vc_row-full-width vc_clearfix\"><\/div><div class=\"vc_section wpb_animate_when_almost_visible wpb_fadeInUp fadeInUp vc_custom_1632284500921\" data-ls_id=\"#KRD14\"><div class=\"vc_row wpb_row vc_row-fluid vc_row-o-content-middle vc_row-flex\"><div class=\"wpb_column wpb_animate_when_almost_visible wpb_fadeInLeft fadeInLeft vc_column_container vc_col-sm-6\"><div class=\"vc_column-inner\"><div class=\"wpb_wrapper\">\n\t<div class=\"wpb_text_column wpb_content_element  vc_custom_1632283627464\" >\n\t\t<div class=\"wpb_wrapper\">\n\t\t\t<p><span style=\"font-size: 18px;\"><strong><span style=\"font-family: Montserrat;\"><span style=\"color: #000000;\">KRD14 <\/span><span style=\"color: #881c22; font-size: 24px;\">Pn\u00f6matik Dikey \u015eok Tepki Spektrum Test Sistemi<\/span><\/span><\/strong><\/span><\/p>\n\n\t\t<\/div>\n\t<\/div>\n\n\t<div style=\"color:#000000;font-family:Montserrat;\" class=\"wpb_text_column has-custom-color wpex-child-inherit-color wpb_content_element  vc_custom_1632283646544\" >\n\t\t<div class=\"wpb_wrapper\">\n\t\t\t<p>KRD14 serisi dikey \u015fok tepki spektrumu test sistemi, elektrikli ve elektronik \u00fcr\u00fcnlerin veya ambalajlar\u0131n \u015fok direncini \u00f6l\u00e7mek ve belirlemek, test \u00fcr\u00fcn\u00fcn\u00fcn bir \u015fok ortam\u0131nda g\u00fcvenilirli\u011fini ve yap\u0131sal b\u00fct\u00fcnl\u00fc\u011f\u00fcn\u00fc de\u011ferlendirmek i\u00e7in kullan\u0131l\u0131r. \u015eok tepki spektrumu, ayn\u0131 \u015fok uyarma tepkisine maruz kalan farkl\u0131 do\u011fal frekanslara sahip bir dizi tek serbestlik dereceli lineer sistemin toplam\u0131d\u0131r. Bir \u00fcr\u00fcn bir darbeye maruz kald\u0131\u011f\u0131nda, darbe tepkisinin maksimum de\u011feri, \u00fcr\u00fcn\u00fcn maksimum strese sahip oldu\u011fu anlam\u0131na gelir. Bu nedenle, \u015fok tepki spektrumu test cihaz\u0131, ger\u00e7ek ortamda ya\u015fanan \u015fok dalgas\u0131n\u0131 ve \u015fok enerjisini daha iyi sim\u00fcle edebilir.<\/p>\n<ul>\n<li>1200mm boyutundaki tabla 1000kg y\u00fcke dayanabilir.<\/li>\n<li>Windows tabanl\u0131 sabit kontrol sistemi, tam otomatik uzaktan kontrol aray\u00fcz\u00fc,<\/li>\n<li>Kontrol ve \u00f6l\u00e7\u00fcm sistemi, kullan\u0131c\u0131lar\u0131n ayarlamas\u0131 ve uygulamas\u0131 i\u00e7in uygun olan yerle\u015fik SRS spesifikasyonlar\u0131na ve toleranslar\u0131na sahiptir. Testi otomatik olarak tamamlar ve raporlar olu\u015fturur.<\/li>\n<li>\u00c7al\u0131\u015ft\u0131rmak i\u00e7in uygun ve verimlili\u011fi y\u00fcksek olan hava bas\u0131nc\u0131n\u0131 ayarlayarak s\u00fcr\u00fc\u015f \u015fok enerjisini belirleyin.<\/li>\n<li>Ekipman k\u00fc\u00e7\u00fck bir alan kaplar ve kurulumu kolayd\u0131r.<\/li>\n<\/ul>\n\n\t\t<\/div>\n\t<\/div>\n<\/div><\/div><\/div><div class=\"wpb_column wpb_animate_when_almost_visible wpb_fadeInRight fadeInRight vc_column_container vc_col-sm-6\"><div class=\"vc_column-inner\"><div class=\"wpb_wrapper\">\n\t<div  class=\"wpb_single_image wpb_content_element vc_align_\">\n\t\t\n\t\t<figure class=\"wpb_wrapper vc_figure\">\n\t\t\t<a data-gallery=\"[{&quot;src&quot;:&quot;https:\\\/\\\/www.tempatech.com\\\/wp-content\\\/uploads\\\/2021\\\/09\\\/KRD14-4.png&quot;},{&quot;src&quot;:&quot;https:\\\/\\\/www.tempatech.com\\\/wp-content\\\/uploads\\\/2021\\\/09\\\/KRD14-3.png&quot;}]\" href=\"#\" target=\"_self\" class=\"vc_single_image-wrapper wpex-lightbox-gallery wpex-image-hover opacity-invert vc_box_shadow  vc_box_border_grey\"><img loading=\"lazy\" decoding=\"async\" class=\"vc_single_image-img\" src=\"https:\/\/www.tempatech.com\/wp-content\/uploads\/2021\/09\/KRD14-1-600x300.png\" width=\"600\" height=\"300\" alt=\"KRD14-1\" title=\"KRD14-1\" \/><\/a>\n\t\t<\/figure>\n\t<\/div>\n<div class=\"vc_custom_1632284458864 wpex-clr\"><div class=\"theme-button-wrap textcenter theme-button-block-wrap wpex-block wpex-clear wpex-clr\"><a href=\"https:\/\/www.tempatech.com\/wp-content\/uploads\/2021\/09\/KRD14TS.png\" class=\"vcex-button theme-button minimal-border small align-center block hvr hvr-float-shadow wpex-lightbox\" style=\"color:#000000;border-radius:1px;font-family:Montserrat;\" data-wpex-hover='{&quot;background&quot;:&quot;#881c22&quot;,&quot;color&quot;:&quot;#ffffff&quot;}'><span class=\"theme-button-inner\">TEKN\u0130K \u00d6ZELL\u0130KLERi G\u00d6RMEK \u0130\u00c7\u0130N TIKLAYINIZ<span class=\"vcex-icon-wrap theme-button-icon-right\"><span class=\"ticon ticon-table\" aria-hidden=\"true\"><\/span><\/span><\/span><\/a><\/div><\/div> <\/div><\/div><\/div><\/div><\/div><div data-vc-full-width=\"true\" data-vc-full-width-init=\"false\" class=\"vc_section wpb_animate_when_almost_visible wpb_fadeInRight fadeInRight vc_custom_1632226789523 wpex-vc_section-has-fill wpex-vc-row-stretched\"><\/div><div class=\"vc_row-full-width vc_clearfix\"><\/div><div data-vc-full-width=\"true\" data-vc-full-width-init=\"false\" class=\"vc_section wpb_animate_when_almost_visible wpb_fadeInUp fadeInUp vc_custom_1632284509212 vc_section-o-content-middle vc_section-flex wpex-vc_section-has-fill wpex-vc-row-stretched\" data-ls_id=\"#KRD15\"><div class=\"vc_row wpb_row vc_row-fluid vc_row-o-content-middle vc_row-flex\"><div class=\"wpb_column wpb_animate_when_almost_visible wpb_fadeInLeft fadeInLeft vc_column_container vc_col-sm-6\"><div class=\"vc_column-inner vc_custom_1623062358090\"><div class=\"wpb_wrapper\">\n\t<div  class=\"wpb_single_image wpb_content_element vc_align_\">\n\t\t\n\t\t<figure class=\"wpb_wrapper vc_figure\">\n\t\t\t<a data-gallery=\"[{&quot;src&quot;:&quot;https:\\\/\\\/www.tempatech.com\\\/wp-content\\\/uploads\\\/2021\\\/09\\\/KRD15-4.png&quot;},{&quot;src&quot;:&quot;https:\\\/\\\/www.tempatech.com\\\/wp-content\\\/uploads\\\/2021\\\/09\\\/KRD15-1.png&quot;},{&quot;src&quot;:&quot;https:\\\/\\\/www.tempatech.com\\\/wp-content\\\/uploads\\\/2021\\\/09\\\/KRD15-2.png&quot;},{&quot;src&quot;:&quot;https:\\\/\\\/www.tempatech.com\\\/wp-content\\\/uploads\\\/2021\\\/09\\\/KRD15-3.png&quot;}]\" href=\"#\" target=\"_self\" class=\"vc_single_image-wrapper wpex-lightbox-gallery wpex-image-hover opacity-invert vc_box_shadow  vc_box_border_grey\"><img loading=\"lazy\" decoding=\"async\" class=\"vc_single_image-img\" src=\"https:\/\/www.tempatech.com\/wp-content\/uploads\/2021\/09\/KRD15-600x300.png\" width=\"600\" height=\"300\" alt=\"KRD15\" title=\"KRD15\" \/><\/a>\n\t\t<\/figure>\n\t<\/div>\n<div class=\"vc_custom_1632284480691 wpex-clr\"><div class=\"theme-button-wrap textcenter theme-button-block-wrap wpex-block wpex-clear wpex-clr\"><a href=\"https:\/\/www.tempatech.com\/wp-content\/uploads\/2021\/09\/KRD15TS.png\" class=\"vcex-button theme-button minimal-border white small align-center block hvr hvr-float-shadow wpex-lightbox\" style=\"color:#ffffff;border-radius:1px;font-family:Montserrat;\" data-wpex-hover='{&quot;background&quot;:&quot;#881c22&quot;,&quot;color&quot;:&quot;#ffffff&quot;}'><span class=\"theme-button-inner\">TEKN\u0130K \u00d6ZELL\u0130KLERi G\u00d6RMEK \u0130\u00c7\u0130N TIKLAYINIZ<span class=\"vcex-icon-wrap theme-button-icon-right\"><span class=\"ticon ticon-table\" aria-hidden=\"true\"><\/span><\/span><\/span><\/a><\/div><\/div> <\/div><\/div><\/div><div class=\"wpb_column wpb_animate_when_almost_visible wpb_fadeInRight fadeInRight vc_column_container vc_col-sm-6\"><div class=\"vc_column-inner\"><div class=\"wpb_wrapper\">\n\t<div class=\"wpb_text_column wpb_content_element  vc_custom_1632283820563\" >\n\t\t<div class=\"wpb_wrapper\">\n\t\t\t<p><span style=\"font-size: 18px;\"><strong><span style=\"font-family: Montserrat;\"><span style=\"color: #ffffff;\">KRD15<\/span>\u00a0<span style=\"color: #881c22; font-size: 24px;\">Pn\u00f6matik Yatay \u015eok Tepki Spektrum Test Sistemi<\/span><\/span><\/strong><\/span><\/p>\n\n\t\t<\/div>\n\t<\/div>\n\n\t<div style=\"color:#ffffff;font-family:Montserrat;\" class=\"wpb_text_column has-custom-color wpex-child-inherit-color wpb_content_element  vc_custom_1632283838833\" >\n\t\t<div class=\"wpb_wrapper\">\n\t\t\t<p>KRD15 serisi, darbe enerjisi sa\u011flamak i\u00e7in s\u0131k\u0131\u015ft\u0131r\u0131lm\u0131\u015f gaz enerjisini benimseyen, rezonans plakas\u0131na \u00e7arpmak i\u00e7in \u015fok \u00e7ekicini iten ve y\u00fcksek enerjili \u015fok \u00fcreten son teknoloji \u015fok tepki spektrumu test cihaz\u0131d\u0131r. Geleneksel dikey \u015fok tepki spektrum test cihaz\u0131 ile kar\u015f\u0131la\u015ft\u0131r\u0131ld\u0131\u011f\u0131nda bu makine y\u00fcksek enerji, istikrarl\u0131 performans, y\u00fcksek g\u00fcvenilirlik, iyi tekrarlanabilirlik, kolay ayarlama, g\u00fcvenlik ve \u00e7evre koruma avantajlar\u0131na sahiptir. Genel olarak havac\u0131l\u0131k, gemi end\u00fcstrilerinde uygulan\u0131r.<\/p>\n<ul>\n<li>Sistem, b\u00fcy\u00fck itici g\u00fc\u00e7, y\u00fcksek tepki h\u0131z\u0131 ve g\u00fcvenilir yap\u0131s\u0131 ile darbeli \u00e7ekici s\u00fcrmek i\u00e7in pn\u00f6matik enerji depolama kullan\u0131r;<\/li>\n<li>\u00c7al\u0131\u015ft\u0131rmak i\u00e7in uygun ve verimlili\u011fi y\u00fcksek olan hava bas\u0131nc\u0131n\u0131 ayarlayarak s\u00fcr\u00fc\u015f \u015fok enerjisini belirleyin.<\/li>\n<li>Kullan\u0131c\u0131n\u0131n test par\u00e7as\u0131n\u0131 takmas\u0131 ve contay\u0131 ayarlamas\u0131 i\u00e7in uygun olan, yan\u0131t panosunun kurulum konumunu y\u00fckseltebilen yan\u0131t spektrumu i\u00e7in \u00f6zel tasarlanm\u0131\u015f taban. Ek olarak, m\u00fcdahale panosunun kurulum pozisyonunun sertli\u011fi b\u00fcy\u00fck \u00f6l\u00e7\u00fcde art\u0131r\u0131lm\u0131\u015ft\u0131r, bu da onu zemin temeline daha iyi sabitlenmesini ve daha b\u00fcy\u00fck darbe y\u00fck\u00fcne dayanmas\u0131n\u0131 sa\u011flar.<\/li>\n<li>\uf06c \u0130ki seviyeli bir g\u00fcvenlik \u015falteri, operat\u00f6rlerin g\u00fcvenli\u011fini tam olarak korumak i\u00e7in tasarlanm\u0131\u015ft\u0131r.<\/li>\n<li>\uf06c \u0130\u015fletim yaz\u0131l\u0131m\u0131, \u015fok yan\u0131t spektrumu test cihaz\u0131 kontrol\u00fc, \u015fok verisi toplama ve yan\u0131t spektrumu analizi i\u015flevlerine sahiptir.<\/li>\n<\/ul>\n\n\t\t<\/div>\n\t<\/div>\n<\/div><\/div><\/div><\/div><\/div><div class=\"vc_row-full-width vc_clearfix\"><\/div><div data-vc-full-width=\"true\" data-vc-full-width-init=\"false\" class=\"vc_section wpb_animate_when_almost_visible wpb_fadeInRight fadeInRight vc_custom_1632226789523 wpex-vc_section-has-fill wpex-vc-row-stretched\"><\/div><div class=\"vc_row-full-width vc_clearfix\"><\/div>","protected":false},"excerpt":{"rendered":"CME \/ SRS Test SystemsContact us to get a product KRD14 Pneumatic Vertical Shock Response Spectrum Test System KRD14 series pendulum shock response spectrum tester is used to measure and determine the shock resistance of electrical and electronic products or packaging, and to evaluate the reliability and structural integrity of the test product in a&hellip;","protected":false},"author":1,"featured_media":0,"parent":2021,"menu_order":0,"comment_status":"closed","ping_status":"closed","template":"","meta":{"footnotes":""},"_links":{"self":[{"href":"https:\/\/www.tempatech.com\/tr\/wp-json\/wp\/v2\/pages\/2129"}],"collection":[{"href":"https:\/\/www.tempatech.com\/tr\/wp-json\/wp\/v2\/pages"}],"about":[{"href":"https:\/\/www.tempatech.com\/tr\/wp-json\/wp\/v2\/types\/page"}],"author":[{"embeddable":true,"href":"https:\/\/www.tempatech.com\/tr\/wp-json\/wp\/v2\/users\/1"}],"replies":[{"embeddable":true,"href":"https:\/\/www.tempatech.com\/tr\/wp-json\/wp\/v2\/comments?post=2129"}],"version-history":[{"count":2,"href":"https:\/\/www.tempatech.com\/tr\/wp-json\/wp\/v2\/pages\/2129\/revisions"}],"predecessor-version":[{"id":2139,"href":"https:\/\/www.tempatech.com\/tr\/wp-json\/wp\/v2\/pages\/2129\/revisions\/2139"}],"up":[{"embeddable":true,"href":"https:\/\/www.tempatech.com\/tr\/wp-json\/wp\/v2\/pages\/2021"}],"wp:attachment":[{"href":"https:\/\/www.tempatech.com\/tr\/wp-json\/wp\/v2\/media?parent=2129"}],"curies":[{"name":"wp","href":"https:\/\/api.w.org\/{rel}","templated":true}]}}