{"id":2140,"date":"2021-09-22T07:34:45","date_gmt":"2021-09-22T04:34:45","guid":{"rendered":"https:\/\/www.tempatech.com\/?page_id=2140"},"modified":"2021-09-22T08:41:34","modified_gmt":"2021-09-22T05:41:34","slug":"centrifugal-constant-acceleration-testers","status":"publish","type":"page","link":"https:\/\/www.tempatech.com\/tr\/test-measurement-systems\/cme\/centrifugal-constant-acceleration-testers\/","title":{"rendered":"Merkezka\u00e7 Sabit \u0130vme Test Sistemleri"},"content":{"rendered":"<div data-vc-full-width=\"true\" data-vc-full-width-init=\"false\" class=\"vc_section wpb_animate_when_almost_visible wpb_appear appear vc_custom_1632221636155 wpex-vc_section-has-fill wpex-vc-row-stretched\"><div class=\"vc_row wpb_row vc_row-fluid vc_custom_1623056521764\"><div class=\"wpb_column wpb_animate_when_almost_visible wpb_fadeInUp fadeInUp vc_column_container vc_col-sm-12\"><div class=\"vc_column-inner\"><div class=\"wpb_wrapper\"><h3 style=\"font-size: 40px;color: #ffffff;text-align: center;font-family:Montserrat;font-weight:700;font-style:normal\" class=\"vc_custom_heading vc_custom_1632284767252\" >CME \/ Merkezka\u00e7 Sabit \u0130vme Test Sistemleri<\/h3><div class=\"vc_custom_1632221815559 wpex-clr\"><div class=\"theme-button-wrap textcenter wpex-clr\"><a href=\"https:\/\/www.tempatech.com\/tr\/contact\/\" class=\"vcex-button theme-button align-center inline\" style=\"background:#881c22;font-family:Montserrat;\" data-wpex-hover='{&quot;background&quot;:&quot;#ffffff&quot;,&quot;color&quot;:&quot;#0a0a0a&quot;}'><span class=\"theme-button-inner\">Bu \u00fcr\u00fcnleri sat\u0131n almak i\u00e7in bizimle ileti\u015fime ge\u00e7in!<span class=\"vcex-icon-wrap theme-button-icon-right\"><span class=\"ticon ticon-telegram\" aria-hidden=\"true\"><\/span><\/span><\/span><\/a><\/div><\/div> <\/div><\/div><\/div><\/div><\/div><div class=\"vc_row-full-width vc_clearfix\"><\/div><div data-vc-full-width=\"true\" data-vc-full-width-init=\"false\" class=\"vc_section wpb_animate_when_almost_visible wpb_appear appear vc_custom_1632221834743 wpex-vc_section-has-fill wpex-vc-row-stretched\"><\/div><div class=\"vc_row-full-width vc_clearfix\"><\/div><div class=\"vc_section wpb_animate_when_almost_visible wpb_fadeInUp fadeInUp vc_custom_1632285261880\" data-ls_id=\"#KRD30\"><div class=\"vc_row wpb_row vc_row-fluid vc_row-o-content-middle vc_row-flex\"><div class=\"wpb_column wpb_animate_when_almost_visible wpb_fadeInLeft fadeInLeft vc_column_container vc_col-sm-6\"><div class=\"vc_column-inner\"><div class=\"wpb_wrapper\">\n\t<div  class=\"wpb_single_image wpb_content_element vc_align_\">\n\t\t\n\t\t<figure class=\"wpb_wrapper vc_figure\">\n\t\t\t<a data-gallery=\"[{&quot;src&quot;:&quot;https:\\\/\\\/www.tempatech.com\\\/wp-content\\\/uploads\\\/2021\\\/09\\\/KRD30-4.png&quot;},{&quot;src&quot;:&quot;https:\\\/\\\/www.tempatech.com\\\/wp-content\\\/uploads\\\/2021\\\/09\\\/KRD30-1.png&quot;},{&quot;src&quot;:&quot;https:\\\/\\\/www.tempatech.com\\\/wp-content\\\/uploads\\\/2021\\\/09\\\/KRD30-2.png&quot;},{&quot;src&quot;:&quot;https:\\\/\\\/www.tempatech.com\\\/wp-content\\\/uploads\\\/2021\\\/09\\\/KRD30-3.png&quot;}]\" href=\"#\" target=\"_self\" class=\"vc_single_image-wrapper wpex-lightbox-gallery wpex-image-hover opacity-invert vc_box_shadow  vc_box_border_grey\"><img loading=\"lazy\" decoding=\"async\" class=\"vc_single_image-img\" src=\"https:\/\/www.tempatech.com\/wp-content\/uploads\/2021\/09\/KRD30-600x300.png\" width=\"600\" height=\"300\" alt=\"KRD30\" title=\"KRD30\" \/><\/a>\n\t\t<\/figure>\n\t<\/div>\n<div class=\"vc_custom_1632285063545 wpex-clr\"><div class=\"theme-button-wrap textcenter theme-button-block-wrap wpex-block wpex-clear wpex-clr\"><a href=\"https:\/\/www.tempatech.com\/wp-content\/uploads\/2021\/09\/KRD30TS.png\" class=\"vcex-button theme-button minimal-border small align-center block hvr hvr-float-shadow wpex-lightbox\" style=\"color:#000000;border-radius:1px;font-family:Montserrat;\" data-wpex-hover='{&quot;background&quot;:&quot;#881c22&quot;,&quot;color&quot;:&quot;#ffffff&quot;}'><span class=\"theme-button-inner\">TEKN\u0130K \u00d6ZELL\u0130KLERi G\u00d6RMEK \u0130\u00c7\u0130N TIKLAYINIZ<span class=\"vcex-icon-wrap theme-button-icon-right\"><span class=\"ticon ticon-table\" aria-hidden=\"true\"><\/span><\/span><\/span><\/a><\/div><\/div> <\/div><\/div><\/div><div class=\"wpb_column wpb_animate_when_almost_visible wpb_fadeInRight fadeInRight vc_column_container vc_col-sm-6\"><div class=\"vc_column-inner\"><div class=\"wpb_wrapper\">\n\t<div class=\"wpb_text_column wpb_content_element  vc_custom_1632289290155\" >\n\t\t<div class=\"wpb_wrapper\">\n\t\t\t<p><span style=\"font-size: 18px;\"><strong><span style=\"font-family: Montserrat;\"><span style=\"color: #000000;\">KRD30 <\/span><span style=\"color: #881c22; font-size: 24px;\">Merkezka\u00e7 Sabit \u0130vme Test Sistemi (Kutu Tipi)<\/span><\/span><\/strong><\/span><\/p>\n\n\t\t<\/div>\n\t<\/div>\n\n\t<div style=\"color:#000000;font-family:Montserrat;\" class=\"wpb_text_column has-custom-color wpex-child-inherit-color wpb_content_element  vc_custom_1632284855096\" >\n\t\t<div class=\"wpb_wrapper\">\n\t\t\t<p><span style=\"color: #000000;\">KRD30 serisi kutu tipi santrif\u00fcj sabit h\u0131zlanma test cihaz\u0131, elektronik bile\u015fenlerin, k\u00fc\u00e7\u00fck bile\u015fenlerin ve di\u011fer elektrikli ve elektronik \u00fcr\u00fcnlerin, \u00e7al\u0131\u015fan ara\u00e7lar, hava ara\u00e7lar\u0131 gibi sabit durum h\u0131zlanma (sabit h\u0131zlanma) ortam\u0131 taraf\u0131ndan \u00fcretilen kuvvete maruz kald\u0131\u011f\u0131n\u0131 belirlemek i\u00e7in kullan\u0131l\u0131r.<\/span><\/p>\n<ul>\n<li><span style=\"color: #000000;\">Kutu tipi yap\u0131, g\u00fcvenlik ve kurulum ihtiyac\u0131n\u0131 ortadan kald\u0131r\u0131r.<\/span><\/li>\n<li><span style=\"color: #000000;\">Geli\u015fmi\u015f kontrol sistemi: Tam otomatik bilgisayar ve uzaktan ger\u00e7ek zamanl\u0131 kontrol aray\u00fcz\u00fc. Operat\u00f6r\u00fcn ekipman\u0131 ba\u015flatmak ve h\u0131zlanma testini do\u011fru bir \u015fekilde tamamlamak i\u00e7in yaln\u0131zca basit de\u011ferleri girmesi gerekir.<\/span><\/li>\n<li><span style=\"color: #000000;\">Kullan\u0131c\u0131 dostu ekran aray\u00fcz\u00fc: kontrol aray\u00fcz\u00fc, test e\u011frisini, tolerans\u0131 ve test s\u00fcresini ger\u00e7ek zamanl\u0131 olarak g\u00f6r\u00fcnt\u00fcleyebilir.<\/span><\/li>\n<li><span style=\"color: #000000;\">G\u00fc\u00e7l\u00fc \u00e7oklu h\u0131zlanma test sistemi: Test \u00f6rne\u011finin farkl\u0131 gereksinimlerine g\u00f6re \u00e7ok seviyeli h\u0131zlanma s\u00fcrekli testi ger\u00e7ekle\u015ftirebilir.<\/span><\/li>\n<li><span style=\"color: #000000;\">G\u00fcvenilir koruma \u00f6nlemleri: a\u00e7\u0131k devre, a\u015f\u0131r\u0131 limit ve a\u015f\u0131r\u0131 h\u0131z korumas\u0131 ger\u00e7ekle\u015ftirilebilir.<\/span><\/li>\n<li><span style=\"color: #000000;\">\u00c7oklu kontrol y\u00f6ntemleri: Otomatik kontrol ar\u0131zas\u0131 veya otomatik kontrole ihtiya\u00e7 olmamas\u0131 durumunda, cihaz testi tamamlamak i\u00e7in manuel kontrol\u00fc kullanmaya devam edebilir.<\/span><\/li>\n<li><span style=\"color: #000000;\">Bilgisayar kontrol\u00fc ve manuel kontrol\u00fcn \u00e7ift modlu \u00e7al\u0131\u015fmas\u0131 uygundur, test sonu\u00e7lar\u0131 saklanabilir ve yazd\u0131r\u0131labilir.<\/span><\/li>\n<\/ul>\n<p><span style=\"color: #000000;\">Yaz\u0131l\u0131m, bir seferde tek a\u015famal\u0131 ve \u00e7ok a\u015famal\u0131 h\u0131zlanma testi kontrol\u00fcn\u00fc ger\u00e7ekle\u015ftirebilir.<\/span><\/p>\n\n\t\t<\/div>\n\t<\/div>\n<\/div><\/div><\/div><\/div><\/div><div data-vc-full-width=\"true\" data-vc-full-width-init=\"false\" class=\"vc_section wpb_animate_when_almost_visible wpb_fadeInLeft fadeInLeft vc_custom_1632226753843 wpex-vc_section-has-fill wpex-vc-row-stretched\"><\/div><div class=\"vc_row-full-width vc_clearfix\"><\/div><div data-vc-full-width=\"true\" data-vc-full-width-init=\"false\" class=\"vc_section wpb_animate_when_almost_visible wpb_fadeInUp fadeInUp vc_custom_1632285272956 vc_section-o-content-middle vc_section-flex wpex-vc_section-has-fill wpex-vc-row-stretched\" data-ls_id=\"#KRD31\"><div class=\"vc_row wpb_row vc_row-fluid vc_row-o-content-middle vc_row-flex\"><div class=\"wpb_column wpb_animate_when_almost_visible wpb_fadeInLeft fadeInLeft vc_column_container vc_col-sm-6\"><div class=\"vc_column-inner\"><div class=\"wpb_wrapper\">\n\t<div class=\"wpb_text_column wpb_content_element  vc_custom_1632284897211\" >\n\t\t<div class=\"wpb_wrapper\">\n\t\t\t<p><span style=\"font-size: 18px;\"><strong><span style=\"font-family: Montserrat;\"><span style=\"color: #ffffff;\">KRD31<\/span> <span style=\"color: #881c22; font-size: 21px;\">Merkezka\u00e7 Sabit \u0130vme Test Sistemi (KolTipi)<\/span><\/span><\/strong><\/span><\/p>\n\n\t\t<\/div>\n\t<\/div>\n\n\t<div style=\"color:#ffffff;font-family:Montserrat;\" class=\"wpb_text_column has-custom-color wpex-child-inherit-color wpb_content_element  vc_custom_1632284944131\" >\n\t\t<div class=\"wpb_wrapper\">\n\t\t\t<p>KRD31 serisi merkezka\u00e7 sabit ivme test cihaz\u0131, MIL-STD-810F, MIL-STD-202 ve IEC68-2-7 gibi standartlara dayal\u0131 a\u015f\u0131r\u0131 h\u0131zlanma ko\u015fullar\u0131 alt\u0131nda testler i\u00e7in kullan\u0131l\u0131r.<\/p>\n<p>Elektronik bile\u015fenleri veya cihazlar\u0131 test etmek i\u00e7in en uygundur. Mikro devreler \u00fczerinde y\u00fcksek G etkisi alt\u0131nda, kablolaman\u0131n ve i\u00e7 yap\u0131lar\u0131n uyarlanabilirli\u011fini ve g\u00fcvenilirli\u011fini kontrol edebilir. Titre\u015fim ve \u015fok testleri ile tespit edilemeyen mekanik ve yap\u0131sal kusurlar\u0131 ortaya \u00e7\u0131karabilir.<\/p>\n<ul>\n<li>Geli\u015fmi\u015f kontrol sistemi: Tam otomatik bilgisayar ve uzaktan ger\u00e7ek zamanl\u0131 kontrol aray\u00fcz\u00fc. Operat\u00f6r\u00fcn ekipman\u0131 ba\u015flatmak ve h\u0131zlanma testini do\u011fru bir \u015fekilde tamamlamak i\u00e7in yaln\u0131zca basit de\u011ferleri girmesi gerekir.<\/li>\n<li>Kullan\u0131c\u0131 dostu ekran aray\u00fcz\u00fc: kontrol aray\u00fcz\u00fc, test e\u011frisini, tolerans\u0131 ve test s\u00fcresini ger\u00e7ek zamanl\u0131 olarak g\u00f6r\u00fcnt\u00fcleyebilir.<\/li>\n<li>G\u00fc\u00e7l\u00fc \u00e7oklu h\u0131zlanma test sistemi: Test \u00f6rne\u011finin farkl\u0131 gereksinimlerine g\u00f6re \u00e7ok seviyeli h\u0131zlanma s\u00fcrekli testi ger\u00e7ekle\u015ftirebilir.<\/li>\n<li>G\u00fcvenilir koruma \u00f6nlemleri: a\u00e7\u0131k devre, a\u015f\u0131r\u0131 limit ve a\u015f\u0131r\u0131 h\u0131z korumas\u0131 ger\u00e7ekle\u015ftirilebilir.<\/li>\n<li>\u00c7oklu kontrol y\u00f6ntemleri: Otomatik kontrol ar\u0131zas\u0131 veya otomatik kontrole ihtiya\u00e7 olmamas\u0131 durumunda, cihaz testi tamamlamak i\u00e7in manuel kontrol\u00fc kullanmaya devam edebilir.<\/li>\n<li>Bilgisayar kontrol\u00fc ve manuel kontrol\u00fcn \u00e7ift modlu \u00e7al\u0131\u015fmas\u0131 uygundur, test sonu\u00e7lar\u0131 saklanabilir ve yazd\u0131r\u0131labilir.<\/li>\n<li>Yaz\u0131l\u0131m, bir seferde tek a\u015famal\u0131 ve \u00e7ok a\u015famal\u0131 h\u0131zlanma testi kontrol\u00fcn\u00fc ger\u00e7ekle\u015ftirebilir.<\/li>\n<\/ul>\n\n\t\t<\/div>\n\t<\/div>\n<\/div><\/div><\/div><div class=\"wpb_column wpb_animate_when_almost_visible wpb_fadeInRight fadeInRight vc_column_container vc_col-sm-6\"><div class=\"vc_column-inner vc_custom_1632228598775\"><div class=\"wpb_wrapper\">\n\t<div  class=\"wpb_single_image wpb_content_element vc_align_\">\n\t\t\n\t\t<figure class=\"wpb_wrapper vc_figure\">\n\t\t\t<a data-gallery=\"[{&quot;src&quot;:&quot;https:\\\/\\\/www.tempatech.com\\\/wp-content\\\/uploads\\\/2021\\\/09\\\/KRD31-4.png&quot;},{&quot;src&quot;:&quot;https:\\\/\\\/www.tempatech.com\\\/wp-content\\\/uploads\\\/2021\\\/09\\\/KRD31-1.png&quot;},{&quot;src&quot;:&quot;https:\\\/\\\/www.tempatech.com\\\/wp-content\\\/uploads\\\/2021\\\/09\\\/KRD31-2.png&quot;},{&quot;src&quot;:&quot;https:\\\/\\\/www.tempatech.com\\\/wp-content\\\/uploads\\\/2021\\\/09\\\/KRD31-3.png&quot;}]\" href=\"#\" target=\"_self\" class=\"vc_single_image-wrapper wpex-lightbox-gallery wpex-image-hover opacity-invert vc_box_shadow  vc_box_border_grey\"><img loading=\"lazy\" decoding=\"async\" class=\"vc_single_image-img\" src=\"https:\/\/www.tempatech.com\/wp-content\/uploads\/2021\/09\/KRD31-600x300.png\" width=\"600\" height=\"300\" alt=\"KRD31\" title=\"KRD31\" \/><\/a>\n\t\t<\/figure>\n\t<\/div>\n<div class=\"vc_custom_1632285151676 wpex-clr\"><div class=\"theme-button-wrap textcenter theme-button-block-wrap wpex-block wpex-clear wpex-clr\"><a href=\"https:\/\/www.tempatech.com\/wp-content\/uploads\/2021\/09\/KRD31TS.png\" class=\"vcex-button theme-button minimal-border small align-center block hvr hvr-float-shadow wpex-lightbox\" style=\"color:#ffffff;font-family:Montserrat;\" data-wpex-hover='{&quot;background&quot;:&quot;#881c22&quot;,&quot;color&quot;:&quot;#ffffff&quot;}'><span class=\"theme-button-inner\">TEKN\u0130K \u00d6ZELL\u0130KLERi G\u00d6RMEK \u0130\u00c7\u0130N TIKLAYINIZ<span class=\"vcex-icon-wrap theme-button-icon-right\"><span class=\"ticon ticon-table\" aria-hidden=\"true\"><\/span><\/span><\/span><\/a><\/div><\/div> <\/div><\/div><\/div><\/div><\/div><div class=\"vc_row-full-width vc_clearfix\"><\/div><div data-vc-full-width=\"true\" data-vc-full-width-init=\"false\" class=\"vc_section wpb_animate_when_almost_visible wpb_fadeInRight fadeInRight vc_custom_1632226764662 wpex-vc_section-has-fill wpex-vc-row-stretched\"><\/div><div class=\"vc_row-full-width vc_clearfix\"><\/div><div data-vc-full-width=\"true\" data-vc-full-width-init=\"false\" class=\"vc_section wpb_animate_when_almost_visible wpb_fadeInUp fadeInUp vc_custom_1632285280656 vc_section-o-content-middle vc_section-flex wpex-vc_section-has-fill wpex-vc-row-stretched\" data-ls_id=\"#KRD32\"><div class=\"vc_row wpb_row vc_row-fluid vc_row-o-content-middle vc_row-flex\"><div class=\"wpb_column wpb_animate_when_almost_visible wpb_fadeInLeft fadeInLeft vc_column_container vc_col-sm-6\"><div class=\"vc_column-inner\"><div class=\"wpb_wrapper\">\n\t<div  class=\"wpb_single_image wpb_content_element vc_align_\">\n\t\t\n\t\t<figure class=\"wpb_wrapper vc_figure\">\n\t\t\t<a data-gallery=\"[{&quot;src&quot;:&quot;https:\\\/\\\/www.tempatech.com\\\/wp-content\\\/uploads\\\/2021\\\/09\\\/c4177b134c88d5869065bcfbd7a70fb1.png&quot;},{&quot;src&quot;:&quot;https:\\\/\\\/www.tempatech.com\\\/wp-content\\\/uploads\\\/2021\\\/09\\\/520bc950029a2e1a1f38093b04740548.png&quot;},{&quot;src&quot;:&quot;https:\\\/\\\/www.tempatech.com\\\/wp-content\\\/uploads\\\/2021\\\/09\\\/066425c8ce05c780fceae294c7a0cc36.png&quot;},{&quot;src&quot;:&quot;https:\\\/\\\/www.tempatech.com\\\/wp-content\\\/uploads\\\/2021\\\/09\\\/519c7e5d32e523dd47a9d647d0aaf274.png&quot;}]\" href=\"#\" target=\"_self\" class=\"vc_single_image-wrapper wpex-lightbox-gallery wpex-image-hover opacity-invert vc_box_shadow  vc_box_border_grey\"><img loading=\"lazy\" decoding=\"async\" class=\"vc_single_image-img\" src=\"https:\/\/www.tempatech.com\/wp-content\/uploads\/2021\/09\/KRD32-600x300.png\" width=\"600\" height=\"300\" alt=\"KRD32\" title=\"KRD32\" \/><\/a>\n\t\t<\/figure>\n\t<\/div>\n<div class=\"vc_custom_1632285220417 wpex-clr\"><div class=\"theme-button-wrap textcenter theme-button-block-wrap wpex-block wpex-clear wpex-clr\"><a href=\"https:\/\/www.tempatech.com\/wp-content\/uploads\/2021\/09\/KRD32TS.png\" class=\"vcex-button theme-button minimal-border white small align-center block hvr hvr-float-shadow wpex-lightbox\" style=\"color:#ffffff;border-radius:1px;font-family:Montserrat;\" data-wpex-hover='{&quot;background&quot;:&quot;#881c22&quot;,&quot;color&quot;:&quot;#ffffff&quot;}'><span class=\"theme-button-inner\">TEKN\u0130K \u00d6ZELL\u0130KLERi G\u00d6RMEK \u0130\u00c7\u0130N TIKLAYINIZ<span class=\"vcex-icon-wrap theme-button-icon-right\"><span class=\"ticon ticon-table\" aria-hidden=\"true\"><\/span><\/span><\/span><\/a><\/div><\/div> <\/div><\/div><\/div><div class=\"wpb_column wpb_animate_when_almost_visible wpb_fadeInRight fadeInRight vc_column_container vc_col-sm-6\"><div class=\"vc_column-inner vc_custom_1632229839769\"><div class=\"wpb_wrapper\">\n\t<div class=\"wpb_text_column wpb_content_element  vc_custom_1632284970903\" >\n\t\t<div class=\"wpb_wrapper\">\n\t\t\t<p><span style=\"font-size: 18px;\"><strong><span style=\"font-family: Montserrat;\"><span style=\"color: #ffffff;\">KRD32<\/span> <span style=\"color: #881c22; font-size: 21px;\">Merkezka\u00e7 Sabit \u0130vme Test Sistemi<\/span><\/span><\/strong><\/span><\/p>\n\n\t\t<\/div>\n\t<\/div>\n\n\t<div style=\"color:#ffffff;font-family:Montserrat;\" class=\"wpb_text_column has-custom-color wpex-child-inherit-color wpb_content_element  vc_custom_1632284990776\" >\n\t\t<div class=\"wpb_wrapper\">\n\t\t\t<p>KRD32 serisi merkezka\u00e7 sabit ivme test makinesi, askeri \u00fcr\u00fcnler i\u00e7in dinamik merkezka\u00e7 hareketini, \u00e7ift \u00e7evresel kuvvet merkezka\u00e7 hareketini ve merkezi y\u00fcksek h\u0131zl\u0131 d\u00f6nme hareketini sim\u00fcle etmek i\u00e7in test ekipman\u0131d\u0131r. Elektronik bile\u015fenlerin, k\u00fc\u00e7\u00fck bile\u015fenlerin ve di\u011fer elektrikli ve elektronik \u00fcr\u00fcnlerin anti-y\u00fck performans\u0131n\u0131 de\u011ferlendirmek ve anti-load performans \u00f6zelliklerini tespit etmek i\u00e7in kullan\u0131labilir. Genel olarak, u\u00e7aklarda bile\u015fenlerin, k\u00fc\u00e7\u00fck par\u00e7alar\u0131n ve k\u00fc\u00e7\u00fck komple makinelerin rutin dinamik yap\u0131sal b\u00fct\u00fcnl\u00fck ve uyarlanabilirlik testleri i\u00e7in kullan\u0131l\u0131r.<\/p>\n<ul>\n<li>Bilgisayar merkezli kontrol ve \u00f6l\u00e7\u00fcm.<\/li>\n<li>Tamamen dijital a\u011f, kapal\u0131-devre uzaktan kumanda, y\u00fcksek kontrol do\u011frulu\u011fu<\/li>\n<li>Eksiksiz g\u00fcvenlik koruma fonksiyonlar\u0131<\/li>\n<li>Complete safety protection functions<\/li>\n<\/ul>\n\n\t\t<\/div>\n\t<\/div>\n<\/div><\/div><\/div><\/div><\/div><div class=\"vc_row-full-width vc_clearfix\"><\/div><div data-vc-full-width=\"true\" data-vc-full-width-init=\"false\" class=\"vc_section wpb_animate_when_almost_visible wpb_fadeInLeft fadeInLeft vc_custom_1632226775796 wpex-vc_section-has-fill wpex-vc-row-stretched\"><\/div><div class=\"vc_row-full-width vc_clearfix\"><\/div>","protected":false},"excerpt":{"rendered":"CME \/ Centrifugal Constant Acceleration TestersContact us to get a product VIEW TECHNICAL SPECIFICATIONS KRD30 Centrifugal Constant Acceleration Tester (Box Type) KRD30 series box-type centrifugal constant acceleration testing machine is used to determine that electronic components, small components and other electrical and electronic products are subjected to the force generated by the steady-state acceleration (constant&hellip;","protected":false},"author":1,"featured_media":0,"parent":2021,"menu_order":0,"comment_status":"closed","ping_status":"closed","template":"","meta":{"footnotes":""},"_links":{"self":[{"href":"https:\/\/www.tempatech.com\/tr\/wp-json\/wp\/v2\/pages\/2140"}],"collection":[{"href":"https:\/\/www.tempatech.com\/tr\/wp-json\/wp\/v2\/pages"}],"about":[{"href":"https:\/\/www.tempatech.com\/tr\/wp-json\/wp\/v2\/types\/page"}],"author":[{"embeddable":true,"href":"https:\/\/www.tempatech.com\/tr\/wp-json\/wp\/v2\/users\/1"}],"replies":[{"embeddable":true,"href":"https:\/\/www.tempatech.com\/tr\/wp-json\/wp\/v2\/comments?post=2140"}],"version-history":[{"count":4,"href":"https:\/\/www.tempatech.com\/tr\/wp-json\/wp\/v2\/pages\/2140\/revisions"}],"predecessor-version":[{"id":2219,"href":"https:\/\/www.tempatech.com\/tr\/wp-json\/wp\/v2\/pages\/2140\/revisions\/2219"}],"up":[{"embeddable":true,"href":"https:\/\/www.tempatech.com\/tr\/wp-json\/wp\/v2\/pages\/2021"}],"wp:attachment":[{"href":"https:\/\/www.tempatech.com\/tr\/wp-json\/wp\/v2\/media?parent=2140"}],"curies":[{"name":"wp","href":"https:\/\/api.w.org\/{rel}","templated":true}]}}