{"id":2141,"date":"2021-09-22T07:47:00","date_gmt":"2021-09-22T04:47:00","guid":{"rendered":"https:\/\/www.tempatech.com\/?page_id=2141"},"modified":"2021-09-22T08:41:17","modified_gmt":"2021-09-22T05:41:17","slug":"drop-test-systems","status":"publish","type":"page","link":"https:\/\/www.tempatech.com\/tr\/test-measurement-systems\/cme\/drop-test-systems\/","title":{"rendered":"D\u00fc\u015fme Test Sistemleri"},"content":{"rendered":"<div data-vc-full-width=\"true\" data-vc-full-width-init=\"false\" class=\"vc_section wpb_animate_when_almost_visible wpb_appear appear vc_custom_1632221636155 wpex-vc_section-has-fill wpex-vc-row-stretched\"><div class=\"vc_row wpb_row vc_row-fluid vc_custom_1623056521764\"><div class=\"wpb_column wpb_animate_when_almost_visible wpb_fadeInUp fadeInUp vc_column_container vc_col-sm-12\"><div class=\"vc_column-inner\"><div class=\"wpb_wrapper\"><h3 style=\"font-size: 40px;color: #ffffff;text-align: center;font-family:Montserrat;font-weight:700;font-style:normal\" class=\"vc_custom_heading vc_custom_1632285504959\" >CME \/ D\u00fc\u015fme Test Sistemleri<\/h3><div class=\"vc_custom_1632221815559 wpex-clr\"><div class=\"theme-button-wrap textcenter wpex-clr\"><a href=\"https:\/\/www.tempatech.com\/tr\/contact\/\" class=\"vcex-button theme-button align-center inline\" style=\"background:#881c22;font-family:Montserrat;\" data-wpex-hover='{&quot;background&quot;:&quot;#ffffff&quot;,&quot;color&quot;:&quot;#0a0a0a&quot;}'><span class=\"theme-button-inner\">Bu \u00fcr\u00fcnleri sat\u0131n almak i\u00e7in bizimle ileti\u015fime ge\u00e7in!<span class=\"vcex-icon-wrap theme-button-icon-right\"><span class=\"ticon ticon-telegram\" aria-hidden=\"true\"><\/span><\/span><\/span><\/a><\/div><\/div> <\/div><\/div><\/div><\/div><\/div><div class=\"vc_row-full-width vc_clearfix\"><\/div><div data-vc-full-width=\"true\" data-vc-full-width-init=\"false\" class=\"vc_section wpb_animate_when_almost_visible wpb_appear appear vc_custom_1632221834743 wpex-vc_section-has-fill wpex-vc-row-stretched\"><\/div><div class=\"vc_row-full-width vc_clearfix\"><\/div><div class=\"vc_section wpb_animate_when_almost_visible wpb_fadeInUp fadeInUp vc_custom_1632285998835\" data-ls_id=\"#KRD40\"><div class=\"vc_row wpb_row vc_row-fluid vc_row-o-content-middle vc_row-flex\"><div class=\"wpb_column wpb_animate_when_almost_visible wpb_fadeInLeft fadeInLeft vc_column_container vc_col-sm-6\"><div class=\"vc_column-inner\"><div class=\"wpb_wrapper\">\n\t<div  class=\"wpb_single_image wpb_content_element vc_align_\">\n\t\t\n\t\t<figure class=\"wpb_wrapper vc_figure\">\n\t\t\t<a data-gallery=\"[{&quot;src&quot;:&quot;https:\\\/\\\/www.tempatech.com\\\/wp-content\\\/uploads\\\/2021\\\/09\\\/KRD40-3.png&quot;},{&quot;src&quot;:&quot;https:\\\/\\\/www.tempatech.com\\\/wp-content\\\/uploads\\\/2021\\\/09\\\/KRD40-1.png&quot;},{&quot;src&quot;:&quot;https:\\\/\\\/www.tempatech.com\\\/wp-content\\\/uploads\\\/2021\\\/09\\\/KRD40-2.png&quot;}]\" href=\"#\" target=\"_self\" class=\"vc_single_image-wrapper wpex-lightbox-gallery wpex-image-hover opacity-invert vc_box_shadow  vc_box_border_grey\"><img loading=\"lazy\" decoding=\"async\" class=\"vc_single_image-img\" src=\"https:\/\/www.tempatech.com\/wp-content\/uploads\/2021\/09\/KRD40-600x300.png\" width=\"600\" height=\"300\" alt=\"KRD40\" title=\"KRD40\" \/><\/a>\n\t\t<\/figure>\n\t<\/div>\n<div class=\"vc_custom_1632285838555 wpex-clr\"><div class=\"theme-button-wrap textcenter theme-button-block-wrap wpex-block wpex-clear wpex-clr\"><a href=\"https:\/\/www.tempatech.com\/wp-content\/uploads\/2021\/09\/KRD40TS.png\" class=\"vcex-button theme-button minimal-border small align-center block hvr hvr-float-shadow wpex-lightbox\" style=\"color:#000000;border-radius:1px;font-family:Montserrat;\" data-wpex-hover='{&quot;background&quot;:&quot;#881c22&quot;,&quot;color&quot;:&quot;#ffffff&quot;}'><span class=\"theme-button-inner\">TEKN\u0130K \u00d6ZELL\u0130KLERi G\u00d6RMEK \u0130\u00c7\u0130N TIKLAYINIZ<span class=\"vcex-icon-wrap theme-button-icon-right\"><span class=\"ticon ticon-table\" aria-hidden=\"true\"><\/span><\/span><\/span><\/a><\/div><\/div> <\/div><\/div><\/div><div class=\"wpb_column wpb_animate_when_almost_visible wpb_fadeInRight fadeInRight vc_column_container vc_col-sm-6\"><div class=\"vc_column-inner\"><div class=\"wpb_wrapper\">\n\t<div class=\"wpb_text_column wpb_content_element  vc_custom_1632289273499\" >\n\t\t<div class=\"wpb_wrapper\">\n\t\t\t<p><span style=\"font-size: 18px;\"><strong><span style=\"font-family: Montserrat;\"><span style=\"color: #000000;\">KRD40 <\/span><span style=\"color: #881c22; font-size: 24px;\">S\u0131f\u0131r Mesafe D\u00fc\u015fme Test Sistemi<\/span><\/span><\/strong><\/span><\/p>\n\n\t\t<\/div>\n\t<\/div>\n\n\t<div style=\"color:#000000;font-family:Montserrat;\" class=\"wpb_text_column has-custom-color wpex-child-inherit-color wpb_content_element  vc_custom_1632285598543\" >\n\t\t<div class=\"wpb_wrapper\">\n\t\t\t<p>KRD40 serisi d\u00fc\u015fme test cihaz\u0131, esas olarak b\u00fcy\u00fck ve a\u011f\u0131r ambalaj \u00fcr\u00fcnlerinin d\u00fc\u015fmeye ve darbeye kar\u015f\u0131 direncini sim\u00fcle eder. G\u00fc\u00e7l\u00fc sistemi ve benzersiz numune tutucusu, b\u00fcy\u00fck ve a\u011f\u0131r \u00f6\u011felerin kolayca y\u00fcklenmesini ve bo\u015falt\u0131lmas\u0131n\u0131 kolayla\u015ft\u0131r\u0131r. Y\u00fckseklikten sonra d\u00fc\u015fme testi tamamlan\u0131r. Numunenin kenar\u0131n\u0131n, y\u00fczeyinin ve a\u00e7\u0131s\u0131n\u0131n d\u00fc\u015fme testini ger\u00e7ekle\u015ftirebilir. Bu ekipman, esas olarak, \u00fcr\u00fcn ve ambalaj tasar\u0131m\u0131n\u0131 iyile\u015ftirmek i\u00e7in \u00fcr\u00fcn veya ambalaj\u0131n nakliye, y\u00fckleme ve bo\u015faltma s\u0131ras\u0131nda d\u00fc\u015fmelere dayanma kabiliyetini de\u011ferlendirmek i\u00e7in kullan\u0131l\u0131r.<\/p>\n<ul class=\"list-paddingleft-2\">\n<li>Pn\u00f6matik ve servo motorlar taraf\u0131ndan tahrik edilen, \u00fcst ve alt yer de\u011fi\u015ftirme k\u0131s\u0131tlamalar\u0131 ile stabil kald\u0131rma i\u015flemi, g\u00fcvenli bir \u015fekilde ger\u00e7ekle\u015ftirilir.<\/li>\n<li>Tek hatl\u0131 kald\u0131rma y\u00f6ntemi ile y\u00fckseklik iste\u011fe ba\u011fl\u0131 olarak ayarlanabilir.<\/li>\n<li>Test \u00f6rne\u011fini kenarlar, y\u00fczler ve a\u00e7\u0131lar gibi farkl\u0131 y\u00f6nlerde s\u0131k\u0131\u015ft\u0131rabilir ve b\u0131rakabilir.<\/li>\n<li>Test makinesi PLC tam otomatik kontrol, b\u00fcy\u00fck boyutlu renkli dokunmatik LCD ekran\u0131 i\u00e7erir.<\/li>\n<li>\u00d6zel bir temel gerekmez, ba\u015fka karma\u015f\u0131k i\u015flem veya kurulum gerekmez.<\/li>\n<li>Operat\u00f6rlerin g\u00fcvenli\u011fini sa\u011flamak i\u00e7in uzaktan kumanda ger\u00e7ekle\u015ftirilebilir<\/li>\n<\/ul>\n\n\t\t<\/div>\n\t<\/div>\n<\/div><\/div><\/div><\/div><\/div><div data-vc-full-width=\"true\" data-vc-full-width-init=\"false\" class=\"vc_section wpb_animate_when_almost_visible wpb_fadeInLeft fadeInLeft vc_custom_1632226753843 wpex-vc_section-has-fill wpex-vc-row-stretched\"><\/div><div class=\"vc_row-full-width vc_clearfix\"><\/div><div data-vc-full-width=\"true\" data-vc-full-width-init=\"false\" class=\"vc_section wpb_animate_when_almost_visible wpb_fadeInUp fadeInUp vc_custom_1632286008646 vc_section-o-content-middle vc_section-flex wpex-vc_section-has-fill wpex-vc-row-stretched\" data-ls_id=\"#KRD41\"><div class=\"vc_row wpb_row vc_row-fluid vc_row-o-content-middle vc_row-flex\"><div class=\"wpb_column wpb_animate_when_almost_visible wpb_fadeInLeft fadeInLeft vc_column_container vc_col-sm-6\"><div class=\"vc_column-inner\"><div class=\"wpb_wrapper\">\n\t<div class=\"wpb_text_column wpb_content_element  vc_custom_1632285695166\" >\n\t\t<div class=\"wpb_wrapper\">\n\t\t\t<p><span style=\"font-size: 18px;\"><strong><span style=\"font-family: Montserrat;\"><span style=\"color: #ffffff;\">KRD41<\/span> <span style=\"color: #881c22; font-size: 24px;\">K\u00fc\u00e7\u00fck Par\u00e7a D\u00fc\u015fme Test Sistemi<\/span><\/span><\/strong><\/span><\/p>\n\n\t\t<\/div>\n\t<\/div>\n\n\t<div style=\"color:#ffffff;font-family:Montserrat;\" class=\"wpb_text_column has-custom-color wpex-child-inherit-color wpb_content_element  vc_custom_1632285750983\" >\n\t\t<div class=\"wpb_wrapper\">\n\t\t\t<p>KRD41 serisi k\u00fc\u00e7\u00fck par\u00e7a d\u00fc\u015fme test cihaz\u0131, cep telefonlar\u0131, telsizler, elektronik s\u00f6zl\u00fckler, CD \/ MD \/ MP3 ve benzeri gibi k\u00fc\u00e7\u00fck t\u00fcketici elektroni\u011fi ve bile\u015fenlerinin serbest d\u00fc\u015fme testi i\u00e7in uygundur, uygulanabilir standartlar: JISC 0044 ve IEC 60068-2-32 . Elektronik \u00fcr\u00fcnler \u00fczerinde standart testler (y\u00fczey d\u00fc\u015fmesi, k\u00f6\u015fe d\u00fc\u015fmesi, kenar d\u00fc\u015fmesi vb.) ve veri toplama yoluyla, elektronik \u00fcr\u00fcnlerin nakliye ve ta\u015f\u0131ma s\u0131ras\u0131nda dikey d\u00fc\u015fme etkisini sim\u00fcle eder. \u00dcr\u00fcn\u00fcn tampon ve titre\u015fim s\u00f6n\u00fcmlemesinin tasar\u0131m\u0131 ve yap\u0131sal malzemelerin se\u00e7imi i\u00e7in bir temel sa\u011flar.<\/p>\n<p>Darbe dayan\u0131m\u0131n\u0131 veya nakliye s\u0131ras\u0131nda \u00fcr\u00fcn\u00fcn d\u00fc\u015fmesinin neden oldu\u011fu hasar\u0131 de\u011ferlendirmek i\u00e7in sadece \u00fcr\u00fcn b\u0131rak\u0131labilir veya ambalaj ile d\u00fc\u015f\u00fcr\u00fclebilir. \u00dcr\u00fcn kalitesini art\u0131rmak i\u00e7in vazge\u00e7ilmez bir test y\u00f6ntemidir. Elektronik \u00fcr\u00fcn ara\u015ft\u0131rma, geli\u015ftirme, kalite kontrol, \u00fcretim ve di\u011fer ba\u011flant\u0131lar i\u00e7in ge\u00e7erlidir.<\/p>\n<ul class=\"list-paddingleft-2\">\n<li>G\u00fcvenli\u011fi garanti etmek i\u00e7in \u00fcst ve alt yer de\u011fi\u015ftirme limiti.<\/li>\n<li>Kald\u0131rma y\u00fcksekli\u011fi, farkl\u0131 gereksinimleri kar\u015f\u0131lamak i\u00e7in iste\u011fe ba\u011fl\u0131 olarak ayarlanabilir.<\/li>\n<li>Test \u00f6rne\u011fini herhangi bir a\u00e7\u0131da s\u0131k\u0131\u015ft\u0131rabilir ve b\u0131rakabilir.<\/li>\n<li>Makineyi d\u00fcz bir mermer veya beton zemin \u00fczerine yerle\u015ftirmeniz yeterlidir, \u00f6zel bir temel gerekmez.<\/li>\n<li>Kullan\u0131m\u0131 kolay yaz\u0131l\u0131m aray\u00fcz\u00fc<\/li>\n<li>2 mm'ye kadar hassasiyetle d\u00fc\u015fme y\u00fcksekli\u011fi ayarlanabilir.<\/li>\n<li>\u00d6zel bir temel gerekmez, ba\u015fka karma\u015f\u0131k i\u015flem veya kurulum gerekmez.<\/li>\n<\/ul>\n\n\t\t<\/div>\n\t<\/div>\n<\/div><\/div><\/div><div class=\"wpb_column wpb_animate_when_almost_visible wpb_fadeInRight fadeInRight vc_column_container vc_col-sm-6\"><div class=\"vc_column-inner vc_custom_1632228598775\"><div class=\"wpb_wrapper\">\n\t<div  class=\"wpb_single_image wpb_content_element vc_align_\">\n\t\t\n\t\t<figure class=\"wpb_wrapper vc_figure\">\n\t\t\t<a data-gallery=\"[{&quot;src&quot;:&quot;https:\\\/\\\/www.tempatech.com\\\/wp-content\\\/uploads\\\/2021\\\/09\\\/KRD41-2-1500x2256.jpg&quot;},{&quot;src&quot;:&quot;https:\\\/\\\/www.tempatech.com\\\/wp-content\\\/uploads\\\/2021\\\/09\\\/KRD41-1.png&quot;}]\" href=\"#\" target=\"_self\" class=\"vc_single_image-wrapper wpex-lightbox-gallery wpex-image-hover opacity-invert vc_box_shadow  vc_box_border_grey\"><img loading=\"lazy\" decoding=\"async\" class=\"vc_single_image-img\" src=\"https:\/\/www.tempatech.com\/wp-content\/uploads\/2021\/09\/KRD41-600x300.png\" width=\"600\" height=\"300\" alt=\"KRD41\" title=\"KRD41\" \/><\/a>\n\t\t<\/figure>\n\t<\/div>\n<div class=\"vc_custom_1632285871106 wpex-clr\"><div class=\"theme-button-wrap textcenter theme-button-block-wrap wpex-block wpex-clear wpex-clr\"><a href=\"https:\/\/www.tempatech.com\/wp-content\/uploads\/2021\/09\/KRD40TS.png\" class=\"vcex-button theme-button minimal-border small align-center block hvr hvr-float-shadow wpex-lightbox\" style=\"color:#ffffff;font-family:Montserrat;\" data-wpex-hover='{&quot;background&quot;:&quot;#881c22&quot;,&quot;color&quot;:&quot;#ffffff&quot;}'><span class=\"theme-button-inner\">TEKN\u0130K \u00d6ZELL\u0130KLERi G\u00d6RMEK \u0130\u00c7\u0130N TIKLAYINIZ<span class=\"vcex-icon-wrap theme-button-icon-right\"><span class=\"ticon ticon-table\" aria-hidden=\"true\"><\/span><\/span><\/span><\/a><\/div><\/div> <\/div><\/div><\/div><\/div><\/div><div class=\"vc_row-full-width vc_clearfix\"><\/div><div data-vc-full-width=\"true\" data-vc-full-width-init=\"false\" class=\"vc_section wpb_animate_when_almost_visible wpb_fadeInRight fadeInRight vc_custom_1632226764662 wpex-vc_section-has-fill wpex-vc-row-stretched\"><\/div><div class=\"vc_row-full-width vc_clearfix\"><\/div><div data-vc-full-width=\"true\" data-vc-full-width-init=\"false\" class=\"vc_section wpb_animate_when_almost_visible wpb_fadeInUp fadeInUp vc_custom_1632286017050 vc_section-o-content-middle vc_section-flex wpex-vc_section-has-fill wpex-vc-row-stretched\" data-ls_id=\"#KRD42\"><div class=\"vc_row wpb_row vc_row-fluid vc_row-o-content-middle vc_row-flex\"><div class=\"wpb_column wpb_animate_when_almost_visible wpb_fadeInLeft fadeInLeft vc_column_container vc_col-sm-6\"><div class=\"vc_column-inner\"><div class=\"wpb_wrapper\">\n\t<div  class=\"wpb_single_image wpb_content_element vc_align_\">\n\t\t\n\t\t<figure class=\"wpb_wrapper vc_figure\">\n\t\t\t<a data-gallery=\"[{&quot;src&quot;:&quot;https:\\\/\\\/www.tempatech.com\\\/wp-content\\\/uploads\\\/2021\\\/09\\\/612419871d14391baf174d1c957b4533.png&quot;},{&quot;src&quot;:&quot;https:\\\/\\\/www.tempatech.com\\\/wp-content\\\/uploads\\\/2021\\\/09\\\/622f9457a4273798b9e8a9f568220408.png&quot;},{&quot;src&quot;:&quot;https:\\\/\\\/www.tempatech.com\\\/wp-content\\\/uploads\\\/2021\\\/09\\\/89210d307a3b9ad77c1491ed0a7f8836.png&quot;},{&quot;src&quot;:&quot;https:\\\/\\\/www.tempatech.com\\\/wp-content\\\/uploads\\\/2021\\\/09\\\/787c5f4fb0a935e295ef6fb1ffd383f2.png&quot;}]\" href=\"#\" target=\"_self\" class=\"vc_single_image-wrapper wpex-lightbox-gallery wpex-image-hover opacity-invert vc_box_shadow  vc_box_border_grey\"><img loading=\"lazy\" decoding=\"async\" class=\"vc_single_image-img\" src=\"https:\/\/www.tempatech.com\/wp-content\/uploads\/2021\/09\/KRD42-600x300.png\" width=\"600\" height=\"300\" alt=\"KRD42\" title=\"KRD42\" \/><\/a>\n\t\t<\/figure>\n\t<\/div>\n<div class=\"vc_custom_1632285987941 wpex-clr\"><div class=\"theme-button-wrap textcenter theme-button-block-wrap wpex-block wpex-clear wpex-clr\"><a href=\"https:\/\/www.tempatech.com\/wp-content\/uploads\/2021\/09\/KRD40TS.png\" class=\"vcex-button theme-button minimal-border white small align-center block hvr hvr-float-shadow wpex-lightbox\" style=\"color:#ffffff;border-radius:1px;font-family:Montserrat;\" data-wpex-hover='{&quot;background&quot;:&quot;#881c22&quot;,&quot;color&quot;:&quot;#ffffff&quot;}'><span class=\"theme-button-inner\">TEKN\u0130K \u00d6ZELL\u0130KLERi G\u00d6RMEK \u0130\u00c7\u0130N TIKLAYINIZ<span class=\"vcex-icon-wrap theme-button-icon-right\"><span class=\"ticon ticon-table\" aria-hidden=\"true\"><\/span><\/span><\/span><\/a><\/div><\/div> <\/div><\/div><\/div><div class=\"wpb_column wpb_animate_when_almost_visible wpb_fadeInRight fadeInRight vc_column_container vc_col-sm-6\"><div class=\"vc_column-inner vc_custom_1632229839769\"><div class=\"wpb_wrapper\">\n\t<div class=\"wpb_text_column wpb_content_element  vc_custom_1632285726427\" >\n\t\t<div class=\"wpb_wrapper\">\n\t\t\t<p><span style=\"font-size: 18px;\"><strong><span style=\"font-family: Montserrat;\"><span style=\"color: #ffffff;\">KRD42<\/span> <span style=\"color: #881c22; font-size: 24px;\">\u00c7ift Kald\u0131rma S\u0131f\u0131r Mesafeden D\u00fc\u015fme Test Sistemi<\/span><\/span><\/strong><\/span><\/p>\n\n\t\t<\/div>\n\t<\/div>\n\n\t<div style=\"color:#ffffff;font-family:Montserrat;\" class=\"wpb_text_column has-custom-color wpex-child-inherit-color wpb_content_element  vc_custom_1632285777812\" >\n\t\t<div class=\"wpb_wrapper\">\n\t\t\t<p>KRD42 serisi d\u00fc\u015fme test cihaz\u0131, esas olarak b\u00fcy\u00fck ve a\u011f\u0131r ambalaj \u00fcr\u00fcnlerinin d\u00fc\u015fmeye ve darbeye kar\u015f\u0131 direncini sim\u00fcle eder. G\u00fc\u00e7l\u00fc sistemi ve benzersiz numune tutucusu, b\u00fcy\u00fck ve a\u011f\u0131r \u00f6\u011felerin kolayca y\u00fcklenmesini ve bo\u015falt\u0131lmas\u0131n\u0131 kolayla\u015ft\u0131r\u0131r. Y\u00fckseklikten sonra d\u00fc\u015fme testi tamamlan\u0131r. Numunenin kenar, y\u00fczey ve a\u00e7\u0131s\u0131n\u0131n d\u00fc\u015fme testini ger\u00e7ekle\u015ftirebilir. Bu ekipman, esas olarak, \u00fcr\u00fcn ve ambalaj tasar\u0131m\u0131n\u0131 iyile\u015ftirmek i\u00e7in, \u00fcr\u00fcn veya ambalaj\u0131n nakliye ve y\u00fckleme ve bo\u015faltma s\u0131ras\u0131nda d\u00fc\u015fmelere dayanma kabiliyetini de\u011ferlendirmek i\u00e7in kullan\u0131l\u0131r.<\/p>\n<ul class=\"list-paddingleft-2\">\n<li>Pn\u00f6matik ve servo motorlar taraf\u0131ndan tahrik edilen, \u00fcst ve alt yer de\u011fi\u015ftirme k\u0131s\u0131tlamalar\u0131 ile stabil kald\u0131rma i\u015flemi, g\u00fcvenli bir \u015fekilde ger\u00e7ekle\u015ftirilir.<\/li>\n<li>\u00c7ift hatl\u0131 kald\u0131rma y\u00f6ntemi ile y\u00fckseklik iste\u011fe ba\u011fl\u0131 olarak ayarlanabilir.<\/li>\n<li>Test \u00f6rne\u011fini kenarlar, y\u00fczler ve a\u00e7\u0131lar gibi farkl\u0131 y\u00f6nlerde s\u0131k\u0131\u015ft\u0131rabilir ve b\u0131rakabilir.<\/li>\n<li>Test makinesi PLC tam otomatik kontrol, b\u00fcy\u00fck boyutlu renkli dokunmatik LCD ekran\u0131 i\u00e7erir.<\/li>\n<li>\u00d6zel bir temel gerekmez, ba\u015fka karma\u015f\u0131k i\u015flem veya kurulum gerekmez.<\/li>\n<li>Operat\u00f6rlerin g\u00fcvenli\u011fini sa\u011flamak i\u00e7in uzaktan kumanda ger\u00e7ekle\u015ftirilebilir<\/li>\n<\/ul>\n\n\t\t<\/div>\n\t<\/div>\n<\/div><\/div><\/div><\/div><\/div><div class=\"vc_row-full-width vc_clearfix\"><\/div><div data-vc-full-width=\"true\" data-vc-full-width-init=\"false\" class=\"vc_section wpb_animate_when_almost_visible wpb_fadeInLeft fadeInLeft vc_custom_1632226775796 wpex-vc_section-has-fill wpex-vc-row-stretched\"><\/div><div class=\"vc_row-full-width vc_clearfix\"><\/div>","protected":false},"excerpt":{"rendered":"CME \/ Drop Test SystemsContact us to get a product VIEW TECHNICAL SPECIFICATIONS KRD40 Zero-distance Drop Test System KRD40 series drop tester, mainly simulates the resistance to drop and impact of large and heavy packaging products. Its strong power system and unique sample holder facilitate easy loading and unloading of oversized and overweight items and&hellip;","protected":false},"author":1,"featured_media":0,"parent":2021,"menu_order":0,"comment_status":"closed","ping_status":"closed","template":"","meta":{"footnotes":""},"_links":{"self":[{"href":"https:\/\/www.tempatech.com\/tr\/wp-json\/wp\/v2\/pages\/2141"}],"collection":[{"href":"https:\/\/www.tempatech.com\/tr\/wp-json\/wp\/v2\/pages"}],"about":[{"href":"https:\/\/www.tempatech.com\/tr\/wp-json\/wp\/v2\/types\/page"}],"author":[{"embeddable":true,"href":"https:\/\/www.tempatech.com\/tr\/wp-json\/wp\/v2\/users\/1"}],"replies":[{"embeddable":true,"href":"https:\/\/www.tempatech.com\/tr\/wp-json\/wp\/v2\/comments?post=2141"}],"version-history":[{"count":3,"href":"https:\/\/www.tempatech.com\/tr\/wp-json\/wp\/v2\/pages\/2141\/revisions"}],"predecessor-version":[{"id":2218,"href":"https:\/\/www.tempatech.com\/tr\/wp-json\/wp\/v2\/pages\/2141\/revisions\/2218"}],"up":[{"embeddable":true,"href":"https:\/\/www.tempatech.com\/tr\/wp-json\/wp\/v2\/pages\/2021"}],"wp:attachment":[{"href":"https:\/\/www.tempatech.com\/tr\/wp-json\/wp\/v2\/media?parent=2141"}],"curies":[{"name":"wp","href":"https:\/\/api.w.org\/{rel}","templated":true}]}}