{"id":2173,"date":"2021-09-22T08:14:38","date_gmt":"2021-09-22T05:14:38","guid":{"rendered":"https:\/\/www.tempatech.com\/?page_id=2173"},"modified":"2021-09-22T08:40:59","modified_gmt":"2021-09-22T05:40:59","slug":"transportation-simulation-test-systems","status":"publish","type":"page","link":"https:\/\/www.tempatech.com\/tr\/test-measurement-systems\/cme\/transportation-simulation-test-systems\/","title":{"rendered":"Ula\u015f\u0131m Sim\u00fclasyon Test Sistemleri"},"content":{"rendered":"<div data-vc-full-width=\"true\" data-vc-full-width-init=\"false\" class=\"vc_section wpb_animate_when_almost_visible wpb_appear appear vc_custom_1632221636155 wpex-vc_section-has-fill wpex-vc-row-stretched\"><div class=\"vc_row wpb_row vc_row-fluid vc_custom_1623056521764\"><div class=\"wpb_column wpb_animate_when_almost_visible wpb_fadeInUp fadeInUp vc_column_container vc_col-sm-12\"><div class=\"vc_column-inner\"><div class=\"wpb_wrapper\"><h3 style=\"font-size: 40px;color: #ffffff;text-align: center;font-family:Montserrat;font-weight:700;font-style:normal\" class=\"vc_custom_heading vc_custom_1632287375042\" >CME \/ Ula\u015f\u0131m Sim\u00fclasyon Test Sistemleri<\/h3><div class=\"vc_custom_1632221815559 wpex-clr\"><div class=\"theme-button-wrap textcenter wpex-clr\"><a href=\"https:\/\/www.tempatech.com\/tr\/contact\/\" class=\"vcex-button theme-button align-center inline\" style=\"background:#881c22;font-family:Montserrat;\" data-wpex-hover='{&quot;background&quot;:&quot;#ffffff&quot;,&quot;color&quot;:&quot;#0a0a0a&quot;}'><span class=\"theme-button-inner\">Bu \u00fcr\u00fcnleri sat\u0131n almak i\u00e7in bizimle ileti\u015fime ge\u00e7in!<span class=\"vcex-icon-wrap theme-button-icon-right\"><span class=\"ticon ticon-telegram\" aria-hidden=\"true\"><\/span><\/span><\/span><\/a><\/div><\/div> <\/div><\/div><\/div><\/div><\/div><div class=\"vc_row-full-width vc_clearfix\"><\/div><div data-vc-full-width=\"true\" data-vc-full-width-init=\"false\" class=\"vc_section wpb_animate_when_almost_visible wpb_appear appear vc_custom_1632221834743 wpex-vc_section-has-fill wpex-vc-row-stretched\"><\/div><div class=\"vc_row-full-width vc_clearfix\"><\/div><div class=\"vc_section wpb_animate_when_almost_visible wpb_fadeInUp fadeInUp vc_custom_1632287668805\" data-ls_id=\"#KRD50\"><div class=\"vc_row wpb_row vc_row-fluid vc_row-o-content-middle vc_row-flex\"><div class=\"wpb_column wpb_animate_when_almost_visible wpb_fadeInLeft fadeInLeft vc_column_container vc_col-sm-6\"><div class=\"vc_column-inner\"><div class=\"wpb_wrapper\">\n\t<div  class=\"wpb_single_image wpb_content_element vc_align_\">\n\t\t\n\t\t<figure class=\"wpb_wrapper vc_figure\">\n\t\t\t<a data-gallery=\"[{&quot;src&quot;:&quot;https:\\\/\\\/www.tempatech.com\\\/wp-content\\\/uploads\\\/2021\\\/09\\\/KRD50-4.png&quot;},{&quot;src&quot;:&quot;https:\\\/\\\/www.tempatech.com\\\/wp-content\\\/uploads\\\/2021\\\/09\\\/KRD50-1.png&quot;},{&quot;src&quot;:&quot;https:\\\/\\\/www.tempatech.com\\\/wp-content\\\/uploads\\\/2021\\\/09\\\/KRD50-2.png&quot;},{&quot;src&quot;:&quot;https:\\\/\\\/www.tempatech.com\\\/wp-content\\\/uploads\\\/2021\\\/09\\\/KRD50-3.png&quot;}]\" href=\"#\" target=\"_self\" class=\"vc_single_image-wrapper wpex-lightbox-gallery wpex-image-hover opacity-invert vc_box_shadow  vc_box_border_grey\"><img loading=\"lazy\" decoding=\"async\" class=\"vc_single_image-img\" src=\"https:\/\/www.tempatech.com\/wp-content\/uploads\/2021\/09\/KRD50-600x300.png\" width=\"600\" height=\"300\" alt=\"KRD50\" title=\"KRD50\" \/><\/a>\n\t\t<\/figure>\n\t<\/div>\n<div class=\"vc_custom_1632287569751 wpex-clr\"><div class=\"theme-button-wrap textcenter theme-button-block-wrap wpex-block wpex-clear wpex-clr\"><a href=\"https:\/\/www.tempatech.com\/wp-content\/uploads\/2021\/09\/KRD50TS.png\" class=\"vcex-button theme-button minimal-border small align-center block hvr hvr-float-shadow wpex-lightbox\" style=\"color:#000000;border-radius:1px;font-family:Montserrat;\" data-wpex-hover='{&quot;background&quot;:&quot;#881c22&quot;,&quot;color&quot;:&quot;#ffffff&quot;}'><span class=\"theme-button-inner\">TEKN\u0130K \u00d6ZELL\u0130KLERi G\u00d6RMEK \u0130\u00c7\u0130N TIKLAYINIZ<span class=\"vcex-icon-wrap theme-button-icon-right\"><span class=\"ticon ticon-table\" aria-hidden=\"true\"><\/span><\/span><\/span><\/a><\/div><\/div> <\/div><\/div><\/div><div class=\"wpb_column wpb_animate_when_almost_visible wpb_fadeInRight fadeInRight vc_column_container vc_col-sm-6\"><div class=\"vc_column-inner\"><div class=\"wpb_wrapper\">\n\t<div class=\"wpb_text_column wpb_content_element  vc_custom_1632289256260\" >\n\t\t<div class=\"wpb_wrapper\">\n\t\t\t<p><span style=\"font-size: 18px;\"><strong><span style=\"font-family: Montserrat;\"><span style=\"color: #000000;\">KRD50 <\/span><span style=\"color: #881c22; font-size: 24px;\">Ula\u015f\u0131m Sim\u00fclasyon Test Sistemi<\/span><\/span><\/strong><\/span><\/p>\n\n\t\t<\/div>\n\t<\/div>\n\n\t<div style=\"color:#000000;font-family:Montserrat;\" class=\"wpb_text_column has-custom-color wpex-child-inherit-color wpb_content_element  vc_custom_1632287447744\" >\n\t\t<div class=\"wpb_wrapper\">\n\t\t\t<p>KRD50 serisi ula\u015f\u0131m sim\u00fclasyonu test sistemi, ger\u00e7ek trafik testinin yerini alabilir ve laboratuvarda, paketlenmi\u015f veya ambalajs\u0131z \u00fcr\u00fcnlerin karayolu ta\u015f\u0131mac\u0131l\u0131\u011f\u0131 sim\u00fclasyon testini tamamlayabilir. Sim\u00fclasyon ko\u015fullar\u0131, ara\u00e7 20-80km\/s h\u0131zla giderken, \u00fcr\u00fcn\u00fcn ambalajl\u0131 veya ambalajs\u0131z otomobil ta\u015f\u0131mac\u0131l\u0131\u011f\u0131n\u0131n titre\u015fimine uyarlanabilirli\u011fini de\u011ferlendirmek i\u00e7in olu\u015fturulan rastgele titre\u015fim ortam\u0131d\u0131r.<\/p>\n<ul>\n<li>Geni\u015f bant rastgele titre\u015fimi sim\u00fcle etmek i\u00e7in alt bant yakla\u015f\u0131m\u0131 y\u00f6ntemi kullan\u0131l\u0131r. Her alt bant bir ana do\u011fal frekans i\u00e7erir ve alt band\u0131n g\u00fc\u00e7 spektrumunu kar\u015f\u0131lar.<\/li>\n<li>Test tezgah\u0131n\u0131n titre\u015fim b\u00fcy\u00fckl\u00fc\u011f\u00fc ve \u00e7al\u0131\u015fma s\u00fcresi, ger\u00e7ek yol spektrumu ile tutarl\u0131d\u0131r.<\/li>\n<li>Kamyon \u015fasisi s\u00fcspansiyon teknolojisi, h\u0131zlanma fakt\u00f6r\u00fc, AC ve frekans ayarlanabilir.<\/li>\n<li>\u00d6zel bir temele, ba\u015fka karma\u015f\u0131k bir operasyona veya kuruluma gerek yoktur.<\/li>\n<\/ul>\n\n\t\t<\/div>\n\t<\/div>\n<\/div><\/div><\/div><\/div><\/div><div data-vc-full-width=\"true\" data-vc-full-width-init=\"false\" class=\"vc_section wpb_animate_when_almost_visible wpb_fadeInLeft fadeInLeft vc_custom_1632226753843 wpex-vc_section-has-fill wpex-vc-row-stretched\"><\/div><div class=\"vc_row-full-width vc_clearfix\"><\/div><div data-vc-full-width=\"true\" data-vc-full-width-init=\"false\" class=\"vc_section wpb_animate_when_almost_visible wpb_fadeInUp fadeInUp vc_custom_1632287676586 vc_section-o-content-middle vc_section-flex wpex-vc_section-has-fill wpex-vc-row-stretched\" data-ls_id=\"#KRD51\"><div class=\"vc_row wpb_row vc_row-fluid vc_row-o-content-middle vc_row-flex\"><div class=\"wpb_column wpb_animate_when_almost_visible wpb_fadeInLeft fadeInLeft vc_column_container vc_col-sm-6\"><div class=\"vc_column-inner\"><div class=\"wpb_wrapper\">\n\t<div class=\"wpb_text_column wpb_content_element  vc_custom_1632287475502\" >\n\t\t<div class=\"wpb_wrapper\">\n\t\t\t<p><span style=\"font-size: 18px;\"><strong><span style=\"font-family: Montserrat;\"><span style=\"color: #ffffff;\">KRD51<\/span> <span style=\"color: #881c22; font-size: 21px;\">Ula\u015f\u0131m S\u0131\u00e7rama Test Sistemi<\/span><\/span><\/strong><\/span><\/p>\n\n\t\t<\/div>\n\t<\/div>\n\n\t<div style=\"color:#ffffff;font-family:Montserrat;\" class=\"wpb_text_column has-custom-color wpex-child-inherit-color wpb_content_element  vc_custom_1632287501687\" >\n\t\t<div class=\"wpb_wrapper\">\n\t\t\t<p>KRD51 nakliye s\u0131\u00e7rama testi sistemi, d\u00f6kme \u00fcr\u00fcnler kara yoluyla ta\u015f\u0131n\u0131rken ara\u00e7 uyarlanabilirli\u011fini ve \u00fcr\u00fcn yap\u0131s\u0131n\u0131n g\u00fcvenilirli\u011fini ve b\u00fct\u00fcnl\u00fc\u011f\u00fcn\u00fcn de\u011ferlendirilmesini belirlemek i\u00e7in toplu \u00fcr\u00fcn ta\u015f\u0131mac\u0131l\u0131\u011f\u0131 s\u0131ras\u0131nda ya\u015fanan rastgele \u015fok ortam\u0131 testini sim\u00fcle etmek i\u00e7in uygundur. \u00dcr\u00fcnler aras\u0131nda veya \u00fcr\u00fcnler ile arac\u0131n yanlar\u0131 veya alt\u0131 aras\u0131nda serbest s\u0131\u00e7rama, \u00e7arpma ve s\u00fcrt\u00fcnme olacakt\u0131r.<\/p>\n<p>Uluslararas\u0131 G\u00fcvenli Transit Birli\u011fi (ISTA), askeri teste benzeyen sivil bir paket test prosed\u00fcr\u00fc geli\u015ftirdi: 150 lb'den (68 kg) hafif \u00fcr\u00fcnler i\u00e7in 1A ve 150 lb'den (68 kg) fazla \u00fcr\u00fcnler i\u00e7in 1B. 1C, 1D, 2A gibi m\u00fcteakip prosed\u00fcrlerde ek testler ve ayr\u0131ca kargo temel testini atmosferik ko\u015fulland\u0131rma ve di\u011fer fakt\u00f6rlerle birle\u015ftirir.<\/p>\n<p>MIL-STD-810 ve ISTA Prosed\u00fcrleri 1A ve 1B, 150 mil (240 km) mesafeye kadar tekrarlanan titre\u015fime (s\u0131\u00e7rama testi) maruz kalan ve di\u011fer kargolarla, duvarlar ve zeminle tekrar tekrar \u00e7arp\u0131\u015fan paketler i\u00e7in paket test prosed\u00fcrleri sunar.<\/p>\n<ul>\n<li>Standart test makinesi, ayarlamaya gerek kalmadan kullan\u0131m\u0131 kolay.<\/li>\n<li>\u0130ste\u011fe ba\u011fl\u0131 bilgisayar kontrol\u00fc ve veri toplama i\u015flevleri.<\/li>\n<li>\u00d6zel bir temele, ba\u015fka karma\u015f\u0131k bir operasyona veya kuruluma gerek yoktur.<\/li>\n<\/ul>\n\n\t\t<\/div>\n\t<\/div>\n<\/div><\/div><\/div><div class=\"wpb_column wpb_animate_when_almost_visible wpb_fadeInRight fadeInRight vc_column_container vc_col-sm-6\"><div class=\"vc_column-inner vc_custom_1632228598775\"><div class=\"wpb_wrapper\">\n\t<div  class=\"wpb_single_image wpb_content_element vc_align_\">\n\t\t\n\t\t<figure class=\"wpb_wrapper vc_figure\">\n\t\t\t<a data-gallery=\"[{&quot;src&quot;:&quot;https:\\\/\\\/www.tempatech.com\\\/wp-content\\\/uploads\\\/2021\\\/09\\\/KRD51-4.png&quot;},{&quot;src&quot;:&quot;https:\\\/\\\/www.tempatech.com\\\/wp-content\\\/uploads\\\/2021\\\/09\\\/KRD51-2.png&quot;},{&quot;src&quot;:&quot;https:\\\/\\\/www.tempatech.com\\\/wp-content\\\/uploads\\\/2021\\\/09\\\/KRD51-3.png&quot;}]\" href=\"#\" target=\"_self\" class=\"vc_single_image-wrapper wpex-lightbox-gallery wpex-image-hover opacity-invert vc_box_shadow  vc_box_border_grey\"><img loading=\"lazy\" decoding=\"async\" class=\"vc_single_image-img\" src=\"https:\/\/www.tempatech.com\/wp-content\/uploads\/2021\/09\/KRD51-600x300.png\" width=\"600\" height=\"300\" alt=\"KRD51\" title=\"KRD51\" \/><\/a>\n\t\t<\/figure>\n\t<\/div>\n<div class=\"vc_custom_1632287634456 wpex-clr\"><div class=\"theme-button-wrap textcenter theme-button-block-wrap wpex-block wpex-clear wpex-clr\"><a href=\"https:\/\/www.tempatech.com\/wp-content\/uploads\/2021\/09\/KRD51TS.png\" class=\"vcex-button theme-button minimal-border small align-center block hvr hvr-float-shadow wpex-lightbox\" style=\"color:#ffffff;font-family:Montserrat;\" data-wpex-hover='{&quot;background&quot;:&quot;#881c22&quot;,&quot;color&quot;:&quot;#ffffff&quot;}'><span class=\"theme-button-inner\">TEKN\u0130K \u00d6ZELL\u0130KLERi G\u00d6RMEK \u0130\u00c7\u0130N TIKLAYINIZ<span class=\"vcex-icon-wrap theme-button-icon-right\"><span class=\"ticon ticon-table\" aria-hidden=\"true\"><\/span><\/span><\/span><\/a><\/div><\/div> <\/div><\/div><\/div><\/div><\/div><div class=\"vc_row-full-width vc_clearfix\"><\/div><div data-vc-full-width=\"true\" data-vc-full-width-init=\"false\" class=\"vc_section wpb_animate_when_almost_visible wpb_fadeInRight fadeInRight vc_custom_1632226764662 wpex-vc_section-has-fill wpex-vc-row-stretched\"><\/div><div class=\"vc_row-full-width vc_clearfix\"><\/div>","protected":false},"excerpt":{"rendered":"CME \/ Transportation Simulation Test SystemsContact us to get a product VIEW TECHNICAL SPECIFICATIONS KRD50 Transportation Simulation Test System KRD50 series transportation simulation test system can replace the actual traffic testing, and complete the road transportation simulation test of packaged or unpackaged products in the laboratory. The simulation conditions are the random vibration environment generated&hellip;","protected":false},"author":1,"featured_media":0,"parent":2021,"menu_order":0,"comment_status":"closed","ping_status":"closed","template":"","meta":{"footnotes":""},"_links":{"self":[{"href":"https:\/\/www.tempatech.com\/tr\/wp-json\/wp\/v2\/pages\/2173"}],"collection":[{"href":"https:\/\/www.tempatech.com\/tr\/wp-json\/wp\/v2\/pages"}],"about":[{"href":"https:\/\/www.tempatech.com\/tr\/wp-json\/wp\/v2\/types\/page"}],"author":[{"embeddable":true,"href":"https:\/\/www.tempatech.com\/tr\/wp-json\/wp\/v2\/users\/1"}],"replies":[{"embeddable":true,"href":"https:\/\/www.tempatech.com\/tr\/wp-json\/wp\/v2\/comments?post=2173"}],"version-history":[{"count":3,"href":"https:\/\/www.tempatech.com\/tr\/wp-json\/wp\/v2\/pages\/2173\/revisions"}],"predecessor-version":[{"id":2217,"href":"https:\/\/www.tempatech.com\/tr\/wp-json\/wp\/v2\/pages\/2173\/revisions\/2217"}],"up":[{"embeddable":true,"href":"https:\/\/www.tempatech.com\/tr\/wp-json\/wp\/v2\/pages\/2021"}],"wp:attachment":[{"href":"https:\/\/www.tempatech.com\/tr\/wp-json\/wp\/v2\/media?parent=2173"}],"curies":[{"name":"wp","href":"https:\/\/api.w.org\/{rel}","templated":true}]}}