{"id":2174,"date":"2021-09-22T08:22:33","date_gmt":"2021-09-22T05:22:33","guid":{"rendered":"https:\/\/www.tempatech.com\/?page_id=2174"},"modified":"2021-09-22T08:41:03","modified_gmt":"2021-09-22T05:41:03","slug":"multi-axial-simulation-tables","status":"publish","type":"page","link":"https:\/\/www.tempatech.com\/tr\/test-measurement-systems\/cme\/multi-axial-simulation-tables\/","title":{"rendered":"\u00c7ok Eksenli Sim\u00fclasyon Standlar\u0131"},"content":{"rendered":"<div data-vc-full-width=\"true\" data-vc-full-width-init=\"false\" class=\"vc_section wpb_animate_when_almost_visible wpb_appear appear vc_custom_1632221636155 wpex-vc_section-has-fill wpex-vc-row-stretched\"><div class=\"vc_row wpb_row vc_row-fluid vc_custom_1623056521764\"><div class=\"wpb_column wpb_animate_when_almost_visible wpb_fadeInUp fadeInUp vc_column_container vc_col-sm-12\"><div class=\"vc_column-inner\"><div class=\"wpb_wrapper\"><h3 style=\"font-size: 40px;color: #ffffff;text-align: center;font-family:Montserrat;font-weight:700;font-style:normal\" class=\"vc_custom_heading vc_custom_1632287867688\" >CME \/ \u00c7ok Eksenli Sim\u00fclasyon Standlar\u0131<\/h3><div class=\"vc_custom_1632221815559 wpex-clr\"><div class=\"theme-button-wrap textcenter wpex-clr\"><a href=\"https:\/\/www.tempatech.com\/tr\/contact\/\" class=\"vcex-button theme-button align-center inline\" style=\"background:#881c22;font-family:Montserrat;\" data-wpex-hover='{&quot;background&quot;:&quot;#ffffff&quot;,&quot;color&quot;:&quot;#0a0a0a&quot;}'><span class=\"theme-button-inner\">Bu \u00fcr\u00fcnleri sat\u0131n almak i\u00e7in bizimle ileti\u015fime ge\u00e7in!<span class=\"vcex-icon-wrap theme-button-icon-right\"><span class=\"ticon ticon-telegram\" aria-hidden=\"true\"><\/span><\/span><\/span><\/a><\/div><\/div> <\/div><\/div><\/div><\/div><\/div><div class=\"vc_row-full-width vc_clearfix\"><\/div><div data-vc-full-width=\"true\" data-vc-full-width-init=\"false\" class=\"vc_section wpb_animate_when_almost_visible wpb_appear appear vc_custom_1632221834743 wpex-vc_section-has-fill wpex-vc-row-stretched\"><\/div><div class=\"vc_row-full-width vc_clearfix\"><\/div><div class=\"vc_section wpb_animate_when_almost_visible wpb_fadeInUp fadeInUp vc_custom_1632288131648\" data-ls_id=\"#KRD60\"><div class=\"vc_row wpb_row vc_row-fluid vc_row-o-content-middle vc_row-flex\"><div class=\"wpb_column wpb_animate_when_almost_visible wpb_fadeInLeft fadeInLeft vc_column_container vc_col-sm-6\"><div class=\"vc_column-inner\"><div class=\"wpb_wrapper\">\n\t<div  class=\"wpb_single_image wpb_content_element vc_align_\">\n\t\t\n\t\t<figure class=\"wpb_wrapper vc_figure\">\n\t\t\t<a data-gallery=\"[{&quot;src&quot;:&quot;https:\\\/\\\/www.tempatech.com\\\/wp-content\\\/uploads\\\/2021\\\/09\\\/KRD60-2.png&quot;},{&quot;src&quot;:&quot;https:\\\/\\\/www.tempatech.com\\\/wp-content\\\/uploads\\\/2021\\\/09\\\/KRD60-1.png&quot;}]\" href=\"#\" target=\"_self\" class=\"vc_single_image-wrapper wpex-lightbox-gallery wpex-image-hover opacity-invert vc_box_shadow  vc_box_border_grey\"><img loading=\"lazy\" decoding=\"async\" class=\"vc_single_image-img\" src=\"https:\/\/www.tempatech.com\/wp-content\/uploads\/2021\/09\/KRD60-600x300.png\" width=\"600\" height=\"300\" alt=\"KRD60\" title=\"KRD60\" \/><\/a>\n\t\t<\/figure>\n\t<\/div>\n<div class=\"vc_custom_1632288036264 wpex-clr\"><div class=\"theme-button-wrap textcenter theme-button-block-wrap wpex-block wpex-clear wpex-clr\"><a href=\"https:\/\/www.tempatech.com\/wp-content\/uploads\/2021\/09\/KRD60TS.png\" class=\"vcex-button theme-button minimal-border small align-center block hvr hvr-float-shadow wpex-lightbox\" style=\"color:#000000;border-radius:1px;font-family:Montserrat;\" data-wpex-hover='{&quot;background&quot;:&quot;#881c22&quot;,&quot;color&quot;:&quot;#ffffff&quot;}'><span class=\"theme-button-inner\">TEKN\u0130K \u00d6ZELL\u0130KLERi G\u00d6RMEK \u0130\u00c7\u0130N TIKLAYINIZ<span class=\"vcex-icon-wrap theme-button-icon-right\"><span class=\"ticon ticon-table\" aria-hidden=\"true\"><\/span><\/span><\/span><\/a><\/div><\/div> <\/div><\/div><\/div><div class=\"wpb_column wpb_animate_when_almost_visible wpb_fadeInRight fadeInRight vc_column_container vc_col-sm-6\"><div class=\"vc_column-inner\"><div class=\"wpb_wrapper\">\n\t<div class=\"wpb_text_column wpb_content_element  vc_custom_1632289243054\" >\n\t\t<div class=\"wpb_wrapper\">\n\t\t\t<p><span style=\"font-size: 18px;\"><strong><span style=\"font-family: Montserrat;\"><span style=\"color: #000000;\">KRD60 <\/span><span style=\"color: #881c22; font-size: 24px;\">3-DOF Test Sistemi<\/span><\/span><\/strong><\/span><\/p>\n\n\t\t<\/div>\n\t<\/div>\n\n\t<div style=\"color:#000000;font-family:Montserrat;\" class=\"wpb_text_column has-custom-color wpex-child-inherit-color wpb_content_element  vc_custom_1632287923591\" >\n\t\t<div class=\"wpb_wrapper\">\n\t\t\t<p>KRD60 Serisi 3 DOF sim\u00fclasyon tablosu, \u00fcr\u00fcn\u00fcn \u015fiddetli sallanma ve e\u011filme gereksinimlerine dayanma kabiliyetini ve yap\u0131sal b\u00fct\u00fcnl\u00fc\u011f\u00fcn\u00fc belirlemek i\u00e7in gemilere, deniz u\u00e7aklar\u0131na ve di\u011fer ekipmanlara kurulu \u00e7e\u015fitli mekanik, elektrikli ve elektronik \u00fcr\u00fcnleri sim\u00fcle eder. E\u011fim testi esas olarak gemi hasar\u0131, manip\u00fclasyon, y\u00fckleme ve bo\u015faltma dengesizli\u011fi ve r\u00fczgar\u0131n neden oldu\u011fu geni\u015f a\u00e7\u0131l\u0131 e\u011fim i\u00e7in ge\u00e7erlidir. Sallanma testi, \u00f6ncelikle, normal olarak s\u00fcrd\u00fcr\u00fclmesi gereken r\u00fczgar ve dalgalar gibi d\u0131\u015f kuvvetler veya g\u00fcvenilir \u015fekilde \u00e7al\u0131\u015fan \u00fcr\u00fcnler ve sallanan bir ortamda performanslar\u0131 \u00fczerinde \u00f6nemli bir etkisi olan \u00fcr\u00fcnler nedeniyle geminin uzun s\u00fcreli sallanmas\u0131 i\u00e7in ge\u00e7erlidir.<\/p>\n<ul>\n<li>Tek y\u00f6nl\u00fc hareketi veya yuvarlanma devirme, haddeleme, yalpalaman\u0131n bile\u015fik hareketini tamamlayabilir.<\/li>\n<li>Sabit Windows i\u015fletim sistemine dayal\u0131 ve otomatik uzaktan kumanda aray\u00fcz\u00fcn\u00fc destekler ve bu sayede operat\u00f6r, basit de\u011ferler girerek e\u011filme ve sal\u0131n\u0131m testini do\u011fru bir \u015fekilde tamamlayabilir.<\/li>\n<li>\u00c7al\u0131\u015fma aray\u00fcz\u00fc esas olarak veri e\u011frisinin ger\u00e7ek zamanl\u0131 g\u00f6sterimine dayan\u0131r, ayr\u0131ca test parametrelerini, sistem durumunu ve test ilerlemesini g\u00f6r\u00fcnt\u00fcleyebilir.<\/li>\n<li>Sin\u00fcs sinyali, kendi kendine kapanan d\u00f6ng\u00fc ayar\u0131, \u00e7e\u015fitli fonksiyon kontrol\u00fc ve alarm istemi i\u015flevlerini ger\u00e7ekle\u015ftirebilir.<\/li>\n<\/ul>\n\n\t\t<\/div>\n\t<\/div>\n<\/div><\/div><\/div><\/div><\/div><div data-vc-full-width=\"true\" data-vc-full-width-init=\"false\" class=\"vc_section wpb_animate_when_almost_visible wpb_fadeInLeft fadeInLeft vc_custom_1632226753843 wpex-vc_section-has-fill wpex-vc-row-stretched\"><\/div><div class=\"vc_row-full-width vc_clearfix\"><\/div><div data-vc-full-width=\"true\" data-vc-full-width-init=\"false\" class=\"vc_section wpb_animate_when_almost_visible wpb_fadeInUp fadeInUp vc_custom_1632288150289 vc_section-o-content-middle vc_section-flex wpex-vc_section-has-fill wpex-vc-row-stretched\" data-ls_id=\"#KRD61\"><div class=\"vc_row wpb_row vc_row-fluid vc_row-o-content-middle vc_row-flex\"><div class=\"wpb_column wpb_animate_when_almost_visible wpb_fadeInLeft fadeInLeft vc_column_container vc_col-sm-6\"><div class=\"vc_column-inner\"><div class=\"wpb_wrapper\">\n\t<div class=\"wpb_text_column wpb_content_element  vc_custom_1632287947987\" >\n\t\t<div class=\"wpb_wrapper\">\n\t\t\t<p><span style=\"font-size: 18px;\"><strong><span style=\"font-family: Montserrat;\"><span style=\"color: #ffffff;\">KRD61<\/span> <span style=\"color: #881c22; font-size: 21px;\">6-DOF Test Sistemi<\/span><\/span><\/strong><\/span><\/p>\n\n\t\t<\/div>\n\t<\/div>\n\n\t<div style=\"color:#ffffff;font-family:Montserrat;\" class=\"wpb_text_column has-custom-color wpex-child-inherit-color wpb_content_element  vc_custom_1632287967820\" >\n\t\t<div class=\"wpb_wrapper\">\n\t\t\t<p>KRD61 serisi 6-DOF sim\u00fclasyon tablosu, s\u0131ras\u0131yla \u00fcst ve alt platformlara ba\u011fl\u0131 alt\u0131 servo akt\u00fcat\u00f6r ve alt\u0131 set \u00f6zel mente\u015feden olu\u015fan kapal\u0131 d\u00f6ng\u00fc bir servo sim\u00fclasyon platformudur. Alt\u0131 akt\u00fcat\u00f6r\u00fcn teleskopik hareketi sayesinde, \u00fcst platform alt\u0131 serbestlik derecesinde (X, Y, Z, \u03b1, \u03b2, \u03b3) hareket eder, b\u00f6ylece \u00e7e\u015fitli uzay hareketi tutumlar\u0131 sim\u00fcle edilebilir.<\/p>\n<p>U\u00e7ak, gemi, helikopterlerin kalk\u0131\u015f ve ini\u015f, otomotiv, tren, deprem, sinema filmleri, e\u011flence ekipmanlar\u0131 ve di\u011fer alanlarda test veya e\u011fitim sim\u00fclat\u00f6rleri olarak yayg\u0131n olarak uygulanmaktad\u0131r. Hatta uzay gemilerinin yana\u015fmas\u0131 ve hava tankerlerinin yak\u0131t ikmali i\u00e7in bile kullan\u0131labilir. \u0130\u015fleme end\u00fcstrisinde alt\u0131 eksenli ba\u011flant\u0131l\u0131 tak\u0131m tezgahlar\u0131na, ak\u0131ll\u0131 robotlara vb. d\u00f6n\u00fc\u015ft\u00fcr\u00fclebilir.<\/p>\n<ul>\n<li>Duru\u015f sim\u00fclasyonu, sin\u00fcs dalgas\u0131 sim\u00fclasyonu, tek DOF hareketi ve \u00e7oklu DOF kompozit hareketi ger\u00e7ekle\u015ftirebilir.<\/li>\n<li>Yol spektrumu, dalga spektrumu ve u\u00e7u\u015f spektrumu \u00e7o\u011faltmas\u0131n\u0131 ger\u00e7ekle\u015ftirebilir.<\/li>\n<li>TCP \/ IP protokol\u00fc arac\u0131l\u0131\u011f\u0131yla \u00fc\u00e7\u00fcnc\u00fc taraf ileti\u015fim aray\u00fcz\u00fc sa\u011flar.<\/li>\n<li>Dahili ve harici veri \u00e7\u0131k\u0131\u015f\u0131 kontrol aray\u00fczleri sa\u011flar.<\/li>\n<\/ul>\n\n\t\t<\/div>\n\t<\/div>\n<\/div><\/div><\/div><div class=\"wpb_column wpb_animate_when_almost_visible wpb_fadeInRight fadeInRight vc_column_container vc_col-sm-6\"><div class=\"vc_column-inner vc_custom_1632228598775\"><div class=\"wpb_wrapper\">\n\t<div  class=\"wpb_single_image wpb_content_element vc_align_\">\n\t\t\n\t\t<figure class=\"wpb_wrapper vc_figure\">\n\t\t\t<a data-gallery=\"[{&quot;src&quot;:&quot;https:\\\/\\\/www.tempatech.com\\\/wp-content\\\/uploads\\\/2021\\\/09\\\/KRD61-2.png&quot;},{&quot;src&quot;:&quot;https:\\\/\\\/www.tempatech.com\\\/wp-content\\\/uploads\\\/2021\\\/09\\\/KRD61-1.png&quot;}]\" href=\"#\" target=\"_self\" class=\"vc_single_image-wrapper wpex-lightbox-gallery wpex-image-hover opacity-invert vc_box_shadow  vc_box_border_grey\"><img loading=\"lazy\" decoding=\"async\" class=\"vc_single_image-img\" src=\"https:\/\/www.tempatech.com\/wp-content\/uploads\/2021\/09\/KRD61-600x300.png\" width=\"600\" height=\"300\" alt=\"KRD61\" title=\"KRD61\" \/><\/a>\n\t\t<\/figure>\n\t<\/div>\n<div class=\"vc_custom_1632288107139 wpex-clr\"><div class=\"theme-button-wrap textcenter theme-button-block-wrap wpex-block wpex-clear wpex-clr\"><a href=\"https:\/\/www.tempatech.com\/wp-content\/uploads\/2021\/09\/KRD61TS.png\" class=\"vcex-button theme-button minimal-border small align-center block hvr hvr-float-shadow wpex-lightbox\" style=\"color:#ffffff;font-family:Montserrat;\" data-wpex-hover='{&quot;background&quot;:&quot;#881c22&quot;,&quot;color&quot;:&quot;#ffffff&quot;}'><span class=\"theme-button-inner\">TEKN\u0130K \u00d6ZELL\u0130KLERi G\u00d6RMEK \u0130\u00c7\u0130N TIKLAYINIZ<span class=\"vcex-icon-wrap theme-button-icon-right\"><span class=\"ticon ticon-table\" aria-hidden=\"true\"><\/span><\/span><\/span><\/a><\/div><\/div> <\/div><\/div><\/div><\/div><\/div><div class=\"vc_row-full-width vc_clearfix\"><\/div><div data-vc-full-width=\"true\" data-vc-full-width-init=\"false\" class=\"vc_section wpb_animate_when_almost_visible wpb_fadeInRight fadeInRight vc_custom_1632226764662 wpex-vc_section-has-fill wpex-vc-row-stretched\"><\/div><div class=\"vc_row-full-width vc_clearfix\"><\/div>","protected":false},"excerpt":{"rendered":"CME \/ Multi-Axial Simulation TablesContact us to get a product VIEW TECHNICAL SPECIFICATIONS KRD60 3-DOF Test System KRD60 Series 3 DOF simulation table simulates various mechanical, electrical, and electronic products installed on ships, seaplanes, and other equipment to perform sway and tilt tests to determine the ability and structural integrity of the product to withstand&hellip;","protected":false},"author":1,"featured_media":0,"parent":2021,"menu_order":0,"comment_status":"closed","ping_status":"closed","template":"","meta":{"footnotes":""},"_links":{"self":[{"href":"https:\/\/www.tempatech.com\/tr\/wp-json\/wp\/v2\/pages\/2174"}],"collection":[{"href":"https:\/\/www.tempatech.com\/tr\/wp-json\/wp\/v2\/pages"}],"about":[{"href":"https:\/\/www.tempatech.com\/tr\/wp-json\/wp\/v2\/types\/page"}],"author":[{"embeddable":true,"href":"https:\/\/www.tempatech.com\/tr\/wp-json\/wp\/v2\/users\/1"}],"replies":[{"embeddable":true,"href":"https:\/\/www.tempatech.com\/tr\/wp-json\/wp\/v2\/comments?post=2174"}],"version-history":[{"count":3,"href":"https:\/\/www.tempatech.com\/tr\/wp-json\/wp\/v2\/pages\/2174\/revisions"}],"predecessor-version":[{"id":2216,"href":"https:\/\/www.tempatech.com\/tr\/wp-json\/wp\/v2\/pages\/2174\/revisions\/2216"}],"up":[{"embeddable":true,"href":"https:\/\/www.tempatech.com\/tr\/wp-json\/wp\/v2\/pages\/2021"}],"wp:attachment":[{"href":"https:\/\/www.tempatech.com\/tr\/wp-json\/wp\/v2\/media?parent=2174"}],"curies":[{"name":"wp","href":"https:\/\/api.w.org\/{rel}","templated":true}]}}