{"id":2175,"date":"2021-09-22T08:27:51","date_gmt":"2021-09-22T05:27:51","guid":{"rendered":"https:\/\/www.tempatech.com\/?page_id=2175"},"modified":"2021-09-22T08:27:51","modified_gmt":"2021-09-22T05:27:51","slug":"vibration-shakers","status":"publish","type":"page","link":"https:\/\/www.tempatech.com\/tr\/test-measurement-systems\/cme\/vibration-shakers\/","title":{"rendered":"Titre\u015fim Sars\u0131c\u0131lar"},"content":{"rendered":"<div data-vc-full-width=\"true\" data-vc-full-width-init=\"false\" class=\"vc_section wpb_animate_when_almost_visible wpb_appear appear vc_custom_1632221636155 wpex-vc_section-has-fill wpex-vc-row-stretched\"><div class=\"vc_row wpb_row vc_row-fluid vc_custom_1623056521764\"><div class=\"wpb_column wpb_animate_when_almost_visible wpb_fadeInUp fadeInUp vc_column_container vc_col-sm-12\"><div class=\"vc_column-inner\"><div class=\"wpb_wrapper\"><h3 style=\"font-size: 40px;color: #ffffff;text-align: center;font-family:Montserrat;font-weight:700;font-style:normal\" class=\"vc_custom_heading vc_custom_1632288310435\" >CME \/ Titre\u015fim Sars\u0131c\u0131lar<br \/>\n<\/h3><div class=\"vc_custom_1632221815559 wpex-clr\"><div class=\"theme-button-wrap textcenter wpex-clr\"><a href=\"https:\/\/www.tempatech.com\/tr\/contact\/\" class=\"vcex-button theme-button align-center inline\" style=\"background:#881c22;font-family:Montserrat;\" data-wpex-hover='{&quot;background&quot;:&quot;#ffffff&quot;,&quot;color&quot;:&quot;#0a0a0a&quot;}'><span class=\"theme-button-inner\">Bu \u00fcr\u00fcnleri sat\u0131n almak i\u00e7in bizimle ileti\u015fime ge\u00e7in!<span class=\"vcex-icon-wrap theme-button-icon-right\"><span class=\"ticon ticon-telegram\" aria-hidden=\"true\"><\/span><\/span><\/span><\/a><\/div><\/div> <\/div><\/div><\/div><\/div><\/div><div class=\"vc_row-full-width vc_clearfix\"><\/div><div data-vc-full-width=\"true\" data-vc-full-width-init=\"false\" class=\"vc_section wpb_animate_when_almost_visible wpb_appear appear vc_custom_1632221834743 wpex-vc_section-has-fill wpex-vc-row-stretched\"><\/div><div class=\"vc_row-full-width vc_clearfix\"><\/div><div class=\"vc_section wpb_animate_when_almost_visible wpb_fadeInUp fadeInUp vc_custom_1632288467623\" data-ls_id=\"#KRD70\"><div class=\"vc_row wpb_row vc_row-fluid vc_row-o-content-middle vc_row-flex\"><div class=\"wpb_column wpb_animate_when_almost_visible wpb_fadeInLeft fadeInLeft vc_column_container vc_col-sm-6\"><div class=\"vc_column-inner\"><div class=\"wpb_wrapper\">\n\t<div  class=\"wpb_single_image wpb_content_element vc_align_\">\n\t\t\n\t\t<figure class=\"wpb_wrapper vc_figure\">\n\t\t\t<a data-gallery=\"[{&quot;src&quot;:&quot;https:\\\/\\\/www.tempatech.com\\\/wp-content\\\/uploads\\\/2021\\\/09\\\/KRD70-4.png&quot;},{&quot;src&quot;:&quot;https:\\\/\\\/www.tempatech.com\\\/wp-content\\\/uploads\\\/2021\\\/09\\\/KRD70-1.png&quot;},{&quot;src&quot;:&quot;https:\\\/\\\/www.tempatech.com\\\/wp-content\\\/uploads\\\/2021\\\/09\\\/KRD70-2.png&quot;},{&quot;src&quot;:&quot;https:\\\/\\\/www.tempatech.com\\\/wp-content\\\/uploads\\\/2021\\\/09\\\/KRD70-3.png&quot;}]\" href=\"#\" target=\"_self\" class=\"vc_single_image-wrapper wpex-lightbox-gallery wpex-image-hover opacity-invert vc_box_shadow  vc_box_border_grey\"><img loading=\"lazy\" decoding=\"async\" class=\"vc_single_image-img\" src=\"https:\/\/www.tempatech.com\/wp-content\/uploads\/2021\/09\/KRD70-600x300.png\" width=\"600\" height=\"300\" alt=\"KRD70\" title=\"KRD70\" \/><\/a>\n\t\t<\/figure>\n\t<\/div>\n<div class=\"vc_custom_1632288458596 wpex-clr\"><div class=\"theme-button-wrap textcenter theme-button-block-wrap wpex-block wpex-clear wpex-clr\"><a href=\"https:\/\/www.tempatech.com\/wp-content\/uploads\/2021\/09\/KRD70TS.png\" class=\"vcex-button theme-button minimal-border small align-center block hvr hvr-float-shadow wpex-lightbox\" style=\"color:#000000;border-radius:1px;font-family:Montserrat;\" data-wpex-hover='{&quot;background&quot;:&quot;#881c22&quot;,&quot;color&quot;:&quot;#ffffff&quot;}'><span class=\"theme-button-inner\">TEKN\u0130K \u00d6ZELL\u0130KLERi G\u00d6RMEK \u0130\u00c7\u0130N TIKLAYINIZ<span class=\"vcex-icon-wrap theme-button-icon-right\"><span class=\"ticon ticon-table\" aria-hidden=\"true\"><\/span><\/span><\/span><\/a><\/div><\/div> <\/div><\/div><\/div><div class=\"wpb_column wpb_animate_when_almost_visible wpb_fadeInRight fadeInRight vc_column_container vc_col-sm-6\"><div class=\"vc_column-inner\"><div class=\"wpb_wrapper\">\n\t<div class=\"wpb_text_column wpb_content_element  vc_custom_1632288370181\" >\n\t\t<div class=\"wpb_wrapper\">\n\t\t\t<p><span style=\"font-size: 18px;\"><strong><span style=\"font-family: Montserrat;\"><span style=\"color: #000000;\">KRD70 <\/span><span style=\"color: #881c22; font-size: 24px;\">Hidrolik Titre\u015fimli Sars\u0131c\u0131lar<\/span><\/span><\/strong><\/span><\/p>\n\n\t\t<\/div>\n\t<\/div>\n\n\t<div style=\"color:#000000;font-family:Montserrat;\" class=\"wpb_text_column has-custom-color wpex-child-inherit-color wpb_content_element  vc_custom_1632288391868\" >\n\t\t<div class=\"wpb_wrapper\">\n\t\t\t<p>KRD70 serisi hidrolik titre\u015fimli sars\u0131c\u0131, y\u00fcksek bas\u0131n\u00e7l\u0131 s\u0131v\u0131n\u0131n enerjisini, elektro-hidrolik servo valf arac\u0131l\u0131\u011f\u0131yla silindirin ileri geri hareketinin g\u00fcc\u00fcne d\u00f6n\u00fc\u015ft\u00fcr\u00fcr.\n\u00d6zellikle d\u00fc\u015f\u00fck frekans ve y\u00fcksek kuvvet gerektiren titre\u015fim testleri i\u00e7in uygundur. Sin\u00fcs, rastgele, \u00e7ok noktal\u0131 uyarma ve \u015fok testi ger\u00e7ekle\u015ftirebilir. Ta\u015f\u0131ma ara\u00e7lar\u0131n\u0131n, toplu ambalaj \u00fcr\u00fcnlerinin, makinelerin, elektrikli ve elektronik \u00fcr\u00fcnlerin titre\u015fimlerini ger\u00e7ek ortamda yeniden \u00fcretmek, b\u00f6ylece \u00fcr\u00fcn yap\u0131s\u0131n\u0131 optimize etmek ve maliyet tasarrufu sa\u011flamak i\u00e7in uygulan\u0131r.<\/p>\n<ul>\n<li>Sin\u00fcs titre\u015fimi, rastgele titre\u015fim, \u00e7ok noktal\u0131 uyarma ve \u015fok ve \u00e7arpma elde etmek i\u00e7in;\nd\u00fc\u015f\u00fck frekans ve y\u00fcksek kuvvet \u00f6zellikleri ile sismik uyar\u0131m\u0131 sim\u00fcle etmek i\u00e7in kullan\u0131labilir.<\/li>\n<li>Y\u00fcksek mukavemetli d\u00f6kme al\u00fcminyum veya d\u00f6kme magnezyum tabla, tek tip ve tutarl\u0131 titre\u015fim, y\u00fcksek tekrarlanabilirlik sa\u011flar b\u00f6ylece tablan\u0131n deformasyonunu \u00f6nler.<\/li>\n<li>The high-strength cast aluminum or cast magnesium table ensures uniform and consistent vibration, high reproducibility, and avoids deformation of the table.<\/li>\n<\/ul>\n\n\t\t<\/div>\n\t<\/div>\n<\/div><\/div><\/div><\/div><\/div><div data-vc-full-width=\"true\" data-vc-full-width-init=\"false\" class=\"vc_section wpb_animate_when_almost_visible wpb_fadeInLeft fadeInLeft vc_custom_1632226753843 wpex-vc_section-has-fill wpex-vc-row-stretched\"><\/div><div class=\"vc_row-full-width vc_clearfix\"><\/div>","protected":false},"excerpt":{"rendered":"CME \/ Vibration Shakers Contact us to get a product VIEW TECHNICAL SPECIFICATIONS KRD70 Hydraulic Vibration Shaker KRD70 series hydraulic vibration shaker converts the energy of high-pressure liquid into the power of the reciprocating motion of the cylinder through the electro-hydraulic servo valve. Especially suitable for vibration tests requiring low frequency and high force. It&hellip;","protected":false},"author":1,"featured_media":0,"parent":2021,"menu_order":0,"comment_status":"closed","ping_status":"closed","template":"","meta":{"footnotes":""},"_links":{"self":[{"href":"https:\/\/www.tempatech.com\/tr\/wp-json\/wp\/v2\/pages\/2175"}],"collection":[{"href":"https:\/\/www.tempatech.com\/tr\/wp-json\/wp\/v2\/pages"}],"about":[{"href":"https:\/\/www.tempatech.com\/tr\/wp-json\/wp\/v2\/types\/page"}],"author":[{"embeddable":true,"href":"https:\/\/www.tempatech.com\/tr\/wp-json\/wp\/v2\/users\/1"}],"replies":[{"embeddable":true,"href":"https:\/\/www.tempatech.com\/tr\/wp-json\/wp\/v2\/comments?post=2175"}],"version-history":[{"count":2,"href":"https:\/\/www.tempatech.com\/tr\/wp-json\/wp\/v2\/pages\/2175\/revisions"}],"predecessor-version":[{"id":2201,"href":"https:\/\/www.tempatech.com\/tr\/wp-json\/wp\/v2\/pages\/2175\/revisions\/2201"}],"up":[{"embeddable":true,"href":"https:\/\/www.tempatech.com\/tr\/wp-json\/wp\/v2\/pages\/2021"}],"wp:attachment":[{"href":"https:\/\/www.tempatech.com\/tr\/wp-json\/wp\/v2\/media?parent=2175"}],"curies":[{"name":"wp","href":"https:\/\/api.w.org\/{rel}","templated":true}]}}