{"id":2202,"date":"2021-09-22T08:36:55","date_gmt":"2021-09-22T05:36:55","guid":{"rendered":"https:\/\/www.tempatech.com\/?page_id=2202"},"modified":"2021-09-22T08:37:18","modified_gmt":"2021-09-22T05:37:18","slug":"packaging-test-systems","status":"publish","type":"page","link":"https:\/\/www.tempatech.com\/tr\/test-measurement-systems\/cme\/packaging-test-systems\/","title":{"rendered":"Ambalaj Test Sistemleri"},"content":{"rendered":"<div data-vc-full-width=\"true\" data-vc-full-width-init=\"false\" class=\"vc_section wpb_animate_when_almost_visible wpb_appear appear vc_custom_1632221636155 wpex-vc_section-has-fill wpex-vc-row-stretched\"><div class=\"vc_row wpb_row vc_row-fluid vc_custom_1623056521764\"><div class=\"wpb_column wpb_animate_when_almost_visible wpb_fadeInUp fadeInUp vc_column_container vc_col-sm-12\"><div class=\"vc_column-inner\"><div class=\"wpb_wrapper\"><h3 style=\"font-size: 40px;color: #ffffff;text-align: center;font-family:Montserrat;font-weight:700;font-style:normal\" class=\"vc_custom_heading vc_custom_1632289012797\" >CME \/ Ambalaj Test Sistemleri<br \/>\n<\/h3><div class=\"vc_custom_1632221815559 wpex-clr\"><div class=\"theme-button-wrap textcenter wpex-clr\"><a href=\"https:\/\/www.tempatech.com\/tr\/contact\/\" class=\"vcex-button theme-button align-center inline\" style=\"background:#881c22;font-family:Montserrat;\" data-wpex-hover='{&quot;background&quot;:&quot;#ffffff&quot;,&quot;color&quot;:&quot;#0a0a0a&quot;}'><span class=\"theme-button-inner\">Bu \u00fcr\u00fcnleri sat\u0131n almak i\u00e7in bizimle ileti\u015fime ge\u00e7in!<span class=\"vcex-icon-wrap theme-button-icon-right\"><span class=\"ticon ticon-telegram\" aria-hidden=\"true\"><\/span><\/span><\/span><\/a><\/div><\/div> <\/div><\/div><\/div><\/div><\/div><div class=\"vc_row-full-width vc_clearfix\"><\/div><div data-vc-full-width=\"true\" data-vc-full-width-init=\"false\" class=\"vc_section wpb_animate_when_almost_visible wpb_appear appear vc_custom_1632221834743 wpex-vc_section-has-fill wpex-vc-row-stretched\"><\/div><div class=\"vc_row-full-width vc_clearfix\"><\/div><div class=\"vc_section wpb_animate_when_almost_visible wpb_fadeInUp fadeInUp vc_custom_1632288995255\" data-ls_id=\"#KRD100\"><div class=\"vc_row wpb_row vc_row-fluid vc_row-o-content-middle vc_row-flex\"><div class=\"wpb_column wpb_animate_when_almost_visible wpb_fadeInLeft fadeInLeft vc_column_container vc_col-sm-6\"><div class=\"vc_column-inner\"><div class=\"wpb_wrapper\">\n\t<div  class=\"wpb_single_image wpb_content_element vc_align_\">\n\t\t\n\t\t<figure class=\"wpb_wrapper vc_figure\">\n\t\t\t<a data-gallery=\"[{&quot;src&quot;:&quot;https:\\\/\\\/www.tempatech.com\\\/wp-content\\\/uploads\\\/2021\\\/09\\\/KRD100-2.png&quot;},{&quot;src&quot;:&quot;https:\\\/\\\/www.tempatech.com\\\/wp-content\\\/uploads\\\/2021\\\/09\\\/KRD100-1.png&quot;}]\" href=\"#\" target=\"_self\" class=\"vc_single_image-wrapper wpex-lightbox-gallery wpex-image-hover opacity-invert vc_box_shadow  vc_box_border_grey\"><img loading=\"lazy\" decoding=\"async\" class=\"vc_single_image-img\" src=\"https:\/\/www.tempatech.com\/wp-content\/uploads\/2021\/09\/KRD100-600x300.png\" width=\"600\" height=\"300\" alt=\"KRD100\" title=\"KRD100\" \/><\/a>\n\t\t<\/figure>\n\t<\/div>\n<div class=\"vc_custom_1632288832546 wpex-clr\"><div class=\"theme-button-wrap textcenter theme-button-block-wrap wpex-block wpex-clear wpex-clr\"><a href=\"https:\/\/www.tempatech.com\/wp-content\/uploads\/2021\/09\/KRD100TS.png\" class=\"vcex-button theme-button minimal-border small align-center block hvr hvr-float-shadow wpex-lightbox\" style=\"color:#000000;border-radius:1px;font-family:Montserrat;\" data-wpex-hover='{&quot;background&quot;:&quot;#881c22&quot;,&quot;color&quot;:&quot;#ffffff&quot;}'><span class=\"theme-button-inner\">TEKN\u0130K \u00d6ZELL\u0130KLERi G\u00d6RMEK \u0130\u00c7\u0130N TIKLAYINIZ<span class=\"vcex-icon-wrap theme-button-icon-right\"><span class=\"ticon ticon-table\" aria-hidden=\"true\"><\/span><\/span><\/span><\/a><\/div><\/div> <\/div><\/div><\/div><div class=\"wpb_column wpb_animate_when_almost_visible wpb_fadeInRight fadeInRight vc_column_container vc_col-sm-6\"><div class=\"vc_column-inner\"><div class=\"wpb_wrapper\">\n\t<div class=\"wpb_text_column wpb_content_element  vc_custom_1632288673505\" >\n\t\t<div class=\"wpb_wrapper\">\n\t\t\t<p><span style=\"font-size: 18px;\"><strong><span style=\"font-family: Montserrat;\"><span style=\"color: #000000;\">KRD100 <\/span><span style=\"color: #881c22; font-size: 24px;\">E\u011fim Darbe Test Sistemi<\/span><\/span><\/strong><\/span><\/p>\n\n\t\t<\/div>\n\t<\/div>\n\n\t<div style=\"color:#000000;font-family:Montserrat;\" class=\"wpb_text_column has-custom-color wpex-child-inherit-color wpb_content_element  vc_custom_1632288688937\" >\n\t\t<div class=\"wpb_wrapper\">\n\t\t\t<p>KRD100 serisi e\u011fim darbe test cihaz\u0131, \u00fcr\u00fcn ambalaj\u0131n\u0131n ta\u015f\u0131ma, raflar\u0131n istiflenmesi, motorlar\u0131n kaymas\u0131, lokomotiflerin y\u00fcklenmesi ve bo\u015falt\u0131lmas\u0131, \u00fcr\u00fcn nakliyesi vb. gibi ger\u00e7ek ortamda \u015fok hasar\u0131na direnme yetene\u011fini sim\u00fcle eder. Bu makine ayn\u0131 zamanda bilimsel ara\u015ft\u0131rma kurumlar\u0131, kolejler, \u00fcniversiteler, ambalaj teknolojisi test merkezleri, ambalaj malzemeleri \u00fcretim tesisleri, d\u0131\u015f ticaret, ula\u015f\u0131m ve di\u011fer departmanlar i\u00e7in e\u011fim darbe testi yapmak i\u00e7in ortak test ekipman\u0131 olarak kullan\u0131labilir.<\/p>\n<ul>\n<li>Gerekli h\u0131z de\u011fi\u015fim de\u011ferini elde etmek i\u00e7in y\u00fcksek tekrarlama do\u011frulu\u011fu.<\/li>\n<li>Y\u00fcksek mukavemetli ve d\u00fc\u015f\u00fck s\u00fcrt\u00fcnmeli profil k\u0131lavuz raylar, blo\u011fun hassas bir \u015fekilde serbest kaymas\u0131n\u0131 sa\u011flar.<\/li>\n<li>A\u011f\u0131r dayan\u0131kl\u0131 test \u00fcr\u00fcnleri i\u00e7in, kullan\u0131c\u0131n\u0131n test par\u00e7alar\u0131n\u0131 yerle\u015ftirmesini kolayla\u015ft\u0131rmak i\u00e7in kompozit makara tablas\u0131n\u0131n yatay d\u00f6n\u00fc\u015f mekanizmas\u0131 eklenebilir.<\/li>\n<li>Sert ah\u015fap veya demir s\u00fcrg\u00fcl\u00fc masa, test par\u00e7as\u0131n\u0131n y\u00fczeyini etkili bir \u015fekilde korur.<\/li>\n<li>Komple kontrol ve \u00f6l\u00e7\u00fcm sistemi, basit ve rahat kullan\u0131m, entegre kontrol ve \u00f6l\u00e7\u00fcm.<\/li>\n<li>Belirgin ilerleme ve g\u00fcvenilirlik ile benzersiz kald\u0131rma ve serbest b\u0131rakma y\u00f6ntemleri.<\/li>\n<li>Kullan\u0131m i\u00e7in, di\u011fer karma\u015f\u0131k i\u015flemler veya yap\u0131lar olmaks\u0131z\u0131n, kurulum s\u0131ras\u0131nda makineyi sadece yere sabitlemesi yeterlidir.<\/li>\n<\/ul>\n\n\t\t<\/div>\n\t<\/div>\n<\/div><\/div><\/div><\/div><\/div><div data-vc-full-width=\"true\" data-vc-full-width-init=\"false\" class=\"vc_section wpb_animate_when_almost_visible wpb_fadeInLeft fadeInLeft vc_custom_1632226753843 wpex-vc_section-has-fill wpex-vc-row-stretched\"><\/div><div class=\"vc_row-full-width vc_clearfix\"><\/div><div data-vc-full-width=\"true\" data-vc-full-width-init=\"false\" class=\"vc_section wpb_animate_when_almost_visible wpb_fadeInUp fadeInUp vc_custom_1632288986076 vc_section-o-content-middle vc_section-flex wpex-vc_section-has-fill wpex-vc-row-stretched\" data-ls_id=\"#KRD101\"><div class=\"vc_row wpb_row vc_row-fluid vc_row-o-content-middle vc_row-flex\"><div class=\"wpb_column wpb_animate_when_almost_visible wpb_fadeInLeft fadeInLeft vc_column_container vc_col-sm-6\"><div class=\"vc_column-inner\"><div class=\"wpb_wrapper\">\n\t<div class=\"wpb_text_column wpb_content_element  vc_custom_1632288713317\" >\n\t\t<div class=\"wpb_wrapper\">\n\t\t\t<p><span style=\"font-size: 18px;\"><strong><span style=\"font-family: Montserrat;\"><span style=\"color: #ffffff;\">KRD101<\/span>\u00a0<span style=\"color: #881c22; font-size: 21px;\">Ambalaj S\u0131k\u0131\u015ft\u0131rma Test Sistemi<\/span><\/span><\/strong><\/span><\/p>\n\n\t\t<\/div>\n\t<\/div>\n\n\t<div style=\"color:#ffffff;font-family:Montserrat;\" class=\"wpb_text_column has-custom-color wpex-child-inherit-color wpb_content_element  vc_custom_1632288729811\" >\n\t\t<div class=\"wpb_wrapper\">\n\t\t\t<p>KRD101 serisi paketleme s\u0131k\u0131\u015ft\u0131rma test cihaz\u0131, \u00fcr\u00fcn\u00fcn yetersiz paketleme g\u00fcc\u00fc nedeniyle ta\u015f\u0131ma, istifleme, depolama ve nakliye s\u0131ras\u0131nda deforme olmas\u0131n\u0131 veya hasar g\u00f6rmesini \u00f6nlemek i\u00e7in ambalaj\u0131n bas\u0131n\u00e7 dayan\u0131m\u0131n\u0131 de\u011ferlendirmek i\u00e7in tasarlanm\u0131\u015ft\u0131r. Bu makine, oluklu ambalaj performans\u0131 ve kapsaml\u0131 g\u00f6stergeler i\u00e7in ana test ekipmanlar\u0131ndan biridir. Ka\u011f\u0131t yap\u0131m\u0131, paketleme, mal denetimi, bilimsel ara\u015ft\u0131rma ve di\u011fer b\u00f6l\u00fcmler i\u00e7in ideal test ekipman\u0131d\u0131r.<\/p>\n<ul>\n<li>ISO2872 ve ISO2874 standartlar\u0131na uygundur.<\/li>\n<li>Sabit Windows i\u015fletim sistemine dayal\u0131 ve otomatik uzaktan kumanda aray\u00fcz\u00fcn\u00fc destekler ve bu sayede operat\u00f6r, basit de\u011ferler girerek e\u011filme ve sal\u0131n\u0131m testini do\u011fru bir \u015fekilde tamamlayabilir.<\/li>\n<li>\u00c7al\u0131\u015fma aray\u00fcz\u00fc esas olarak veri e\u011frisinin ger\u00e7ek zamanl\u0131 g\u00f6r\u00fcnt\u00fcs\u00fcne dayanmaktad\u0131r; ayr\u0131ca test parametrelerini, sistem durumunu ve test ilerlemesini g\u00f6r\u00fcnt\u00fcleyebilir.<\/li>\n<li>Y\u00fcksek hassasiyetli AD d\u00f6n\u00fc\u015ft\u00fcrme, \u00f6n y\u00fckseltici, veri i\u015fleme, otomatik test sonucu \u00e7\u0131k\u0131\u015f\u0131 ve dijital kontrol, test do\u011frulu\u011fu ve istikrarl\u0131 performans sa\u011flar.<\/li>\n<li>Mukavemet testi, sabit de\u011fer testi ve istifleme testi ayn\u0131 platformda ger\u00e7ekle\u015ftirilebilir.<\/li>\n<\/ul>\n\n\t\t<\/div>\n\t<\/div>\n<\/div><\/div><\/div><div class=\"wpb_column wpb_animate_when_almost_visible wpb_fadeInRight fadeInRight vc_column_container vc_col-sm-6\"><div class=\"vc_column-inner vc_custom_1632228598775\"><div class=\"wpb_wrapper\">\n\t<div  class=\"wpb_single_image wpb_content_element vc_align_\">\n\t\t\n\t\t<figure class=\"wpb_wrapper vc_figure\">\n\t\t\t<a data-gallery=\"[{&quot;src&quot;:&quot;https:\\\/\\\/www.tempatech.com\\\/wp-content\\\/uploads\\\/2021\\\/09\\\/KRD101-3.png&quot;},{&quot;src&quot;:&quot;https:\\\/\\\/www.tempatech.com\\\/wp-content\\\/uploads\\\/2021\\\/09\\\/KRD101-1.png&quot;},{&quot;src&quot;:&quot;https:\\\/\\\/www.tempatech.com\\\/wp-content\\\/uploads\\\/2021\\\/09\\\/KRD101-2.png&quot;}]\" href=\"#\" target=\"_self\" class=\"vc_single_image-wrapper wpex-lightbox-gallery wpex-image-hover opacity-invert vc_box_shadow  vc_box_border_grey\"><img loading=\"lazy\" decoding=\"async\" class=\"vc_single_image-img\" src=\"https:\/\/www.tempatech.com\/wp-content\/uploads\/2021\/09\/KRD101-600x300.png\" width=\"600\" height=\"300\" alt=\"KRD101\" title=\"KRD101\" \/><\/a>\n\t\t<\/figure>\n\t<\/div>\n<div class=\"vc_custom_1632288889956 wpex-clr\"><div class=\"theme-button-wrap textcenter theme-button-block-wrap wpex-block wpex-clear wpex-clr\"><a href=\"https:\/\/www.tempatech.com\/wp-content\/uploads\/2021\/09\/KRD101TS.png\" class=\"vcex-button theme-button minimal-border small align-center block hvr hvr-float-shadow wpex-lightbox\" style=\"color:#ffffff;font-family:Montserrat;\" data-wpex-hover='{&quot;background&quot;:&quot;#881c22&quot;,&quot;color&quot;:&quot;#ffffff&quot;}'><span class=\"theme-button-inner\">TEKN\u0130K \u00d6ZELL\u0130KLERi G\u00d6RMEK \u0130\u00c7\u0130N TIKLAYINIZ<span class=\"vcex-icon-wrap theme-button-icon-right\"><span class=\"ticon ticon-table\" aria-hidden=\"true\"><\/span><\/span><\/span><\/a><\/div><\/div> <\/div><\/div><\/div><\/div><\/div><div class=\"vc_row-full-width vc_clearfix\"><\/div><div data-vc-full-width=\"true\" data-vc-full-width-init=\"false\" class=\"vc_section wpb_animate_when_almost_visible wpb_fadeInRight fadeInRight vc_custom_1632226764662 wpex-vc_section-has-fill wpex-vc-row-stretched\"><\/div><div class=\"vc_row-full-width vc_clearfix\"><\/div><div data-vc-full-width=\"true\" data-vc-full-width-init=\"false\" class=\"vc_section wpb_animate_when_almost_visible wpb_fadeInUp fadeInUp vc_custom_1632288977136 vc_section-o-content-middle vc_section-flex wpex-vc_section-has-fill wpex-vc-row-stretched\" data-ls_id=\"#KRD102\"><div class=\"vc_row wpb_row vc_row-fluid vc_row-o-content-middle vc_row-flex\"><div class=\"wpb_column wpb_animate_when_almost_visible wpb_fadeInLeft fadeInLeft vc_column_container vc_col-sm-6\"><div class=\"vc_column-inner\"><div class=\"wpb_wrapper\">\n\t<div  class=\"wpb_single_image wpb_content_element vc_align_\">\n\t\t\n\t\t<figure class=\"wpb_wrapper vc_figure\">\n\t\t\t<a data-gallery=\"[{&quot;src&quot;:&quot;https:\\\/\\\/www.tempatech.com\\\/wp-content\\\/uploads\\\/2021\\\/09\\\/KRD102-1.png&quot;}]\" href=\"#\" target=\"_self\" class=\"vc_single_image-wrapper wpex-lightbox-gallery wpex-image-hover opacity-invert vc_box_shadow  vc_box_border_grey\"><img loading=\"lazy\" decoding=\"async\" class=\"vc_single_image-img\" src=\"https:\/\/www.tempatech.com\/wp-content\/uploads\/2021\/09\/KRD102-600x300.png\" width=\"600\" height=\"300\" alt=\"KRD102\" title=\"KRD102\" \/><\/a>\n\t\t<\/figure>\n\t<\/div>\n<div class=\"vc_custom_1632288959500 wpex-clr\"><div class=\"theme-button-wrap textcenter theme-button-block-wrap wpex-block wpex-clear wpex-clr\"><a href=\"https:\/\/www.tempatech.com\/wp-content\/uploads\/2021\/09\/KRD102TS.png\" class=\"vcex-button theme-button minimal-border white small align-center block hvr hvr-float-shadow wpex-lightbox\" style=\"color:#ffffff;border-radius:1px;font-family:Montserrat;\" data-wpex-hover='{&quot;background&quot;:&quot;#881c22&quot;,&quot;color&quot;:&quot;#ffffff&quot;}'><span class=\"theme-button-inner\">TEKN\u0130K \u00d6ZELL\u0130KLERi G\u00d6RMEK \u0130\u00c7\u0130N TIKLAYINIZ<span class=\"vcex-icon-wrap theme-button-icon-right\"><span class=\"ticon ticon-table\" aria-hidden=\"true\"><\/span><\/span><\/span><\/a><\/div><\/div> <\/div><\/div><\/div><div class=\"wpb_column wpb_animate_when_almost_visible wpb_fadeInRight fadeInRight vc_column_container vc_col-sm-6\"><div class=\"vc_column-inner vc_custom_1632229839769\"><div class=\"wpb_wrapper\">\n\t<div class=\"wpb_text_column wpb_content_element  vc_custom_1632288752361\" >\n\t\t<div class=\"wpb_wrapper\">\n\t\t\t<p><span style=\"font-size: 18px;\"><strong><span style=\"font-family: Montserrat;\"><span style=\"color: #ffffff;\">KRD102<\/span> <span style=\"color: #881c22; font-size: 21px;\">S\u0131k\u0131\u015ft\u0131rma Test Sistemi<\/span><\/span><\/strong><\/span><\/p>\n\n\t\t<\/div>\n\t<\/div>\n\n\t<div style=\"color:#ffffff;font-family:Montserrat;\" class=\"wpb_text_column has-custom-color wpex-child-inherit-color wpb_content_element  vc_custom_1632288768790\" >\n\t\t<div class=\"wpb_wrapper\">\n\t\t\t<p>KRD102 serisi s\u0131k\u0131\u015ft\u0131rma test cihaz\u0131, elektronik, elektromekanik, optoelektronik, otomotiv, oyuncak, ambalaj ve di\u011fer end\u00fcstrilerin ara\u015ft\u0131rma, geli\u015ftirme, kalite kontrol ve \u00fcretimi i\u00e7in uygundur. Ambalaj\u0131n s\u0131k\u0131\u015fma \u00f6nleme kabiliyetini de\u011ferlendirmek i\u00e7in, mallar\u0131n s\u0131k\u0131\u015ft\u0131rma nedeniyle hasar g\u00f6r\u00fcp g\u00f6rmedi\u011fi, konteynerden depoya ta\u015f\u0131n\u0131rken konteynerdeki mallar\u0131n s\u0131k\u0131\u015ft\u0131r\u0131ld\u0131\u011f\u0131 durumu sim\u00fcle edebilir.<\/p>\n<p>S\u0131k\u0131\u015ft\u0131rma kuvveti test cihaz\u0131, bilimsel ara\u015ft\u0131rma kurumlar\u0131n\u0131n, kolejlerin ve \u00fcniversitelerin, ambalaj teknolojisi test merkezlerinin, ambalaj malzemesi \u00fcreticilerinin, d\u0131\u015f ticaret ve nakliye departmanlar\u0131n\u0131n mukavemet testi i\u00e7in yayg\u0131n olarak kullan\u0131lan test ekipman\u0131d\u0131r.<\/p>\n\n\t\t<\/div>\n\t<\/div>\n<\/div><\/div><\/div><\/div><\/div><div class=\"vc_row-full-width vc_clearfix\"><\/div><div data-vc-full-width=\"true\" data-vc-full-width-init=\"false\" class=\"vc_section wpb_animate_when_almost_visible wpb_fadeInLeft fadeInLeft vc_custom_1632226775796 wpex-vc_section-has-fill wpex-vc-row-stretched\"><\/div><div class=\"vc_row-full-width vc_clearfix\"><\/div>","protected":false},"excerpt":{"rendered":"CME \/ Packaging Test Systems Contact us to get a product VIEW TECHNICAL SPECIFICATIONS KRD100 Incline Impact Tester KRD100 series incline impact tester simulates the ability of product packaging to resist shock damage in the actual environment, such as handling, stacking of shelves, sliding of motors, loading and unloading of locomotives, product transportation, etc. This&hellip;","protected":false},"author":1,"featured_media":0,"parent":2021,"menu_order":0,"comment_status":"closed","ping_status":"closed","template":"","meta":{"footnotes":""},"_links":{"self":[{"href":"https:\/\/www.tempatech.com\/tr\/wp-json\/wp\/v2\/pages\/2202"}],"collection":[{"href":"https:\/\/www.tempatech.com\/tr\/wp-json\/wp\/v2\/pages"}],"about":[{"href":"https:\/\/www.tempatech.com\/tr\/wp-json\/wp\/v2\/types\/page"}],"author":[{"embeddable":true,"href":"https:\/\/www.tempatech.com\/tr\/wp-json\/wp\/v2\/users\/1"}],"replies":[{"embeddable":true,"href":"https:\/\/www.tempatech.com\/tr\/wp-json\/wp\/v2\/comments?post=2202"}],"version-history":[{"count":3,"href":"https:\/\/www.tempatech.com\/tr\/wp-json\/wp\/v2\/pages\/2202\/revisions"}],"predecessor-version":[{"id":2214,"href":"https:\/\/www.tempatech.com\/tr\/wp-json\/wp\/v2\/pages\/2202\/revisions\/2214"}],"up":[{"embeddable":true,"href":"https:\/\/www.tempatech.com\/tr\/wp-json\/wp\/v2\/pages\/2021"}],"wp:attachment":[{"href":"https:\/\/www.tempatech.com\/tr\/wp-json\/wp\/v2\/media?parent=2202"}],"curies":[{"name":"wp","href":"https:\/\/api.w.org\/{rel}","templated":true}]}}