{"id":2352,"date":"2021-09-25T19:18:42","date_gmt":"2021-09-25T16:18:42","guid":{"rendered":"https:\/\/www.tempatech.com\/?page_id=2352"},"modified":"2021-09-30T12:01:25","modified_gmt":"2021-09-30T09:01:25","slug":"welding-heat-treatment-softwares","status":"publish","type":"page","link":"https:\/\/www.tempatech.com\/tr\/softwares\/computational-materials-production-simulation-softwares\/welding-heat-treatment-softwares\/","title":{"rendered":"Kaynak &amp; Is\u0131l \u0130\u015flem Yaz\u0131l\u0131mlar\u0131"},"content":{"rendered":"<div data-vc-full-width=\"true\" data-vc-full-width-init=\"false\" class=\"vc_section wpb_animate_when_almost_visible wpb_fadeIn fadeIn vc_custom_1632502316191 wpex-vc_section-has-fill wpex-vc-row-stretched\"><div class=\"vc_row wpb_row vc_row-fluid vc_custom_1623056521764\"><div class=\"wpb_column wpb_animate_when_almost_visible wpb_fadeInUp fadeInUp vc_column_container vc_col-sm-12\"><div class=\"vc_column-inner\"><div class=\"wpb_wrapper\"><h3 style=\"font-size: 40px;color: #ffffff;text-align: left;font-family:Montserrat;font-weight:700;font-style:normal\" class=\"vc_custom_heading vc_custom_1632992482347\" >Welding & Heat Treatment Softwares<\/h3><div class=\"vc_custom_1632499764938 wpex-clr\"><a href=\"https:\/\/www.tempatech.com\/tr\/contact\/\" class=\"vcex-button theme-button inline\" style=\"background:#f50c1f;font-family:Montserrat;\" data-wpex-hover='{&quot;background&quot;:&quot;#ffffff&quot;,&quot;color&quot;:&quot;#0a0a0a&quot;}'><span class=\"theme-button-inner\">Bu \u00fcr\u00fcnlerin lisanslar\u0131 i\u00e7in bizimle ileti\u015fime ge\u00e7in!<span class=\"vcex-icon-wrap theme-button-icon-right\"><span class=\"ticon ticon-telegram\" aria-hidden=\"true\"><\/span><\/span><\/span><\/a><\/div> <\/div><\/div><\/div><\/div><\/div><div class=\"vc_row-full-width vc_clearfix\"><\/div><div data-vc-full-width=\"true\" data-vc-full-width-init=\"false\" class=\"vc_section wpb_animate_when_almost_visible wpb_fadeIn fadeIn vc_custom_1632502328149 wpex-vc_section-has-fill wpex-vc-row-stretched\"><\/div><div class=\"vc_row-full-width vc_clearfix\"><\/div><div data-vc-full-width=\"true\" data-vc-full-width-init=\"false\" class=\"vc_section wpb_animate_when_almost_visible wpb_fadeIn fadeIn vc_custom_1632586933215 vc_section-o-content-middle vc_section-flex wpex-vc_section-has-fill wpex-vc-row-stretched\" data-ls_id=\"#Sysweld\"><div class=\"vc_row wpb_row vc_row-fluid vc_row-o-content-middle vc_row-flex\"><div class=\"wpb_column wpb_animate_when_almost_visible wpb_fadeInLeft fadeInLeft vc_column_container vc_col-sm-6\"><div class=\"vc_column-inner vc_custom_1623062358090\"><div class=\"wpb_wrapper\">\n\t<div  class=\"wpb_single_image wpb_content_element vc_align_\">\n\t\t\n\t\t<figure class=\"wpb_wrapper vc_figure\">\n\t\t\t<a data-gallery=\"[{&quot;src&quot;:&quot;https:\\\/\\\/www.tempatech.com\\\/wp-content\\\/uploads\\\/2021\\\/09\\\/sysweld-4-1.jpg&quot;},{&quot;src&quot;:&quot;https:\\\/\\\/www.tempatech.com\\\/wp-content\\\/uploads\\\/2021\\\/09\\\/sysweld-2.jpg&quot;},{&quot;src&quot;:&quot;https:\\\/\\\/www.tempatech.com\\\/wp-content\\\/uploads\\\/2021\\\/09\\\/sysweld-3.jpg&quot;}]\" href=\"#\" target=\"_self\" class=\"vc_single_image-wrapper wpex-lightbox-gallery wpex-image-hover opacity-invert vc_box_shadow  vc_box_border_grey\"><img loading=\"lazy\" decoding=\"async\" class=\"vc_single_image-img\" src=\"https:\/\/www.tempatech.com\/wp-content\/uploads\/2021\/09\/sysweld-4.jpg\" width=\"600\" height=\"300\" alt=\"sysweld-4\" title=\"sysweld-4\" \/><\/a>\n\t\t<\/figure>\n\t<\/div>\n<\/div><\/div><\/div><div class=\"wpb_column wpb_animate_when_almost_visible wpb_fadeInRight fadeInRight vc_column_container vc_col-sm-6\"><div class=\"vc_column-inner\"><div class=\"wpb_wrapper\">\n\t<div class=\"wpb_text_column wpb_content_element  vc_custom_1632586781522\" >\n\t\t<div class=\"wpb_wrapper\">\n\t\t\t<p><span style=\"font-size: 18px; color: #f50c1f;\"><strong><span style=\"font-family: Montserrat;\"><span style=\"font-size: 24px;\">Sysweld<\/span><\/span><\/strong><\/span><\/p>\n\n\t\t<\/div>\n\t<\/div>\n\n\t<div style=\"color:#0f0f0f;font-family:Montserrat;\" class=\"wpb_text_column has-custom-color wpex-child-inherit-color wpb_content_element  vc_custom_1632587034783\" >\n\t\t<div class=\"wpb_wrapper\">\n\t\t\t<p><span style=\"color: #000000;\">Sysweld, FEA metodunu kullanarak, kayna\u011f\u0131n \u0131s\u0131l etkilerini, kaynaklanacak par\u00e7aya uygulanmas\u0131 sonucunda, mikro yap\u0131, sertlik da\u011f\u0131l\u0131m\u0131, kaynak \u00e7arp\u0131lmalar\u0131, kal\u0131nt\u0131 gerilim da\u011f\u0131l\u0131m\u0131, faz d\u00f6n\u00fc\u015f\u00fcmleri, s\u0131cakl\u0131k da\u011f\u0131l\u0131m\u0131, akma gerilmelerinde meydana gelen de\u011fi\u015fiklikleri hesaplayabilen tek ticari yaz\u0131l\u0131m kodudur.<\/span><\/p>\n<p><span style=\"color: #000000;\">Sysweld\u2019e \u00f6zel sim\u00fclasyon ve Analiz Yetenekleri<\/span><\/p>\n<ul>\n<li><span style=\"color: #000000;\">Kaynak ve \u0131s\u0131l i\u015flem s\u00fcre\u00e7lerinin tamam\u0131n\u0131 kapsayan b\u00fct\u00fcnle\u015fik yaz\u0131l\u0131m \u00e7\u00f6z\u00fcm\u00fcd\u00fcr.<\/span><\/li>\n<li><span style=\"color: #000000;\">Kaynak ve \u0131s\u0131l i\u015flem sim\u00fclasyonu alan\u0131nda 100 y\u0131l\u0131 a\u015fk\u0131n deneyime sahip, yaz\u0131l\u0131m geli\u015ftirme ekibine sahiptir.<\/span><\/li>\n<li><span style=\"color: #000000;\">Bilimsel ve end\u00fcstriyel anlamda kabul g\u00f6rm\u00fc\u015f, uygulanabilir t\u00fcm kaynak y\u00f6ntemlerinin ve kompleks b\u00fcy\u00fck yap\u0131lar\u0131n (k\u00f6pr\u00fc, i\u015f makinalar\u0131\u2026vs) sim\u00fcle edilebilme olana\u011f\u0131 sa\u011flar.<\/span><\/li>\n<li><span style=\"color: #000000;\">B\u00fcz\u00fclme (shrinkage), lokal-global metot (local global method), ve tranziyent (transient) olmak \u00fczere, \u00fc\u00e7 farkl\u0131 sim\u00fclasyon y\u00f6ntemi kullan\u0131r.<\/span><\/li>\n<li><span style=\"color: #000000;\">T\u00fcm genel CAD modelleri ile uyumlu olarak \u00e7al\u0131\u015fabilen, kaynak &amp; \u0131s\u0131l i\u015flem sim\u00fclasyonlar\u0131na \u00f6zel olarak geli\u015ftirilmi\u015f, en geli\u015fmi\u015f mesh yaz\u0131l\u0131m\u0131d\u0131r.<\/span><\/li>\n<\/ul>\n<p><span style=\"color: #000000;\"><strong>Parametreleri<\/strong><\/span><\/p>\n<ul>\n<li><span style=\"color: #000000;\">Kaynak ve Is\u0131l i\u015flem sim\u00fclasyonlar\u0131 i\u00e7in mesh model haz\u0131rlama<\/span><\/li>\n<li><span style=\"color: #000000;\">Tek ve \u00e7ok pasolu kaynak uygulamalar\u0131<\/span><\/li>\n<li><span style=\"color: #000000;\">Kal\u0131n malzemeli, \u00e7ok pasolu kaynak montaj prosesleri<\/span><\/li>\n<li><span style=\"color: #000000;\">Punto Kayna\u011f\u0131 (Spot Welding)<\/span><\/li>\n<\/ul>\n\n\t\t<\/div>\n\t<\/div>\n<\/div><\/div><\/div><\/div><\/div><div class=\"vc_row-full-width vc_clearfix\"><\/div><div data-vc-full-width=\"true\" data-vc-full-width-init=\"false\" class=\"vc_section wpb_animate_when_almost_visible wpb_fadeInLeft fadeInLeft vc_custom_1632500342734 wpex-vc_section-has-fill wpex-vc-row-stretched\"><\/div><div class=\"vc_row-full-width vc_clearfix\"><\/div><div data-vc-full-width=\"true\" data-vc-full-width-init=\"false\" class=\"vc_section wpb_animate_when_almost_visible wpb_fadeIn fadeIn vc_custom_1632587187829 wpex-vc_section-has-fill wpex-vc-row-stretched\" data-ls_id=\"#WeldPlanner\"><div class=\"vc_row wpb_row vc_row-fluid vc_row-o-content-middle vc_row-flex\"><div class=\"wpb_column wpb_animate_when_almost_visible wpb_fadeInLeft fadeInLeft vc_column_container vc_col-sm-6\"><div class=\"vc_column-inner\"><div class=\"wpb_wrapper\">\n\t<div class=\"wpb_text_column wpb_content_element  vc_custom_1632587182733\" >\n\t\t<div class=\"wpb_wrapper\">\n\t\t\t<p style=\"text-align: left;\"><span style=\"font-size: 18px; color: #f50c1f;\"><strong><span style=\"font-family: Montserrat;\"><span style=\"font-size: 24px;\">WeldPlanner<\/span><\/span><\/strong><\/span><\/p>\n\n\t\t<\/div>\n\t<\/div>\n\n\t<div style=\"color:#000000;font-family:Montserrat;\" class=\"wpb_text_column has-custom-color wpex-child-inherit-color wpb_content_element  vc_custom_1632587166486\" >\n\t\t<div class=\"wpb_wrapper\">\n\t\t\t<p>Weldplanner, kaynak, imalat, proses m\u00fchendislerinin kaynak montaj planlar\u0131n\u0131 olu\u015fturmadan \u00f6nce, h\u0131zl\u0131 ve pratik bir \u015fekilde kayna\u011fa ili\u015fkin \u00e7arp\u0131lma miktarlar\u0131n\u0131, s\u0131cakl\u0131k da\u011f\u0131l\u0131mlar\u0131n\u0131, kaynak montaj i\u015flemi \u00f6ncesinde analiz edebilmeleri i\u00e7in geli\u015ftirilmi\u015f bir yaz\u0131l\u0131md\u0131r.<\/p>\n<p><strong>\u00d6zellikleri<\/strong><\/p>\n<ul>\n<li>Prototip maliyetlerinizi minimize etmek<\/li>\n<li>Distorsiyon (\u00c7arp\u0131lma) kaynakl\u0131 d\u00fczeltme i\u015f\u00e7ilik maliyetlerinizi azaltmak<\/li>\n<li>K\u0131sa zaman diliminde kaynak planlar\u0131 haz\u0131rlamak ve optimize etmek<\/li>\n<li>Distorsiyonlar\u0131 kabul edilebilir toleranslar dahilinde tutmak<\/li>\n<li>En iyi kaynak kalitesini garanti alt\u0131na almak<\/li>\n<li>Kaynakl\u0131 imalatlarda meydana gelen gerilmeleri kontrol etmek<\/li>\n<li>Kaynak penetrasyon de\u011ferlerinizi proje hedeflerinde yakalamak<\/li>\n<\/ul>\n<p><strong>Kullan\u0131m Alanlar\u0131<\/strong><\/p>\n<ul>\n<li>\u00c7arp\u0131lmalar sebebi ile ortaya \u00e7\u0131kan, d\u00fczeltme i\u015f\u00e7ilik maliyelerinin azalt\u0131lmas\u0131<\/li>\n<li>Prototip \u00fcretim maliyetlerinin s\u0131n\u0131rland\u0131r\u0131lmas\u0131<\/li>\n<li>Kaynak planlar\u0131n\u0131n olu\u015fturulmas\u0131<\/li>\n<li>Distorsiyonlar\u0131n b\u00fcy\u00fckl\u00fcklerinin ve y\u00f6nelmelerinin hesaplanmas\u0131<\/li>\n<li>Distorsiyonlar\u0131n toleranslar dahilinde tutulmas\u0131<\/li>\n<li>Fikst\u00fcr kuvvetlerinin yanl\u0131\u015f tasar\u0131m\u0131ndan kaynaklanan hatalar\u0131n minimize edilmesi<\/li>\n<li>Gereksiz kaynak uygulamalar\u0131n\u0131n ortadan kald\u0131r\u0131lmas\u0131<\/li>\n<li>Bo\u015fluk kapatma kuvvetlerinin minimize edilmesi<\/li>\n<li>Kaynak sarf malzeme t\u00fcketim maliyetlerinin azalt\u0131lmas\u0131<\/li>\n<li>Clamp tasar\u0131m ve imalat usullerinin analiz sonu\u00e7lar\u0131 ile desteklenmesi h\u0131zl\u0131 ve pratik bir \u015fekilde analiz edip, en uygun kaynak montaj plan\u0131n\u0131 olu\u015fturabilirsiniz.<\/li>\n<\/ul>\n\n\t\t<\/div>\n\t<\/div>\n<\/div><\/div><\/div><div class=\"wpb_column wpb_animate_when_almost_visible wpb_fadeInRight fadeInRight vc_column_container vc_col-sm-6\"><div class=\"vc_column-inner\"><div class=\"wpb_wrapper\">\n\t<div  class=\"wpb_single_image wpb_content_element vc_align_  wpex-lightbox\">\n\t\t\n\t\t<figure class=\"wpb_wrapper vc_figure\">\n\t\t\t<a href=\"https:\/\/www.tempatech.com\/wp-content\/uploads\/2021\/09\/welplanner-1.jpg\" target=\"_self\" class=\"vc_single_image-wrapper wpex-image-hover opacity-invert vc_box_shadow  vc_box_border_grey\"><img loading=\"lazy\" decoding=\"async\" class=\"vc_single_image-img\" src=\"https:\/\/www.tempatech.com\/wp-content\/uploads\/2021\/09\/welplanner-1.jpg\" width=\"600\" height=\"300\" alt=\"welplanner-1\" title=\"welplanner-1\" \/><\/a>\n\t\t<\/figure>\n\t<\/div>\n<\/div><\/div><\/div><\/div><\/div><div class=\"vc_row-full-width vc_clearfix\"><\/div><div data-vc-full-width=\"true\" data-vc-full-width-init=\"false\" class=\"vc_section wpb_animate_when_almost_visible wpb_fadeInRight fadeInRight vc_custom_1632500773169 wpex-vc_section-has-fill wpex-vc-row-stretched\"><\/div><div class=\"vc_row-full-width vc_clearfix\"><\/div><div data-vc-full-width=\"true\" data-vc-full-width-init=\"false\" class=\"vc_section wpb_animate_when_almost_visible wpb_fadeIn fadeIn vc_custom_1632587296241 vc_section-o-content-middle vc_section-flex wpex-vc_section-has-fill wpex-vc-row-stretched\" data-ls_id=\"#TRANSWELD\"><div class=\"vc_row wpb_row vc_row-fluid vc_row-o-content-middle vc_row-flex\"><div class=\"wpb_column wpb_animate_when_almost_visible wpb_fadeInLeft fadeInLeft vc_column_container vc_col-sm-6\"><div class=\"vc_column-inner\"><div class=\"wpb_wrapper\">\n\t<div  class=\"wpb_single_image wpb_content_element vc_align_  wpex-lightbox\">\n\t\t\n\t\t<figure class=\"wpb_wrapper vc_figure\">\n\t\t\t<a href=\"https:\/\/www.tempatech.com\/wp-content\/uploads\/2021\/09\/transweld-1.jpg\" target=\"_self\" class=\"vc_single_image-wrapper wpex-image-hover opacity-invert vc_box_shadow  vc_box_border_grey\"><img loading=\"lazy\" decoding=\"async\" class=\"vc_single_image-img\" src=\"https:\/\/www.tempatech.com\/wp-content\/uploads\/2021\/09\/transweld-1.jpg\" width=\"600\" height=\"300\" alt=\"transweld-1\" title=\"transweld-1\" \/><\/a>\n\t\t<\/figure>\n\t<\/div>\n<\/div><\/div><\/div><div class=\"wpb_column wpb_animate_when_almost_visible wpb_fadeInRight fadeInRight vc_column_container vc_col-sm-6\"><div class=\"vc_column-inner vc_custom_1632587459469\"><div class=\"wpb_wrapper\">\n\t<div class=\"wpb_text_column wpb_content_element  vc_custom_1632587285861\" >\n\t\t<div class=\"wpb_wrapper\">\n\t\t\t<p style=\"text-align: left;\"><span style=\"font-size: 18px; color: #ffffff;\"><strong><span style=\"font-family: Montserrat;\"><span style=\"font-size: 24px;\">TRANSWELD\u00ae<\/span><\/span><\/strong><\/span><\/p>\n\n\t\t<\/div>\n\t<\/div>\n\n\t<div style=\"color:#ffffff;font-family:Montserrat;\" class=\"wpb_text_column has-custom-color wpex-child-inherit-color wpb_content_element  vc_custom_1632587266276\" >\n\t\t<div class=\"wpb_wrapper\">\n\t\t\t<p>TRANSWELD\u00ae,yenilik\u00e7i ve g\u00fcvenilir kaynak \u00e7\u00f6z\u00fcmleri i\u00e7in en yeni sanal imalat deneyimi sunar.<\/p>\n<p>TRANSWELD\u00ae \u00e7oklu fizik modelleme, maddenin s\u0131v\u0131 haldeki ve kat\u0131 haldeki ger\u00e7ek bir davran\u0131\u015f\u0131 i\u00e7in t\u00fcm fiziksel fenomeni yakalar. Sertle\u015fen b\u00f6lgede kat\u0131la\u015fma ve birincil \u00e7ekme, tam kat\u0131la\u015fmadan sonra birincil ve ikincil \u00e7ekme gibi metal d\u00f6n\u00fc\u015f\u00fcmlerinin do\u011fru bir \u015fekilde tahminini garanti eder.<br \/>\nTRANSWELD\u00ae kaynak ilavesi ile malzeme sim\u00fcle eder. AAA remeshing ile ili\u015fkili olarak, kaynak boncuk \u015fekli sim\u00fclasyonun ger\u00e7ek bir sonucu haline gelir\nTRANSWELD\u00ae kalan gerilmeleri ve bile\u015fenlerin bozulmalar\u0131n\u0131 en aza indirgemek i\u00e7in kaynak noktalar\u0131n\u0131 optimize etmeye yard\u0131mc\u0131 olur.<\/p>\n\n\t\t<\/div>\n\t<\/div>\n<\/div><\/div><\/div><\/div><\/div><div class=\"vc_row-full-width vc_clearfix\"><\/div><div data-vc-full-width=\"true\" data-vc-full-width-init=\"false\" class=\"vc_section wpb_animate_when_almost_visible wpb_fadeInLeft fadeInLeft vc_custom_1632501045889 wpex-vc_section-has-fill wpex-vc-row-stretched\"><\/div><div class=\"vc_row-full-width vc_clearfix\"><\/div>","protected":false},"excerpt":{"rendered":"Welding & Heat Treatment SoftwaresContact us to get a product license Sysweld With FEA method, Sysweld is the only commercial software code that can calculate the thermal effects of welding to the workpiece, microstructure, hardness distribution, welding distortion, residual stress distribution, phase transformations, temperature distribution, yield stress. Specific simulation and analysis capabilities available only in&hellip;","protected":false},"author":1,"featured_media":0,"parent":2242,"menu_order":0,"comment_status":"closed","ping_status":"closed","template":"","meta":{"footnotes":""},"_links":{"self":[{"href":"https:\/\/www.tempatech.com\/tr\/wp-json\/wp\/v2\/pages\/2352"}],"collection":[{"href":"https:\/\/www.tempatech.com\/tr\/wp-json\/wp\/v2\/pages"}],"about":[{"href":"https:\/\/www.tempatech.com\/tr\/wp-json\/wp\/v2\/types\/page"}],"author":[{"embeddable":true,"href":"https:\/\/www.tempatech.com\/tr\/wp-json\/wp\/v2\/users\/1"}],"replies":[{"embeddable":true,"href":"https:\/\/www.tempatech.com\/tr\/wp-json\/wp\/v2\/comments?post=2352"}],"version-history":[{"count":4,"href":"https:\/\/www.tempatech.com\/tr\/wp-json\/wp\/v2\/pages\/2352\/revisions"}],"predecessor-version":[{"id":2495,"href":"https:\/\/www.tempatech.com\/tr\/wp-json\/wp\/v2\/pages\/2352\/revisions\/2495"}],"up":[{"embeddable":true,"href":"https:\/\/www.tempatech.com\/tr\/wp-json\/wp\/v2\/pages\/2242"}],"wp:attachment":[{"href":"https:\/\/www.tempatech.com\/tr\/wp-json\/wp\/v2\/media?parent=2352"}],"curies":[{"name":"wp","href":"https:\/\/api.w.org\/{rel}","templated":true}]}}