{"id":2390,"date":"2021-09-25T22:39:37","date_gmt":"2021-09-25T19:39:37","guid":{"rendered":"https:\/\/www.tempatech.com\/?page_id=2390"},"modified":"2021-09-30T11:58:49","modified_gmt":"2021-09-30T08:58:49","slug":"mecanum-measurement-systems","status":"publish","type":"page","link":"https:\/\/www.tempatech.com\/tr\/softwares\/computational-materials-production-simulation-softwares\/mecanum-measurement-systems\/","title":{"rendered":"Mecanum \u00d6l\u00e7\u00fcm Sistemleri"},"content":{"rendered":"<div data-vc-full-width=\"true\" data-vc-full-width-init=\"false\" class=\"vc_section wpb_animate_when_almost_visible wpb_fadeIn fadeIn vc_custom_1632502316191 wpex-vc_section-has-fill wpex-vc-row-stretched\"><div class=\"vc_row wpb_row vc_row-fluid vc_custom_1623056521764\"><div class=\"wpb_column wpb_animate_when_almost_visible wpb_fadeInUp fadeInUp vc_column_container vc_col-sm-4\/5\"><div class=\"vc_column-inner\"><div class=\"wpb_wrapper\"><h3 style=\"font-size: 40px;color: #ffffff;text-align: left;font-family:Montserrat;font-weight:700;font-style:normal\" class=\"vc_custom_heading vc_custom_1632992319303\" >Mecanum \u00d6l\u00e7\u00fcm Sistemleri<\/h3><div class=\"vc_custom_1632728195404 wpex-clr\"><a href=\"https:\/\/www.tempatech.com\/tr\/contact\/\" class=\"vcex-button theme-button inline\" style=\"background:#f50c1f;font-family:Montserrat;\" data-wpex-hover='{&quot;background&quot;:&quot;#ffffff&quot;,&quot;color&quot;:&quot;#0a0a0a&quot;}'><span class=\"theme-button-inner\">Bu \u00fcr\u00fcnleri sat\u0131n almak i\u00e7in bizimle ileti\u015fime ge\u00e7in!<span class=\"vcex-icon-wrap theme-button-icon-right\"><span class=\"ticon ticon-telegram\" aria-hidden=\"true\"><\/span><\/span><\/span><\/a><\/div> <\/div><\/div><\/div><\/div><\/div><div class=\"vc_row-full-width vc_clearfix\"><\/div><div data-vc-full-width=\"true\" data-vc-full-width-init=\"false\" class=\"vc_section wpb_animate_when_almost_visible wpb_fadeIn fadeIn vc_custom_1632502328149 wpex-vc_section-has-fill wpex-vc-row-stretched\"><\/div><div class=\"vc_row-full-width vc_clearfix\"><\/div><div data-vc-full-width=\"true\" data-vc-full-width-init=\"false\" class=\"vc_section wpb_animate_when_almost_visible wpb_fadeIn fadeIn vc_custom_1632598770456 vc_section-o-content-middle vc_section-flex wpex-vc_section-has-fill wpex-vc-row-stretched\" data-ls_id=\"#PorosityMeasurementTools\"><div class=\"vc_row wpb_row vc_row-fluid vc_row-o-content-middle vc_row-flex\"><div class=\"wpb_column wpb_animate_when_almost_visible wpb_fadeInLeft fadeInLeft vc_column_container vc_col-sm-6\"><div class=\"vc_column-inner vc_custom_1623062358090\"><div class=\"wpb_wrapper\">\n\t<div  class=\"wpb_single_image wpb_content_element vc_align_  wpex-lightbox\">\n\t\t\n\t\t<figure class=\"wpb_wrapper vc_figure\">\n\t\t\t<a href=\"https:\/\/www.tempatech.com\/wp-content\/uploads\/2021\/09\/porozite-1.png\" target=\"_self\" class=\"vc_single_image-wrapper wpex-image-hover opacity-invert vc_box_shadow  vc_box_border_grey\"><img loading=\"lazy\" decoding=\"async\" class=\"vc_single_image-img\" src=\"https:\/\/www.tempatech.com\/wp-content\/uploads\/2021\/09\/porozite-1-600x300.png\" width=\"600\" height=\"300\" alt=\"porozite-1\" title=\"porozite-1\" \/><\/a>\n\t\t<\/figure>\n\t<\/div>\n<\/div><\/div><\/div><div class=\"wpb_column wpb_animate_when_almost_visible wpb_fadeInRight fadeInRight vc_column_container vc_col-sm-6\"><div class=\"vc_column-inner\"><div class=\"wpb_wrapper\">\n\t<div class=\"wpb_text_column wpb_content_element  vc_custom_1632598760910\" >\n\t\t<div class=\"wpb_wrapper\">\n\t\t\t<p><span style=\"font-size: 18px; color: #f50c1f;\"><strong><span style=\"font-family: Montserrat;\"><span style=\"font-size: 24px;\">Porozite \u00d6l\u00e7\u00fcm Ara\u00e7lar\u0131<\/span><\/span><\/strong><\/span><\/p>\n\n\t\t<\/div>\n\t<\/div>\n\n\t<div style=\"color:#0c0c0c;font-family:Montserrat;\" class=\"wpb_text_column has-custom-color wpex-child-inherit-color wpb_content_element  vc_custom_1632598918960\" >\n\t\t<div class=\"wpb_wrapper\">\n\t\t\t<p>Mecanum porozite \u00f6l\u00e7\u00fcm cihazlar\u0131; g\u00fcr\u00fclt\u00fc kontrol m\u00fchendislik hesaplamalar\u0131nda kullan\u0131lan \u00f6nemli parametrelerden, \u201ca\u00e7\u0131k porozite (open porosity)\u201d ve \u201d ger\u00e7ek k\u00fctle yo\u011funlu\u011fu (true bulk density)\u201d de\u011ferlerinin g\u00fcvenilir \u00f6l\u00e7\u00fcm\u00fc i\u00e7in tasarlanm\u0131\u015f test sistemleridir.<\/p>\n<p><strong>Malzeme \u00d6zellikleri<\/strong><br \/>\n1. A\u00e7\u0131k Porozite<br \/>\n2. Ger\u00e7ek Hacim Yo\u011funlu\u011fu<\/p>\n<p><strong>Uygulama Alanlar\u0131<\/strong><\/p>\n<p>Mecanum porozite \u00f6l\u00e7\u00fcm sistemleri; d\u00fcnyan\u0131n \u00f6nde gelen malzeme tedarik\u00e7ileri, otomotiv ve u\u00e7ak end\u00fcstrisindeki test ve analiz \u00e7al\u0131\u015fmalar\u0131ndaki tutarl\u0131 sonu\u00e7lar\u0131 ile m\u00fchendislik faaliyetlerine de\u011fer katmaktad\u0131r. Porozite \u00f6l\u00e7\u00fcm sistemlerinin temel kullan\u0131m alanlar\u0131:<\/p>\n<p>\u25ba Malzemelerin imalat s\u00fcre\u00e7lerindeki kalite kontrol \u00e7al\u0131\u015fmalar\u0131<\/p>\n<p>\u25ba Ara\u015ft\u0131rma, geli\u015ftirme ve inovasyon \u00e7al\u0131\u015fmalar\u0131<\/p>\n<p>\u25ba Akustik sim\u00fclasyon yaz\u0131l\u0131mlar\u0131na, malzeme ses yutum \u00f6zelliklerinin beslenmesi faaliyetler<\/p>\n<p><strong>Temel \u00d6zellikler<\/strong><\/p>\n<p>Mecanum porozite \u00f6l\u00e7\u00fcm sistemleri, do\u011frulama kart\u0131 ile birlikte do\u011frulama \u00f6rne\u011fi ve Phi-X\u2122 yaz\u0131l\u0131m\u0131 ile birlikte gelmektedir. Phi-X\u2122 yaz\u0131l\u0131m\u0131, test m\u00fchendisini, test s\u00fcreci esnas\u0131nda ve test i\u015flemi sonras\u0131ndaki a\u00e7\u0131k porozite ve ger\u00e7ek k\u00fctle yo\u011funlu\u011fu hesaplamalar\u0131nda yard\u0131mc\u0131 olmaktad\u0131r. Porozite \u00f6l\u00e7\u00fcm sistemi, ayn\u0131 zamanda B&amp;K ve Mecanum, empedans t\u00fcpleri, hava ak\u0131\u015f direnci \u00f6l\u00e7\u00fcm sistemleri ve yar\u0131 statik mekanik analiz\u00f6r sistemlerinde de kullan\u0131labilen, disk \u015feklindeki kalibrasyon malzemeleri ile \u00e7al\u0131\u015fmaktad\u0131r. Opsiyonel kalibrasyon \u00f6rnekleri de tedarik etmek m\u00fcmk\u00fcnd\u00fcr.<\/p>\n\n\t\t<\/div>\n\t<\/div>\n<\/div><\/div><\/div><\/div><\/div><div class=\"vc_row-full-width vc_clearfix\"><\/div><div data-vc-full-width=\"true\" data-vc-full-width-init=\"false\" class=\"vc_section wpb_animate_when_almost_visible wpb_fadeInLeft fadeInLeft vc_custom_1632500342734 wpex-vc_section-has-fill wpex-vc-row-stretched\"><\/div><div class=\"vc_row-full-width vc_clearfix\"><\/div><div data-vc-full-width=\"true\" data-vc-full-width-init=\"false\" class=\"vc_section wpb_animate_when_almost_visible wpb_fadeIn fadeIn vc_custom_1632598979691 wpex-vc_section-has-fill wpex-vc-row-stretched\" data-ls_id=\"#QusaiStaticMechanicalAnalyzer\"><div class=\"vc_row wpb_row vc_row-fluid vc_row-o-content-middle vc_row-flex\"><div class=\"wpb_column wpb_animate_when_almost_visible wpb_fadeInLeft fadeInLeft vc_column_container vc_col-sm-6\"><div class=\"vc_column-inner\"><div class=\"wpb_wrapper\">\n\t<div class=\"wpb_text_column wpb_content_element  vc_custom_1632598968054\" >\n\t\t<div class=\"wpb_wrapper\">\n\t\t\t<p style=\"text-align: left;\"><span style=\"font-size: 18px; color: #f50c1f;\"><strong><span style=\"font-family: Montserrat;\"><span style=\"font-size: 24px;\">Qusai-Static Mekanik Analiz\u00f6r<\/span><\/span><\/strong><\/span><\/p>\n\n\t\t<\/div>\n\t<\/div>\n\n\t<div style=\"color:#000000;font-family:Montserrat;\" class=\"wpb_text_column has-custom-color wpex-child-inherit-color wpb_content_element  vc_custom_1632599071407\" >\n\t\t<div class=\"wpb_wrapper\">\n\t\t\t<p>Yar\u0131 statik mekanik analiz test sistemleri; g\u00fcr\u00fclt\u00fc kontrol m\u00fchendisli\u011fi \u00e7al\u0131\u015fmalar\u0131nda kullan\u0131lan por\u00f6z akustik yal\u0131t\u0131m malzemelerinin, elastik \u00f6zelliklerinin (Young modulus E; Poisson ratio \u03bd; Damping loss factor \u03b7) hesaplanabilmesi i\u00e7in tasarlanm\u0131\u015f, g\u00fcvenilir \u00f6l\u00e7\u00fcm sistemleridir.<\/p>\n<p><strong>Uygulama Alanlar\u0131<\/strong><br \/>\nMecanum yar\u0131 statik mekanik analiz \u00f6l\u00e7\u00fcm sistemleri; d\u00fcnyan\u0131n \u00f6nde gelen malzeme tedarik\u00e7ileri, otomotiv ve u\u00e7ak end\u00fcstrisindeki test ve analiz \u00e7al\u0131\u015fmalar\u0131ndaki tutarl\u0131 sonu\u00e7lar\u0131 ile m\u00fchendislik faaliyetlerine de\u011fer katmaktad\u0131r. Yar\u0131 statik mekanik analiz \u00f6l\u00e7\u00fcm sistemlerinin temel kullan\u0131m alanlar\u0131:<\/p>\n<p class=\" translation-block\">\u25ba Malzemelerin imalat s\u00fcre\u00e7lerindeki kalite kontrol \u00e7al\u0131\u015fmalar\u0131<\/p>\n<p>\u25ba Ara\u015ft\u0131rma, geli\u015ftirme ve inovasyon \u00e7al\u0131\u015fmalar\u0131<\/p>\n<p>\u25ba Akustik sim\u00fclasyon yaz\u0131l\u0131mlar\u0131na, malzeme ses yutum \u00f6zelliklerinin beslenmesi faaliyetler<\/p>\n<p>\u25ba Yar\u0131 statik mekanik analiz \u00f6l\u00e7\u00fcm sistemleri; Nova\u2122, VA One\u2122, and MSC Actran\u2122 gibi Biot tabanl\u0131 yaz\u0131l\u0131mlar ve Biot poroelastik denklemleri ile uyumlu olarak \u00e7al\u0131\u015fma<\/p>\n<p><strong>Temel \u00d6zellikler<\/strong><\/p>\n<p>Mecanum yar\u0131 statik mekanik analiz test sistemleri; bir adet data toplama sistemi, QMA-X\u2122 yaz\u0131l\u0131m\u0131, test prosed\u00fcrlerinin do\u011frulanmas\u0131 s\u00fcre\u00e7lerinde kullan\u0131lan bir adet kalibrasyon kart\u0131 ile birlikte gelmektedir. QMA-X\u2122 yaz\u0131l\u0131m\u0131, test sisteminden elastik malzeme \u00f6zelliklerinin elde edilmesi ve i\u015flenmesi s\u00fcre\u00e7lerinde kullan\u0131lmaktad\u0131r. Sistemin genel \u00f6l\u00e7\u00fcm frekans\u0131 aral\u0131\u011f\u0131 10-100 Hz dir. Mecanum yar\u0131 statik mekanik analiz test sistemleri; ayn\u0131 zamanda Mecanum, empedans t\u00fcpleri, porozite \u00f6l\u00e7\u00fcm sistemleri ve statik hava ak\u0131\u015f direnci \u00f6l\u00e7\u00fcm sistemlerinde de kullan\u0131labilen, disk \u015feklindeki kalibrasyon malzemeleri ile \u00e7al\u0131\u015fmaktad\u0131r.<\/p>\n\n\t\t<\/div>\n\t<\/div>\n<\/div><\/div><\/div><div class=\"wpb_column wpb_animate_when_almost_visible wpb_fadeInRight fadeInRight vc_column_container vc_col-sm-6\"><div class=\"vc_column-inner\"><div class=\"wpb_wrapper\">\n\t<div  class=\"wpb_single_image wpb_content_element vc_align_  wpex-lightbox\">\n\t\t\n\t\t<figure class=\"wpb_wrapper vc_figure\">\n\t\t\t<a href=\"https:\/\/www.tempatech.com\/wp-content\/uploads\/2021\/09\/qusai-1-1.png\" target=\"_self\" class=\"vc_single_image-wrapper wpex-image-hover opacity-invert vc_box_shadow  vc_box_border_grey\"><img loading=\"lazy\" decoding=\"async\" class=\"vc_single_image-img\" src=\"https:\/\/www.tempatech.com\/wp-content\/uploads\/2021\/09\/qusai-1-1-600x300.png\" width=\"600\" height=\"300\" alt=\"qusai-1\" title=\"qusai-1\" \/><\/a>\n\t\t<\/figure>\n\t<\/div>\n<\/div><\/div><\/div><\/div><\/div><div class=\"vc_row-full-width vc_clearfix\"><\/div><div data-vc-full-width=\"true\" data-vc-full-width-init=\"false\" class=\"vc_section wpb_animate_when_almost_visible wpb_fadeInRight fadeInRight vc_custom_1632500773169 wpex-vc_section-has-fill wpex-vc-row-stretched\"><\/div><div class=\"vc_row-full-width vc_clearfix\"><\/div><div data-vc-full-width=\"true\" data-vc-full-width-init=\"false\" class=\"vc_section wpb_animate_when_almost_visible wpb_fadeIn fadeIn vc_custom_1632599166434 vc_section-o-content-middle vc_section-flex wpex-vc_section-has-fill wpex-vc-row-stretched\" data-ls_id=\"#ImpedanceTube\"><div class=\"vc_row wpb_row vc_row-fluid vc_row-o-content-middle vc_row-flex\"><div class=\"wpb_column wpb_animate_when_almost_visible wpb_fadeInLeft fadeInLeft vc_column_container vc_col-sm-6\"><div class=\"vc_column-inner\"><div class=\"wpb_wrapper\">\n\t<div  class=\"wpb_single_image wpb_content_element vc_align_  wpex-lightbox\">\n\t\t\n\t\t<figure class=\"wpb_wrapper vc_figure\">\n\t\t\t<a href=\"https:\/\/www.tempatech.com\/wp-content\/uploads\/2021\/09\/empedans-img.jpg\" target=\"_self\" class=\"vc_single_image-wrapper wpex-image-hover opacity-invert vc_box_shadow  vc_box_border_grey\"><img loading=\"lazy\" decoding=\"async\" class=\"vc_single_image-img\" src=\"https:\/\/www.tempatech.com\/wp-content\/uploads\/2021\/09\/empedans-img-600x300.jpg\" width=\"600\" height=\"300\" alt=\"empedans-img\" title=\"empedans-img\" \/><\/a>\n\t\t<\/figure>\n\t<\/div>\n<\/div><\/div><\/div><div class=\"wpb_column wpb_animate_when_almost_visible wpb_fadeInRight fadeInRight vc_column_container vc_col-sm-6\"><div class=\"vc_column-inner vc_custom_1632587520434\"><div class=\"wpb_wrapper\">\n\t<div class=\"wpb_text_column wpb_content_element  vc_custom_1632599129618\" >\n\t\t<div class=\"wpb_wrapper\">\n\t\t\t<p style=\"text-align: left;\"><span style=\"font-size: 18px; color: #ffffff;\"><strong><span style=\"font-family: Montserrat;\"><span style=\"font-size: 24px;\">Empedans T\u00fcp<\/span><\/span><\/strong><\/span><\/p>\n\n\t\t<\/div>\n\t<\/div>\n\n\t<div style=\"color:#ffffff;font-family:Montserrat;\" class=\"wpb_text_column has-custom-color wpex-child-inherit-color wpb_content_element  vc_custom_1632599154701\" >\n\t\t<div class=\"wpb_wrapper\">\n\t\t\t<p>Mecanum empedans t\u00fcpleri; g\u00fcr\u00fclt\u00fc kontrol m\u00fchendislik hesaplamalar\u0131nda kullan\u0131lan \u00f6nemli parametrelerden, \u201cses yutum katsay\u0131s\u0131 (absorption coefficient)\u201d ve \u201d ses iletim kayb\u0131 (transmission loss)\u201d de\u011ferleri ba\u015fta olmak \u00fczere g\u00fcvenilir \u00f6l\u00e7\u00fcmler yapmak i\u00e7in tasarlanm\u0131\u015f test sistemleridir.<\/p>\n<p><strong>Uygulama Alanlar\u0131<\/strong><br \/>\nMecanum empedans t\u00fcpleri; d\u00fcnyan\u0131n \u00f6nde gelen malzeme tedarik\u00e7ileri, otomotiv ve u\u00e7ak end\u00fcstrisindeki test ve analiz \u00e7al\u0131\u015fmalar\u0131ndaki tutarl\u0131 sonu\u00e7lar\u0131 ile m\u00fchendislik faaliyetlerine de\u011fer katmaktad\u0131r.<br \/>\nEmpedans t\u00fcplerinin temel kullan\u0131m alanlar\u0131:<br \/>\n\u25ba Malzemelerin imalat s\u00fcre\u00e7lerindeki kalite kontrol \u00e7al\u0131\u015fmalar\u0131<br \/>\n\u25ba Ara\u015ft\u0131rma, geli\u015ftirme ve inovasyon \u00e7al\u0131\u015fmalar\u0131<br \/>\n\u25ba Akustik sim\u00fclasyon yaz\u0131l\u0131mlar\u0131na, malzeme ses yutum \u00f6zelliklerinin beslenmesi faaliyetler<\/p>\n<p><strong>Elde Edilen Veriler<\/strong><br \/>\n\u25ba Ses Yutum Katsay\u0131s\u0131 (\u03b1)<br \/>\n\u25ba Yans\u0131ma Katsay\u0131s\u0131 (R)<br \/>\n\u25ba Y\u00fczey Empedans\u0131 (Zs\/Zair)<br \/>\n\u25ba Ses \u0130letim Kayb\u0131 (TL)<br \/>\n\u25ba Karakteristik Empedans (Z\/Zair)<br \/>\n\u25ba Tranfer Matriks Katsay\u0131s\u0131 (Tij)<br \/>\n\u25ba Dinamik Yo\u011funluk (\u03c1eq)<br \/>\n\u25ba S\u0131k\u0131\u015ft\u0131r\u0131labilirlik (Keq)<\/p>\n\n\t\t<\/div>\n\t<\/div>\n<\/div><\/div><\/div><\/div><\/div><div class=\"vc_row-full-width vc_clearfix\"><\/div><div data-vc-full-width=\"true\" data-vc-full-width-init=\"false\" class=\"vc_section wpb_animate_when_almost_visible wpb_fadeInLeft fadeInLeft vc_custom_1632501045889 wpex-vc_section-has-fill wpex-vc-row-stretched\"><\/div><div class=\"vc_row-full-width vc_clearfix\"><\/div><div data-vc-full-width=\"true\" data-vc-full-width-init=\"false\" class=\"vc_section wpb_animate_when_almost_visible wpb_fadeIn fadeIn vc_custom_1632599249593 vc_section-o-content-middle vc_section-flex wpex-vc_section-has-fill wpex-vc-row-stretched\" data-ls_id=\"#SigmaStaticAirResistanceMeasurementSystems\"><div class=\"vc_row wpb_row vc_row-fluid vc_row-o-content-middle vc_row-flex\"><div class=\"wpb_column wpb_animate_when_almost_visible wpb_fadeInLeft fadeInLeft vc_column_container vc_col-sm-6\"><div class=\"vc_column-inner\"><div class=\"wpb_wrapper\">\n\t<div class=\"wpb_text_column wpb_content_element  vc_custom_1632599237124\" >\n\t\t<div class=\"wpb_wrapper\">\n\t\t\t<p><span style=\"font-size: 18px; color: #f50c1f;\"><strong><span style=\"font-family: Montserrat;\"><span style=\"font-size: 24px;\">Sigma-Statik Hava Direnci \u00d6l\u00e7\u00fcm Sistemleri<\/span><\/span><\/strong><\/span><\/p>\n\n\t\t<\/div>\n\t<\/div>\n\n\t<div style=\"color:#000000;font-family:Montserrat;\" class=\"wpb_text_column has-custom-color wpex-child-inherit-color wpb_content_element  vc_custom_1632728401391\" >\n\t\t<div class=\"wpb_wrapper\">\n\t\t\t<p>Statik hava ak\u0131\u015f direnci \u00f6l\u00e7\u00fcm sistemleri; g\u00fcr\u00fclt\u00fc kontrol m\u00fchendisli\u011fi \u00e7al\u0131\u015fmalar\u0131nda kullan\u0131lan por\u00f6z akustik yal\u0131t\u0131m malzemelerinin , \u201cstatik hava ak\u0131\u015f direnci ve statik viskoz ge\u00e7irgenlik\u201d parametrelerinin hesaplanabilmesi i\u00e7in geli\u015ftirilmi\u015f, g\u00fcvenilir \u00f6l\u00e7\u00fcm sistemleridir.Sistem, ASTM C522-03 ve ISO 9053-91 standartlar\u0131nda a\u00e7\u0131klanan do\u011frudan y\u00f6ntem temel al\u0131narak haz\u0131rlanm\u0131\u015ft\u0131r.<\/p>\n<p><strong>Malzeme \u00d6zellikleri<\/strong><\/p>\n<p>\u25ba Statik Hava Ak\u0131m\u0131 \u00d6zdirenci (Pa.s \/ m\u00b2 veya rayls \/ m)<\/p>\n<p>\u25ba Statik Hava Ak\u0131m\u0131 Direnci (Pa.s\/m or rayls)<\/p>\n<p>\u25ba Statik Viskoz Ge\u00e7irgenlik (m\u00b2 veya Darcy)<\/p>\n<p><strong>Uygulama Alanlar\u0131<\/strong><\/p>\n<p>Mecanum statik hava ak\u0131\u015f direnci \u00f6l\u00e7\u00fcm sistemleri; d\u00fcnyan\u0131n \u00f6nde gelen malzeme tedarik\u00e7ileri, otomotiv ve u\u00e7ak end\u00fcstrisindeki test ve analiz \u00e7al\u0131\u015fmalar\u0131ndaki tutarl\u0131 sonu\u00e7lar\u0131 ile m\u00fchendislik faaliyetlerine de\u011fer katmaktad\u0131r.<\/p>\n<p>Statik hava ak\u0131\u015f direnci \u00f6l\u00e7\u00fcm sistemlerinin temel kullan\u0131m alanlar\u0131:<\/p>\n<p>\u25ba Malzemelerin imalat s\u00fcre\u00e7lerindeki kalite kontrol \u00e7al\u0131\u015fmalar\u0131<\/p>\n<p>\u25ba Ara\u015ft\u0131rma, geli\u015ftirme ve inovasyon \u00e7al\u0131\u015fmalar\u0131<\/p>\n<p>\u25ba Akustik sim\u00fclasyon yaz\u0131l\u0131mlar\u0131na,malzeme ses yutum \u00f6zelliklerinin eklenmesi<\/p>\n<p><strong>Temel \u00d6zellikler<\/strong><\/p>\n<p>Mecanum statik hava ak\u0131\u015f direnci \u00f6l\u00e7\u00fcm sistemleri; de\u011fi\u015fik ebatlarda konfig\u00fcre edilebilen bir adet test numunesi yerle\u015ftirme b\u00f6l\u00fcm\u00fc, ince film b\u00f6l\u00fcm\u00fc, paslanmaz \u00e7elik malzemeden imal edilmi\u015f, kalibrasyon malzemesi ve kalibrasyon kontrol kart\u0131 ve Sigma-X\u2122 yaz\u0131l\u0131m\u0131 ile birlikte gelmektedir. Sigma-X\u2122 yaz\u0131l\u0131m\u0131, test cihaz\u0131ndan data elde edilmesi ve elde edilen statik hava ak\u0131\u015f direnci datas\u0131n\u0131n i\u015flenmesi i\u00e7in kullan\u0131lmaktad\u0131r. statik hava ak\u0131\u015f direnci \u00f6l\u00e7\u00fcm sistemi, ayn\u0131 zamanda B&amp;K ve Mecanum, empedans t\u00fcpleri, porozite \u00f6l\u00e7\u00fcm sistemleri ve yar\u0131 statik mekanik analiz\u00f6r sistemlerinde de kullan\u0131labilen, disk \u015feklindeki kalibrasyon malzemeleri ile \u00e7al\u0131\u015fmaktad\u0131r. Opsiyonel kalibrasyon \u00f6rnekleri, ve malzeme yerle\u015ftirme b\u00f6l\u00fcmleri de tedarik etmek m\u00fcmk\u00fcnd\u00fcr.<\/p>\n\n\t\t<\/div>\n\t<\/div>\n<\/div><\/div><\/div><div class=\"wpb_column wpb_animate_when_almost_visible wpb_fadeInRight fadeInRight vc_column_container vc_col-sm-6\"><div class=\"vc_column-inner vc_custom_1632501127887\"><div class=\"wpb_wrapper\">\n\t<div  class=\"wpb_single_image wpb_content_element vc_align_  wpex-lightbox\">\n\t\t\n\t\t<figure class=\"wpb_wrapper vc_figure\">\n\t\t\t<a href=\"https:\/\/www.tempatech.com\/wp-content\/uploads\/2021\/09\/sigma-1.png\" target=\"_self\" class=\"vc_single_image-wrapper wpex-image-hover opacity-invert vc_box_shadow  vc_box_border_grey\"><img loading=\"lazy\" decoding=\"async\" class=\"vc_single_image-img\" src=\"https:\/\/www.tempatech.com\/wp-content\/uploads\/2021\/09\/sigma-1-600x300.png\" width=\"600\" height=\"300\" alt=\"sigma-1\" title=\"sigma-1\" \/><\/a>\n\t\t<\/figure>\n\t<\/div>\n<\/div><\/div><\/div><\/div><\/div><div class=\"vc_row-full-width vc_clearfix\"><\/div><div data-vc-full-width=\"true\" data-vc-full-width-init=\"false\" class=\"vc_section wpb_animate_when_almost_visible wpb_fadeInRight fadeInRight vc_custom_1632501088214 wpex-vc_section-has-fill wpex-vc-row-stretched\"><\/div><div class=\"vc_row-full-width vc_clearfix\"><\/div>","protected":false},"excerpt":{"rendered":"Mecanum Measurement SystemsContact us to get a product Porosity Measurement Tools Mecanum porosity measuring devices are test systems designed for reliable measurement of open porosity and true bulk density values which are among the important parameters used in noise control engineering calculations Material Properties 1. Open Porosity 2. Actual Volume Density Scope of application Mecanum&hellip;","protected":false},"author":1,"featured_media":0,"parent":2242,"menu_order":0,"comment_status":"closed","ping_status":"closed","template":"","meta":{"footnotes":""},"_links":{"self":[{"href":"https:\/\/www.tempatech.com\/tr\/wp-json\/wp\/v2\/pages\/2390"}],"collection":[{"href":"https:\/\/www.tempatech.com\/tr\/wp-json\/wp\/v2\/pages"}],"about":[{"href":"https:\/\/www.tempatech.com\/tr\/wp-json\/wp\/v2\/types\/page"}],"author":[{"embeddable":true,"href":"https:\/\/www.tempatech.com\/tr\/wp-json\/wp\/v2\/users\/1"}],"replies":[{"embeddable":true,"href":"https:\/\/www.tempatech.com\/tr\/wp-json\/wp\/v2\/comments?post=2390"}],"version-history":[{"count":7,"href":"https:\/\/www.tempatech.com\/tr\/wp-json\/wp\/v2\/pages\/2390\/revisions"}],"predecessor-version":[{"id":2491,"href":"https:\/\/www.tempatech.com\/tr\/wp-json\/wp\/v2\/pages\/2390\/revisions\/2491"}],"up":[{"embeddable":true,"href":"https:\/\/www.tempatech.com\/tr\/wp-json\/wp\/v2\/pages\/2242"}],"wp:attachment":[{"href":"https:\/\/www.tempatech.com\/tr\/wp-json\/wp\/v2\/media?parent=2390"}],"curies":[{"name":"wp","href":"https:\/\/api.w.org\/{rel}","templated":true}]}}