{"id":2973,"date":"2022-10-09T21:38:54","date_gmt":"2022-10-09T18:38:54","guid":{"rendered":"https:\/\/www.tempatech.com\/?page_id=2973"},"modified":"2022-10-22T20:12:51","modified_gmt":"2022-10-22T17:12:51","slug":"eta","status":"publish","type":"page","link":"https:\/\/www.tempatech.com\/tr\/softwares\/eta\/","title":{"rendered":"ETA"},"content":{"rendered":"<div data-vc-full-width=\"true\" data-vc-full-width-init=\"false\" class=\"vc_section wpb_animate_when_almost_visible wpb_fadeIn fadeIn vc_custom_1665342195375 wpex-vc_section-has-fill wpex-vc-row-stretched\"><div class=\"vc_row wpb_row vc_row-fluid vc_custom_1665307929422 vc_row-o-content-middle vc_row-flex\"><div class=\"wpb_column wpb_animate_when_almost_visible wpb_fadeIn fadeIn vc_column_container vc_col-sm-6\"><div class=\"vc_column-inner\"><div class=\"wpb_wrapper\">\n\t<div  class=\"wpb_single_image wpb_content_element vc_align_center  wpb_animate_when_almost_visible wpb_appear appear\">\n\t\t\n\t\t<figure class=\"wpb_wrapper vc_figure\">\n\t\t\t<div class=\"vc_single_image-wrapper   vc_box_border_grey\"><img loading=\"lazy\" decoding=\"async\" width=\"600\" height=\"242\" src=\"https:\/\/www.tempatech.com\/wp-content\/uploads\/2022\/10\/Adsiz-tasarim-39.png\" class=\"vc_single_image-img attachment-large\" alt=\"\" title=\"Ads\u0131z tasar\u0131m (39)\" srcset=\"https:\/\/www.tempatech.com\/wp-content\/uploads\/2022\/10\/Adsiz-tasarim-39.png 600w, https:\/\/www.tempatech.com\/wp-content\/uploads\/2022\/10\/Adsiz-tasarim-39-300x121.png 300w, https:\/\/www.tempatech.com\/wp-content\/uploads\/2022\/10\/Adsiz-tasarim-39-18x7.png 18w\" sizes=\"(max-width: 600px) 100vw, 600px\" \/><\/div>\n\t\t<\/figure>\n\t<\/div>\n<h2 style=\"font-size: 30px;color: #ffffff;text-align: center;font-family:Montserrat;font-weight:700;font-style:normal\" class=\"vc_custom_heading vc_custom_1665339289983\" >Engineering Technology Associates, Inc. Hakk\u0131nda<\/h2><h3 style=\"font-size: 18px;color: #ffffff;text-align: center;font-family:Montserrat;font-weight:400;font-style:normal\" class=\"vc_custom_heading vc_custom_1665339295865\" >ETA'n\u0131n m\u00fchendislik CAE odakl\u0131 \u00e7\u00f6z\u00fcmleri (deneyim, yenilik ve ortakl\u0131k), test ve prototip olu\u015fturma s\u00fcre\u00e7lerini d\u00fczene sokarak \u00fcr\u00fcn tasar\u0131m\u0131 ve geli\u015ftirme maliyetini d\u00fc\u015f\u00fcr\u00fcr. ETA deneyimi, sundu\u011fu \u00fcr\u00fcnler ve ileri teknoloji ise eksiksiz sanal prototip s\u00fcre\u00e7leri i\u00e7in \u00e7\u00f6z\u00fcmler sunar.<\/h3><div class=\"vc_custom_1665340634889 wpex-clr\"><div class=\"theme-button-wrap textcenter wpex-clr\"><a href=\"#ETAProducts\" class=\"vcex-button theme-button large align-center inline local-scroll-link\" style=\"background:#ff4e00;font-family:Montserrat;\" data-wpex-hover='{&quot;background&quot;:&quot;#ffffff&quot;,&quot;color&quot;:&quot;#0a0a0a&quot;}'><span class=\"theme-button-inner\">\u00dcr\u00fcnleri \u0130nceleyin<span class=\"vcex-icon-wrap theme-button-icon-right\"><span aria-hidden=\"true\" class=\"fas fa-angle-down\"><\/span><\/span><\/span><\/a><\/div><\/div> <\/div><\/div><\/div><div class=\"wpb_column vc_column_container vc_col-sm-6\"><div class=\"vc_column-inner\"><div class=\"wpb_wrapper\">\n\t<div  class=\"wpb_single_image wpb_content_element vc_align_center  wpb_animate_when_almost_visible wpb_fadeIn fadeIn\">\n\t\t\n\t\t<figure class=\"wpb_wrapper vc_figure\">\n\t\t\t<div class=\"vc_single_image-wrapper vc_box_shadow  vc_box_border_grey\"><img loading=\"lazy\" decoding=\"async\" width=\"705\" height=\"491\" src=\"https:\/\/www.tempatech.com\/wp-content\/uploads\/2022\/10\/homepage-hero-ev.png\" class=\"vc_single_image-img attachment-large\" alt=\"\" title=\"homepage-hero-ev\" srcset=\"https:\/\/www.tempatech.com\/wp-content\/uploads\/2022\/10\/homepage-hero-ev.png 705w, https:\/\/www.tempatech.com\/wp-content\/uploads\/2022\/10\/homepage-hero-ev-300x209.png 300w, https:\/\/www.tempatech.com\/wp-content\/uploads\/2022\/10\/homepage-hero-ev-18x12.png 18w\" sizes=\"(max-width: 705px) 100vw, 705px\" \/><\/div>\n\t\t<\/figure>\n\t<\/div>\n<\/div><\/div><\/div><\/div><\/div><div class=\"vc_row-full-width vc_clearfix\"><\/div><div data-vc-full-width=\"true\" data-vc-full-width-init=\"false\" class=\"vc_section wpb_animate_when_almost_visible wpb_fadeInRight fadeInRight vc_custom_1665308256072 wpex-vc_section-has-fill wpex-vc-row-stretched\"><\/div><div class=\"vc_row-full-width vc_clearfix\"><\/div><div data-vc-full-width=\"true\" data-vc-full-width-init=\"false\" class=\"vc_section wpb_animate_when_almost_visible wpb_fadeIn fadeIn vc_custom_1665340625070 vc_section-o-content-middle vc_section-flex wpex-vc_section-has-fill wpex-vc-row-stretched\" data-ls_id=\"#ETAProducts\"><div class=\"vc_row wpb_row vc_row-fluid vc_row-o-content-middle vc_row-flex\"><div class=\"wpb_column wpb_animate_when_almost_visible wpb_fadeInLeft fadeInLeft vc_column_container vc_col-sm-6 wpex-vc_col-has-fill\"><div class=\"vc_column-inner vc_custom_1665340060313\"><div class=\"wpb_wrapper\">\n\t<div style=\"font-family:Montserrat;\" class=\"wpb_text_column wpb_content_element  vc_custom_1665341279935\" >\n\t\t<div class=\"wpb_wrapper\">\n\t\t\t<h1 class=\"like-h1\"><a href=\"https:\/\/www.tempatech.com\/tr\/softwares\/computational-materials-production-simulation-softwares\/presys\/\" target=\"_blank\" rel=\"noopener\"><strong><span style=\"color: #ff4e00; font-size: 36px;\">PreSys<\/span>\u00a0<span style=\"font-size: 18px; color: #04305d;\">CAE \u00d6n\/Son \u0130\u015flemci<\/span><\/strong><\/a><\/h1>\n\n\t\t<\/div>\n\t<\/div>\n\n\t<div style=\"color:#ffffff;font-family:Montserrat;\" class=\"wpb_text_column has-custom-color wpex-child-inherit-color wpb_content_element  vc_custom_1665341256463\" >\n\t\t<div class=\"wpb_wrapper\">\n\t\t\t<div class=\"section-heading layout-align-left\">\n<div class=\"section-heading__description\">\n<div class=\"callout\">\n<div class=\"callout__content\">\n<p><a href=\"https:\/\/www.tempatech.com\/tr\/softwares\/computational-materials-production-simulation-softwares\/presys\/\" target=\"_blank\" rel=\"noopener\"><span style=\"color: #000000;\">Kaliteli Sonlu Elemanlar (FE) modelleri, kaliteli sim\u00fclasyonlar\u0131n anahtar\u0131d\u0131r. PreSys, sa\u011flam bir FE Modeli geli\u015ftirmek i\u00e7in geni\u015fletilmi\u015f \u00f6zellikler sunar. Alan a\u00e7\u0131klamalar\u0131 dahil t\u00fcm LS-DYNA keywordlerini destekler.<\/span><\/a><\/p>\n<\/div>\n<\/div>\n<\/div>\n<\/div>\n\n\t\t<\/div>\n\t<\/div>\n\n\t<div  class=\"wpb_single_image wpb_content_element vc_align_center  vc_custom_1665341232594\">\n\t\t\n\t\t<figure class=\"wpb_wrapper vc_figure\">\n\t\t\t<a href=\"https:\/\/www.tempatech.com\/tr\/softwares\/eta\/presys\/\" target=\"_blank\" class=\"vc_single_image-wrapper vc_box_shadow  vc_box_border_grey\"><img loading=\"lazy\" decoding=\"async\" class=\"vc_single_image-img\" src=\"https:\/\/www.tempatech.com\/wp-content\/uploads\/2022\/10\/presys-hero-600x300.jpg\" width=\"600\" height=\"300\" alt=\"presys-hero\" title=\"presys-hero\" \/><\/a>\n\t\t<\/figure>\n\t<\/div>\n<div class=\"vc_custom_1665341155576 wpex-clr\"><div class=\"theme-button-wrap textcenter theme-button-expanded-wrap wpex-clr\"><a href=\"https:\/\/www.tempatech.com\/tr\/softwares\/computational-materials-production-simulation-softwares\/presys\/\" class=\"vcex-button theme-button medium align-center expanded expanded\" style=\"background:#04305d;font-family:Montserrat;\" data-wpex-hover='{&quot;background&quot;:&quot;#ffffff&quot;,&quot;color&quot;:&quot;#0a0a0a&quot;}'><span class=\"theme-button-inner\">\u00dcr\u00fcn\u00fc \u0130nceleyin<span class=\"vcex-icon-wrap theme-button-icon-right\"><span aria-hidden=\"true\" class=\"fas fa-external-link-alt\"><\/span><\/span><\/span><\/a><\/div><\/div> <\/div><\/div><\/div><div class=\"wpb_column wpb_animate_when_almost_visible wpb_fadeInRight fadeInRight vc_column_container vc_col-sm-6 wpex-vc_col-has-fill\"><div class=\"vc_column-inner vc_custom_1665340367664\"><div class=\"wpb_wrapper\">\n\t<div style=\"font-family:Montserrat;\" class=\"wpb_text_column wpb_content_element  vc_custom_1666458614136\" >\n\t\t<div class=\"wpb_wrapper\">\n\t\t\t<h1 class=\"like-h1\"><strong><span style=\"color: #ff4e00; font-size: 36px;\">VPG Suite<\/span>\u00a0<span style=\"font-size: 18px; color: #04305d;\">Tatbikat Alan\u0131 Sim\u00fclat\u00f6r\u00fc<\/span><\/strong><\/h1>\n\n\t\t<\/div>\n\t<\/div>\n\n\t<div style=\"color:#ffffff;font-family:Montserrat;\" class=\"wpb_text_column has-custom-color wpex-child-inherit-color wpb_content_element  vc_custom_1666458626022\" >\n\t\t<div class=\"wpb_wrapper\">\n\t\t\t<div class=\"section-heading layout-align-left\">\n<div class=\"section-heading__description\">\n<div class=\"callout\">\n<div class=\"callout__content\">\n<div class=\"section-heading__description\">\n<p><a href=\"https:\/\/www.tempatech.com\/tr\/softwares\/eta\/vpg-suite\/\"><span style=\"color: #000000;\">VPG Suite, m\u00fchendislerin \u00e7e\u015fitli ko\u015fullar alt\u0131nda ger\u00e7ek sistem performans\u0131n\u0131 anlamalar\u0131na yard\u0131mc\u0131 olan ve erken sistem d\u00fczeyinde do\u011frulama sa\u011flayan sanal bir tatbikat alan\u0131 yaz\u0131l\u0131m\u0131 \u00e7\u00f6z\u00fcm\u00fcd\u00fcr.<\/span><\/a><\/p>\n<\/div>\n<\/div>\n<\/div>\n<\/div>\n<\/div>\n\n\t\t<\/div>\n\t<\/div>\n\n\t<div  class=\"wpb_single_image wpb_content_element vc_align_center  vc_custom_1666458641126\">\n\t\t\n\t\t<figure class=\"wpb_wrapper vc_figure\">\n\t\t\t<a href=\"https:\/\/www.tempatech.com\/tr\/softwares\/eta\/vpg-suite\/\" target=\"_blank\" class=\"vc_single_image-wrapper vc_box_shadow  vc_box_border_grey\"><img loading=\"lazy\" decoding=\"async\" class=\"vc_single_image-img\" src=\"https:\/\/www.tempatech.com\/wp-content\/uploads\/2022\/10\/automotive-crash-simulation-768x512-1-600x300.jpg\" width=\"600\" height=\"300\" alt=\"automotive-crash-simulation-768x512 (1)\" title=\"automotive-crash-simulation-768x512 (1)\" \/><\/a>\n\t\t<\/figure>\n\t<\/div>\n<div class=\"vc_custom_1666458664968 wpex-clr\"><div class=\"theme-button-wrap textcenter theme-button-expanded-wrap wpex-clr\"><a href=\"https:\/\/www.tempatech.com\/tr\/softwares\/eta\/\" class=\"vcex-button theme-button medium align-center expanded expanded\" style=\"background:#04305d;font-family:Montserrat;\" data-wpex-hover='{&quot;background&quot;:&quot;#ffffff&quot;,&quot;color&quot;:&quot;#0a0a0a&quot;}'><span class=\"theme-button-inner\">\u00dcr\u00fcn\u00fc \u0130nceleyin<span class=\"vcex-icon-wrap theme-button-icon-right\"><span aria-hidden=\"true\" class=\"fas fa-angle-down\"><\/span><\/span><\/span><\/a><\/div><\/div> <\/div><\/div><\/div><\/div><\/div><div class=\"vc_row-full-width vc_clearfix\"><\/div><div data-vc-full-width=\"true\" data-vc-full-width-init=\"false\" class=\"vc_section wpb_animate_when_almost_visible wpb_fadeInLeft fadeInLeft vc_custom_1665323059343 wpex-vc_section-has-fill wpex-vc-row-stretched\"><\/div><div class=\"vc_row-full-width vc_clearfix\"><\/div><div data-vc-full-width=\"true\" data-vc-full-width-init=\"false\" class=\"vc_section wpb_animate_when_almost_visible wpb_fadeIn fadeIn vc_custom_1665324356003 vc_section-o-content-middle vc_section-flex wpex-vc_section-has-fill wpex-vc-row-stretched\"><div data-vc-full-width=\"true\" data-vc-full-width-init=\"false\" class=\"vc_row wpb_row vc_row-fluid vc_row-o-content-middle vc_row-flex wpex-vc-row-stretched\"><div class=\"wpb_column vc_column_container vc_col-sm-12 wpex-vc_col-has-fill\"><div class=\"vc_column-inner vc_custom_1665340565803\"><div class=\"wpb_wrapper\">\n\t<div  class=\"wpb_single_image wpb_content_element vc_align_center  vc_custom_1665324087399\">\n\t\t\n\t\t<figure class=\"wpb_wrapper vc_figure\">\n\t\t\t<div class=\"vc_single_image-wrapper   vc_box_border_grey\"><img loading=\"lazy\" decoding=\"async\" width=\"100\" height=\"100\" src=\"https:\/\/www.tempatech.com\/wp-content\/uploads\/2022\/10\/Adsiz-tasarim-38.png\" class=\"vc_single_image-img attachment-full\" alt=\"\" title=\"Ads\u0131z tasar\u0131m (38)\" srcset=\"https:\/\/www.tempatech.com\/wp-content\/uploads\/2022\/10\/Adsiz-tasarim-38.png 100w, https:\/\/www.tempatech.com\/wp-content\/uploads\/2022\/10\/Adsiz-tasarim-38-12x12.png 12w\" sizes=\"(max-width: 100px) 100vw, 100px\" \/><\/div>\n\t\t<\/figure>\n\t<\/div>\n<h3 style=\"font-size: 30px;color: #ffffff;text-align: center;font-family:Montserrat;font-weight:700;font-style:normal\" class=\"vc_custom_heading vc_custom_1665323935910\" >Demo \u0130\u00e7in Bize Ula\u015f\u0131n!<\/h3>\n\t<div style=\"color:#ffffff;font-family:Montserrat;text-align:center;\" class=\"wpb_text_column has-custom-color wpex-child-inherit-color wpb_content_element  vc_custom_1665340593363\" >\n\t\t<div class=\"wpb_wrapper\">\n\t\t\t<div class=\"section-heading layout-align-left\">\n<div class=\"section-heading__description\">\n<p><span style=\"color: #ffffff; font-size: 18px;\">Uzmanlardan olu\u015fan ekibimiz, ihtiya\u00e7lar\u0131n\u0131z\u0131 tart\u0131\u015fmaya ve PreSys &amp; VPGSuite\u2019in tasar\u0131m ve geli\u015ftirme s\u00fcrecinizi nas\u0131l optimize edebilece\u011fini g\u00f6stermeye haz\u0131r.<\/span><\/p>\n<\/div>\n<\/div>\n<div class=\"callouts\">\n<div class=\"callout\">\n<div class=\"callout__icon\"><\/div>\n<\/div>\n<\/div>\n\n\t\t<\/div>\n\t<\/div>\n<div class=\"vc_custom_1665323996015 wpex-clr\"><div class=\"theme-button-wrap textcenter wpex-clr\"><a href=\"https:\/\/www.tempatech.com\/tr\/contact\/\" class=\"vcex-button theme-button align-center inline\" style=\"background:#ff4e00;font-family:Montserrat;\" data-wpex-hover='{&quot;background&quot;:&quot;#ffffff&quot;,&quot;color&quot;:&quot;#0a0a0a&quot;}'><span class=\"theme-button-inner\">Demo S\u00fcr\u00fcm\u00fc \u0130\u00e7in Bizimle \u0130leti\u015fime Ge\u00e7in!<span class=\"vcex-icon-wrap theme-button-icon-right\"><span class=\"ticon ticon-telegram\" aria-hidden=\"true\"><\/span><\/span><\/span><\/a><\/div><\/div> <\/div><\/div><\/div><\/div><div class=\"vc_row-full-width vc_clearfix\"><\/div><\/div><div class=\"vc_row-full-width vc_clearfix\"><\/div><div data-vc-full-width=\"true\" data-vc-full-width-init=\"false\" class=\"vc_section wpb_animate_when_almost_visible wpb_fadeInRight fadeInRight vc_custom_1665323897413 wpex-vc_section-has-fill wpex-vc-row-stretched\"><\/div><div class=\"vc_row-full-width vc_clearfix\"><\/div>","protected":false},"excerpt":{"rendered":"About Engineering Technology Associates, Inc.ETA\u2019s engineering CAE-driven solutions (experience, innovation, and partnership) reduce the cost of product design and development by streamlining testing and prototyping processes. We strive towards complete virtual prototyping using our experience, products, and advanced technology.View products PreSys\u00a0CAE Pre\/Post Processor Quality Finite Element (FE) models are key to quality simulations. PreSys provides&hellip;","protected":false},"author":1,"featured_media":0,"parent":2440,"menu_order":0,"comment_status":"closed","ping_status":"closed","template":"","meta":{"footnotes":""},"_links":{"self":[{"href":"https:\/\/www.tempatech.com\/tr\/wp-json\/wp\/v2\/pages\/2973"}],"collection":[{"href":"https:\/\/www.tempatech.com\/tr\/wp-json\/wp\/v2\/pages"}],"about":[{"href":"https:\/\/www.tempatech.com\/tr\/wp-json\/wp\/v2\/types\/page"}],"author":[{"embeddable":true,"href":"https:\/\/www.tempatech.com\/tr\/wp-json\/wp\/v2\/users\/1"}],"replies":[{"embeddable":true,"href":"https:\/\/www.tempatech.com\/tr\/wp-json\/wp\/v2\/comments?post=2973"}],"version-history":[{"count":7,"href":"https:\/\/www.tempatech.com\/tr\/wp-json\/wp\/v2\/pages\/2973\/revisions"}],"predecessor-version":[{"id":2992,"href":"https:\/\/www.tempatech.com\/tr\/wp-json\/wp\/v2\/pages\/2973\/revisions\/2992"}],"up":[{"embeddable":true,"href":"https:\/\/www.tempatech.com\/tr\/wp-json\/wp\/v2\/pages\/2440"}],"wp:attachment":[{"href":"https:\/\/www.tempatech.com\/tr\/wp-json\/wp\/v2\/media?parent=2973"}],"curies":[{"name":"wp","href":"https:\/\/api.w.org\/{rel}","templated":true}]}}