{"id":3029,"date":"2023-07-04T16:40:51","date_gmt":"2023-07-04T13:40:51","guid":{"rendered":"https:\/\/www.tempatech.com\/?page_id=3029"},"modified":"2023-07-04T16:55:19","modified_gmt":"2023-07-04T13:55:19","slug":"kys-bgys-politikasi","status":"publish","type":"page","link":"https:\/\/www.tempatech.com\/tr\/kys-bgys-politikasi\/","title":{"rendered":"KYS-BGYS Politikas\u0131"},"content":{"rendered":"<div class=\"vc_row wpb_row vc_row-fluid\"><div class=\"wpb_column vc_column_container vc_col-sm-12\"><div class=\"vc_column-inner\"><div class=\"wpb_wrapper\">\n\t<div class=\"wpb_text_column wpb_content_element\" >\n\t\t<div class=\"wpb_wrapper\">\n\t\t\t<p><strong><em>ENTEGRE POL\u0130T\u0130KAMIZ<\/em><\/strong><\/p>\n<p><strong><em>\u201c SAVUNMA SANAY\u0130, OTOMOT\u0130V, ENERJ\u0130, BEYAZ E\u015eYA, MED\u0130KAL VE GIDA SEKT\u00d6RLER\u0130NE Y\u00d6NEL\u0130K; MEKAN\u0130K, ELEKTRON\u0130K VE YAZILIMI \u0130\u00c7EREN \u00d6ZEL AMA\u00c7LI MAK\u0130NE TASARIMI, \u0130MALATI VE TEKN\u0130K DESTEK FAAL\u0130YETLER\u0130 \u0130LE YEDEK PAR\u00c7A TALA\u015eLI VE KAYNAKLI \u00dcRET\u0130M FAAL\u0130YETLER\u0130 VE \u0130KL\u0130 \" <\/em><\/strong><em>bilgi \u0130\u015flem faaliyetlerinde; insan, alt yap\u0131, yaz\u0131l\u0131m, donan\u0131m, kurulu\u015f bilgileri, \u00fc\u00e7\u00fcnc\u00fc \u015fah\u0131slara ait bilgiler ve finansal kaynaklar i\u00e7erisinde kalite ve bilgi g\u00fcvenli\u011fi y\u00f6netiminin sa\u011fland\u0131\u011f\u0131n\u0131 g\u00f6stermek, risk y\u00f6netimini g\u00fcvence alt\u0131na almak, kalite ve bilgi g\u00fcvenli\u011fi y\u00f6netimi s\u00fcre\u00e7 performans\u0131n\u0131 \u00f6l\u00e7mek ve kalite ve bilgi g\u00fcvenli\u011fi ile ilgili konularda \u00fc\u00e7\u00fcnc\u00fc taraflarla olan ili\u015fkilerin d\u00fczenlenmesini sa\u011flamakt\u0131r.<\/em><\/p>\n<p><em>\u00a0<\/em><\/p>\n<p><em>Bu do\u011frultuda <strong><u>ISO 9001 ve ISO 27001 Politikam\u0131z\u0131n amac\u0131; <\/u><\/strong>;<\/em><\/p>\n<p><em>\u00a0<\/em><\/p>\n<ul>\n<li><em>Bilgi varl\u0131klar\u0131n\u0131 y\u00f6netmek, varl\u0131klar\u0131n g\u00fcvenlik de\u011ferlerini, kalite ihtiya\u00e7lar\u0131n\u0131 ve risklerini belirlemek, g\u00fcvenlik risklerine y\u00f6nelik kontrolleri geli\u015ftirmek ve uygulamak<\/em><\/li>\n<li><em>Bilgi varl\u0131klar\u0131, de\u011ferleri, g\u00fcvenlik ihtiya\u00e7lar\u0131, zafiyetleri, varl\u0131klara y\u00f6nelik tehditlerin, tehditlerin s\u0131kl\u0131klar\u0131n\u0131n saptanmas\u0131 i\u00e7in y\u00f6ntemlerin belirleyece\u011fi \u00e7er\u00e7eveyi tan\u0131mlamak.<\/em><\/li>\n<li><em>Tehditlerin varl\u0131klar \u00fczerindeki gizlilik, b\u00fct\u00fcnl\u00fck, eri\u015filebilirlik etkilerini de\u011ferlendirmeye y\u00f6nelik bir \u00e7er\u00e7eveyi tan\u0131mlamak.<\/em><\/li>\n<li><em>Risklerin i\u015flenmesi i\u00e7in \u00e7al\u0131\u015fma esaslar\u0131n\u0131 ortaya koymak.<\/em><\/li>\n<li><em>Hizmet verilen kapsam ba\u011flam\u0131nda teknolojik beklentileri g\u00f6zden ge\u00e7irerek riskleri s\u00fcrekli takip etmek<\/em><\/li>\n<li><em>Tabi oldu\u011fu ulusal veya uluslararas\u0131 d\u00fczenlemelerden, yasal ve ilgili mevzuat gereklerini yerine getirmekten, anla\u015fmalardan do\u011fan y\u00fck\u00fcml\u00fcl\u00fcklerini kar\u015f\u0131lamaktan, i\u00e7 ve d\u0131\u015f payda\u015flara y\u00f6nelik Firmasal sorumluluklar\u0131ndan kaynaklanan kalite ve bilgi g\u00fcvenli\u011fi gereksinimlerini sa\u011flamak.<\/em><\/li>\n<li><em>Hizmet s\u00fcreklili\u011fine y\u00f6nelik kalite ve bilgi g\u00fcvenli\u011fi tehditlerinin etkisini azaltmak ve s\u00fcreklili\u011fe katk\u0131da bulunmak<\/em><\/li>\n<li><em>Ger\u00e7ekle\u015febilecek kalite ve bilgi g\u00fcvenli\u011fi olaylar\u0131na h\u0131zla m\u00fcdahale edebilecek ve olay\u0131n etkisini minimize edecek yetkinli\u011fe sahip olmak<\/em><\/li>\n<li><em>Maliyet etkin bir kontrol altyap\u0131s\u0131 ile kalite ve bilgi g\u00fcvenli\u011fi seviyesini zaman i\u00e7inde korumak ve iyile\u015ftirmek.<\/em><\/li>\n<li><em>Firma itibar\u0131n\u0131 geli\u015ftirmek, kalite ve bilgi g\u00fcvenli\u011fi temelli olumsuz etkilerden korumak.<\/em><\/li>\n<li><em>ISO 9001:2015 Kalite Y\u00f6netim Sistemi ve ISO 27001:2017 Bilgi G\u00fcvenli\u011fi Y\u00f6netim Sistemi standartlar\u0131n\u0131n gereklilikleri do\u011frultusunda m\u00fc\u015fteri memnuniyetini s\u00fcrekli iyile\u015ftirme ilkesiyle yerine getirmeyi taahh\u00fct ederiz.<\/em><\/li>\n<\/ul>\n<p><em>\u00a0<\/em><\/p>\n<p><em>\u00a0<\/em><\/p>\n\n\t\t<\/div>\n\t<\/div>\n<\/div><\/div><\/div><\/div>","protected":false},"excerpt":{"rendered":"OUR INTEGRATED POLICY \u201c FOR THE DEFENSE INDUSTRY, AUTOMOTIVE, ENERGY, WHITE GOODS, MEDICAL AND FOOD SECTORS; SPECIAL-PURPOSE MACHINERY DESIGN, MANUFACTURING AND TECHNICAL SUPPORT ACTIVITIES CONTAINING MECHANICAL, ELECTRONIC AND SOFTWARE, AND SPARE PARTS MECHANIC AND WELDED MANUFACTURING ACTIVITIES AND IN IT activities; information on human, infrastructure, software, hardware, organization information, third party information, To demonstrate that&hellip;","protected":false},"author":1,"featured_media":0,"parent":0,"menu_order":0,"comment_status":"closed","ping_status":"closed","template":"","meta":{"footnotes":""},"_links":{"self":[{"href":"https:\/\/www.tempatech.com\/tr\/wp-json\/wp\/v2\/pages\/3029"}],"collection":[{"href":"https:\/\/www.tempatech.com\/tr\/wp-json\/wp\/v2\/pages"}],"about":[{"href":"https:\/\/www.tempatech.com\/tr\/wp-json\/wp\/v2\/types\/page"}],"author":[{"embeddable":true,"href":"https:\/\/www.tempatech.com\/tr\/wp-json\/wp\/v2\/users\/1"}],"replies":[{"embeddable":true,"href":"https:\/\/www.tempatech.com\/tr\/wp-json\/wp\/v2\/comments?post=3029"}],"version-history":[{"count":7,"href":"https:\/\/www.tempatech.com\/tr\/wp-json\/wp\/v2\/pages\/3029\/revisions"}],"predecessor-version":[{"id":3036,"href":"https:\/\/www.tempatech.com\/tr\/wp-json\/wp\/v2\/pages\/3029\/revisions\/3036"}],"wp:attachment":[{"href":"https:\/\/www.tempatech.com\/tr\/wp-json\/wp\/v2\/media?parent=3029"}],"curies":[{"name":"wp","href":"https:\/\/api.w.org\/{rel}","templated":true}]}}