{"id":3089,"date":"2023-10-10T15:23:02","date_gmt":"2023-10-10T12:23:02","guid":{"rendered":"https:\/\/www.tempatech.com\/?page_id=3089"},"modified":"2023-10-11T17:33:28","modified_gmt":"2023-10-11T14:33:28","slug":"training-consultancy","status":"publish","type":"page","link":"https:\/\/www.tempatech.com\/tr\/training-consultancy\/","title":{"rendered":"E\u011fitim&amp;Dan\u0131\u015fmanl\u0131k"},"content":{"rendered":"<div data-vc-full-width=\"true\" data-vc-full-width-init=\"false\" class=\"vc_section vc_custom_1696940310725 vc_section-o-content-middle vc_section-flex wpex-vc_section-has-fill wpex-vc-row-stretched wpex-has-shape-divider-bottom\" style=\"background-position:left top !important;background-size:60% !important;\"><div class=\"wpex-shape-divider wpex-shape-divider-tilt wpex-shape-divider-bottom wpex-shape-divider-rotate\"><svg class=\"wpex-shape-divider-svg\" style=\" height:100px;\" xmlns=\"http:\/\/www.w3.org\/2000\/svg\" viewbox=\"0 0 1000 100\" preserveaspectratio=\"none\"><path class=\"wpex-shape-divider-path\" fill=\"#c23a27\" d=\"M0,6V0h1000v100L0,6z\"\/><\/svg><\/div><\/div><div class=\"vc_row-full-width vc_clearfix\"><\/div><div id=\"Medical\" data-vc-full-width=\"true\" data-vc-full-width-init=\"false\" data-vc-stretch-content=\"true\" class=\"vc_section vc_custom_1622496856403 vc_section-o-content-middle vc_section-flex wpex-vc_section-has-fill wpex-vc-row-stretched\" data-ls_id=\"#Medical\" style=\"background-position:left top !important;background-size:60% !important;\"><div id=\"#Medical\" class=\"vc_row wpb_row vc_row-fluid wpb_animate_when_almost_visible wpb_fadeInLeft fadeInLeft\"><div class=\"wpb_column vc_column_container vc_col-sm-12\"><div class=\"vc_column-inner\"><div class=\"wpb_wrapper\"><style>.vcex_69f2177bc8517{font-size:60px!important;}@media (max-width:479px){.vcex_69f2177bc8517{font-size:45px!important;}}<\/style><h1 class=\"vcex-heading vcex-module wpex-text-2xl wpex-font-normal wpex-m-auto wpex-max-w-100 vcex-heading-plain wpex-block vc_custom_1697034808939 vcex_69f2177bc8517\" style=\"color:rgba(255,255,255,0.4);font-family:Montserrat;font-weight:600;\"><span class=\"vcex-heading-inner wpex-inline-block wpex-clr\">E\u011fitim &amp; Dan\u0131\u015fmanl\u0131k<\/span><\/h1><\/div><\/div><\/div><\/div><\/div><div class=\"vc_row-full-width vc_clearfix\"><\/div><div data-vc-full-width=\"true\" data-vc-full-width-init=\"false\" class=\"vc_section vc_custom_1616079903192 vc_section-o-content-middle vc_section-flex wpex-vc_section-has-fill wpex-vc-row-stretched wpex-has-shape-divider-bottom\" style=\"background-position:left top !important;background-size:60% !important;\"><div class=\"vc_row wpb_row vc_row-fluid\"><div class=\"wpb_column wpb_animate_when_almost_visible wpb_fadeInLeft fadeInLeft vc_column_container vc_col-sm-8\"><div class=\"vc_column-inner\"><div class=\"wpb_wrapper\">\n\t<div style=\"color:#ffffff;font-family:Montserrat;\" class=\"wpb_text_column has-custom-color wpex-child-inherit-color wpb_content_element  vc_custom_1696940457902\" >\n\t\t<div class=\"wpb_wrapper\">\n\t\t\t<ul>\n<li><span style=\"font-size: 16px; color: #ffffff;\">Operational loads for military platforms<\/span><\/li>\n<li><span style=\"font-size: 16px; color: #ffffff;\">Ballistic design<\/span><\/li>\n<li><span style=\"font-size: 16px; color: #ffffff;\">Mechanical Vibrations<\/span><\/li>\n<li><span style=\"font-size: 16px; color: #ffffff;\">Ansys Workbench<\/span><\/li>\n<li><span style=\"font-size: 16px; color: #ffffff;\">Yap\u0131sal Optimizasyon<\/span>\n<div class=\"wpb_wrapper\">\n<div class=\"vcex-image-slider-css-wrap vc_custom_1579095031404\">\n<div class=\"vcex-module wpex-slider slider-pro vcex-image-slider clr no-stretch sp-horizontal sp-has-buttons\" data-loop=\"true\" data-auto-play-delay=\"3000\" data-animation-speed=\"600\" data-auto-height=\"false\" data-thumbnail-height=\"70\" data-thumbnail-width=\"70\">\n<div class=\"sp-slides-container\">\n<div class=\"sp-mask sp-grab\">\n<div class=\"wpex-slider-slides sp-slides\">\n<div class=\"wpex-slider-slide sp-slide sp-selected\" data-index=\"0\" data-init=\"true\" data-loaded=\"true\"><\/div>\n<\/div>\n<\/div>\n<\/div>\n<\/div>\n<\/div>\n<\/div>\n<\/li>\n<\/ul>\n\n\t\t<\/div>\n\t<\/div>\n\n\t<div style=\"color:#ffffff;font-family:Montserrat;\" class=\"wpb_text_column has-custom-color wpex-child-inherit-color wpb_content_element  vc_custom_1696940466581\" >\n\t\t<div class=\"wpb_wrapper\">\n\t\t\t<ul style=\"font-weight: 400;\">\n<li data-charcodes=\"113\" data-font=\"Wingdings,Sans-Serif\" data-buautonum=\"8\" data-aria-posinset=\"1\" data-aria-level=\"1\"><span style=\"font-size: 16px; color: #ffffff;\">Ls-Dyna\u200b<\/span><\/li>\n<li data-charcodes=\"113\" data-font=\"Wingdings,Sans-Serif\" data-buautonum=\"8\" data-aria-posinset=\"2\" data-aria-level=\"2\"><span style=\"font-size: 16px; color: #ffffff;\">Blast and Explosive Modelling\u00a0\u200b<\/span><\/li>\n<li data-charcodes=\"113\" data-font=\"Wingdings,Sans-Serif\" data-buautonum=\"8\" data-aria-posinset=\"3\" data-aria-level=\"2\"><span style=\"font-size: 16px; color: #ffffff;\">Penetration Modelling\u200b<\/span><\/li>\n<li data-charcodes=\"113\" data-font=\"Wingdings,Sans-Serif\" data-buautonum=\"8\" data-aria-posinset=\"4\" data-aria-level=\"2\"><span style=\"font-size: 16px; color: #ffffff;\">Non-linear Implicit Analysis with Ls-Dyna\u200b<\/span><\/li>\n<li data-charcodes=\"113\" data-font=\"Wingdings,Sans-Serif\" data-buautonum=\"8\" data-aria-posinset=\"5\" data-aria-level=\"2\"><span style=\"font-size: 16px; color: #ffffff;\">Fatigue, Frequency Domain Analysis with Ls-Dyna\u200b<\/span><\/li>\n<li data-charcodes=\"113\" data-font=\"Wingdings,Sans-Serif\" data-buautonum=\"8\" data-aria-posinset=\"6\" data-aria-level=\"2\"><span style=\"font-size: 16px; color: #ffffff;\">Material Modelling &amp; Failure\u200b<\/span><\/li>\n<li data-charcodes=\"113\" data-font=\"Wingdings,Sans-Serif\" data-buautonum=\"8\" data-aria-posinset=\"7\" data-aria-level=\"2\"><span style=\"font-size: 16px; color: #ffffff;\">Fastener Modelling\u200b<\/span><\/li>\n<li data-charcodes=\"113\" data-font=\"Wingdings,Sans-Serif\" data-buautonum=\"8\" data-aria-posinset=\"8\" data-aria-level=\"2\"><span style=\"font-size: 16px; color: #ffffff;\" data-contrast=\"none\">Modeling Reinforced Concrete<\/span><\/li>\n<\/ul>\n<div class=\"wpb_column vc_column_container vc_col-sm-6\">\n<div class=\"vc_column-inner\">\n<div class=\"wpb_wrapper\">\n<div class=\"vcex-image-slider-css-wrap vc_custom_1579095031404\">\n<div class=\"vcex-module wpex-slider slider-pro vcex-image-slider clr no-stretch sp-horizontal sp-has-buttons\" data-loop=\"true\" data-auto-play-delay=\"3000\" data-animation-speed=\"600\" data-auto-height=\"false\" data-thumbnail-height=\"70\" data-thumbnail-width=\"70\">\n<div class=\"sp-slides-container\">\n<div class=\"sp-mask sp-grab\">\n<div class=\"wpex-slider-slides sp-slides\">\n<div class=\"wpex-slider-slide sp-slide sp-selected\" data-index=\"0\" data-init=\"true\" data-loaded=\"true\"><\/div>\n<\/div>\n<\/div>\n<\/div>\n<\/div>\n<\/div>\n<\/div>\n<\/div>\n<\/div>\n\n\t\t<\/div>\n\t<\/div>\n<\/div><\/div><\/div><div class=\"wpb_column vc_column_container vc_col-sm-4\"><div class=\"vc_column-inner\"><div class=\"wpb_wrapper\"><style>.vcex_69f2177bc95b4{--wpex-carousel-gap:15px;}.vcex_69f2177bc95b4{--wpex-carousel-columns:1;}.vcex_69f2177bc95b4.wpex-carousel:not(.owl-loaded) > *:not(:nth-child(1n+2)) {display: flex !important;}@media only screen and (min-width: 480px) {.vcex_69f2177bc95b4{--wpex-carousel-columns:2;}.vcex_69f2177bc95b4.wpex-carousel:not(.owl-loaded) > *:not(:nth-child(1n+3)) {display: flex !important;}}@media only screen and (min-width: 768px) {.vcex_69f2177bc95b4{--wpex-carousel-columns:3;}.vcex_69f2177bc95b4.wpex-carousel:not(.owl-loaded) > *:not(:nth-child(1n+4)) {display: flex !important;}}@media only screen and (min-width: 960px) {.vcex_69f2177bc95b4{--wpex-carousel-columns:1;}.vcex_69f2177bc95b4.wpex-carousel:not(.owl-loaded) > *:not(:nth-child(1n+2)) {display: flex !important;}}<\/style><div class=\"owl-wrapper-outer\"><div class=\"vcex-module wpex-carousel wpex-carousel-images wpex-clr owl-carousel wpex-carousel--render-onload vcex_69f2177bc95b4 arrwstyle-default\" data-wpex-carousel=\"{&quot;autoplay&quot;:&quot;true&quot;,&quot;smartSpeed&quot;:150,&quot;items&quot;:1,&quot;autoplayTimeout&quot;:2000,&quot;autoHeight&quot;:&quot;true&quot;}\"><div class=\"wpex-carousel-slide\"><figure class=\"wpex-carousel-entry-media entry-media\"><img loading=\"lazy\" decoding=\"async\" width=\"473\" height=\"473\" src=\"https:\/\/www.tempatech.com\/wp-content\/uploads\/2023\/10\/Resim4.jpg\" class=\"wpex-align-middle skip-lazy\" alt=\"\" data-no-lazy=\"1\" srcset=\"https:\/\/www.tempatech.com\/wp-content\/uploads\/2023\/10\/Resim4.jpg 473w, https:\/\/www.tempatech.com\/wp-content\/uploads\/2023\/10\/Resim4-300x300.jpg 300w, https:\/\/www.tempatech.com\/wp-content\/uploads\/2023\/10\/Resim4-150x150.jpg 150w, https:\/\/www.tempatech.com\/wp-content\/uploads\/2023\/10\/Resim4-12x12.jpg 12w\" sizes=\"(max-width: 473px) 100vw, 473px\" \/><\/figure><\/div><div class=\"wpex-carousel-slide\"><figure class=\"wpex-carousel-entry-media entry-media\"><img loading=\"lazy\" decoding=\"async\" width=\"472\" height=\"473\" src=\"https:\/\/www.tempatech.com\/wp-content\/uploads\/2023\/10\/Resim3.jpg\" class=\"wpex-align-middle skip-lazy\" alt=\"\" data-no-lazy=\"1\" srcset=\"https:\/\/www.tempatech.com\/wp-content\/uploads\/2023\/10\/Resim3.jpg 472w, https:\/\/www.tempatech.com\/wp-content\/uploads\/2023\/10\/Resim3-300x300.jpg 300w, https:\/\/www.tempatech.com\/wp-content\/uploads\/2023\/10\/Resim3-150x150.jpg 150w, https:\/\/www.tempatech.com\/wp-content\/uploads\/2023\/10\/Resim3-12x12.jpg 12w\" sizes=\"(max-width: 472px) 100vw, 472px\" \/><\/figure><\/div><div class=\"wpex-carousel-slide\"><figure class=\"wpex-carousel-entry-media entry-media\"><img loading=\"lazy\" decoding=\"async\" width=\"472\" height=\"473\" src=\"https:\/\/www.tempatech.com\/wp-content\/uploads\/2023\/10\/Resim2.jpg\" class=\"wpex-align-middle skip-lazy\" alt=\"\" data-no-lazy=\"1\" srcset=\"https:\/\/www.tempatech.com\/wp-content\/uploads\/2023\/10\/Resim2.jpg 472w, https:\/\/www.tempatech.com\/wp-content\/uploads\/2023\/10\/Resim2-300x300.jpg 300w, https:\/\/www.tempatech.com\/wp-content\/uploads\/2023\/10\/Resim2-150x150.jpg 150w, https:\/\/www.tempatech.com\/wp-content\/uploads\/2023\/10\/Resim2-12x12.jpg 12w\" sizes=\"(max-width: 472px) 100vw, 472px\" \/><\/figure><\/div><div class=\"wpex-carousel-slide\"><figure class=\"wpex-carousel-entry-media entry-media\"><img loading=\"lazy\" decoding=\"async\" width=\"480\" height=\"473\" src=\"https:\/\/www.tempatech.com\/wp-content\/uploads\/2023\/10\/Resim1.jpg\" class=\"wpex-align-middle skip-lazy\" alt=\"\" data-no-lazy=\"1\" srcset=\"https:\/\/www.tempatech.com\/wp-content\/uploads\/2023\/10\/Resim1.jpg 480w, https:\/\/www.tempatech.com\/wp-content\/uploads\/2023\/10\/Resim1-300x296.jpg 300w, https:\/\/www.tempatech.com\/wp-content\/uploads\/2023\/10\/Resim1-12x12.jpg 12w\" sizes=\"(max-width: 480px) 100vw, 480px\" \/><\/figure><\/div><\/div><\/div><\/div><\/div><\/div><\/div><div class=\"wpex-shape-divider wpex-shape-divider-tilt wpex-shape-divider-bottom wpex-shape-divider-flip wpex-shape-divider-rotate\"><svg class=\"wpex-shape-divider-svg\" style=\" height:100px;\" xmlns=\"http:\/\/www.w3.org\/2000\/svg\" viewbox=\"0 0 1000 100\" preserveaspectratio=\"none\"><path class=\"wpex-shape-divider-path\" fill=\"#262626\" d=\"M0,6V0h1000v100L0,6z\"\/><\/svg><\/div><\/div><div class=\"vc_row-full-width vc_clearfix\"><\/div>","protected":false},"excerpt":{"rendered":"","protected":false},"author":1,"featured_media":0,"parent":0,"menu_order":0,"comment_status":"closed","ping_status":"closed","template":"","meta":{"footnotes":""},"_links":{"self":[{"href":"https:\/\/www.tempatech.com\/tr\/wp-json\/wp\/v2\/pages\/3089"}],"collection":[{"href":"https:\/\/www.tempatech.com\/tr\/wp-json\/wp\/v2\/pages"}],"about":[{"href":"https:\/\/www.tempatech.com\/tr\/wp-json\/wp\/v2\/types\/page"}],"author":[{"embeddable":true,"href":"https:\/\/www.tempatech.com\/tr\/wp-json\/wp\/v2\/users\/1"}],"replies":[{"embeddable":true,"href":"https:\/\/www.tempatech.com\/tr\/wp-json\/wp\/v2\/comments?post=3089"}],"version-history":[{"count":29,"href":"https:\/\/www.tempatech.com\/tr\/wp-json\/wp\/v2\/pages\/3089\/revisions"}],"predecessor-version":[{"id":3124,"href":"https:\/\/www.tempatech.com\/tr\/wp-json\/wp\/v2\/pages\/3089\/revisions\/3124"}],"wp:attachment":[{"href":"https:\/\/www.tempatech.com\/tr\/wp-json\/wp\/v2\/media?parent=3089"}],"curies":[{"name":"wp","href":"https:\/\/api.w.org\/{rel}","templated":true}]}}