{"id":3174,"date":"2024-01-08T14:22:30","date_gmt":"2024-01-08T11:22:30","guid":{"rendered":"https:\/\/www.tempatech.com\/?page_id=3174"},"modified":"2024-01-08T15:14:25","modified_gmt":"2024-01-08T12:14:25","slug":"dynaform","status":"publish","type":"page","link":"https:\/\/www.tempatech.com\/tr\/dynaform\/","title":{"rendered":"Dynaform"},"content":{"rendered":"<div data-vc-full-width=\"true\" data-vc-full-width-init=\"false\" class=\"vc_section wpb_animate_when_almost_visible wpb_appear appear vc_custom_1704713040174 wpex-vc_section-has-fill wpex-vc-row-stretched\"><div class=\"vc_row wpb_row vc_row-fluid vc_custom_1623056521764\"><div class=\"wpb_column wpb_animate_when_almost_visible wpb_fadeInUp fadeInUp vc_column_container vc_col-sm-2\/5\"><div class=\"vc_column-inner\"><div class=\"wpb_wrapper\"><h3 style=\"font-size: 40px;color: #ffb71b;text-align: left;font-family:Montserrat;font-weight:700;font-style:normal\" class=\"vc_custom_heading vc_custom_1704709651771\" >DYNAFORM<\/h3>\n\t<div style=\"color:#ffffff;font-family:Montserrat;font-style:italic;\" class=\"wpb_text_column has-custom-color wpex-child-inherit-color wpb_content_element\" >\n\t\t<div class=\"wpb_wrapper\">\n\t\t\t<div class=\"hero\">\n<div class=\"hero hero--medium-full-width-image full-width-container\">\n<div class=\"hero__item\">\n<div class=\"bs-container\">\n<div class=\"hero__content\">\n<div class=\"hero\">\n<div class=\"hero hero--medium-full-width-image full-width-container\">\n<div class=\"hero__item\">\n<div class=\"bs-container\">\n<div class=\"hero__content\">\n<p><span style=\"font-size: 16px;\">DYNAFORM, sac \u015fekillendirme proseslerinin analizleri i\u00e7in geli\u015ftirilmi\u015f, LS-Dyna tabanl\u0131 bir sim\u00fclasyon program\u0131d\u0131r<\/span><\/p>\n<\/div>\n<\/div>\n<\/div>\n<\/div>\n<\/div>\n<div class=\"containerwithbackground\">\n<div class=\"ansys-container bg-white responsivegrid\">\n<div class=\"columncontrolcontainer\">\n<div class=\"bs-container\">\n<div class=\"row align-items-center\">\n<div class=\"col-md-7\">\n<div class=\"text\">\n<p id=\"text-b9eb21a1a2\" class=\"cmp-text rte dark-theme\">\n<\/div>\n<\/div>\n<\/div>\n<\/div>\n<\/div>\n<\/div>\n<\/div>\n<\/div>\n<\/div>\n<\/div>\n<\/div>\n<\/div>\n\n\t\t<\/div>\n\t<\/div>\n<\/div><\/div><\/div><\/div><\/div><div class=\"vc_row-full-width vc_clearfix\"><\/div><div data-vc-full-width=\"true\" data-vc-full-width-init=\"false\" class=\"vc_section wpb_animate_when_almost_visible wpb_appear appear vc_custom_1623062926445 wpex-vc_section-has-fill wpex-vc-row-stretched\"><\/div><div class=\"vc_row-full-width vc_clearfix\"><\/div><div id=\"Fluent\" class=\"vc_section wpb_animate_when_almost_visible wpb_fadeInUp fadeInUp vc_custom_1623107798590\" data-ls_id=\"#Fluent\"><div class=\"vc_row wpb_row vc_row-fluid vc_row-o-content-middle vc_row-flex\"><div class=\"wpb_column wpb_animate_when_almost_visible wpb_fadeInLeft fadeInLeft vc_column_container vc_col-sm-6\"><div class=\"vc_column-inner\"><div class=\"wpb_wrapper\">\n\t<div style=\"color:#000000;font-family:Montserrat;\" class=\"wpb_text_column has-custom-color wpex-child-inherit-color wpb_content_element  vc_custom_1704714154232\" >\n\t\t<div class=\"wpb_wrapper\">\n\t\t\t<p>DYNAFORM, sac \u015fekillendirme proseslerinin analizleri i\u00e7in geli\u015ftirilmi\u015f, LS-Dyna tabanl\u0131 bir sim\u00fclasyon program\u0131d\u0131r. DYNAFORM, i\u015fletmelerin denemeler i\u00e7in harcanan s\u00fcreyi azaltmas\u0131na, maliyetleri d\u00fc\u015f\u00fcrmesine, \u00fcretim verimlili\u011fini artt\u0131rmas\u0131na ve kal\u0131p tasar\u0131m\u0131n\u0131n en do\u011fru \u015fekilde ger\u00e7ekle\u015ftirilmesine ve yeni tasar\u0131m fikirlerinin maliyetsiz bir \u015fekilde denenmesine olanak tan\u0131r.<\/p>\n<p><strong>DYNAFORM ile hangi prosesler modellenebilir?<\/strong><\/p>\n<ul>\n<li>Formlama<\/li>\n<li>Derin \u00e7ekme<\/li>\n<li>Progresif \u015fekillendirme<\/li>\n<li>Hidro \u015fekillendirme<\/li>\n<li>S\u0131cak \u015fekillendirme<\/li>\n<li>Boru b\u00fckme<\/li>\n<li>Gererek \u015fekillendirme<\/li>\n<li>Kenetleme<\/li>\n<li>Kesme<\/li>\n<li>Delme<\/li>\n<\/ul>\n\n\t\t<\/div>\n\t<\/div>\n<\/div><\/div><\/div><div class=\"wpb_column wpb_animate_when_almost_visible wpb_fadeInRight fadeInRight vc_column_container vc_col-sm-6\"><div class=\"vc_column-inner\"><div class=\"wpb_wrapper\"><style>.vcex_69f6035ea825c{--wpex-carousel-gap:15px;}.vcex_69f6035ea825c{--wpex-carousel-columns:1;}.vcex_69f6035ea825c.wpex-carousel:not(.owl-loaded) > *:not(:nth-child(1n+2)) {display: flex !important;}@media only screen and (min-width: 480px) {.vcex_69f6035ea825c{--wpex-carousel-columns:2;}.vcex_69f6035ea825c.wpex-carousel:not(.owl-loaded) > *:not(:nth-child(1n+3)) {display: flex !important;}}@media only screen and (min-width: 768px) {.vcex_69f6035ea825c{--wpex-carousel-columns:3;}.vcex_69f6035ea825c.wpex-carousel:not(.owl-loaded) > *:not(:nth-child(1n+4)) {display: flex !important;}}@media only screen and (min-width: 960px) {.vcex_69f6035ea825c{--wpex-carousel-columns:1;}.vcex_69f6035ea825c.wpex-carousel:not(.owl-loaded) > *:not(:nth-child(1n+2)) {display: flex !important;}}<\/style><div class=\"vcex-module wpex-carousel wpex-carousel-images wpex-clr owl-carousel wpex-carousel--render-onload vcex_69f6035ea825c\" data-wpex-carousel=\"{&quot;nav&quot;:&quot;false&quot;,&quot;autoplay&quot;:&quot;true&quot;,&quot;smartSpeed&quot;:200,&quot;items&quot;:1,&quot;autoplayTimeout&quot;:2000}\"><div class=\"wpex-carousel-slide\"><figure class=\"wpex-carousel-entry-media entry-media\"><img loading=\"lazy\" decoding=\"async\" width=\"1920\" height=\"1042\" src=\"https:\/\/www.tempatech.com\/wp-content\/uploads\/2024\/01\/dynaform-1.png\" class=\"wpex-align-middle skip-lazy\" alt=\"\" data-no-lazy=\"1\" srcset=\"https:\/\/www.tempatech.com\/wp-content\/uploads\/2024\/01\/dynaform-1.png 1920w, https:\/\/www.tempatech.com\/wp-content\/uploads\/2024\/01\/dynaform-1-300x163.png 300w, https:\/\/www.tempatech.com\/wp-content\/uploads\/2024\/01\/dynaform-1-1024x556.png 1024w, https:\/\/www.tempatech.com\/wp-content\/uploads\/2024\/01\/dynaform-1-768x417.png 768w, https:\/\/www.tempatech.com\/wp-content\/uploads\/2024\/01\/dynaform-1-1536x834.png 1536w, https:\/\/www.tempatech.com\/wp-content\/uploads\/2024\/01\/dynaform-1-18x10.png 18w\" sizes=\"(max-width: 1920px) 100vw, 1920px\" \/><\/figure><\/div><div class=\"wpex-carousel-slide\"><figure class=\"wpex-carousel-entry-media entry-media\"><img loading=\"lazy\" decoding=\"async\" width=\"1000\" height=\"562\" src=\"https:\/\/www.tempatech.com\/wp-content\/uploads\/2024\/01\/dynaform-2.jpg\" class=\"wpex-align-middle skip-lazy\" alt=\"\" data-no-lazy=\"1\" srcset=\"https:\/\/www.tempatech.com\/wp-content\/uploads\/2024\/01\/dynaform-2.jpg 1000w, https:\/\/www.tempatech.com\/wp-content\/uploads\/2024\/01\/dynaform-2-300x169.jpg 300w, https:\/\/www.tempatech.com\/wp-content\/uploads\/2024\/01\/dynaform-2-768x432.jpg 768w, https:\/\/www.tempatech.com\/wp-content\/uploads\/2024\/01\/dynaform-2-18x10.jpg 18w\" sizes=\"(max-width: 1000px) 100vw, 1000px\" \/><\/figure><\/div><div class=\"wpex-carousel-slide\"><figure class=\"wpex-carousel-entry-media entry-media\"><img loading=\"lazy\" decoding=\"async\" width=\"1000\" height=\"399\" src=\"https:\/\/www.tempatech.com\/wp-content\/uploads\/2024\/01\/dynaform-3.jpg\" class=\"wpex-align-middle skip-lazy\" alt=\"\" data-no-lazy=\"1\" srcset=\"https:\/\/www.tempatech.com\/wp-content\/uploads\/2024\/01\/dynaform-3.jpg 1000w, https:\/\/www.tempatech.com\/wp-content\/uploads\/2024\/01\/dynaform-3-300x120.jpg 300w, https:\/\/www.tempatech.com\/wp-content\/uploads\/2024\/01\/dynaform-3-768x306.jpg 768w, https:\/\/www.tempatech.com\/wp-content\/uploads\/2024\/01\/dynaform-3-18x7.jpg 18w\" sizes=\"(max-width: 1000px) 100vw, 1000px\" \/><\/figure><\/div><div class=\"wpex-carousel-slide\"><figure class=\"wpex-carousel-entry-media entry-media\"><img loading=\"lazy\" decoding=\"async\" width=\"831\" height=\"558\" src=\"https:\/\/www.tempatech.com\/wp-content\/uploads\/2024\/01\/dynaform-4.png\" class=\"wpex-align-middle skip-lazy\" alt=\"\" data-no-lazy=\"1\" srcset=\"https:\/\/www.tempatech.com\/wp-content\/uploads\/2024\/01\/dynaform-4.png 831w, https:\/\/www.tempatech.com\/wp-content\/uploads\/2024\/01\/dynaform-4-300x201.png 300w, https:\/\/www.tempatech.com\/wp-content\/uploads\/2024\/01\/dynaform-4-768x516.png 768w, https:\/\/www.tempatech.com\/wp-content\/uploads\/2024\/01\/dynaform-4-18x12.png 18w\" sizes=\"(max-width: 831px) 100vw, 831px\" \/><\/figure><\/div><div class=\"wpex-carousel-slide\"><figure class=\"wpex-carousel-entry-media entry-media\"><img loading=\"lazy\" decoding=\"async\" width=\"1000\" height=\"562\" src=\"https:\/\/www.tempatech.com\/wp-content\/uploads\/2024\/01\/dynaform-6.png\" class=\"wpex-align-middle skip-lazy\" alt=\"\" data-no-lazy=\"1\" srcset=\"https:\/\/www.tempatech.com\/wp-content\/uploads\/2024\/01\/dynaform-6.png 1000w, https:\/\/www.tempatech.com\/wp-content\/uploads\/2024\/01\/dynaform-6-300x169.png 300w, https:\/\/www.tempatech.com\/wp-content\/uploads\/2024\/01\/dynaform-6-768x432.png 768w, https:\/\/www.tempatech.com\/wp-content\/uploads\/2024\/01\/dynaform-6-18x10.png 18w\" sizes=\"(max-width: 1000px) 100vw, 1000px\" \/><\/figure><\/div><div class=\"wpex-carousel-slide\"><figure class=\"wpex-carousel-entry-media entry-media\"><img loading=\"lazy\" decoding=\"async\" width=\"1000\" height=\"517\" src=\"https:\/\/www.tempatech.com\/wp-content\/uploads\/2024\/01\/dynaform-7.gif\" class=\"wpex-align-middle skip-lazy\" alt=\"\" data-no-lazy=\"1\" \/><\/figure><\/div><div class=\"wpex-carousel-slide\"><figure class=\"wpex-carousel-entry-media entry-media\"><img loading=\"lazy\" decoding=\"async\" width=\"1000\" height=\"577\" src=\"https:\/\/www.tempatech.com\/wp-content\/uploads\/2024\/01\/dynaform-8.png\" class=\"wpex-align-middle skip-lazy\" alt=\"\" data-no-lazy=\"1\" srcset=\"https:\/\/www.tempatech.com\/wp-content\/uploads\/2024\/01\/dynaform-8.png 1000w, https:\/\/www.tempatech.com\/wp-content\/uploads\/2024\/01\/dynaform-8-300x173.png 300w, https:\/\/www.tempatech.com\/wp-content\/uploads\/2024\/01\/dynaform-8-768x443.png 768w, https:\/\/www.tempatech.com\/wp-content\/uploads\/2024\/01\/dynaform-8-18x10.png 18w\" sizes=\"(max-width: 1000px) 100vw, 1000px\" \/><\/figure><\/div><div class=\"wpex-carousel-slide\"><figure class=\"wpex-carousel-entry-media entry-media\"><img loading=\"lazy\" decoding=\"async\" width=\"953\" height=\"832\" src=\"https:\/\/www.tempatech.com\/wp-content\/uploads\/2024\/01\/dynaform-9.png\" class=\"wpex-align-middle skip-lazy\" alt=\"\" data-no-lazy=\"1\" srcset=\"https:\/\/www.tempatech.com\/wp-content\/uploads\/2024\/01\/dynaform-9.png 953w, https:\/\/www.tempatech.com\/wp-content\/uploads\/2024\/01\/dynaform-9-300x262.png 300w, https:\/\/www.tempatech.com\/wp-content\/uploads\/2024\/01\/dynaform-9-768x670.png 768w, https:\/\/www.tempatech.com\/wp-content\/uploads\/2024\/01\/dynaform-9-14x12.png 14w\" sizes=\"(max-width: 953px) 100vw, 953px\" \/><\/figure><\/div><\/div><\/div><\/div><\/div><\/div><\/div><div data-vc-full-width=\"true\" data-vc-full-width-init=\"false\" class=\"vc_section wpb_animate_when_almost_visible wpb_fadeInRight fadeInRight vc_custom_1623062644621 wpex-vc_section-has-fill wpex-vc-row-stretched\"><\/div><div class=\"vc_row-full-width vc_clearfix\"><\/div><div id=\"CFX\" data-vc-full-width=\"true\" data-vc-full-width-init=\"false\" class=\"vc_section wpb_animate_when_almost_visible wpb_fadeInUp fadeInUp vc_custom_1623107785880 vc_section-o-content-middle vc_section-flex wpex-vc_section-has-fill wpex-vc-row-stretched\" data-ls_id=\"#CFX\"><div class=\"vc_row wpb_row vc_row-fluid vc_row-o-content-middle vc_row-flex\"><div class=\"wpb_column wpb_animate_when_almost_visible wpb_fadeInLeft fadeInLeft vc_column_container vc_col-sm-4\"><div class=\"vc_column-inner vc_custom_1623062358090\"><div class=\"wpb_wrapper\"><style>.vcex_69f6035ea9395{--wpex-carousel-gap:15px;}.vcex_69f6035ea9395{--wpex-carousel-columns:1;}.vcex_69f6035ea9395.wpex-carousel:not(.owl-loaded) > *:not(:nth-child(1n+2)) {display: flex !important;}@media only screen and (min-width: 480px) {.vcex_69f6035ea9395{--wpex-carousel-columns:2;}.vcex_69f6035ea9395.wpex-carousel:not(.owl-loaded) > *:not(:nth-child(1n+3)) {display: flex !important;}}@media only screen and (min-width: 768px) {.vcex_69f6035ea9395{--wpex-carousel-columns:3;}.vcex_69f6035ea9395.wpex-carousel:not(.owl-loaded) > *:not(:nth-child(1n+4)) {display: flex !important;}}@media only screen and (min-width: 960px) {.vcex_69f6035ea9395{--wpex-carousel-columns:1;}.vcex_69f6035ea9395.wpex-carousel:not(.owl-loaded) > *:not(:nth-child(1n+2)) {display: flex !important;}}<\/style><div class=\"vcex-module wpex-carousel wpex-carousel-images wpex-clr owl-carousel wpex-carousel--render-onload vcex_69f6035ea9395\" data-wpex-carousel=\"{&quot;nav&quot;:&quot;false&quot;,&quot;autoplay&quot;:&quot;true&quot;,&quot;smartSpeed&quot;:200,&quot;items&quot;:1,&quot;autoplayTimeout&quot;:2000}\"><div class=\"wpex-carousel-slide\"><figure class=\"wpex-carousel-entry-media entry-media\"><img loading=\"lazy\" decoding=\"async\" width=\"1000\" height=\"562\" src=\"https:\/\/www.tempatech.com\/wp-content\/uploads\/2024\/01\/dynaform-2.jpg\" class=\"wpex-align-middle skip-lazy\" alt=\"\" data-no-lazy=\"1\" srcset=\"https:\/\/www.tempatech.com\/wp-content\/uploads\/2024\/01\/dynaform-2.jpg 1000w, https:\/\/www.tempatech.com\/wp-content\/uploads\/2024\/01\/dynaform-2-300x169.jpg 300w, https:\/\/www.tempatech.com\/wp-content\/uploads\/2024\/01\/dynaform-2-768x432.jpg 768w, https:\/\/www.tempatech.com\/wp-content\/uploads\/2024\/01\/dynaform-2-18x10.jpg 18w\" sizes=\"(max-width: 1000px) 100vw, 1000px\" \/><\/figure><\/div><div class=\"wpex-carousel-slide\"><figure class=\"wpex-carousel-entry-media entry-media\"><img loading=\"lazy\" decoding=\"async\" width=\"1000\" height=\"399\" src=\"https:\/\/www.tempatech.com\/wp-content\/uploads\/2024\/01\/dynaform-3.jpg\" class=\"wpex-align-middle skip-lazy\" alt=\"\" data-no-lazy=\"1\" srcset=\"https:\/\/www.tempatech.com\/wp-content\/uploads\/2024\/01\/dynaform-3.jpg 1000w, https:\/\/www.tempatech.com\/wp-content\/uploads\/2024\/01\/dynaform-3-300x120.jpg 300w, https:\/\/www.tempatech.com\/wp-content\/uploads\/2024\/01\/dynaform-3-768x306.jpg 768w, https:\/\/www.tempatech.com\/wp-content\/uploads\/2024\/01\/dynaform-3-18x7.jpg 18w\" sizes=\"(max-width: 1000px) 100vw, 1000px\" \/><\/figure><\/div><div class=\"wpex-carousel-slide\"><figure class=\"wpex-carousel-entry-media entry-media\"><img loading=\"lazy\" decoding=\"async\" width=\"831\" height=\"558\" src=\"https:\/\/www.tempatech.com\/wp-content\/uploads\/2024\/01\/dynaform-4.png\" class=\"wpex-align-middle skip-lazy\" alt=\"\" data-no-lazy=\"1\" srcset=\"https:\/\/www.tempatech.com\/wp-content\/uploads\/2024\/01\/dynaform-4.png 831w, https:\/\/www.tempatech.com\/wp-content\/uploads\/2024\/01\/dynaform-4-300x201.png 300w, https:\/\/www.tempatech.com\/wp-content\/uploads\/2024\/01\/dynaform-4-768x516.png 768w, https:\/\/www.tempatech.com\/wp-content\/uploads\/2024\/01\/dynaform-4-18x12.png 18w\" sizes=\"(max-width: 831px) 100vw, 831px\" \/><\/figure><\/div><div class=\"wpex-carousel-slide\"><figure class=\"wpex-carousel-entry-media entry-media\"><img loading=\"lazy\" decoding=\"async\" width=\"1000\" height=\"562\" src=\"https:\/\/www.tempatech.com\/wp-content\/uploads\/2024\/01\/dynaform-6.png\" class=\"wpex-align-middle skip-lazy\" alt=\"\" data-no-lazy=\"1\" srcset=\"https:\/\/www.tempatech.com\/wp-content\/uploads\/2024\/01\/dynaform-6.png 1000w, https:\/\/www.tempatech.com\/wp-content\/uploads\/2024\/01\/dynaform-6-300x169.png 300w, https:\/\/www.tempatech.com\/wp-content\/uploads\/2024\/01\/dynaform-6-768x432.png 768w, https:\/\/www.tempatech.com\/wp-content\/uploads\/2024\/01\/dynaform-6-18x10.png 18w\" sizes=\"(max-width: 1000px) 100vw, 1000px\" \/><\/figure><\/div><div class=\"wpex-carousel-slide\"><figure class=\"wpex-carousel-entry-media entry-media\"><img loading=\"lazy\" decoding=\"async\" width=\"1000\" height=\"517\" src=\"https:\/\/www.tempatech.com\/wp-content\/uploads\/2024\/01\/dynaform-7.gif\" class=\"wpex-align-middle skip-lazy\" alt=\"\" data-no-lazy=\"1\" \/><\/figure><\/div><div class=\"wpex-carousel-slide\"><figure class=\"wpex-carousel-entry-media entry-media\"><img loading=\"lazy\" decoding=\"async\" width=\"1000\" height=\"577\" src=\"https:\/\/www.tempatech.com\/wp-content\/uploads\/2024\/01\/dynaform-8.png\" class=\"wpex-align-middle skip-lazy\" alt=\"\" data-no-lazy=\"1\" srcset=\"https:\/\/www.tempatech.com\/wp-content\/uploads\/2024\/01\/dynaform-8.png 1000w, https:\/\/www.tempatech.com\/wp-content\/uploads\/2024\/01\/dynaform-8-300x173.png 300w, https:\/\/www.tempatech.com\/wp-content\/uploads\/2024\/01\/dynaform-8-768x443.png 768w, https:\/\/www.tempatech.com\/wp-content\/uploads\/2024\/01\/dynaform-8-18x10.png 18w\" sizes=\"(max-width: 1000px) 100vw, 1000px\" \/><\/figure><\/div><div class=\"wpex-carousel-slide\"><figure class=\"wpex-carousel-entry-media entry-media\"><img loading=\"lazy\" decoding=\"async\" width=\"953\" height=\"832\" src=\"https:\/\/www.tempatech.com\/wp-content\/uploads\/2024\/01\/dynaform-9.png\" class=\"wpex-align-middle skip-lazy\" alt=\"\" data-no-lazy=\"1\" srcset=\"https:\/\/www.tempatech.com\/wp-content\/uploads\/2024\/01\/dynaform-9.png 953w, https:\/\/www.tempatech.com\/wp-content\/uploads\/2024\/01\/dynaform-9-300x262.png 300w, https:\/\/www.tempatech.com\/wp-content\/uploads\/2024\/01\/dynaform-9-768x670.png 768w, https:\/\/www.tempatech.com\/wp-content\/uploads\/2024\/01\/dynaform-9-14x12.png 14w\" sizes=\"(max-width: 953px) 100vw, 953px\" \/><\/figure><\/div><\/div><\/div><\/div><\/div><div class=\"wpb_column wpb_animate_when_almost_visible wpb_fadeInRight fadeInRight vc_column_container vc_col-sm-4\"><div class=\"vc_column-inner\"><div class=\"wpb_wrapper\">\n\t<div class=\"wpb_text_column wpb_content_element  vc_custom_1704714036295\" >\n\t\t<div class=\"wpb_wrapper\">\n\t\t\t<p><span style=\"font-size: 18px;\"><strong><span style=\"font-family: Montserrat;\"><span style=\"color: #ffffff;\">DYNA<\/span> <span style=\"color: #ffb71b; font-size: 24px;\">FORM<\/span><\/span><\/strong><\/span><\/p>\n\n\t\t<\/div>\n\t<\/div>\n\n\t<div style=\"color:#ffffff;font-family:Montserrat;\" class=\"wpb_text_column has-custom-color wpex-child-inherit-color wpb_content_element  vc_custom_1704713392199\" >\n\t\t<div class=\"wpb_wrapper\">\n\t\t\t<p><strong>DYNAFORM ile hangi parametreler incelenebilir?<\/strong><\/p>\n<ul>\n<li>A\u00e7\u0131n\u0131m hesaplama<\/li>\n<li>\u015eekillendirme hatalar\u0131\n<ul>\n<li>\u0130ncelme<\/li>\n<li>Y\u0131rt\u0131lma<\/li>\n<li>K\u0131r\u0131\u015fma<\/li>\n<li>Y\u00fczey kusurlar\u0131<\/li>\n<li>Kayma izi<\/li>\n<\/ul>\n<\/li>\n<li>Kal\u0131nl\u0131k de\u011fi\u015fimi \/ incelme<\/li>\n<li>Geri yaylanma<\/li>\n<li>\u015eekillendirme kuvveti<\/li>\n<li>\u00c7ekme miktar\u0131<\/li>\n<li>Gerilme ve gerinim da\u011f\u0131l\u0131m\u0131<\/li>\n<li>S\u0131cakl\u0131k ve faz de\u011fi\u015fimi (s\u0131cak \u015fekillendirme)<\/li>\n<\/ul>\n\n\t\t<\/div>\n\t<\/div>\n<\/div><\/div><\/div><div class=\"wpb_column vc_column_container vc_col-sm-4\"><div class=\"vc_column-inner\"><div class=\"wpb_wrapper\">\n\t<div style=\"color:#ffffff;font-family:Montserrat;\" class=\"wpb_text_column has-custom-color wpex-child-inherit-color wpb_content_element  vc_custom_1704713459082\" >\n\t\t<div class=\"wpb_wrapper\">\n\t\t\t<p><strong>Program Mod\u00fclleri ve Genel \u00d6zellikleri<\/strong><br \/>\nSac A\u00e7\u0131n\u0131m Mod\u00fcl\u00fc (Blank Size Engineering - BSE)<\/p>\n<ul>\n<li>Sac a\u00e7\u0131n\u0131m\u0131<\/li>\n<li>Kesim \u015fablonu ve maliyet analiz raporu olu\u015fturma<\/li>\n<li>Tek ad\u0131mda \u015fekillendirme analizi<\/li>\n<li>NX ile entegre \u00e7al\u0131\u015fabilme<\/li>\n<\/ul>\n<p>Form Verme Sim\u00fclasyonu Mod\u00fcl\u00fc (Formability Sim\u00fclation - FS)<\/p>\n<ul>\n<li>\u015eekillendirme analizi (incelme, y\u0131rt\u0131lma, k\u0131r\u0131\u015fma)<\/li>\n<li>Geri yaylanma analizi ve telafi optimizasyonu<\/li>\n<li>A\u00e7\u0131n\u0131m ve kesme hatt\u0131 optimizasyonu<\/li>\n<li>S\u0131cak \u015fekillendirme<\/li>\n<li>Boru b\u00fckme<\/li>\n<\/ul>\n\n\t\t<\/div>\n\t<\/div>\n<\/div><\/div><\/div><\/div><\/div><div class=\"vc_row-full-width vc_clearfix\"><\/div>","protected":false},"excerpt":{"rendered":"","protected":false},"author":1,"featured_media":0,"parent":0,"menu_order":0,"comment_status":"closed","ping_status":"closed","template":"","meta":{"footnotes":""},"_links":{"self":[{"href":"https:\/\/www.tempatech.com\/tr\/wp-json\/wp\/v2\/pages\/3174"}],"collection":[{"href":"https:\/\/www.tempatech.com\/tr\/wp-json\/wp\/v2\/pages"}],"about":[{"href":"https:\/\/www.tempatech.com\/tr\/wp-json\/wp\/v2\/types\/page"}],"author":[{"embeddable":true,"href":"https:\/\/www.tempatech.com\/tr\/wp-json\/wp\/v2\/users\/1"}],"replies":[{"embeddable":true,"href":"https:\/\/www.tempatech.com\/tr\/wp-json\/wp\/v2\/comments?post=3174"}],"version-history":[{"count":6,"href":"https:\/\/www.tempatech.com\/tr\/wp-json\/wp\/v2\/pages\/3174\/revisions"}],"predecessor-version":[{"id":3193,"href":"https:\/\/www.tempatech.com\/tr\/wp-json\/wp\/v2\/pages\/3174\/revisions\/3193"}],"wp:attachment":[{"href":"https:\/\/www.tempatech.com\/tr\/wp-json\/wp\/v2\/media?parent=3174"}],"curies":[{"name":"wp","href":"https:\/\/api.w.org\/{rel}","templated":true}]}}