{"id":461,"date":"2020-12-29T20:44:32","date_gmt":"2020-12-29T20:44:32","guid":{"rendered":"https:\/\/www.tempatech.com\/?page_id=461"},"modified":"2021-11-19T23:01:39","modified_gmt":"2021-11-19T20:01:39","slug":"ljtick-vref","status":"publish","type":"page","link":"https:\/\/www.tempatech.com\/tr\/test-measurement-systems\/labjack-products\/accessories\/ljtick-vref\/","title":{"rendered":"LabJack Aksesuarlari: LJTick-VRef"},"content":{"rendered":"<div class=\"vc_row wpb_row vc_row-fluid\"><div class=\"wpb_column vc_column_container vc_col-sm-6\"><div class=\"vc_column-inner\"><div class=\"wpb_wrapper\"><div class=\"vcex-heading vcex-module wpex-text-2xl wpex-font-normal wpex-m-auto wpex-max-w-100 vcex-heading-graphical wpex-block wpex-text-left vc_custom_1609274007958\" data-wpex-hover=\"{&quot;color&quot;:&quot;#ffffff&quot;}\" style=\"color:#dd3333;\"><span class=\"vcex-heading-inner wpex-inline-block wpex-clr\">LJTick-VRef<\/span><\/div>\n\t<div class=\"wpb_text_column wpb_content_element  vc_custom_1609278914603\" >\n\t\t<div class=\"wpb_wrapper\">\n\t\t\t<p>LJTick-VRef, stabil 2.5V veya 4.096V sinyal veren bir gerilim referans eklentisidir. Bu mod\u00fcller genellikle \u00e7e\u015fitli devreler i\u00e7in bir uyarma voltaj\u0131 olarak kullan\u0131l\u0131r. IOA ve IOB hatlar\u0131 ge\u00e7i\u015f terminalleridir ve eklentilerle hi\u00e7bir \u015fekilde etkile\u015fime girmez.<\/p>\n<ul>\n<li><strong>VRef-25 \u00d6zellikleri:<\/strong><\/li>\n<li style=\"list-style-type: none;\">\n<ul>\n<li>Voltaj: 2.5V<\/li>\n<li>Hassasiyet: \u00b10.08%, \u00b12mV<\/li>\n<\/ul>\n<\/li>\n<li><strong>VRef-41 \u00d6zellikleri:<\/strong>\n<ul>\n<li>Voltaj: 4.096V<\/li>\n<li>Hassasiyet: \u00b10.08%, \u00b13.27mV<\/li>\n<\/ul>\n<\/li>\n<li>Ortak \u00d6zellikler:\n<ul>\n<li>Maksimum y\u00fck: 50mA<\/li>\n<li>K\u0131sa devre ak\u0131m\u0131: 100mA<\/li>\n<li>S\u0131cakl\u0131k katsay\u0131s\u0131: 5ppm\/\u00b0C<\/li>\n<\/ul>\n<\/li>\n<\/ul>\n<p>VRef-25 voltaj referans \u00e7ipini kullan\u0131r:\u00a0<a href=\"http:\/\/cds.linear.com\/docs\/en\/datasheet\/1461fb.pdf\">LT1461CIS8-2.5#<\/a>VRef-41 voltaj referans \u00e7ipini kullan\u0131r:\u00a0<a href=\"http:\/\/cds.linear.com\/docs\/en\/datasheet\/1461fb.pdf\">LT1461CIS8-4#<\/a>Daha fazla bilgi i\u00e7in\u00a0<a href=\"https:\/\/labjack.com\/support\/datasheets\/accessories\/ljtick-vref\">LJTick-VRef datasheet<\/a>\u00a0b\u00f6l\u00fcm\u00fcne bakabilirsiniz.<\/p>\n<div class=\"field-label\"><em><strong>Uyumlu Modeller:<\/strong><\/em><\/div>\n<div class=\"field-items\">\n<div class=\"field-item even\"><a href=\"https:\/\/www.tempatech.com\/tr\/products\/labjack-products\/u3\/\" target=\"_blank\" rel=\"noopener noreferrer\">U3, <\/a><a href=\"https:\/\/www.tempatech.com\/tr\/products\/labjack-products\/t7\/\" target=\"_blank\" rel=\"noopener noreferrer\">T7, <\/a><a href=\"https:\/\/www.tempatech.com\/tr\/products\/labjack-products\/labjack-products-u6\/\" target=\"_blank\" rel=\"noopener noreferrer\">U6, <\/a><a href=\"https:\/\/www.tempatech.com\/tr\/products\/labjack-products\/ue9\/\" target=\"_blank\" rel=\"noopener noreferrer\">UE9, <\/a><a href=\"https:\/\/www.tempatech.com\/tr\/products\/labjack-products\/t4\/\" target=\"_blank\" rel=\"noopener noreferrer\">T4<\/a><\/div>\n<\/div>\n\n\t\t<\/div>\n\t<\/div>\n<\/div><\/div><\/div><div class=\"wpb_column vc_column_container vc_col-sm-6\"><div class=\"vc_column-inner\"><div class=\"wpb_wrapper\"><div class=\"wpex-slider-preloaderimg wpex-relative\"><img loading=\"lazy\" decoding=\"async\" width=\"891\" height=\"668\" src=\"https:\/\/www.tempatech.com\/wp-content\/uploads\/2020\/12\/LJTick-VRef-25-1.jpg\" class=\"skip-lazy\" alt=\"\" data-no-lazy=\"1\" srcset=\"https:\/\/www.tempatech.com\/wp-content\/uploads\/2020\/12\/LJTick-VRef-25-1.jpg 891w, https:\/\/www.tempatech.com\/wp-content\/uploads\/2020\/12\/LJTick-VRef-25-1-300x225.jpg 300w, https:\/\/www.tempatech.com\/wp-content\/uploads\/2020\/12\/LJTick-VRef-25-1-768x576.jpg 768w\" sizes=\"(max-width: 891px) 100vw, 891px\" \/><\/div><div class=\"vcex-module wpex-slider slider-pro vcex-image-slider wpex-clr\" data-loop=\"true\" data-auto-play-delay=\"5000\" data-thumbnails=\"true\" data-animation-speed=\"600\" data-height-animation-duration=\"500\" data-thumbnail-height=\"70\" data-thumbnail-width=\"70\"><div class=\"wpex-slider-slides sp-slides\"><div class=\"wpex-slider-slide sp-slide\"><div class=\"wpex-slider-media\"><img loading=\"lazy\" decoding=\"async\" width=\"891\" height=\"668\" src=\"https:\/\/www.tempatech.com\/wp-content\/uploads\/2020\/12\/LJTick-VRef-25-1.jpg\" class=\"skip-lazy\" alt=\"\" data-no-lazy=\"1\" srcset=\"https:\/\/www.tempatech.com\/wp-content\/uploads\/2020\/12\/LJTick-VRef-25-1.jpg 891w, https:\/\/www.tempatech.com\/wp-content\/uploads\/2020\/12\/LJTick-VRef-25-1-300x225.jpg 300w, https:\/\/www.tempatech.com\/wp-content\/uploads\/2020\/12\/LJTick-VRef-25-1-768x576.jpg 768w\" sizes=\"(max-width: 891px) 100vw, 891px\" \/><div class=\"wpex-slider-caption sp-layer sp-padding wpex-clr sp-black\"data-position=\"bottomCenter\" data-show-transition=\"up\" data-hide-transition=\"down\" data-width=\"100%\" data-show-delay=\"500\">LJTick-VRef-25<\/div><\/div><\/div><div class=\"wpex-slider-slide sp-slide\"><div class=\"wpex-slider-media\"><img loading=\"lazy\" decoding=\"async\" width=\"900\" height=\"675\" src=\"https:\/\/www.tempatech.com\/wp-content\/uploads\/2020\/12\/LJTick-Vref-with-LabJack-T4-and-CB15-Expansion-Board-1.jpg\" class=\"skip-lazy\" alt=\"\" data-no-lazy=\"1\" srcset=\"https:\/\/www.tempatech.com\/wp-content\/uploads\/2020\/12\/LJTick-Vref-with-LabJack-T4-and-CB15-Expansion-Board-1.jpg 900w, https:\/\/www.tempatech.com\/wp-content\/uploads\/2020\/12\/LJTick-Vref-with-LabJack-T4-and-CB15-Expansion-Board-1-300x225.jpg 300w, https:\/\/www.tempatech.com\/wp-content\/uploads\/2020\/12\/LJTick-Vref-with-LabJack-T4-and-CB15-Expansion-Board-1-768x576.jpg 768w\" sizes=\"(max-width: 900px) 100vw, 900px\" \/><div class=\"wpex-slider-caption sp-layer sp-padding wpex-clr sp-black\"data-position=\"bottomCenter\" data-show-transition=\"up\" data-hide-transition=\"down\" data-width=\"100%\" data-show-delay=\"500\">LabJack T4 ve CB15 Expansion Board ile LJTick-Vref<\/div><\/div><\/div><div class=\"wpex-slider-slide sp-slide\"><div class=\"wpex-slider-media\"><img loading=\"lazy\" decoding=\"async\" width=\"900\" height=\"675\" src=\"https:\/\/www.tempatech.com\/wp-content\/uploads\/2020\/12\/LJTick-Vref-with-LabJack-T4-1.jpg\" class=\"skip-lazy\" alt=\"\" data-no-lazy=\"1\" srcset=\"https:\/\/www.tempatech.com\/wp-content\/uploads\/2020\/12\/LJTick-Vref-with-LabJack-T4-1.jpg 900w, https:\/\/www.tempatech.com\/wp-content\/uploads\/2020\/12\/LJTick-Vref-with-LabJack-T4-1-300x225.jpg 300w, https:\/\/www.tempatech.com\/wp-content\/uploads\/2020\/12\/LJTick-Vref-with-LabJack-T4-1-768x576.jpg 768w\" sizes=\"(max-width: 900px) 100vw, 900px\" \/><div class=\"wpex-slider-caption sp-layer sp-padding wpex-clr sp-black\"data-position=\"bottomCenter\" data-show-transition=\"up\" data-hide-transition=\"down\" data-width=\"100%\" data-show-delay=\"500\">T4 ile LJTick-VRef<\/div><\/div><\/div><div class=\"wpex-slider-slide sp-slide\"><div class=\"wpex-slider-media\"><img loading=\"lazy\" decoding=\"async\" width=\"900\" height=\"675\" src=\"https:\/\/www.tempatech.com\/wp-content\/uploads\/2020\/12\/LJTick-Vref-with-LabJack-T7-Connected-to-Sensor-1.jpg\" class=\"skip-lazy\" alt=\"\" data-no-lazy=\"1\" srcset=\"https:\/\/www.tempatech.com\/wp-content\/uploads\/2020\/12\/LJTick-Vref-with-LabJack-T7-Connected-to-Sensor-1.jpg 900w, https:\/\/www.tempatech.com\/wp-content\/uploads\/2020\/12\/LJTick-Vref-with-LabJack-T7-Connected-to-Sensor-1-300x225.jpg 300w, https:\/\/www.tempatech.com\/wp-content\/uploads\/2020\/12\/LJTick-Vref-with-LabJack-T7-Connected-to-Sensor-1-768x576.jpg 768w\" sizes=\"(max-width: 900px) 100vw, 900px\" \/><div class=\"wpex-slider-caption sp-layer sp-padding wpex-clr sp-black\"data-position=\"bottomCenter\" data-show-transition=\"up\" data-hide-transition=\"down\" data-width=\"100%\" data-show-delay=\"500\">Sens\u00f6re Ba\u011fl\u0131 LabJack T7 ile LJTick-VRef<\/div><\/div><\/div><div class=\"wpex-slider-slide sp-slide\"><div class=\"wpex-slider-media\"><img loading=\"lazy\" decoding=\"async\" width=\"884\" height=\"662\" src=\"https:\/\/www.tempatech.com\/wp-content\/uploads\/2020\/12\/LJTick-VRef-41.jpg\" class=\"skip-lazy\" alt=\"\" data-no-lazy=\"1\" srcset=\"https:\/\/www.tempatech.com\/wp-content\/uploads\/2020\/12\/LJTick-VRef-41.jpg 884w, https:\/\/www.tempatech.com\/wp-content\/uploads\/2020\/12\/LJTick-VRef-41-300x225.jpg 300w, https:\/\/www.tempatech.com\/wp-content\/uploads\/2020\/12\/LJTick-VRef-41-768x575.jpg 768w\" sizes=\"(max-width: 884px) 100vw, 884px\" \/><div class=\"wpex-slider-caption sp-layer sp-padding wpex-clr sp-black\"data-position=\"bottomCenter\" data-show-transition=\"up\" data-hide-transition=\"down\" data-width=\"100%\" data-show-delay=\"500\">LJTick-VRef-41<\/div><\/div><\/div><div class=\"wpex-slider-slide sp-slide\"><div class=\"wpex-slider-media\"><img loading=\"lazy\" decoding=\"async\" width=\"900\" height=\"675\" src=\"https:\/\/www.tempatech.com\/wp-content\/uploads\/2020\/12\/U3-LV-and-LJTick-VRef-41-1.jpg\" class=\"skip-lazy\" alt=\"\" data-no-lazy=\"1\" srcset=\"https:\/\/www.tempatech.com\/wp-content\/uploads\/2020\/12\/U3-LV-and-LJTick-VRef-41-1.jpg 900w, https:\/\/www.tempatech.com\/wp-content\/uploads\/2020\/12\/U3-LV-and-LJTick-VRef-41-1-300x225.jpg 300w, https:\/\/www.tempatech.com\/wp-content\/uploads\/2020\/12\/U3-LV-and-LJTick-VRef-41-1-768x576.jpg 768w\" sizes=\"(max-width: 900px) 100vw, 900px\" \/><div class=\"wpex-slider-caption sp-layer sp-padding wpex-clr sp-black\"data-position=\"bottomCenter\" data-show-transition=\"up\" data-hide-transition=\"down\" data-width=\"100%\" data-show-delay=\"500\">U3-LV ve LJTick-VRef-41<\/div><\/div><\/div><\/div><div class=\"wpex-slider-thumbnails sp-thumbnails\"><img loading=\"lazy\" decoding=\"async\" width=\"891\" height=\"668\" src=\"https:\/\/www.tempatech.com\/wp-content\/uploads\/2020\/12\/LJTick-VRef-25-1.jpg\" class=\"wpex-slider-thumbnail sp-thumbnail skip-lazy\" alt=\"\" data-no-lazy=\"1\" srcset=\"https:\/\/www.tempatech.com\/wp-content\/uploads\/2020\/12\/LJTick-VRef-25-1.jpg 891w, https:\/\/www.tempatech.com\/wp-content\/uploads\/2020\/12\/LJTick-VRef-25-1-300x225.jpg 300w, https:\/\/www.tempatech.com\/wp-content\/uploads\/2020\/12\/LJTick-VRef-25-1-768x576.jpg 768w\" sizes=\"(max-width: 891px) 100vw, 891px\" \/><img loading=\"lazy\" decoding=\"async\" width=\"900\" height=\"675\" src=\"https:\/\/www.tempatech.com\/wp-content\/uploads\/2020\/12\/LJTick-Vref-with-LabJack-T4-and-CB15-Expansion-Board-1.jpg\" class=\"wpex-slider-thumbnail sp-thumbnail skip-lazy\" alt=\"\" data-no-lazy=\"1\" srcset=\"https:\/\/www.tempatech.com\/wp-content\/uploads\/2020\/12\/LJTick-Vref-with-LabJack-T4-and-CB15-Expansion-Board-1.jpg 900w, https:\/\/www.tempatech.com\/wp-content\/uploads\/2020\/12\/LJTick-Vref-with-LabJack-T4-and-CB15-Expansion-Board-1-300x225.jpg 300w, https:\/\/www.tempatech.com\/wp-content\/uploads\/2020\/12\/LJTick-Vref-with-LabJack-T4-and-CB15-Expansion-Board-1-768x576.jpg 768w\" sizes=\"(max-width: 900px) 100vw, 900px\" \/><img loading=\"lazy\" decoding=\"async\" width=\"900\" height=\"675\" src=\"https:\/\/www.tempatech.com\/wp-content\/uploads\/2020\/12\/LJTick-Vref-with-LabJack-T4-1.jpg\" class=\"wpex-slider-thumbnail sp-thumbnail skip-lazy\" alt=\"\" data-no-lazy=\"1\" srcset=\"https:\/\/www.tempatech.com\/wp-content\/uploads\/2020\/12\/LJTick-Vref-with-LabJack-T4-1.jpg 900w, https:\/\/www.tempatech.com\/wp-content\/uploads\/2020\/12\/LJTick-Vref-with-LabJack-T4-1-300x225.jpg 300w, https:\/\/www.tempatech.com\/wp-content\/uploads\/2020\/12\/LJTick-Vref-with-LabJack-T4-1-768x576.jpg 768w\" sizes=\"(max-width: 900px) 100vw, 900px\" \/><img loading=\"lazy\" decoding=\"async\" width=\"900\" height=\"675\" src=\"https:\/\/www.tempatech.com\/wp-content\/uploads\/2020\/12\/LJTick-Vref-with-LabJack-T7-Connected-to-Sensor-1.jpg\" class=\"wpex-slider-thumbnail sp-thumbnail skip-lazy\" alt=\"\" data-no-lazy=\"1\" srcset=\"https:\/\/www.tempatech.com\/wp-content\/uploads\/2020\/12\/LJTick-Vref-with-LabJack-T7-Connected-to-Sensor-1.jpg 900w, https:\/\/www.tempatech.com\/wp-content\/uploads\/2020\/12\/LJTick-Vref-with-LabJack-T7-Connected-to-Sensor-1-300x225.jpg 300w, https:\/\/www.tempatech.com\/wp-content\/uploads\/2020\/12\/LJTick-Vref-with-LabJack-T7-Connected-to-Sensor-1-768x576.jpg 768w\" sizes=\"(max-width: 900px) 100vw, 900px\" \/><img loading=\"lazy\" decoding=\"async\" width=\"884\" height=\"662\" src=\"https:\/\/www.tempatech.com\/wp-content\/uploads\/2020\/12\/LJTick-VRef-41.jpg\" class=\"wpex-slider-thumbnail sp-thumbnail skip-lazy\" alt=\"\" data-no-lazy=\"1\" srcset=\"https:\/\/www.tempatech.com\/wp-content\/uploads\/2020\/12\/LJTick-VRef-41.jpg 884w, https:\/\/www.tempatech.com\/wp-content\/uploads\/2020\/12\/LJTick-VRef-41-300x225.jpg 300w, https:\/\/www.tempatech.com\/wp-content\/uploads\/2020\/12\/LJTick-VRef-41-768x575.jpg 768w\" sizes=\"(max-width: 884px) 100vw, 884px\" \/><img loading=\"lazy\" decoding=\"async\" width=\"900\" height=\"675\" src=\"https:\/\/www.tempatech.com\/wp-content\/uploads\/2020\/12\/U3-LV-and-LJTick-VRef-41-1.jpg\" class=\"wpex-slider-thumbnail sp-thumbnail skip-lazy\" alt=\"\" data-no-lazy=\"1\" srcset=\"https:\/\/www.tempatech.com\/wp-content\/uploads\/2020\/12\/U3-LV-and-LJTick-VRef-41-1.jpg 900w, https:\/\/www.tempatech.com\/wp-content\/uploads\/2020\/12\/U3-LV-and-LJTick-VRef-41-1-300x225.jpg 300w, https:\/\/www.tempatech.com\/wp-content\/uploads\/2020\/12\/U3-LV-and-LJTick-VRef-41-1-768x576.jpg 768w\" sizes=\"(max-width: 900px) 100vw, 900px\" \/><\/div><\/div><\/div><\/div><\/div><\/div>","protected":false},"excerpt":{"rendered":"LJTick-VRef The LJTick-VRef is a Voltage reference accessory that outputs a stable 2.5V or 4.096V signal. These ticks are commonly used as an excitation voltage for various circuits. The IOA and IOB lines are pass-through terminals, and do not interact with the accessory in any way. VRef-25 Specs: Voltage: 2.5V Accuracy: \u00b10.08%, \u00b12mV VRef-41 Specs:&hellip;","protected":false},"author":1,"featured_media":0,"parent":479,"menu_order":0,"comment_status":"closed","ping_status":"closed","template":"","meta":{"footnotes":""},"_links":{"self":[{"href":"https:\/\/www.tempatech.com\/tr\/wp-json\/wp\/v2\/pages\/461"}],"collection":[{"href":"https:\/\/www.tempatech.com\/tr\/wp-json\/wp\/v2\/pages"}],"about":[{"href":"https:\/\/www.tempatech.com\/tr\/wp-json\/wp\/v2\/types\/page"}],"author":[{"embeddable":true,"href":"https:\/\/www.tempatech.com\/tr\/wp-json\/wp\/v2\/users\/1"}],"replies":[{"embeddable":true,"href":"https:\/\/www.tempatech.com\/tr\/wp-json\/wp\/v2\/comments?post=461"}],"version-history":[{"count":10,"href":"https:\/\/www.tempatech.com\/tr\/wp-json\/wp\/v2\/pages\/461\/revisions"}],"predecessor-version":[{"id":2518,"href":"https:\/\/www.tempatech.com\/tr\/wp-json\/wp\/v2\/pages\/461\/revisions\/2518"}],"up":[{"embeddable":true,"href":"https:\/\/www.tempatech.com\/tr\/wp-json\/wp\/v2\/pages\/479"}],"wp:attachment":[{"href":"https:\/\/www.tempatech.com\/tr\/wp-json\/wp\/v2\/media?parent=461"}],"curies":[{"name":"wp","href":"https:\/\/api.w.org\/{rel}","templated":true}]}}