{"id":464,"date":"2020-12-29T20:15:36","date_gmt":"2020-12-29T20:15:36","guid":{"rendered":"https:\/\/www.tempatech.com\/?page_id=464"},"modified":"2023-10-09T13:20:23","modified_gmt":"2023-10-09T10:20:23","slug":"test-measurement-systems","status":"publish","type":"page","link":"https:\/\/www.tempatech.com\/tr\/test-measurement-systems\/","title":{"rendered":"Test Sistemleri"},"content":{"rendered":"<div class=\"vc_row wpb_row vc_row-fluid wpb_animate_when_almost_visible wpb_fadeInUp fadeInUp vc_custom_1624795930776 vc_row-o-equal-height vc_row-o-content-middle vc_row-flex wpex-vc_row-has-fill wpex-vc-reset-negative-margin\" style=\"min-height:180px;\"><div data-vc-parallax=\"1.5\" class=\"wpb_column vc_column_container vc_col-sm-6 wpex-vc_col-has-fill vc_general vc_parallax vc_parallax-content-moving\"><div style=\"min-height:200px;\" class=\"vc_column-inner vc_custom_1609328178182\"><div class=\"wpb_wrapper\">\n\t<div  class=\"wpb_single_image wpb_content_element vc_align_center\">\n\t\t\n\t\t<figure class=\"wpb_wrapper vc_figure\">\n\t\t\t<div class=\"vc_single_image-wrapper wpex-image-hover shrink   vc_box_border_grey\"><img loading=\"lazy\" decoding=\"async\" width=\"512\" height=\"86\" src=\"https:\/\/www.tempatech.com\/wp-content\/uploads\/2020\/12\/LabJack-Logo.png\" class=\"vc_single_image-img attachment-full\" alt=\"\" title=\"LabJack Logo\" srcset=\"https:\/\/www.tempatech.com\/wp-content\/uploads\/2020\/12\/LabJack-Logo.png 512w, https:\/\/www.tempatech.com\/wp-content\/uploads\/2020\/12\/LabJack-Logo-300x50.png 300w, https:\/\/www.tempatech.com\/wp-content\/uploads\/2020\/12\/LabJack-Logo-16x3.png 16w\" sizes=\"(max-width: 512px) 100vw, 512px\" \/><\/div>\n\t\t<\/figure>\n\t<\/div>\n<\/div><\/div><\/div><div class=\"wpb_column vc_column_container vc_col-sm-6 wpex-vc_col-has-fill\"><div class=\"vc_column-inner vc_custom_1624795945560\"><div class=\"wpb_wrapper\">\n\t<div style=\"color:#0a0a0a;\" class=\"wpb_text_column has-custom-color wpex-child-inherit-color wpb_content_element\" >\n\t\t<div class=\"wpb_wrapper\">\n\t\t\t<p style=\"text-align: center;\"><span style=\"font-family: Montserrat;\">LabJack Corporation, fiziksel d\u00fcnyay\u0131 bilgisayar\u0131n\u0131za ba\u011flamak i\u00e7in yeni nesil, d\u00fc\u015f\u00fck maliyetli ve kolay kullan\u0131ml\u0131 veri toplama \u00e7\u00f6z\u00fcmleri ve kontrol donan\u0131m\u0131 sa\u011flar. LabJack \u00dcr\u00fcnleri, projenizi veya uygulaman\u0131z\u0131 bilgisayar\u0131n\u0131zdan izlemenize ve kontrol etmenize yard\u0131mc\u0131 olur. Bu \u015fekilde, LabJack cihaz\u0131 ger\u00e7ek d\u00fcnya ile sanal d\u00fcnya aras\u0131nda bir k\u00f6pr\u00fc g\u00f6revi g\u00f6r\u00fcr. <\/span><\/p>\n<p style=\"text-align: center;\"><span style=\"font-family: Montserrat;\">Tempa M\u00fchendislik, LabJack'in T\u00fcrkiye'deki tek yetkili sat\u0131\u015f temsilcisidir.<\/span><\/p>\n\n\t\t<\/div>\n\t<\/div>\n<style>.vc_btn3-style-gradient-custom.vc_btn-gradient-btn-69f21825a3589:hover{color: #ffffff;background-color: #cecece;border: none;background-position: 100% 0;}<\/style><style>.vc_btn3-style-gradient-custom.vc_btn-gradient-btn-69f21825a3589{color: #ffffff;border: none;background-color: #6b0b09;background-image: -webkit-linear-gradient(left, #6b0b09 0%, #cecece 50%,#6b0b09 100%);background-image: linear-gradient(to right, #6b0b09 0%, #cecece 50%,#6b0b09 100%);-webkit-transition: all .2s ease-in-out;transition: all .2s ease-in-out;background-size: 200% 100%;}<\/style><div class=\"vc_btn3-container vc_btn3-center vc_custom_1609328437752\" ><a data-vc-gradient-1=\"#6b0b09\" data-vc-gradient-2=\"#cecece\" class=\"vc_general vc_btn3 vc_btn3-size-md vc_btn3-shape-rounded vc_btn3-style-gradient-custom vc_btn3-block vc_btn-gradient-btn-69f21825a3589\" href=\"https:\/\/www.tempatech.com\/tr\/products\/labjack-products\/\" title=\"LabJack \u00dcr\u00fcnleri\">\u00dcr\u00fcnler ve Aksesuarlar Hakk\u0131nda Daha Fazla Bilgi \u0130\u00e7in...<\/a><\/div><\/div><\/div><\/div><\/div><div class=\"vc_row wpb_row vc_row-fluid wpb_animate_when_almost_visible wpb_fadeInUp fadeInUp vc_custom_1624795959400 vc_row-o-equal-height vc_row-o-content-middle vc_row-flex wpex-vc_row-has-fill wpex-vc-reset-negative-margin\" style=\"min-height:180px;\"><div class=\"wpb_column vc_column_container vc_col-sm-6 wpex-vc_col-has-fill\"><div class=\"vc_column-inner vc_custom_1624795918709\"><div class=\"wpb_wrapper\">\n\t<div style=\"color:#0a0a0a;\" class=\"wpb_text_column has-custom-color wpex-child-inherit-color wpb_content_element\" >\n\t\t<div class=\"wpb_wrapper\">\n\t\t\t<p style=\"text-align: center;\"><span style=\"font-family: Montserrat;\">Maul-Theet GmbH, 25 y\u0131l\u0131 a\u015fk\u0131n s\u00fcredir yap\u0131sal dinamikler alan\u0131nda \u00e7al\u0131\u015fmaktad\u0131r ve ayn\u0131 zamanda <\/span><span style=\"font-family: Montserrat;\">titre\u015fim \u00f6l\u00e7\u00fcm\u00fc, analizi ve hesaplamas\u0131 i\u00e7in yaz\u0131l\u0131m ara\u00e7lar\u0131 geli\u015ftirmektedir. <\/span><span style=\"font-family: Montserrat;\">Yap\u0131sal dinamikler alan\u0131nda titre\u015fim \u00f6l\u00e7\u00fcmleri i\u00e7in veri toplama sistemleri, lazer vibrometre, akt\u00fcat\u00f6rler, sens\u00f6rler ve \u00e7e\u015fitli yaz\u0131l\u0131m \u00fcr\u00fcnleri bulabilirsiniz.<\/span><\/p>\n<p style=\"text-align: center;\"><span style=\"font-family: Montserrat;\">Tempa M\u00fchendislik, Maul-Theet'in T\u00fcrkiye'deki tek yetkili sat\u0131\u015f temsilcisidir.<\/span><\/p>\n\n\t\t<\/div>\n\t<\/div>\n<style>.vc_btn3-style-gradient-custom.vc_btn-gradient-btn-69f21825a38ef:hover{color: #ffffff;background-color: #cecece;border: none;background-position: 100% 0;}<\/style><style>.vc_btn3-style-gradient-custom.vc_btn-gradient-btn-69f21825a38ef{color: #ffffff;border: none;background-color: #007fc8;background-image: -webkit-linear-gradient(left, #007fc8 0%, #cecece 50%,#007fc8 100%);background-image: linear-gradient(to right, #007fc8 0%, #cecece 50%,#007fc8 100%);-webkit-transition: all .2s ease-in-out;transition: all .2s ease-in-out;background-size: 200% 100%;}<\/style><div class=\"vc_btn3-container vc_btn3-center vc_custom_1609934950838\" ><a data-vc-gradient-1=\"#007fc8\" data-vc-gradient-2=\"#cecece\" class=\"vc_general vc_btn3 vc_btn3-size-md vc_btn3-shape-rounded vc_btn3-style-gradient-custom vc_btn3-block vc_btn-gradient-btn-69f21825a38ef\" href=\"https:\/\/www.tempatech.com\/tr\/products\/maul-theet-products\/\" title=\"Maul-Theet Products\">\u00dcr\u00fcnler Hakk\u0131nda Daha Fazla Bilgi Almak \u0130\u00e7in...<\/a><\/div><\/div><\/div><\/div><div data-vc-parallax=\"1.5\" class=\"wpb_column vc_column_container vc_col-sm-6 wpex-vc_col-has-fill vc_general vc_parallax vc_parallax-content-moving\"><div style=\"min-height:200px;\" class=\"vc_column-inner vc_custom_1609328178182\"><div class=\"wpb_wrapper\">\n\t<div  class=\"wpb_single_image wpb_content_element vc_align_center\">\n\t\t\n\t\t<figure class=\"wpb_wrapper vc_figure\">\n\t\t\t<div class=\"vc_single_image-wrapper wpex-image-hover shrink   vc_box_border_grey\"><img loading=\"lazy\" decoding=\"async\" width=\"430\" height=\"105\" src=\"https:\/\/www.tempatech.com\/wp-content\/uploads\/2021\/01\/Web_Logo_430x105_aufweiss.png\" class=\"vc_single_image-img attachment-full\" alt=\"\" title=\"Web_Logo_430x105_aufweiss\" srcset=\"https:\/\/www.tempatech.com\/wp-content\/uploads\/2021\/01\/Web_Logo_430x105_aufweiss.png 430w, https:\/\/www.tempatech.com\/wp-content\/uploads\/2021\/01\/Web_Logo_430x105_aufweiss-300x73.png 300w, https:\/\/www.tempatech.com\/wp-content\/uploads\/2021\/01\/Web_Logo_430x105_aufweiss-16x4.png 16w\" sizes=\"(max-width: 430px) 100vw, 430px\" \/><\/div>\n\t\t<\/figure>\n\t<\/div>\n<\/div><\/div><\/div><\/div><div class=\"vc_row wpb_row vc_row-fluid wpb_animate_when_almost_visible wpb_fadeInUp fadeInUp vc_custom_1624795959400 vc_row-o-equal-height vc_row-o-content-middle vc_row-flex wpex-vc_row-has-fill wpex-vc-reset-negative-margin\" style=\"min-height:180px;\"><div data-vc-parallax=\"1.5\" class=\"wpb_column vc_column_container vc_col-sm-6 wpex-vc_col-has-fill vc_general vc_parallax vc_parallax-content-moving\"><div style=\"min-height:200px;\" class=\"vc_column-inner vc_custom_1609328178182\"><div class=\"wpb_wrapper\">\n\t<div  class=\"wpb_single_image wpb_content_element vc_align_center\">\n\t\t\n\t\t<figure class=\"wpb_wrapper vc_figure\">\n\t\t\t<a href=\"https:\/\/www.econ-group.com\/index.html\" target=\"_blank\" class=\"vc_single_image-wrapper wpex-image-hover shrink   vc_box_border_grey\"><img loading=\"lazy\" decoding=\"async\" width=\"388\" height=\"147\" src=\"https:\/\/www.tempatech.com\/wp-content\/uploads\/2021\/06\/ECON_LOGO_A1.jpg\" class=\"vc_single_image-img attachment-full\" alt=\"\" title=\"ECON_LOGO_A1\" srcset=\"https:\/\/www.tempatech.com\/wp-content\/uploads\/2021\/06\/ECON_LOGO_A1.jpg 388w, https:\/\/www.tempatech.com\/wp-content\/uploads\/2021\/06\/ECON_LOGO_A1-300x114.jpg 300w, https:\/\/www.tempatech.com\/wp-content\/uploads\/2021\/06\/ECON_LOGO_A1-16x6.jpg 16w\" sizes=\"(max-width: 388px) 100vw, 388px\" \/><\/a>\n\t\t<\/figure>\n\t<\/div>\n<\/div><\/div><\/div><div class=\"wpb_column vc_column_container vc_col-sm-6 wpex-vc_col-has-fill\"><div class=\"vc_column-inner vc_custom_1624795918709\"><div class=\"wpb_wrapper\">\n\t<div style=\"color:#0a0a0a;font-family:Montserrat;\" class=\"wpb_text_column has-custom-color wpex-child-inherit-color wpb_content_element\" >\n\t\t<div class=\"wpb_wrapper\">\n\t\t\t<p style=\"text-align: center;\">ECON, merkezi Hangzhou, \u00c7in'de bulunan lider test ve \u00f6l\u00e7\u00fcm aletleri ve ekipman\u0131 tasar\u0131mc\u0131s\u0131 ve \u00fcreticisidir. 10 y\u0131l\u0131 a\u015fk\u0131n tecr\u00fcbesi ile ECON, Titre\u015fim Testi, Titre\u015fim-G\u00fcr\u00fclt\u00fc \u00d6l\u00e7\u00fcm\u00fc ve Analizi, Yap\u0131sal Model Testi, D\u00f6n\u00fc\u015ft\u00fcr\u00fcc\u00fc Kalibrasyonu ve \u00c7evresel G\u00fcvenilirlik Testi i\u00e7in de kapsaml\u0131 bir \u00e7\u00f6z\u00fcm tedarik\u00e7isidir.<\/p>\n<p style=\"text-align: center;\"><span style=\"font-family: Montserrat;\">Tempa M\u00fchendislik, ECON'un T\u00fcrkiye'deki tek yetkili sat\u0131\u015f temsilcisidir.<\/span><\/p>\n\n\t\t<\/div>\n\t<\/div>\n<style>.vc_btn3-style-gradient-custom.vc_btn-gradient-btn-69f21825a46a8:hover{color: #ffffff;background-color: #cecece;border: none;background-position: 100% 0;}<\/style><style>.vc_btn3-style-gradient-custom.vc_btn-gradient-btn-69f21825a46a8{color: #ffffff;border: none;background-color: #01427a;background-image: -webkit-linear-gradient(left, #01427a 0%, #cecece 50%,#01427a 100%);background-image: linear-gradient(to right, #01427a 0%, #cecece 50%,#01427a 100%);-webkit-transition: all .2s ease-in-out;transition: all .2s ease-in-out;background-size: 200% 100%;}<\/style><div class=\"vc_btn3-container vc_btn3-center vc_custom_1624796552265\" ><a data-vc-gradient-1=\"#01427a\" data-vc-gradient-2=\"#cecece\" class=\"vc_general vc_btn3 vc_btn3-size-md vc_btn3-shape-rounded vc_btn3-style-gradient-custom vc_btn3-block vc_btn-gradient-btn-69f21825a46a8\" href=\"https:\/\/www.tempatech.com\/tr\/products\/econ\/\" title=\"ECON Products\">\u00dcr\u00fcnler Hakk\u0131nda Daha Fazla Bilgi Almak \u0130\u00e7in...<\/a><\/div><\/div><\/div><\/div><\/div><div class=\"vc_row wpb_row vc_row-fluid wpb_animate_when_almost_visible wpb_fadeInUp fadeInUp vc_custom_1624795959400 vc_row-o-equal-height vc_row-o-content-middle vc_row-flex wpex-vc_row-has-fill wpex-vc-reset-negative-margin\" style=\"min-height:180px;\"><div class=\"wpb_column vc_column_container vc_col-sm-6 wpex-vc_col-has-fill\"><div class=\"vc_column-inner vc_custom_1624795918709\"><div class=\"wpb_wrapper\">\n\t<div style=\"color:#0a0a0a;font-family:Montserrat;\" class=\"wpb_text_column has-custom-color wpex-child-inherit-color wpb_content_element\" >\n\t\t<div class=\"wpb_wrapper\">\n\t\t\t<p style=\"text-align: center;\">CME Technology Co., Ltd., Xianyang, Shaanxi Ulusal Y\u00fcksek Teknoloji Sanayi Geli\u015ftirme B\u00f6lgesi'nde yer almaktad\u0131r, mekanik test ve sim\u00fclasyon, \u00e7evresel g\u00fcvenilirlik testi, standart d\u0131\u015f\u0131 testler, \u015fok \/ \u00e7arpma test sistemi dahil \u00fcr\u00fcnleri i\u00e7in \u00fcretim ekipmanlar\u0131 konusunda uzmanla\u015fm\u0131\u015ft\u0131r: D\u00fc\u015fme test cihaz\u0131, ula\u015f\u0131m sim\u00fclasyonu test masas\u0131, hidrolik titre\u015fimli sars\u0131c\u0131lar, \u00e7oklu DOF hareket sim\u00fclasyon tablosu, merkezka\u00e7 sabit ivme test cihaz\u0131, paketleme test sistemi vb.<\/p>\n<p style=\"text-align: center;\"><span style=\"font-family: Montserrat;\">Tempa M\u00fchendislik, CME'nin T\u00fcrkiye'deki tek yetkili sat\u0131\u015f temsilcisidir.<\/span><\/p>\n\n\t\t<\/div>\n\t<\/div>\n<style>.vc_btn3-style-gradient-custom.vc_btn-gradient-btn-69f21825a4b91:hover{color: #ffffff;background-color: #cecece;border: none;background-position: 100% 0;}<\/style><style>.vc_btn3-style-gradient-custom.vc_btn-gradient-btn-69f21825a4b91{color: #ffffff;border: none;background-color: #9e0101;background-image: -webkit-linear-gradient(left, #9e0101 0%, #cecece 50%,#9e0101 100%);background-image: linear-gradient(to right, #9e0101 0%, #cecece 50%,#9e0101 100%);-webkit-transition: all .2s ease-in-out;transition: all .2s ease-in-out;background-size: 200% 100%;}<\/style><div class=\"vc_btn3-container vc_btn3-center vc_custom_1632289708398\" ><a data-vc-gradient-1=\"#9e0101\" data-vc-gradient-2=\"#cecece\" class=\"vc_general vc_btn3 vc_btn3-size-md vc_btn3-shape-rounded vc_btn3-style-gradient-custom vc_btn3-block vc_btn-gradient-btn-69f21825a4b91\" href=\"https:\/\/www.tempatech.com\/tr\/products\/cme\/\" title=\"CME\">\u00dcr\u00fcnler Hakk\u0131nda Daha Fazla Bilgi Almak \u0130\u00e7in...<\/a><\/div><\/div><\/div><\/div><div data-vc-parallax=\"1.5\" class=\"wpb_column vc_column_container vc_col-sm-6 wpex-vc_col-has-fill vc_general vc_parallax vc_parallax-content-moving\"><div style=\"min-height:200px;\" class=\"vc_column-inner vc_custom_1609328178182\"><div class=\"wpb_wrapper\">\n\t<div  class=\"wpb_single_image wpb_content_element vc_align_center\">\n\t\t\n\t\t<figure class=\"wpb_wrapper vc_figure\">\n\t\t\t<a href=\"https:\/\/www.creditcme.com\/\" target=\"_blank\" class=\"vc_single_image-wrapper wpex-image-hover shrink   vc_box_border_grey\"><img loading=\"lazy\" decoding=\"async\" width=\"300\" height=\"78\" src=\"https:\/\/www.tempatech.com\/wp-content\/uploads\/2021\/09\/logo1-1-300x78.png\" class=\"vc_single_image-img attachment-medium\" alt=\"\" title=\"logo1\" srcset=\"https:\/\/www.tempatech.com\/wp-content\/uploads\/2021\/09\/logo1-1-300x78.png 300w, https:\/\/www.tempatech.com\/wp-content\/uploads\/2021\/09\/logo1-1-18x5.png 18w, https:\/\/www.tempatech.com\/wp-content\/uploads\/2021\/09\/logo1-1.png 542w\" sizes=\"(max-width: 300px) 100vw, 300px\" \/><\/a>\n\t\t<\/figure>\n\t<\/div>\n<\/div><\/div><\/div><\/div>","protected":false},"excerpt":{"rendered":"LabJack Corporation makes data acquisition and control hardware to connect the physical world to your computer. LabJack Products help you monitor and control your project or application from your PC. In that way, a LabJack device serves as a bridge between the real world and the virtual one. Tempa Engineering is the only LabJack authorized&hellip;","protected":false},"author":1,"featured_media":0,"parent":0,"menu_order":0,"comment_status":"closed","ping_status":"closed","template":"","meta":{"footnotes":""},"_links":{"self":[{"href":"https:\/\/www.tempatech.com\/tr\/wp-json\/wp\/v2\/pages\/464"}],"collection":[{"href":"https:\/\/www.tempatech.com\/tr\/wp-json\/wp\/v2\/pages"}],"about":[{"href":"https:\/\/www.tempatech.com\/tr\/wp-json\/wp\/v2\/types\/page"}],"author":[{"embeddable":true,"href":"https:\/\/www.tempatech.com\/tr\/wp-json\/wp\/v2\/users\/1"}],"replies":[{"embeddable":true,"href":"https:\/\/www.tempatech.com\/tr\/wp-json\/wp\/v2\/comments?post=464"}],"version-history":[{"count":23,"href":"https:\/\/www.tempatech.com\/tr\/wp-json\/wp\/v2\/pages\/464\/revisions"}],"predecessor-version":[{"id":3054,"href":"https:\/\/www.tempatech.com\/tr\/wp-json\/wp\/v2\/pages\/464\/revisions\/3054"}],"wp:attachment":[{"href":"https:\/\/www.tempatech.com\/tr\/wp-json\/wp\/v2\/media?parent=464"}],"curies":[{"name":"wp","href":"https:\/\/api.w.org\/{rel}","templated":true}]}}