{"id":494,"date":"2020-12-29T20:46:58","date_gmt":"2020-12-29T20:46:58","guid":{"rendered":"https:\/\/www.tempatech.com\/?page_id=494"},"modified":"2020-12-29T21:56:17","modified_gmt":"2020-12-29T21:56:17","slug":"cb37-terminal-board","status":"publish","type":"page","link":"https:\/\/www.tempatech.com\/tr\/test-measurement-systems\/labjack-products\/accessories\/cb37-terminal-board\/","title":{"rendered":"LabJack Aksesuarlar\u0131: CB37 Terminal Board"},"content":{"rendered":"<div class=\"vc_row wpb_row vc_row-fluid\"><div class=\"wpb_column vc_column_container vc_col-sm-6\"><div class=\"vc_column-inner\"><div class=\"wpb_wrapper\"><div class=\"vcex-heading vcex-module wpex-text-2xl wpex-font-normal wpex-m-auto wpex-max-w-100 vcex-heading-graphical wpex-block wpex-text-left vc_custom_1609274573232\" data-wpex-hover=\"{&quot;color&quot;:&quot;#ffffff&quot;}\" style=\"color:#dd3333;\"><span class=\"vcex-heading-inner wpex-inline-block wpex-clr\">CB37 Terminal Board<\/span><\/div>\n\t<div class=\"wpb_text_column wpb_content_element  vc_custom_1609278973995\" >\n\t\t<div class=\"wpb_wrapper\">\n\t\t\t<p>U6, UE9 ve T7 \u00fczerindeki DB37 konekt\u00f6r\u00fc i\u00e7in uygun vidal\u0131 terminaller sa\u011flar. Bir adet tornavida i\u00e7erir. LJTick sinyal ko\u015fulland\u0131rma mod\u00fclleri ile uyumludur.<\/p>\n<p>Daha fazla bilgi i\u00e7in datasheet\u2019e bakabilirsiniz -\u00a0<a href=\"https:\/\/labjack.com\/support\/datasheets\/accessories\/cb37-v21\">CB37 Terminal Board (Rev 2.1) Datasheet<\/a>.<\/p>\n<div class=\"field-label\"><em><strong>Uyumlu Modeller:<\/strong><\/em><\/div>\n<div class=\"field-items\">\n<div class=\"field-item even\"><a href=\"https:\/\/www.tempatech.com\/tr\/products\/labjack-products\/t7\/\" target=\"_blank\" rel=\"noopener noreferrer\">T7, <\/a><a href=\"https:\/\/www.tempatech.com\/tr\/products\/labjack-products\/labjack-products-u6\/\" target=\"_blank\" rel=\"noopener noreferrer\">U6, <\/a><a href=\"https:\/\/www.tempatech.com\/tr\/products\/labjack-products\/ue9\/\" target=\"_blank\" rel=\"noopener noreferrer\">UE9<\/a><\/div>\n<\/div>\n<div class=\"field-items\">\n<div class=\"field-item even\"><\/div>\n<\/div>\n\n\t\t<\/div>\n\t<\/div>\n<\/div><\/div><\/div><div class=\"wpb_column vc_column_container vc_col-sm-6\"><div class=\"vc_column-inner\"><div class=\"wpb_wrapper\"><div class=\"wpex-slider-preloaderimg wpex-relative\"><img loading=\"lazy\" decoding=\"async\" width=\"900\" height=\"675\" src=\"https:\/\/www.tempatech.com\/wp-content\/uploads\/2020\/12\/CB37-Expansion-Board-with-Optional-LJTick-InAmp.jpg\" class=\"skip-lazy\" alt=\"\" data-no-lazy=\"1\" srcset=\"https:\/\/www.tempatech.com\/wp-content\/uploads\/2020\/12\/CB37-Expansion-Board-with-Optional-LJTick-InAmp.jpg 900w, https:\/\/www.tempatech.com\/wp-content\/uploads\/2020\/12\/CB37-Expansion-Board-with-Optional-LJTick-InAmp-300x225.jpg 300w, https:\/\/www.tempatech.com\/wp-content\/uploads\/2020\/12\/CB37-Expansion-Board-with-Optional-LJTick-InAmp-768x576.jpg 768w\" sizes=\"(max-width: 900px) 100vw, 900px\" \/><\/div><div class=\"vcex-module wpex-slider slider-pro vcex-image-slider wpex-clr\" data-loop=\"true\" data-auto-play-delay=\"5000\" data-thumbnails=\"true\" data-animation-speed=\"600\" data-height-animation-duration=\"500\" data-thumbnail-height=\"70\" data-thumbnail-width=\"70\"><div class=\"wpex-slider-slides sp-slides\"><div class=\"wpex-slider-slide sp-slide\"><div class=\"wpex-slider-media\"><img loading=\"lazy\" decoding=\"async\" width=\"900\" height=\"675\" src=\"https:\/\/www.tempatech.com\/wp-content\/uploads\/2020\/12\/CB37-Expansion-Board-with-Optional-LJTick-InAmp.jpg\" class=\"skip-lazy\" alt=\"\" data-no-lazy=\"1\" srcset=\"https:\/\/www.tempatech.com\/wp-content\/uploads\/2020\/12\/CB37-Expansion-Board-with-Optional-LJTick-InAmp.jpg 900w, https:\/\/www.tempatech.com\/wp-content\/uploads\/2020\/12\/CB37-Expansion-Board-with-Optional-LJTick-InAmp-300x225.jpg 300w, https:\/\/www.tempatech.com\/wp-content\/uploads\/2020\/12\/CB37-Expansion-Board-with-Optional-LJTick-InAmp-768x576.jpg 768w\" sizes=\"(max-width: 900px) 100vw, 900px\" \/><div class=\"wpex-slider-caption sp-layer sp-padding wpex-clr sp-black\"data-position=\"bottomCenter\" data-show-transition=\"up\" data-hide-transition=\"down\" data-width=\"100%\" data-show-delay=\"500\">CB37 Expansion Board ile (Opsiyonel) LJTick-InAmp<\/div><\/div><\/div><div class=\"wpex-slider-slide sp-slide\"><div class=\"wpex-slider-media\"><img loading=\"lazy\" decoding=\"async\" width=\"900\" height=\"675\" src=\"https:\/\/www.tempatech.com\/wp-content\/uploads\/2020\/12\/LabJack-T7-Shown-with-Mux80-Expansion-Board-1x-CB37-and-CB15.jpg\" class=\"skip-lazy\" alt=\"\" data-no-lazy=\"1\" srcset=\"https:\/\/www.tempatech.com\/wp-content\/uploads\/2020\/12\/LabJack-T7-Shown-with-Mux80-Expansion-Board-1x-CB37-and-CB15.jpg 900w, https:\/\/www.tempatech.com\/wp-content\/uploads\/2020\/12\/LabJack-T7-Shown-with-Mux80-Expansion-Board-1x-CB37-and-CB15-300x225.jpg 300w, https:\/\/www.tempatech.com\/wp-content\/uploads\/2020\/12\/LabJack-T7-Shown-with-Mux80-Expansion-Board-1x-CB37-and-CB15-768x576.jpg 768w\" sizes=\"(max-width: 900px) 100vw, 900px\" \/><div class=\"wpex-slider-caption sp-layer sp-padding wpex-clr sp-black\"data-position=\"bottomCenter\" data-show-transition=\"up\" data-hide-transition=\"down\" data-width=\"100%\" data-show-delay=\"500\">LabJack T7 ile Mux80 Expansion Board, 1x CB37 ve CB15<\/div><\/div><\/div><div class=\"wpex-slider-slide sp-slide\"><div class=\"wpex-slider-media\"><img loading=\"lazy\" decoding=\"async\" width=\"900\" height=\"675\" src=\"https:\/\/www.tempatech.com\/wp-content\/uploads\/2020\/12\/LabJack-T7Pro-with-CB37-and-CB15.jpg\" class=\"skip-lazy\" alt=\"\" data-no-lazy=\"1\" srcset=\"https:\/\/www.tempatech.com\/wp-content\/uploads\/2020\/12\/LabJack-T7Pro-with-CB37-and-CB15.jpg 900w, https:\/\/www.tempatech.com\/wp-content\/uploads\/2020\/12\/LabJack-T7Pro-with-CB37-and-CB15-300x225.jpg 300w, https:\/\/www.tempatech.com\/wp-content\/uploads\/2020\/12\/LabJack-T7Pro-with-CB37-and-CB15-768x576.jpg 768w\" sizes=\"(max-width: 900px) 100vw, 900px\" \/><div class=\"wpex-slider-caption sp-layer sp-padding wpex-clr sp-black\"data-position=\"bottomCenter\" data-show-transition=\"up\" data-hide-transition=\"down\" data-width=\"100%\" data-show-delay=\"500\">CB37 ve CB15 ile T7-Pro<\/div><\/div><\/div><div class=\"wpex-slider-slide sp-slide\"><div class=\"wpex-slider-media\"><img loading=\"lazy\" decoding=\"async\" width=\"900\" height=\"675\" src=\"https:\/\/www.tempatech.com\/wp-content\/uploads\/2020\/12\/Zoom-of-CB37-with-2x-LJTick-DAC-adding-4-Analog-Outputs-14bit.jpg\" class=\"skip-lazy\" alt=\"\" data-no-lazy=\"1\" srcset=\"https:\/\/www.tempatech.com\/wp-content\/uploads\/2020\/12\/Zoom-of-CB37-with-2x-LJTick-DAC-adding-4-Analog-Outputs-14bit.jpg 900w, https:\/\/www.tempatech.com\/wp-content\/uploads\/2020\/12\/Zoom-of-CB37-with-2x-LJTick-DAC-adding-4-Analog-Outputs-14bit-300x225.jpg 300w, https:\/\/www.tempatech.com\/wp-content\/uploads\/2020\/12\/Zoom-of-CB37-with-2x-LJTick-DAC-adding-4-Analog-Outputs-14bit-768x576.jpg 768w\" sizes=\"(max-width: 900px) 100vw, 900px\" \/><div class=\"wpex-slider-caption sp-layer sp-padding wpex-clr sp-black\"data-position=\"bottomCenter\" data-show-transition=\"up\" data-hide-transition=\"down\" data-width=\"100%\" data-show-delay=\"500\">4 Analog \u00c7\u0131k\u0131\u015f ekleyen 2x LJTick-DAC ile CB37-14bit<\/div><\/div><\/div><div class=\"wpex-slider-slide sp-slide\"><div class=\"wpex-slider-media\"><img loading=\"lazy\" decoding=\"async\" width=\"900\" height=\"675\" src=\"https:\/\/www.tempatech.com\/wp-content\/uploads\/2020\/12\/CB37-with-LJTick-InBuff.jpg\" class=\"skip-lazy\" alt=\"\" data-no-lazy=\"1\" srcset=\"https:\/\/www.tempatech.com\/wp-content\/uploads\/2020\/12\/CB37-with-LJTick-InBuff.jpg 900w, https:\/\/www.tempatech.com\/wp-content\/uploads\/2020\/12\/CB37-with-LJTick-InBuff-300x225.jpg 300w, https:\/\/www.tempatech.com\/wp-content\/uploads\/2020\/12\/CB37-with-LJTick-InBuff-768x576.jpg 768w\" sizes=\"(max-width: 900px) 100vw, 900px\" \/><div class=\"wpex-slider-caption sp-layer sp-padding wpex-clr sp-black\"data-position=\"bottomCenter\" data-show-transition=\"up\" data-hide-transition=\"down\" data-width=\"100%\" data-show-delay=\"500\">LJTick-InBuff ile CB37<\/div><\/div><\/div><div class=\"wpex-slider-slide sp-slide\"><div class=\"wpex-slider-media\"><img loading=\"lazy\" decoding=\"async\" width=\"900\" height=\"675\" src=\"https:\/\/www.tempatech.com\/wp-content\/uploads\/2020\/12\/CB37-Package-Contents.jpg\" class=\"skip-lazy\" alt=\"\" data-no-lazy=\"1\" srcset=\"https:\/\/www.tempatech.com\/wp-content\/uploads\/2020\/12\/CB37-Package-Contents.jpg 900w, https:\/\/www.tempatech.com\/wp-content\/uploads\/2020\/12\/CB37-Package-Contents-300x225.jpg 300w, https:\/\/www.tempatech.com\/wp-content\/uploads\/2020\/12\/CB37-Package-Contents-768x576.jpg 768w\" sizes=\"(max-width: 900px) 100vw, 900px\" \/><div class=\"wpex-slider-caption sp-layer sp-padding wpex-clr sp-black\"data-position=\"bottomCenter\" data-show-transition=\"up\" data-hide-transition=\"down\" data-width=\"100%\" data-show-delay=\"500\">CB37 Paket \u0130\u00e7eri\u011fi<\/div><\/div><\/div><\/div><div class=\"wpex-slider-thumbnails sp-thumbnails\"><img loading=\"lazy\" decoding=\"async\" width=\"900\" height=\"675\" src=\"https:\/\/www.tempatech.com\/wp-content\/uploads\/2020\/12\/CB37-Expansion-Board-with-Optional-LJTick-InAmp.jpg\" class=\"wpex-slider-thumbnail sp-thumbnail skip-lazy\" alt=\"\" data-no-lazy=\"1\" srcset=\"https:\/\/www.tempatech.com\/wp-content\/uploads\/2020\/12\/CB37-Expansion-Board-with-Optional-LJTick-InAmp.jpg 900w, https:\/\/www.tempatech.com\/wp-content\/uploads\/2020\/12\/CB37-Expansion-Board-with-Optional-LJTick-InAmp-300x225.jpg 300w, https:\/\/www.tempatech.com\/wp-content\/uploads\/2020\/12\/CB37-Expansion-Board-with-Optional-LJTick-InAmp-768x576.jpg 768w\" sizes=\"(max-width: 900px) 100vw, 900px\" \/><img loading=\"lazy\" decoding=\"async\" width=\"900\" height=\"675\" src=\"https:\/\/www.tempatech.com\/wp-content\/uploads\/2020\/12\/LabJack-T7-Shown-with-Mux80-Expansion-Board-1x-CB37-and-CB15.jpg\" class=\"wpex-slider-thumbnail sp-thumbnail skip-lazy\" alt=\"\" data-no-lazy=\"1\" srcset=\"https:\/\/www.tempatech.com\/wp-content\/uploads\/2020\/12\/LabJack-T7-Shown-with-Mux80-Expansion-Board-1x-CB37-and-CB15.jpg 900w, https:\/\/www.tempatech.com\/wp-content\/uploads\/2020\/12\/LabJack-T7-Shown-with-Mux80-Expansion-Board-1x-CB37-and-CB15-300x225.jpg 300w, https:\/\/www.tempatech.com\/wp-content\/uploads\/2020\/12\/LabJack-T7-Shown-with-Mux80-Expansion-Board-1x-CB37-and-CB15-768x576.jpg 768w\" sizes=\"(max-width: 900px) 100vw, 900px\" \/><img loading=\"lazy\" decoding=\"async\" width=\"900\" height=\"675\" src=\"https:\/\/www.tempatech.com\/wp-content\/uploads\/2020\/12\/LabJack-T7Pro-with-CB37-and-CB15.jpg\" class=\"wpex-slider-thumbnail sp-thumbnail skip-lazy\" alt=\"\" data-no-lazy=\"1\" srcset=\"https:\/\/www.tempatech.com\/wp-content\/uploads\/2020\/12\/LabJack-T7Pro-with-CB37-and-CB15.jpg 900w, https:\/\/www.tempatech.com\/wp-content\/uploads\/2020\/12\/LabJack-T7Pro-with-CB37-and-CB15-300x225.jpg 300w, https:\/\/www.tempatech.com\/wp-content\/uploads\/2020\/12\/LabJack-T7Pro-with-CB37-and-CB15-768x576.jpg 768w\" sizes=\"(max-width: 900px) 100vw, 900px\" \/><img loading=\"lazy\" decoding=\"async\" width=\"900\" height=\"675\" src=\"https:\/\/www.tempatech.com\/wp-content\/uploads\/2020\/12\/Zoom-of-CB37-with-2x-LJTick-DAC-adding-4-Analog-Outputs-14bit.jpg\" class=\"wpex-slider-thumbnail sp-thumbnail skip-lazy\" alt=\"\" data-no-lazy=\"1\" srcset=\"https:\/\/www.tempatech.com\/wp-content\/uploads\/2020\/12\/Zoom-of-CB37-with-2x-LJTick-DAC-adding-4-Analog-Outputs-14bit.jpg 900w, https:\/\/www.tempatech.com\/wp-content\/uploads\/2020\/12\/Zoom-of-CB37-with-2x-LJTick-DAC-adding-4-Analog-Outputs-14bit-300x225.jpg 300w, https:\/\/www.tempatech.com\/wp-content\/uploads\/2020\/12\/Zoom-of-CB37-with-2x-LJTick-DAC-adding-4-Analog-Outputs-14bit-768x576.jpg 768w\" sizes=\"(max-width: 900px) 100vw, 900px\" \/><img loading=\"lazy\" decoding=\"async\" width=\"900\" height=\"675\" src=\"https:\/\/www.tempatech.com\/wp-content\/uploads\/2020\/12\/CB37-with-LJTick-InBuff.jpg\" class=\"wpex-slider-thumbnail sp-thumbnail skip-lazy\" alt=\"\" data-no-lazy=\"1\" srcset=\"https:\/\/www.tempatech.com\/wp-content\/uploads\/2020\/12\/CB37-with-LJTick-InBuff.jpg 900w, https:\/\/www.tempatech.com\/wp-content\/uploads\/2020\/12\/CB37-with-LJTick-InBuff-300x225.jpg 300w, https:\/\/www.tempatech.com\/wp-content\/uploads\/2020\/12\/CB37-with-LJTick-InBuff-768x576.jpg 768w\" sizes=\"(max-width: 900px) 100vw, 900px\" \/><img loading=\"lazy\" decoding=\"async\" width=\"900\" height=\"675\" src=\"https:\/\/www.tempatech.com\/wp-content\/uploads\/2020\/12\/CB37-Package-Contents.jpg\" class=\"wpex-slider-thumbnail sp-thumbnail skip-lazy\" alt=\"\" data-no-lazy=\"1\" srcset=\"https:\/\/www.tempatech.com\/wp-content\/uploads\/2020\/12\/CB37-Package-Contents.jpg 900w, https:\/\/www.tempatech.com\/wp-content\/uploads\/2020\/12\/CB37-Package-Contents-300x225.jpg 300w, https:\/\/www.tempatech.com\/wp-content\/uploads\/2020\/12\/CB37-Package-Contents-768x576.jpg 768w\" sizes=\"(max-width: 900px) 100vw, 900px\" \/><\/div><\/div><\/div><\/div><\/div><\/div>","protected":false},"excerpt":{"rendered":"CB37 Terminal Board Provides convenient screw terminals for the DB37 connector on the LabJack U6, UE9, and T7. Includes a screwdriver. Compatible with LJTick signal-conditioning modules. For more information, see the\u00a0CB37 Terminal Board (Rev 2.1) Datasheet. Compatible Products: T7, U6, UE9 CB37 Expansion Board with (Optional) LJTick-InAmpLabJack T7 Shown with Mux80 Expansion Board 1x CB37&hellip;","protected":false},"author":1,"featured_media":0,"parent":479,"menu_order":0,"comment_status":"closed","ping_status":"closed","template":"","meta":{"footnotes":""},"_links":{"self":[{"href":"https:\/\/www.tempatech.com\/tr\/wp-json\/wp\/v2\/pages\/494"}],"collection":[{"href":"https:\/\/www.tempatech.com\/tr\/wp-json\/wp\/v2\/pages"}],"about":[{"href":"https:\/\/www.tempatech.com\/tr\/wp-json\/wp\/v2\/types\/page"}],"author":[{"embeddable":true,"href":"https:\/\/www.tempatech.com\/tr\/wp-json\/wp\/v2\/users\/1"}],"replies":[{"embeddable":true,"href":"https:\/\/www.tempatech.com\/tr\/wp-json\/wp\/v2\/comments?post=494"}],"version-history":[{"count":5,"href":"https:\/\/www.tempatech.com\/tr\/wp-json\/wp\/v2\/pages\/494\/revisions"}],"predecessor-version":[{"id":541,"href":"https:\/\/www.tempatech.com\/tr\/wp-json\/wp\/v2\/pages\/494\/revisions\/541"}],"up":[{"embeddable":true,"href":"https:\/\/www.tempatech.com\/tr\/wp-json\/wp\/v2\/pages\/479"}],"wp:attachment":[{"href":"https:\/\/www.tempatech.com\/tr\/wp-json\/wp\/v2\/media?parent=494"}],"curies":[{"name":"wp","href":"https:\/\/api.w.org\/{rel}","templated":true}]}}