{"id":495,"date":"2020-12-29T20:49:49","date_gmt":"2020-12-29T20:49:49","guid":{"rendered":"https:\/\/www.tempatech.com\/?page_id=495"},"modified":"2020-12-29T21:55:52","modified_gmt":"2020-12-29T21:55:52","slug":"cb15-terminal-board","status":"publish","type":"page","link":"https:\/\/www.tempatech.com\/tr\/test-measurement-systems\/labjack-products\/accessories\/cb15-terminal-board\/","title":{"rendered":"LabJack Aksesuarlar\u0131: CB15 Terminal Board"},"content":{"rendered":"<div class=\"vc_row wpb_row vc_row-fluid\"><div class=\"wpb_column vc_column_container vc_col-sm-6\"><div class=\"vc_column-inner\"><div class=\"wpb_wrapper\"><div class=\"vcex-heading vcex-module wpex-text-2xl wpex-font-normal wpex-m-auto wpex-max-w-100 vcex-heading-graphical wpex-block wpex-text-left vc_custom_1609274875185\" data-wpex-hover=\"{&quot;color&quot;:&quot;#ffffff&quot;}\" style=\"color:#dd3333;\"><span class=\"vcex-heading-inner wpex-inline-block wpex-clr\">CB15 Terminal Board<\/span><\/div>\n\t<div class=\"wpb_text_column wpb_content_element  vc_custom_1609278947808\" >\n\t\t<div class=\"wpb_wrapper\">\n\t\t\t<p>Uyumlu LabJack cihazlar\u0131n\u0131n DB15 konekt\u00f6r\u00fcndeki 12 dijital I \/ O hatt\u0131 i\u00e7in uygun vidal\u0131 terminaller sa\u011flar. Bir tornavida i\u00e7erir. U12 ile uyumlu de\u011fildir.<\/p>\n<p>Daha fazla bilgi i\u00e7in datasheet'e bakabilirsiniz -\u00a0<a href=\"https:\/\/labjack.com\/support\/datasheets\/accessories\/cb15\">the CB15 Datasheet<\/a>.<\/p>\n<div class=\"field-label\"><em><strong>Uyumlu Modeller:<\/strong><\/em><\/div>\n<div class=\"field-items\">\n<div class=\"field-item even\"><a href=\"https:\/\/www.tempatech.com\/tr\/products\/labjack-products\/u3\/\" target=\"_blank\" rel=\"noopener noreferrer\">U3, <\/a><a href=\"https:\/\/www.tempatech.com\/tr\/products\/labjack-products\/t7\/\" target=\"_blank\" rel=\"noopener noreferrer\">T7, <\/a><a href=\"https:\/\/www.tempatech.com\/tr\/products\/labjack-products\/labjack-products-u6\/\" target=\"_blank\" rel=\"noopener noreferrer\">U6, <\/a><a href=\"https:\/\/www.tempatech.com\/tr\/products\/labjack-products\/ue9\/\" target=\"_blank\" rel=\"noopener noreferrer\">UE9, <\/a><a href=\"https:\/\/www.tempatech.com\/tr\/products\/labjack-products\/t4\/\" target=\"_blank\" rel=\"noopener noreferrer\">T4<\/a><\/div>\n<\/div>\n<div class=\"field-items\">\n<div class=\"field-item even\"><\/div>\n<\/div>\n\n\t\t<\/div>\n\t<\/div>\n<\/div><\/div><\/div><div class=\"wpb_column vc_column_container vc_col-sm-6\"><div class=\"vc_column-inner\"><div class=\"wpb_wrapper\"><div class=\"wpex-slider-preloaderimg wpex-relative\"><img loading=\"lazy\" decoding=\"async\" width=\"900\" height=\"675\" src=\"https:\/\/www.tempatech.com\/wp-content\/uploads\/2020\/12\/CB15-Expansion-Board-Attached-to-LabJack-T4-with-LJTick-LVDigitalIO.jpg\" class=\"skip-lazy\" alt=\"\" data-no-lazy=\"1\" srcset=\"https:\/\/www.tempatech.com\/wp-content\/uploads\/2020\/12\/CB15-Expansion-Board-Attached-to-LabJack-T4-with-LJTick-LVDigitalIO.jpg 900w, https:\/\/www.tempatech.com\/wp-content\/uploads\/2020\/12\/CB15-Expansion-Board-Attached-to-LabJack-T4-with-LJTick-LVDigitalIO-300x225.jpg 300w, https:\/\/www.tempatech.com\/wp-content\/uploads\/2020\/12\/CB15-Expansion-Board-Attached-to-LabJack-T4-with-LJTick-LVDigitalIO-768x576.jpg 768w\" sizes=\"(max-width: 900px) 100vw, 900px\" \/><\/div><div class=\"vcex-module wpex-slider slider-pro vcex-image-slider wpex-clr\" data-loop=\"true\" data-auto-play-delay=\"5000\" data-thumbnails=\"true\" data-animation-speed=\"600\" data-height-animation-duration=\"500\" data-thumbnail-height=\"70\" data-thumbnail-width=\"70\"><div class=\"wpex-slider-slides sp-slides\"><div class=\"wpex-slider-slide sp-slide\"><div class=\"wpex-slider-media\"><img loading=\"lazy\" decoding=\"async\" width=\"900\" height=\"675\" src=\"https:\/\/www.tempatech.com\/wp-content\/uploads\/2020\/12\/CB15-Expansion-Board-Attached-to-LabJack-T4-with-LJTick-LVDigitalIO.jpg\" class=\"skip-lazy\" alt=\"\" data-no-lazy=\"1\" srcset=\"https:\/\/www.tempatech.com\/wp-content\/uploads\/2020\/12\/CB15-Expansion-Board-Attached-to-LabJack-T4-with-LJTick-LVDigitalIO.jpg 900w, https:\/\/www.tempatech.com\/wp-content\/uploads\/2020\/12\/CB15-Expansion-Board-Attached-to-LabJack-T4-with-LJTick-LVDigitalIO-300x225.jpg 300w, https:\/\/www.tempatech.com\/wp-content\/uploads\/2020\/12\/CB15-Expansion-Board-Attached-to-LabJack-T4-with-LJTick-LVDigitalIO-768x576.jpg 768w\" sizes=\"(max-width: 900px) 100vw, 900px\" \/><div class=\"wpex-slider-caption sp-layer sp-padding wpex-clr sp-black\"data-position=\"bottomCenter\" data-show-transition=\"up\" data-hide-transition=\"down\" data-width=\"100%\" data-show-delay=\"500\">LJTick-LVDigitalIO ile LabJack T4'e Ba\u011fl\u0131 CB15 Expansion Board<\/div><\/div><\/div><div class=\"wpex-slider-slide sp-slide\"><div class=\"wpex-slider-media\"><img loading=\"lazy\" decoding=\"async\" width=\"900\" height=\"675\" src=\"https:\/\/www.tempatech.com\/wp-content\/uploads\/2020\/12\/CB15-Expansion-Board-with-2x-LJTick-DAC.jpg\" class=\"skip-lazy\" alt=\"\" data-no-lazy=\"1\" srcset=\"https:\/\/www.tempatech.com\/wp-content\/uploads\/2020\/12\/CB15-Expansion-Board-with-2x-LJTick-DAC.jpg 900w, https:\/\/www.tempatech.com\/wp-content\/uploads\/2020\/12\/CB15-Expansion-Board-with-2x-LJTick-DAC-300x225.jpg 300w, https:\/\/www.tempatech.com\/wp-content\/uploads\/2020\/12\/CB15-Expansion-Board-with-2x-LJTick-DAC-768x576.jpg 768w\" sizes=\"(max-width: 900px) 100vw, 900px\" \/><div class=\"wpex-slider-caption sp-layer sp-padding wpex-clr sp-black\"data-position=\"bottomCenter\" data-show-transition=\"up\" data-hide-transition=\"down\" data-width=\"100%\" data-show-delay=\"500\">CB15 Expansion Board ile 2x LJTick-DAC<\/div><\/div><\/div><div class=\"wpex-slider-slide sp-slide\"><div class=\"wpex-slider-media\"><img loading=\"lazy\" decoding=\"async\" width=\"900\" height=\"675\" src=\"https:\/\/www.tempatech.com\/wp-content\/uploads\/2020\/12\/CB15-Expansion-Board-with-LJTick-InAmp-for-Amplification-of-Small-Signals.jpg\" class=\"skip-lazy\" alt=\"\" data-no-lazy=\"1\" srcset=\"https:\/\/www.tempatech.com\/wp-content\/uploads\/2020\/12\/CB15-Expansion-Board-with-LJTick-InAmp-for-Amplification-of-Small-Signals.jpg 900w, https:\/\/www.tempatech.com\/wp-content\/uploads\/2020\/12\/CB15-Expansion-Board-with-LJTick-InAmp-for-Amplification-of-Small-Signals-300x225.jpg 300w, https:\/\/www.tempatech.com\/wp-content\/uploads\/2020\/12\/CB15-Expansion-Board-with-LJTick-InAmp-for-Amplification-of-Small-Signals-768x576.jpg 768w\" sizes=\"(max-width: 900px) 100vw, 900px\" \/><div class=\"wpex-slider-caption sp-layer sp-padding wpex-clr sp-black\"data-position=\"bottomCenter\" data-show-transition=\"up\" data-hide-transition=\"down\" data-width=\"100%\" data-show-delay=\"500\">K\u00fc\u00e7\u00fck Sinyallerin Amplifikasyonu i\u00e7in LJTick-InAmp'li CB15 Expansion Board<\/div><\/div><\/div><div class=\"wpex-slider-slide sp-slide\"><div class=\"wpex-slider-media\"><img loading=\"lazy\" decoding=\"async\" width=\"900\" height=\"675\" src=\"https:\/\/www.tempatech.com\/wp-content\/uploads\/2020\/12\/CB15-Package-Contents.jpg\" class=\"skip-lazy\" alt=\"\" data-no-lazy=\"1\" srcset=\"https:\/\/www.tempatech.com\/wp-content\/uploads\/2020\/12\/CB15-Package-Contents.jpg 900w, https:\/\/www.tempatech.com\/wp-content\/uploads\/2020\/12\/CB15-Package-Contents-300x225.jpg 300w, https:\/\/www.tempatech.com\/wp-content\/uploads\/2020\/12\/CB15-Package-Contents-768x576.jpg 768w\" sizes=\"(max-width: 900px) 100vw, 900px\" \/><div class=\"wpex-slider-caption sp-layer sp-padding wpex-clr sp-black\"data-position=\"bottomCenter\" data-show-transition=\"up\" data-hide-transition=\"down\" data-width=\"100%\" data-show-delay=\"500\">CB15 Paket \u0130\u00e7eri\u011fi<\/div><\/div><\/div><\/div><div class=\"wpex-slider-thumbnails sp-thumbnails\"><img loading=\"lazy\" decoding=\"async\" width=\"900\" height=\"675\" src=\"https:\/\/www.tempatech.com\/wp-content\/uploads\/2020\/12\/CB15-Expansion-Board-Attached-to-LabJack-T4-with-LJTick-LVDigitalIO.jpg\" class=\"wpex-slider-thumbnail sp-thumbnail skip-lazy\" alt=\"\" data-no-lazy=\"1\" srcset=\"https:\/\/www.tempatech.com\/wp-content\/uploads\/2020\/12\/CB15-Expansion-Board-Attached-to-LabJack-T4-with-LJTick-LVDigitalIO.jpg 900w, https:\/\/www.tempatech.com\/wp-content\/uploads\/2020\/12\/CB15-Expansion-Board-Attached-to-LabJack-T4-with-LJTick-LVDigitalIO-300x225.jpg 300w, https:\/\/www.tempatech.com\/wp-content\/uploads\/2020\/12\/CB15-Expansion-Board-Attached-to-LabJack-T4-with-LJTick-LVDigitalIO-768x576.jpg 768w\" sizes=\"(max-width: 900px) 100vw, 900px\" \/><img loading=\"lazy\" decoding=\"async\" width=\"900\" height=\"675\" src=\"https:\/\/www.tempatech.com\/wp-content\/uploads\/2020\/12\/CB15-Expansion-Board-with-2x-LJTick-DAC.jpg\" class=\"wpex-slider-thumbnail sp-thumbnail skip-lazy\" alt=\"\" data-no-lazy=\"1\" srcset=\"https:\/\/www.tempatech.com\/wp-content\/uploads\/2020\/12\/CB15-Expansion-Board-with-2x-LJTick-DAC.jpg 900w, https:\/\/www.tempatech.com\/wp-content\/uploads\/2020\/12\/CB15-Expansion-Board-with-2x-LJTick-DAC-300x225.jpg 300w, https:\/\/www.tempatech.com\/wp-content\/uploads\/2020\/12\/CB15-Expansion-Board-with-2x-LJTick-DAC-768x576.jpg 768w\" sizes=\"(max-width: 900px) 100vw, 900px\" \/><img loading=\"lazy\" decoding=\"async\" width=\"900\" height=\"675\" src=\"https:\/\/www.tempatech.com\/wp-content\/uploads\/2020\/12\/CB15-Expansion-Board-with-LJTick-InAmp-for-Amplification-of-Small-Signals.jpg\" class=\"wpex-slider-thumbnail sp-thumbnail skip-lazy\" alt=\"\" data-no-lazy=\"1\" srcset=\"https:\/\/www.tempatech.com\/wp-content\/uploads\/2020\/12\/CB15-Expansion-Board-with-LJTick-InAmp-for-Amplification-of-Small-Signals.jpg 900w, https:\/\/www.tempatech.com\/wp-content\/uploads\/2020\/12\/CB15-Expansion-Board-with-LJTick-InAmp-for-Amplification-of-Small-Signals-300x225.jpg 300w, https:\/\/www.tempatech.com\/wp-content\/uploads\/2020\/12\/CB15-Expansion-Board-with-LJTick-InAmp-for-Amplification-of-Small-Signals-768x576.jpg 768w\" sizes=\"(max-width: 900px) 100vw, 900px\" \/><img loading=\"lazy\" decoding=\"async\" width=\"900\" height=\"675\" src=\"https:\/\/www.tempatech.com\/wp-content\/uploads\/2020\/12\/CB15-Package-Contents.jpg\" class=\"wpex-slider-thumbnail sp-thumbnail skip-lazy\" alt=\"\" data-no-lazy=\"1\" srcset=\"https:\/\/www.tempatech.com\/wp-content\/uploads\/2020\/12\/CB15-Package-Contents.jpg 900w, https:\/\/www.tempatech.com\/wp-content\/uploads\/2020\/12\/CB15-Package-Contents-300x225.jpg 300w, https:\/\/www.tempatech.com\/wp-content\/uploads\/2020\/12\/CB15-Package-Contents-768x576.jpg 768w\" sizes=\"(max-width: 900px) 100vw, 900px\" \/><\/div><\/div><\/div><\/div><\/div><\/div>","protected":false},"excerpt":{"rendered":"CB15 Terminal Board Provides convenient screw terminals for the 12 digital I\/O lines on the DB15 connector of compatible LabJack devices. Includes a screwdriver. Not compatible with the U12. For more information, see\u00a0the CB15 Datasheet. Compatible Products: U3, T7, U6, UE9, T4 CB15 Expansion Board Attached to LabJack T4 with LJTick-LVDigitalIOCB15 Expansion Board with 2x&hellip;","protected":false},"author":1,"featured_media":0,"parent":479,"menu_order":0,"comment_status":"closed","ping_status":"closed","template":"","meta":{"footnotes":""},"_links":{"self":[{"href":"https:\/\/www.tempatech.com\/tr\/wp-json\/wp\/v2\/pages\/495"}],"collection":[{"href":"https:\/\/www.tempatech.com\/tr\/wp-json\/wp\/v2\/pages"}],"about":[{"href":"https:\/\/www.tempatech.com\/tr\/wp-json\/wp\/v2\/types\/page"}],"author":[{"embeddable":true,"href":"https:\/\/www.tempatech.com\/tr\/wp-json\/wp\/v2\/users\/1"}],"replies":[{"embeddable":true,"href":"https:\/\/www.tempatech.com\/tr\/wp-json\/wp\/v2\/comments?post=495"}],"version-history":[{"count":3,"href":"https:\/\/www.tempatech.com\/tr\/wp-json\/wp\/v2\/pages\/495\/revisions"}],"predecessor-version":[{"id":540,"href":"https:\/\/www.tempatech.com\/tr\/wp-json\/wp\/v2\/pages\/495\/revisions\/540"}],"up":[{"embeddable":true,"href":"https:\/\/www.tempatech.com\/tr\/wp-json\/wp\/v2\/pages\/479"}],"wp:attachment":[{"href":"https:\/\/www.tempatech.com\/tr\/wp-json\/wp\/v2\/media?parent=495"}],"curies":[{"name":"wp","href":"https:\/\/api.w.org\/{rel}","templated":true}]}}