{"id":576,"date":"2020-12-29T22:35:26","date_gmt":"2020-12-29T22:35:26","guid":{"rendered":"https:\/\/www.tempatech.com\/?page_id=576"},"modified":"2020-12-29T22:35:26","modified_gmt":"2020-12-29T22:35:26","slug":"ljtick-outbuff","status":"publish","type":"page","link":"https:\/\/www.tempatech.com\/tr\/test-measurement-systems\/labjack-products\/accessories\/ljtick-outbuff\/","title":{"rendered":"LabJack Aksesuarlar\u0131: LJTick-OutBuff"},"content":{"rendered":"<div class=\"vc_row wpb_row vc_row-fluid\"><div class=\"wpb_column vc_column_container vc_col-sm-6\"><div class=\"vc_column-inner\"><div class=\"wpb_wrapper\"><div class=\"vcex-heading vcex-module wpex-text-2xl wpex-font-normal wpex-m-auto wpex-max-w-100 vcex-heading-graphical wpex-block wpex-text-left vc_custom_1609281244328\" data-wpex-hover=\"{&quot;color&quot;:&quot;#ffffff&quot;}\" style=\"color:#dd3333;\"><span class=\"vcex-heading-inner wpex-inline-block wpex-clr\">LJTick-OutBuff<br \/><\/span><\/div>\n\t<div class=\"wpb_text_column wpb_content_element  vc_custom_1609281259363\" >\n\t\t<div class=\"wpb_wrapper\">\n\t\t\t<p>LabJack cihazlar\u0131nda DAC \u00e7\u0131k\u0131\u015flar\u0131n\u0131n \u00e7\u0131k\u0131\u015f ak\u0131m\u0131n\u0131 art\u0131r\u0131r. Ayr\u0131ca, 3.3V dijital I\/O hatt\u0131na ba\u011fland\u0131\u011f\u0131nda, anahtarlanm\u0131\u015f 3.3V i\u00e7in de kullan\u0131labilir. LabJack cihazlar\u0131, DAC0 ve DAC1 analog \u00e7\u0131k\u0131\u015flar\u0131nda yakla\u015f\u0131k 15mA'den fazla \u00e7\u0131kt\u0131 veremez, bu nedenle bu eklenti, bu \u00f6zelli\u011fi art\u0131rmak isteyen kullan\u0131c\u0131lar i\u00e7in \u00e7ok yararl\u0131d\u0131r. Yayg\u0131n bir uygulama, d\u00fc\u015f\u00fck voltajl\u0131 bir DC motorun h\u0131z\u0131n\u0131 kontrol etmektir.<\/p>\n<ul>\n<li>200mA\u2019a kadar g\u00fc\u00e7 sa\u011flar<\/li>\n<li>0-5V \u00e7\u0131k\u0131\u015f aral\u0131\u011f\u0131 *<\/li>\n<\/ul>\n<p>*Max, nominal olarak 5V olan USB besleme voltaj\u0131na ba\u011fl\u0131d\u0131r.<\/p>\n<p>Daha fazla bilgi i\u00e7in\u00a0<a href=\"https:\/\/labjack.com\/support\/datasheets\/accessories\/ljtick-outbuff\">LJTick-OutBuff datasheet<\/a>\u00a0b\u00f6l\u00fcm\u00fcne bakabilirsiniz.<\/p>\n<div class=\"field-label\"><em><strong>Uyumlu Modeller:<\/strong><\/em><\/div>\n<div class=\"field-items\">\n<div class=\"field-item even\"><a href=\"https:\/\/www.tempatech.com\/tr\/products\/labjack-products\/u3\/\" target=\"_blank\" rel=\"noopener noreferrer\">U3, <\/a><a href=\"https:\/\/www.tempatech.com\/tr\/products\/labjack-products\/t7\/\" target=\"_blank\" rel=\"noopener noreferrer\">T7, <\/a><a href=\"https:\/\/www.tempatech.com\/tr\/products\/labjack-products\/labjack-products-u6\/\" target=\"_blank\" rel=\"noopener noreferrer\">U6, <\/a><a href=\"https:\/\/www.tempatech.com\/tr\/products\/labjack-products\/ue9\/\" target=\"_blank\" rel=\"noopener noreferrer\">UE9, <\/a><a href=\"https:\/\/www.tempatech.com\/tr\/products\/labjack-products\/t4\/\" target=\"_blank\" rel=\"noopener noreferrer\">T4<\/a><\/div>\n<\/div>\n\n\t\t<\/div>\n\t<\/div>\n<\/div><\/div><\/div><div class=\"wpb_column vc_column_container vc_col-sm-6\"><div class=\"vc_column-inner\"><div class=\"wpb_wrapper\"><div class=\"wpex-slider-preloaderimg wpex-relative\"><img loading=\"lazy\" decoding=\"async\" width=\"900\" height=\"676\" src=\"https:\/\/www.tempatech.com\/wp-content\/uploads\/2020\/12\/LJTick-OutBuff.jpg\" class=\"skip-lazy\" alt=\"\" data-no-lazy=\"1\" srcset=\"https:\/\/www.tempatech.com\/wp-content\/uploads\/2020\/12\/LJTick-OutBuff.jpg 900w, https:\/\/www.tempatech.com\/wp-content\/uploads\/2020\/12\/LJTick-OutBuff-300x225.jpg 300w, https:\/\/www.tempatech.com\/wp-content\/uploads\/2020\/12\/LJTick-OutBuff-768x577.jpg 768w\" sizes=\"(max-width: 900px) 100vw, 900px\" \/><\/div><div class=\"vcex-module wpex-slider slider-pro vcex-image-slider wpex-clr\" data-loop=\"true\" data-auto-play-delay=\"5000\" data-thumbnails=\"true\" data-animation-speed=\"600\" data-height-animation-duration=\"500\" data-thumbnail-height=\"70\" data-thumbnail-width=\"70\"><div class=\"wpex-slider-slides sp-slides\"><div class=\"wpex-slider-slide sp-slide\"><div class=\"wpex-slider-media\"><img loading=\"lazy\" decoding=\"async\" width=\"900\" height=\"676\" src=\"https:\/\/www.tempatech.com\/wp-content\/uploads\/2020\/12\/LJTick-OutBuff.jpg\" class=\"skip-lazy\" alt=\"\" data-no-lazy=\"1\" srcset=\"https:\/\/www.tempatech.com\/wp-content\/uploads\/2020\/12\/LJTick-OutBuff.jpg 900w, https:\/\/www.tempatech.com\/wp-content\/uploads\/2020\/12\/LJTick-OutBuff-300x225.jpg 300w, https:\/\/www.tempatech.com\/wp-content\/uploads\/2020\/12\/LJTick-OutBuff-768x577.jpg 768w\" sizes=\"(max-width: 900px) 100vw, 900px\" \/><div class=\"wpex-slider-caption sp-layer sp-padding wpex-clr sp-black\"data-position=\"bottomCenter\" data-show-transition=\"up\" data-hide-transition=\"down\" data-width=\"100%\" data-show-delay=\"500\">LJTick-OutBuff<\/div><\/div><\/div><div class=\"wpex-slider-slide sp-slide\"><div class=\"wpex-slider-media\"><img loading=\"lazy\" decoding=\"async\" width=\"900\" height=\"675\" src=\"https:\/\/www.tempatech.com\/wp-content\/uploads\/2020\/12\/U3-LV-and-LJTick-OutBuff.jpg\" class=\"skip-lazy\" alt=\"\" data-no-lazy=\"1\" srcset=\"https:\/\/www.tempatech.com\/wp-content\/uploads\/2020\/12\/U3-LV-and-LJTick-OutBuff.jpg 900w, https:\/\/www.tempatech.com\/wp-content\/uploads\/2020\/12\/U3-LV-and-LJTick-OutBuff-300x225.jpg 300w, https:\/\/www.tempatech.com\/wp-content\/uploads\/2020\/12\/U3-LV-and-LJTick-OutBuff-768x576.jpg 768w\" sizes=\"(max-width: 900px) 100vw, 900px\" \/><div class=\"wpex-slider-caption sp-layer sp-padding wpex-clr sp-black\"data-position=\"bottomCenter\" data-show-transition=\"up\" data-hide-transition=\"down\" data-width=\"100%\" data-show-delay=\"500\">U3-LV ve LJTick-OutBuff<\/div><\/div><\/div><\/div><div class=\"wpex-slider-thumbnails sp-thumbnails\"><img loading=\"lazy\" decoding=\"async\" width=\"900\" height=\"676\" src=\"https:\/\/www.tempatech.com\/wp-content\/uploads\/2020\/12\/LJTick-OutBuff.jpg\" class=\"wpex-slider-thumbnail sp-thumbnail skip-lazy\" alt=\"\" data-no-lazy=\"1\" srcset=\"https:\/\/www.tempatech.com\/wp-content\/uploads\/2020\/12\/LJTick-OutBuff.jpg 900w, https:\/\/www.tempatech.com\/wp-content\/uploads\/2020\/12\/LJTick-OutBuff-300x225.jpg 300w, https:\/\/www.tempatech.com\/wp-content\/uploads\/2020\/12\/LJTick-OutBuff-768x577.jpg 768w\" sizes=\"(max-width: 900px) 100vw, 900px\" \/><img loading=\"lazy\" decoding=\"async\" width=\"900\" height=\"675\" src=\"https:\/\/www.tempatech.com\/wp-content\/uploads\/2020\/12\/U3-LV-and-LJTick-OutBuff.jpg\" class=\"wpex-slider-thumbnail sp-thumbnail skip-lazy\" alt=\"\" data-no-lazy=\"1\" srcset=\"https:\/\/www.tempatech.com\/wp-content\/uploads\/2020\/12\/U3-LV-and-LJTick-OutBuff.jpg 900w, https:\/\/www.tempatech.com\/wp-content\/uploads\/2020\/12\/U3-LV-and-LJTick-OutBuff-300x225.jpg 300w, https:\/\/www.tempatech.com\/wp-content\/uploads\/2020\/12\/U3-LV-and-LJTick-OutBuff-768x576.jpg 768w\" sizes=\"(max-width: 900px) 100vw, 900px\" \/><\/div><\/div><\/div><\/div><\/div><\/div>","protected":false},"excerpt":{"rendered":"LJTick-OutBuff Increases the output current of the DAC outputs on LabJack devices. Can also be used for switched 3.3V when attached to a 3.3V digital I\/O line. LabJack devices cannot output more than about 15mA on their DAC0 and DAC1 analog outputs, so this accessory is very helpful for users who want to increase that&hellip;","protected":false},"author":1,"featured_media":0,"parent":479,"menu_order":0,"comment_status":"closed","ping_status":"closed","template":"","meta":{"footnotes":""},"_links":{"self":[{"href":"https:\/\/www.tempatech.com\/tr\/wp-json\/wp\/v2\/pages\/576"}],"collection":[{"href":"https:\/\/www.tempatech.com\/tr\/wp-json\/wp\/v2\/pages"}],"about":[{"href":"https:\/\/www.tempatech.com\/tr\/wp-json\/wp\/v2\/types\/page"}],"author":[{"embeddable":true,"href":"https:\/\/www.tempatech.com\/tr\/wp-json\/wp\/v2\/users\/1"}],"replies":[{"embeddable":true,"href":"https:\/\/www.tempatech.com\/tr\/wp-json\/wp\/v2\/comments?post=576"}],"version-history":[{"count":2,"href":"https:\/\/www.tempatech.com\/tr\/wp-json\/wp\/v2\/pages\/576\/revisions"}],"predecessor-version":[{"id":605,"href":"https:\/\/www.tempatech.com\/tr\/wp-json\/wp\/v2\/pages\/576\/revisions\/605"}],"up":[{"embeddable":true,"href":"https:\/\/www.tempatech.com\/tr\/wp-json\/wp\/v2\/pages\/479"}],"wp:attachment":[{"href":"https:\/\/www.tempatech.com\/tr\/wp-json\/wp\/v2\/media?parent=576"}],"curies":[{"name":"wp","href":"https:\/\/api.w.org\/{rel}","templated":true}]}}