{"id":598,"date":"2020-12-29T22:43:02","date_gmt":"2020-12-29T22:43:02","guid":{"rendered":"https:\/\/www.tempatech.com\/?page_id=598"},"modified":"2020-12-29T22:43:02","modified_gmt":"2020-12-29T22:43:02","slug":"ljtick-relaydriver","status":"publish","type":"page","link":"https:\/\/www.tempatech.com\/tr\/test-measurement-systems\/labjack-products\/accessories\/ljtick-relaydriver\/","title":{"rendered":"LabJack Aksesuarlar\u0131: LJTick-RelayDriver"},"content":{"rendered":"<div class=\"vc_row wpb_row vc_row-fluid\"><div class=\"wpb_column vc_column_container vc_col-sm-6\"><div class=\"vc_column-inner\"><div class=\"wpb_wrapper\"><div class=\"vcex-heading vcex-module wpex-text-2xl wpex-font-normal wpex-m-auto wpex-max-w-100 vcex-heading-graphical wpex-block wpex-text-left vc_custom_1609281671364\" data-wpex-hover=\"{&quot;color&quot;:&quot;#ffffff&quot;}\" style=\"color:#dd3333;\"><span class=\"vcex-heading-inner wpex-inline-block wpex-clr\">LJTick-RelayDriver<br \/><\/span><\/div>\n\t<div class=\"wpb_text_column wpb_content_element  vc_custom_1609281684352\" >\n\t\t<div class=\"wpb_wrapper\">\n\t\t\t<p>Her birinin bir r\u00f6leyi veya di\u011fer orta dereceli y\u00fck\u00fc kontrol etmesi i\u00e7in 2 dijital I\/O hatt\u0131 sa\u011flar. 4 pinli tasar\u0131m, U3, U6, UE9, T7 ve T4 gibi LabJacklerde bulunan standart DIO \/ DIO \/ GND \/ VS vidal\u0131 terminal blo\u011funa tak\u0131l\u0131r. Her DIO, 50 volta kadar tutabilen ve 200 mA'ya kadar azalabilen bir topra\u011fa anahtar\u0131 (yani a\u00e7\u0131k kollekt\u00f6r) kontrol eder.<\/p>\n<ul>\n<li>LabJack VS terminalini (5V) y\u00fck\u00fcn (+) ucuna ba\u011flay\u0131n.<\/li>\n<li>RelayDriver, y\u00fck\u00fcn d\u00fc\u015f\u00fck  taraf\u0131na (-) ba\u011flan\u0131r.<\/li>\n<\/ul>\n<p>Daha fazla bilgi i\u00e7in datasheet'e bakabilirsiniz -\u00a0<a href=\"https:\/\/labjack.com\/support\/datasheets\/accessories\/ljtick-relaydriver\">the LJTick-RelayDriver Datasheet<\/a>.<\/p>\n<div class=\"field-label\"><em><strong>Uyumlu Modeller:<\/strong><\/em><\/div>\n<div class=\"field-items\">\n<div class=\"field-item even\"><a href=\"https:\/\/www.tempatech.com\/tr\/products\/labjack-products\/u3\/\" target=\"_blank\" rel=\"noopener noreferrer\">U3, <\/a><a href=\"https:\/\/www.tempatech.com\/tr\/products\/labjack-products\/t7\/\" target=\"_blank\" rel=\"noopener noreferrer\">T7, <\/a><a href=\"https:\/\/www.tempatech.com\/tr\/products\/labjack-products\/labjack-products-u6\/\" target=\"_blank\" rel=\"noopener noreferrer\">U6, <\/a><a href=\"https:\/\/www.tempatech.com\/tr\/products\/labjack-products\/ue9\/\" target=\"_blank\" rel=\"noopener noreferrer\">UE9, <\/a><a href=\"https:\/\/www.tempatech.com\/tr\/products\/labjack-products\/t4\/\" target=\"_blank\" rel=\"noopener noreferrer\">T4<\/a><\/div>\n<\/div>\n\n\t\t<\/div>\n\t<\/div>\n<\/div><\/div><\/div><div class=\"wpb_column vc_column_container vc_col-sm-6\"><div class=\"vc_column-inner\"><div class=\"wpb_wrapper\"><div class=\"wpex-slider-preloaderimg wpex-relative\"><img loading=\"lazy\" decoding=\"async\" width=\"600\" height=\"474\" src=\"https:\/\/www.tempatech.com\/wp-content\/uploads\/2020\/12\/LabJack-LJTick-RelayDriver.jpg\" class=\"skip-lazy\" alt=\"\" data-no-lazy=\"1\" srcset=\"https:\/\/www.tempatech.com\/wp-content\/uploads\/2020\/12\/LabJack-LJTick-RelayDriver.jpg 600w, https:\/\/www.tempatech.com\/wp-content\/uploads\/2020\/12\/LabJack-LJTick-RelayDriver-300x237.jpg 300w\" sizes=\"(max-width: 600px) 100vw, 600px\" \/><\/div><div class=\"vcex-module wpex-slider slider-pro vcex-image-slider wpex-clr\" data-loop=\"true\" data-auto-play-delay=\"5000\" data-thumbnails=\"true\" data-animation-speed=\"600\" data-height-animation-duration=\"500\" data-thumbnail-height=\"70\" data-thumbnail-width=\"70\"><div class=\"wpex-slider-slides sp-slides\"><div class=\"wpex-slider-slide sp-slide\"><div class=\"wpex-slider-media\"><img loading=\"lazy\" decoding=\"async\" width=\"600\" height=\"474\" src=\"https:\/\/www.tempatech.com\/wp-content\/uploads\/2020\/12\/LabJack-LJTick-RelayDriver.jpg\" class=\"skip-lazy\" alt=\"\" data-no-lazy=\"1\" srcset=\"https:\/\/www.tempatech.com\/wp-content\/uploads\/2020\/12\/LabJack-LJTick-RelayDriver.jpg 600w, https:\/\/www.tempatech.com\/wp-content\/uploads\/2020\/12\/LabJack-LJTick-RelayDriver-300x237.jpg 300w\" sizes=\"(max-width: 600px) 100vw, 600px\" \/><div class=\"wpex-slider-caption sp-layer sp-padding wpex-clr sp-black\"data-position=\"bottomCenter\" data-show-transition=\"up\" data-hide-transition=\"down\" data-width=\"100%\" data-show-delay=\"500\">LabJack LJTick-RelayDriver<\/div><\/div><\/div><div class=\"wpex-slider-slide sp-slide\"><div class=\"wpex-slider-media\"><img loading=\"lazy\" decoding=\"async\" width=\"600\" height=\"470\" src=\"https:\/\/www.tempatech.com\/wp-content\/uploads\/2020\/12\/LabJack-LJTick-RelayDriver-2.jpg\" class=\"skip-lazy\" alt=\"\" data-no-lazy=\"1\" srcset=\"https:\/\/www.tempatech.com\/wp-content\/uploads\/2020\/12\/LabJack-LJTick-RelayDriver-2.jpg 600w, https:\/\/www.tempatech.com\/wp-content\/uploads\/2020\/12\/LabJack-LJTick-RelayDriver-2-300x235.jpg 300w\" sizes=\"(max-width: 600px) 100vw, 600px\" \/><div class=\"wpex-slider-caption sp-layer sp-padding wpex-clr sp-black\"data-position=\"bottomCenter\" data-show-transition=\"up\" data-hide-transition=\"down\" data-width=\"100%\" data-show-delay=\"500\">LabJack LJTick-RelayDriver 2<\/div><\/div><\/div><div class=\"wpex-slider-slide sp-slide\"><div class=\"wpex-slider-media\"><img loading=\"lazy\" decoding=\"async\" width=\"2560\" height=\"1920\" src=\"https:\/\/www.tempatech.com\/wp-content\/uploads\/2020\/12\/LabJack-LJTick-RelayDriver-With-U3-LV-scaled.jpg\" class=\"skip-lazy\" alt=\"\" data-no-lazy=\"1\" srcset=\"https:\/\/www.tempatech.com\/wp-content\/uploads\/2020\/12\/LabJack-LJTick-RelayDriver-With-U3-LV-scaled.jpg 2560w, https:\/\/www.tempatech.com\/wp-content\/uploads\/2020\/12\/LabJack-LJTick-RelayDriver-With-U3-LV-300x225.jpg 300w, https:\/\/www.tempatech.com\/wp-content\/uploads\/2020\/12\/LabJack-LJTick-RelayDriver-With-U3-LV-1024x768.jpg 1024w, https:\/\/www.tempatech.com\/wp-content\/uploads\/2020\/12\/LabJack-LJTick-RelayDriver-With-U3-LV-768x576.jpg 768w, https:\/\/www.tempatech.com\/wp-content\/uploads\/2020\/12\/LabJack-LJTick-RelayDriver-With-U3-LV-1536x1152.jpg 1536w, https:\/\/www.tempatech.com\/wp-content\/uploads\/2020\/12\/LabJack-LJTick-RelayDriver-With-U3-LV-2048x1536.jpg 2048w\" sizes=\"(max-width: 2560px) 100vw, 2560px\" \/><div class=\"wpex-slider-caption sp-layer sp-padding wpex-clr sp-black\"data-position=\"bottomCenter\" data-show-transition=\"up\" data-hide-transition=\"down\" data-width=\"100%\" data-show-delay=\"500\">LabJack LJTick-RelayDriver ve U3-LV<\/div><\/div><\/div><\/div><div class=\"wpex-slider-thumbnails sp-thumbnails\"><img loading=\"lazy\" decoding=\"async\" width=\"600\" height=\"474\" src=\"https:\/\/www.tempatech.com\/wp-content\/uploads\/2020\/12\/LabJack-LJTick-RelayDriver.jpg\" class=\"wpex-slider-thumbnail sp-thumbnail skip-lazy\" alt=\"\" data-no-lazy=\"1\" srcset=\"https:\/\/www.tempatech.com\/wp-content\/uploads\/2020\/12\/LabJack-LJTick-RelayDriver.jpg 600w, https:\/\/www.tempatech.com\/wp-content\/uploads\/2020\/12\/LabJack-LJTick-RelayDriver-300x237.jpg 300w\" sizes=\"(max-width: 600px) 100vw, 600px\" \/><img loading=\"lazy\" decoding=\"async\" width=\"600\" height=\"470\" src=\"https:\/\/www.tempatech.com\/wp-content\/uploads\/2020\/12\/LabJack-LJTick-RelayDriver-2.jpg\" class=\"wpex-slider-thumbnail sp-thumbnail skip-lazy\" alt=\"\" data-no-lazy=\"1\" srcset=\"https:\/\/www.tempatech.com\/wp-content\/uploads\/2020\/12\/LabJack-LJTick-RelayDriver-2.jpg 600w, https:\/\/www.tempatech.com\/wp-content\/uploads\/2020\/12\/LabJack-LJTick-RelayDriver-2-300x235.jpg 300w\" sizes=\"(max-width: 600px) 100vw, 600px\" \/><img loading=\"lazy\" decoding=\"async\" width=\"2560\" height=\"1920\" src=\"https:\/\/www.tempatech.com\/wp-content\/uploads\/2020\/12\/LabJack-LJTick-RelayDriver-With-U3-LV-scaled.jpg\" class=\"wpex-slider-thumbnail sp-thumbnail skip-lazy\" alt=\"\" data-no-lazy=\"1\" srcset=\"https:\/\/www.tempatech.com\/wp-content\/uploads\/2020\/12\/LabJack-LJTick-RelayDriver-With-U3-LV-scaled.jpg 2560w, https:\/\/www.tempatech.com\/wp-content\/uploads\/2020\/12\/LabJack-LJTick-RelayDriver-With-U3-LV-300x225.jpg 300w, https:\/\/www.tempatech.com\/wp-content\/uploads\/2020\/12\/LabJack-LJTick-RelayDriver-With-U3-LV-1024x768.jpg 1024w, https:\/\/www.tempatech.com\/wp-content\/uploads\/2020\/12\/LabJack-LJTick-RelayDriver-With-U3-LV-768x576.jpg 768w, https:\/\/www.tempatech.com\/wp-content\/uploads\/2020\/12\/LabJack-LJTick-RelayDriver-With-U3-LV-1536x1152.jpg 1536w, https:\/\/www.tempatech.com\/wp-content\/uploads\/2020\/12\/LabJack-LJTick-RelayDriver-With-U3-LV-2048x1536.jpg 2048w\" sizes=\"(max-width: 2560px) 100vw, 2560px\" \/><\/div><\/div><\/div><\/div><\/div><\/div>","protected":false},"excerpt":{"rendered":"LJTick-RelayDriver Allows 2 digital I\/O lines to each control a relay or other moderate load. The 4-pin design plugs into the standard DIO\/DIO\/GND\/VS screw terminal block found on LabJacks such as the U3, U6, UE9, T7, and T4. Each DIO controls a switch to ground (i.e. open-collector) that can hold off up to 50 volts&hellip;","protected":false},"author":1,"featured_media":0,"parent":479,"menu_order":0,"comment_status":"closed","ping_status":"closed","template":"","meta":{"footnotes":""},"_links":{"self":[{"href":"https:\/\/www.tempatech.com\/tr\/wp-json\/wp\/v2\/pages\/598"}],"collection":[{"href":"https:\/\/www.tempatech.com\/tr\/wp-json\/wp\/v2\/pages"}],"about":[{"href":"https:\/\/www.tempatech.com\/tr\/wp-json\/wp\/v2\/types\/page"}],"author":[{"embeddable":true,"href":"https:\/\/www.tempatech.com\/tr\/wp-json\/wp\/v2\/users\/1"}],"replies":[{"embeddable":true,"href":"https:\/\/www.tempatech.com\/tr\/wp-json\/wp\/v2\/comments?post=598"}],"version-history":[{"count":2,"href":"https:\/\/www.tempatech.com\/tr\/wp-json\/wp\/v2\/pages\/598\/revisions"}],"predecessor-version":[{"id":620,"href":"https:\/\/www.tempatech.com\/tr\/wp-json\/wp\/v2\/pages\/598\/revisions\/620"}],"up":[{"embeddable":true,"href":"https:\/\/www.tempatech.com\/tr\/wp-json\/wp\/v2\/pages\/479"}],"wp:attachment":[{"href":"https:\/\/www.tempatech.com\/tr\/wp-json\/wp\/v2\/media?parent=598"}],"curies":[{"name":"wp","href":"https:\/\/api.w.org\/{rel}","templated":true}]}}