{"id":599,"date":"2020-12-29T22:45:49","date_gmt":"2020-12-29T22:45:49","guid":{"rendered":"https:\/\/www.tempatech.com\/?page_id=599"},"modified":"2020-12-29T22:45:49","modified_gmt":"2020-12-29T22:45:49","slug":"ljtick-proto","status":"publish","type":"page","link":"https:\/\/www.tempatech.com\/tr\/test-measurement-systems\/labjack-products\/accessories\/ljtick-proto\/","title":{"rendered":"LabJack Aksesuarlar\u0131: LJTick-Proto"},"content":{"rendered":"<div class=\"vc_row wpb_row vc_row-fluid\"><div class=\"wpb_column vc_column_container vc_col-sm-6\"><div class=\"vc_column-inner\"><div class=\"wpb_wrapper\"><div class=\"vcex-heading vcex-module wpex-text-2xl wpex-font-normal wpex-m-auto wpex-max-w-100 vcex-heading-graphical wpex-block wpex-text-left vc_custom_1609281819164\" data-wpex-hover=\"{&quot;color&quot;:&quot;#ffffff&quot;}\" style=\"color:#dd3333;\"><span class=\"vcex-heading-inner wpex-inline-block wpex-clr\">LJTick-Proto<br \/><\/span><\/div>\n\t<div class=\"wpb_text_column wpb_content_element  vc_custom_1609281835924\" >\n\t\t<div class=\"wpb_wrapper\">\n\t\t\t<p>LJTick-Proto (LJTP), \u00f6zel sinyal ko\u015fulland\u0131rma mod\u00fclleri  prototipini olu\u015fturmak i\u00e7in 8x8 delik gridinden olu\u015fur. 4 pinli tasar\u0131m, U3, U6, UE9, T7 ve T4 gibi LabJacklerde bulunan standart AIN \/ AIN \/ GND \/ VS vidal\u0131 terminal blo\u011funa tak\u0131l\u0131r. 3 serbest par\u00e7a i\u00e7erir: PCB, 4 konumlu bir vidal\u0131 terminal ve bir dik<\/p>\n<p>Daha fazla bilgi i\u00e7in datasheet'e bakabilirsiniz -\u00a0<a href=\"https:\/\/labjack.com\/support\/datasheets\/accessories\/ljtick-proto\">the LJTick-Proto Datasheet<\/a>.<\/p>\n<div class=\"field-label\"><em><strong>Uyumlu Modeller:<\/strong><\/em><\/div>\n<div class=\"field-items\">\n<div class=\"field-item even\"><a href=\"https:\/\/www.tempatech.com\/tr\/products\/labjack-products\/u3\/\" target=\"_blank\" rel=\"noopener noreferrer\">U3, <\/a><a href=\"https:\/\/www.tempatech.com\/tr\/products\/labjack-products\/t7\/\" target=\"_blank\" rel=\"noopener noreferrer\">T7, <\/a><a href=\"https:\/\/www.tempatech.com\/tr\/products\/labjack-products\/labjack-products-u6\/\" target=\"_blank\" rel=\"noopener noreferrer\">U6, <\/a><a href=\"https:\/\/www.tempatech.com\/tr\/products\/labjack-products\/ue9\/\" target=\"_blank\" rel=\"noopener noreferrer\">UE9, <\/a><a href=\"https:\/\/www.tempatech.com\/tr\/products\/labjack-products\/t4\/\" target=\"_blank\" rel=\"noopener noreferrer\">T4<\/a><\/div>\n<\/div>\n\n\t\t<\/div>\n\t<\/div>\n<\/div><\/div><\/div><div class=\"wpb_column vc_column_container vc_col-sm-6\"><div class=\"vc_column-inner\"><div class=\"wpb_wrapper\"><div class=\"wpex-slider-preloaderimg wpex-relative\"><img loading=\"lazy\" decoding=\"async\" width=\"200\" height=\"169\" src=\"https:\/\/www.tempatech.com\/wp-content\/uploads\/2020\/12\/LabJack-LJTick-Proto.jpg\" class=\"skip-lazy\" alt=\"\" data-no-lazy=\"1\" \/><\/div><div class=\"vcex-module wpex-slider slider-pro vcex-image-slider wpex-clr\" data-loop=\"true\" data-auto-play-delay=\"5000\" data-thumbnails=\"true\" data-animation-speed=\"600\" data-height-animation-duration=\"500\" data-thumbnail-height=\"70\" data-thumbnail-width=\"70\"><div class=\"wpex-slider-slides sp-slides\"><div class=\"wpex-slider-slide sp-slide\"><div class=\"wpex-slider-media\"><img loading=\"lazy\" decoding=\"async\" width=\"200\" height=\"169\" src=\"https:\/\/www.tempatech.com\/wp-content\/uploads\/2020\/12\/LabJack-LJTick-Proto.jpg\" class=\"skip-lazy\" alt=\"\" data-no-lazy=\"1\" \/><div class=\"wpex-slider-caption sp-layer sp-padding wpex-clr sp-black\"data-position=\"bottomCenter\" data-show-transition=\"up\" data-hide-transition=\"down\" data-width=\"100%\" data-show-delay=\"500\">LabJack LJTick-Proto<\/div><\/div><\/div><\/div><div class=\"wpex-slider-thumbnails sp-thumbnails\"><img loading=\"lazy\" decoding=\"async\" width=\"200\" height=\"169\" src=\"https:\/\/www.tempatech.com\/wp-content\/uploads\/2020\/12\/LabJack-LJTick-Proto.jpg\" class=\"wpex-slider-thumbnail sp-thumbnail skip-lazy\" alt=\"\" data-no-lazy=\"1\" \/><\/div><\/div><\/div><\/div><\/div><\/div>","protected":false},"excerpt":{"rendered":"LJTick-Proto The LJTick-Proto (LJTP) consists of an 8x8 grid of holes for prototyping custom signal-conditioning ticks. The 4-pin design plugs into the standard AIN\/AIN\/GND\/VS screw terminal block found on LabJacks such as the U3, U6, UE9, T7, and T4. Includes 3 loose pieces: the PCB, a 4-position screw terminal, and a right-angle pin header. For&hellip;","protected":false},"author":1,"featured_media":0,"parent":479,"menu_order":0,"comment_status":"closed","ping_status":"closed","template":"","meta":{"footnotes":""},"_links":{"self":[{"href":"https:\/\/www.tempatech.com\/tr\/wp-json\/wp\/v2\/pages\/599"}],"collection":[{"href":"https:\/\/www.tempatech.com\/tr\/wp-json\/wp\/v2\/pages"}],"about":[{"href":"https:\/\/www.tempatech.com\/tr\/wp-json\/wp\/v2\/types\/page"}],"author":[{"embeddable":true,"href":"https:\/\/www.tempatech.com\/tr\/wp-json\/wp\/v2\/users\/1"}],"replies":[{"embeddable":true,"href":"https:\/\/www.tempatech.com\/tr\/wp-json\/wp\/v2\/comments?post=599"}],"version-history":[{"count":2,"href":"https:\/\/www.tempatech.com\/tr\/wp-json\/wp\/v2\/pages\/599\/revisions"}],"predecessor-version":[{"id":623,"href":"https:\/\/www.tempatech.com\/tr\/wp-json\/wp\/v2\/pages\/599\/revisions\/623"}],"up":[{"embeddable":true,"href":"https:\/\/www.tempatech.com\/tr\/wp-json\/wp\/v2\/pages\/479"}],"wp:attachment":[{"href":"https:\/\/www.tempatech.com\/tr\/wp-json\/wp\/v2\/media?parent=599"}],"curies":[{"name":"wp","href":"https:\/\/api.w.org\/{rel}","templated":true}]}}