{"id":600,"date":"2020-12-29T23:06:50","date_gmt":"2020-12-29T23:06:50","guid":{"rendered":"https:\/\/www.tempatech.com\/?page_id=600"},"modified":"2020-12-29T23:06:50","modified_gmt":"2020-12-29T23:06:50","slug":"ljtick-inamp","status":"publish","type":"page","link":"https:\/\/www.tempatech.com\/tr\/test-measurement-systems\/labjack-products\/accessories\/ljtick-inamp\/","title":{"rendered":"LabJack Aksesuarlar\u0131: LJTick-InAmp"},"content":{"rendered":"<div class=\"vc_row wpb_row vc_row-fluid\"><div class=\"wpb_column vc_column_container vc_col-sm-6\"><div class=\"vc_column-inner\"><div class=\"wpb_wrapper\"><div class=\"vcex-heading vcex-module wpex-text-2xl wpex-font-normal wpex-m-auto wpex-max-w-100 vcex-heading-graphical wpex-block wpex-text-left vc_custom_1609283071300\" data-wpex-hover=\"{&quot;color&quot;:&quot;#ffffff&quot;}\" style=\"color:#dd3333;\"><span class=\"vcex-heading-inner wpex-inline-block wpex-clr\">LJTick-InAmp<br \/><\/span><\/div>\n\t<div class=\"wpb_text_column wpb_content_element  vc_custom_1609283092783\" >\n\t\t<div class=\"wpb_wrapper\">\n\t\t\t<p>Sinyal ko\u015fulland\u0131rma mod\u00fcl\u00fc, k\u00f6pr\u00fc devreleri (\u00f6r. Gerinim \u00f6l\u00e7erler) ve termokupllar gibi d\u00fc\u015f\u00fck seviyeli sinyaller i\u00e7in ideal olan iki enstr\u00fcmantasyon amplifikat\u00f6r\u00fc sa\u011flar. Her amplifikat\u00f6r bir diferansiyel giri\u015fi tek u\u00e7luya d\u00f6n\u00fc\u015ft\u00fcr\u00fcr. LJTIA, 5 y\u00fcksletme ayar\u0131 (x1, x11, x51, x201 veya \u00f6zel) ve iki \u00e7\u0131k\u0131\u015f voltaj\u0131 ofseti aras\u0131ndan se\u00e7im yapmak i\u00e7in anahtarlara sahiptir. 4 pinli tasar\u0131m, U3, U6, UE9, T7 ve T4 gibi LabJacklerde bulunan standart AIN \/ AIN \/ GND \/ VS vidal\u0131 terminal blo\u011funa tak\u0131l\u0131r.<\/p>\n<p>\u2022\u00a0<a href=\"https:\/\/labjack.com\/support\/datasheets\/accessories\/ljtick-inamp\">Daha fazla bilgi i\u00e7in LJTIA datasheet\u2019e bakabilirsiniz.<\/a>\u00a0has more information.<\/p>\n<div class=\"field-label\"><em><strong>Uyumlu Modeller:<\/strong><\/em><\/div>\n<div class=\"field-items\">\n<div class=\"field-item even\"><a href=\"https:\/\/www.tempatech.com\/tr\/products\/labjack-products\/u3\/\" target=\"_blank\" rel=\"noopener noreferrer\">U3, <\/a><a href=\"https:\/\/www.tempatech.com\/tr\/products\/labjack-products\/t7\/\" target=\"_blank\" rel=\"noopener noreferrer\">T7, <\/a><a href=\"https:\/\/www.tempatech.com\/tr\/products\/labjack-products\/labjack-products-u6\/\" target=\"_blank\" rel=\"noopener noreferrer\">U6, <\/a><a href=\"https:\/\/www.tempatech.com\/tr\/products\/labjack-products\/ue9\/\" target=\"_blank\" rel=\"noopener noreferrer\">UE9, <\/a><a href=\"https:\/\/www.tempatech.com\/tr\/products\/labjack-products\/t4\/\" target=\"_blank\" rel=\"noopener noreferrer\">T4<\/a><\/div>\n<\/div>\n\n\t\t<\/div>\n\t<\/div>\n<\/div><\/div><\/div><div class=\"wpb_column vc_column_container vc_col-sm-6\"><div class=\"vc_column-inner\"><div class=\"wpb_wrapper\"><div class=\"wpex-slider-preloaderimg wpex-relative\"><img loading=\"lazy\" decoding=\"async\" width=\"900\" height=\"676\" src=\"https:\/\/www.tempatech.com\/wp-content\/uploads\/2020\/12\/LabJack-LJTick-InAmp.jpg\" class=\"skip-lazy\" alt=\"\" data-no-lazy=\"1\" srcset=\"https:\/\/www.tempatech.com\/wp-content\/uploads\/2020\/12\/LabJack-LJTick-InAmp.jpg 900w, https:\/\/www.tempatech.com\/wp-content\/uploads\/2020\/12\/LabJack-LJTick-InAmp-300x225.jpg 300w, https:\/\/www.tempatech.com\/wp-content\/uploads\/2020\/12\/LabJack-LJTick-InAmp-768x577.jpg 768w\" sizes=\"(max-width: 900px) 100vw, 900px\" \/><\/div><div class=\"vcex-module wpex-slider slider-pro vcex-image-slider wpex-clr\" data-loop=\"true\" data-auto-play-delay=\"5000\" data-thumbnails=\"true\" data-animation-speed=\"600\" data-height-animation-duration=\"500\" data-thumbnail-height=\"70\" data-thumbnail-width=\"70\"><div class=\"wpex-slider-slides sp-slides\"><div class=\"wpex-slider-slide sp-slide\"><div class=\"wpex-slider-media\"><img loading=\"lazy\" decoding=\"async\" width=\"900\" height=\"676\" src=\"https:\/\/www.tempatech.com\/wp-content\/uploads\/2020\/12\/LabJack-LJTick-InAmp.jpg\" class=\"skip-lazy\" alt=\"\" data-no-lazy=\"1\" srcset=\"https:\/\/www.tempatech.com\/wp-content\/uploads\/2020\/12\/LabJack-LJTick-InAmp.jpg 900w, https:\/\/www.tempatech.com\/wp-content\/uploads\/2020\/12\/LabJack-LJTick-InAmp-300x225.jpg 300w, https:\/\/www.tempatech.com\/wp-content\/uploads\/2020\/12\/LabJack-LJTick-InAmp-768x577.jpg 768w\" sizes=\"(max-width: 900px) 100vw, 900px\" \/><div class=\"wpex-slider-caption sp-layer sp-padding wpex-clr sp-black\"data-position=\"bottomCenter\" data-show-transition=\"up\" data-hide-transition=\"down\" data-width=\"100%\" data-show-delay=\"500\">LabJack LJTick-InAmp<\/div><\/div><\/div><div class=\"wpex-slider-slide sp-slide\"><div class=\"wpex-slider-media\"><img loading=\"lazy\" decoding=\"async\" width=\"900\" height=\"675\" src=\"https:\/\/www.tempatech.com\/wp-content\/uploads\/2020\/12\/LabJack-LJTick-InAmp-with-T7.jpg\" class=\"skip-lazy\" alt=\"\" data-no-lazy=\"1\" srcset=\"https:\/\/www.tempatech.com\/wp-content\/uploads\/2020\/12\/LabJack-LJTick-InAmp-with-T7.jpg 900w, https:\/\/www.tempatech.com\/wp-content\/uploads\/2020\/12\/LabJack-LJTick-InAmp-with-T7-300x225.jpg 300w, https:\/\/www.tempatech.com\/wp-content\/uploads\/2020\/12\/LabJack-LJTick-InAmp-with-T7-768x576.jpg 768w\" sizes=\"(max-width: 900px) 100vw, 900px\" \/><div class=\"wpex-slider-caption sp-layer sp-padding wpex-clr sp-black\"data-position=\"bottomCenter\" data-show-transition=\"up\" data-hide-transition=\"down\" data-width=\"100%\" data-show-delay=\"500\">LabJack LJTick-InAmp ile T7<\/div><\/div><\/div><div class=\"wpex-slider-slide sp-slide\"><div class=\"wpex-slider-media\"><img loading=\"lazy\" decoding=\"async\" width=\"900\" height=\"675\" src=\"https:\/\/www.tempatech.com\/wp-content\/uploads\/2020\/12\/InAmp-with-U3-and-Type-J-Thermocouple.jpg\" class=\"skip-lazy\" alt=\"\" data-no-lazy=\"1\" srcset=\"https:\/\/www.tempatech.com\/wp-content\/uploads\/2020\/12\/InAmp-with-U3-and-Type-J-Thermocouple.jpg 900w, https:\/\/www.tempatech.com\/wp-content\/uploads\/2020\/12\/InAmp-with-U3-and-Type-J-Thermocouple-300x225.jpg 300w, https:\/\/www.tempatech.com\/wp-content\/uploads\/2020\/12\/InAmp-with-U3-and-Type-J-Thermocouple-768x576.jpg 768w\" sizes=\"(max-width: 900px) 100vw, 900px\" \/><div class=\"wpex-slider-caption sp-layer sp-padding wpex-clr sp-black\"data-position=\"bottomCenter\" data-show-transition=\"up\" data-hide-transition=\"down\" data-width=\"100%\" data-show-delay=\"500\">U3 ve J Tipi Termokupllu InAmp<\/div><\/div><\/div><\/div><div class=\"wpex-slider-thumbnails sp-thumbnails\"><img loading=\"lazy\" decoding=\"async\" width=\"900\" height=\"676\" src=\"https:\/\/www.tempatech.com\/wp-content\/uploads\/2020\/12\/LabJack-LJTick-InAmp.jpg\" class=\"wpex-slider-thumbnail sp-thumbnail skip-lazy\" alt=\"\" data-no-lazy=\"1\" srcset=\"https:\/\/www.tempatech.com\/wp-content\/uploads\/2020\/12\/LabJack-LJTick-InAmp.jpg 900w, https:\/\/www.tempatech.com\/wp-content\/uploads\/2020\/12\/LabJack-LJTick-InAmp-300x225.jpg 300w, https:\/\/www.tempatech.com\/wp-content\/uploads\/2020\/12\/LabJack-LJTick-InAmp-768x577.jpg 768w\" sizes=\"(max-width: 900px) 100vw, 900px\" \/><img loading=\"lazy\" decoding=\"async\" width=\"900\" height=\"675\" src=\"https:\/\/www.tempatech.com\/wp-content\/uploads\/2020\/12\/LabJack-LJTick-InAmp-with-T7.jpg\" class=\"wpex-slider-thumbnail sp-thumbnail skip-lazy\" alt=\"\" data-no-lazy=\"1\" srcset=\"https:\/\/www.tempatech.com\/wp-content\/uploads\/2020\/12\/LabJack-LJTick-InAmp-with-T7.jpg 900w, https:\/\/www.tempatech.com\/wp-content\/uploads\/2020\/12\/LabJack-LJTick-InAmp-with-T7-300x225.jpg 300w, https:\/\/www.tempatech.com\/wp-content\/uploads\/2020\/12\/LabJack-LJTick-InAmp-with-T7-768x576.jpg 768w\" sizes=\"(max-width: 900px) 100vw, 900px\" \/><img loading=\"lazy\" decoding=\"async\" width=\"900\" height=\"675\" src=\"https:\/\/www.tempatech.com\/wp-content\/uploads\/2020\/12\/InAmp-with-U3-and-Type-J-Thermocouple.jpg\" class=\"wpex-slider-thumbnail sp-thumbnail skip-lazy\" alt=\"\" data-no-lazy=\"1\" srcset=\"https:\/\/www.tempatech.com\/wp-content\/uploads\/2020\/12\/InAmp-with-U3-and-Type-J-Thermocouple.jpg 900w, https:\/\/www.tempatech.com\/wp-content\/uploads\/2020\/12\/InAmp-with-U3-and-Type-J-Thermocouple-300x225.jpg 300w, https:\/\/www.tempatech.com\/wp-content\/uploads\/2020\/12\/InAmp-with-U3-and-Type-J-Thermocouple-768x576.jpg 768w\" sizes=\"(max-width: 900px) 100vw, 900px\" \/><\/div><\/div><\/div><\/div><\/div><\/div>","protected":false},"excerpt":{"rendered":"LJTick-InAmp Signal-conditioning module provides two instrumentation amplifiers ideal for low-level signals such as bridge circuits (e.g. strain gauges) and thermocouples. Each amplifier converts a differential input to single-ended. The LJTIA has switches to choose from 5 gain settings (x1, x11, x51, x201, or custom) and two output voltage offsets. The 4-pin design plugs into the&hellip;","protected":false},"author":1,"featured_media":0,"parent":479,"menu_order":0,"comment_status":"closed","ping_status":"closed","template":"","meta":{"footnotes":""},"_links":{"self":[{"href":"https:\/\/www.tempatech.com\/tr\/wp-json\/wp\/v2\/pages\/600"}],"collection":[{"href":"https:\/\/www.tempatech.com\/tr\/wp-json\/wp\/v2\/pages"}],"about":[{"href":"https:\/\/www.tempatech.com\/tr\/wp-json\/wp\/v2\/types\/page"}],"author":[{"embeddable":true,"href":"https:\/\/www.tempatech.com\/tr\/wp-json\/wp\/v2\/users\/1"}],"replies":[{"embeddable":true,"href":"https:\/\/www.tempatech.com\/tr\/wp-json\/wp\/v2\/comments?post=600"}],"version-history":[{"count":2,"href":"https:\/\/www.tempatech.com\/tr\/wp-json\/wp\/v2\/pages\/600\/revisions"}],"predecessor-version":[{"id":628,"href":"https:\/\/www.tempatech.com\/tr\/wp-json\/wp\/v2\/pages\/600\/revisions\/628"}],"up":[{"embeddable":true,"href":"https:\/\/www.tempatech.com\/tr\/wp-json\/wp\/v2\/pages\/479"}],"wp:attachment":[{"href":"https:\/\/www.tempatech.com\/tr\/wp-json\/wp\/v2\/media?parent=600"}],"curies":[{"name":"wp","href":"https:\/\/api.w.org\/{rel}","templated":true}]}}