{"id":633,"date":"2020-12-29T23:32:52","date_gmt":"2020-12-29T23:32:52","guid":{"rendered":"https:\/\/www.tempatech.com\/?page_id=633"},"modified":"2020-12-29T23:32:52","modified_gmt":"2020-12-29T23:32:52","slug":"ei1040-dual-instrumentation-amplifier","status":"publish","type":"page","link":"https:\/\/www.tempatech.com\/tr\/test-measurement-systems\/labjack-products\/accessories\/ei1040-dual-instrumentation-amplifier\/","title":{"rendered":"LabJack Aksesuarlar\u0131: EI1040 Dual Instrumentation Amplifier"},"content":{"rendered":"<div class=\"vc_row wpb_row vc_row-fluid\"><div class=\"wpb_column vc_column_container vc_col-sm-9\"><div class=\"vc_column-inner\"><div class=\"wpb_wrapper\"><div class=\"vcex-heading vcex-module wpex-text-2xl wpex-font-normal wpex-m-auto wpex-max-w-100 vcex-heading-graphical wpex-block wpex-text-left vc_custom_1609284426241\" data-wpex-hover=\"{&quot;color&quot;:&quot;#ffffff&quot;}\" style=\"color:#dd3333;\"><span class=\"vcex-heading-inner wpex-inline-block wpex-clr\">EI1040 Dual Instrumentation Amplifier<\/span><\/div>\n\t<div class=\"wpb_text_column wpb_content_element  vc_custom_1609284478546\" >\n\t\t<div class=\"wpb_wrapper\">\n\t\t\t<p>EI-1040 Dual Instrumentation Amplifier genel ama\u00e7l\u0131 \u00e7ift enstr\u00fcmantasyonlu bir amplifikat\u00f6rd\u00fcr. Analog giri\u015f kazanc\u0131 sa\u011flamak i\u00e7in genellikle LabJack U12 ile birlikte kullan\u0131l\u0131r. Tek bir 5 voltluk beslemeyle \u00e7al\u0131\u015f\u0131r ve \u00b1 15 volt besleme ve 4.096 volt referans voltaj\u0131 sa\u011flar. Analog giri\u015f aral\u0131\u011f\u0131 \u00b1 10 volttur. Her kanal\u0131n kazanc\u0131, dijital I\/O veya atlama kablolar\u0131 arac\u0131l\u0131\u011f\u0131yla 1, 10, 100 veya 1000 olarak ayarlan\u0131r.<\/p>\n<p>Daha fazla bilgi i\u00e7in datasheet'e bakabilirsiniz -\u00a0<a href=\"https:\/\/labjack.com\/support\/datasheets\/accessories\/ei-1040\" target=\"_blank\" rel=\"noopener noreferrer\">the EI-1040 Dual Instrumentation Amplifier Datasheet<\/a>.<\/p>\n<div class=\"field-label\"><em><strong>Uyumlu Modeller:<\/strong><\/em><\/div>\n<div class=\"field-items\">\n<div class=\"field-item even\"><a href=\"https:\/\/www.tempatech.com\/tr\/products\/labjack-products\/u3\/\" target=\"_blank\" rel=\"noopener noreferrer\">U3, <\/a><a href=\"https:\/\/www.tempatech.com\/tr\/products\/labjack-products\/t7\/\" target=\"_blank\" rel=\"noopener noreferrer\">T7, <\/a><a href=\"https:\/\/www.tempatech.com\/tr\/products\/labjack-products\/labjack-products-u6\/\" target=\"_blank\" rel=\"noopener noreferrer\">U6, <\/a><a href=\"https:\/\/www.tempatech.com\/tr\/products\/labjack-products\/ue9\/\" target=\"_blank\" rel=\"noopener noreferrer\">UE9, <\/a><a href=\"https:\/\/www.tempatech.com\/tr\/products\/labjack-products\/u12\/\" target=\"_blank\" rel=\"noopener noreferrer\">U12<\/a><\/div>\n<\/div>\n\n\t\t<\/div>\n\t<\/div>\n<\/div><\/div><\/div><div class=\"wpb_column vc_column_container vc_col-sm-3\"><div class=\"vc_column-inner\"><div class=\"wpb_wrapper\"><div class=\"wpex-slider-preloaderimg wpex-relative no-stretch\"><img loading=\"lazy\" decoding=\"async\" width=\"675\" height=\"900\" src=\"https:\/\/www.tempatech.com\/wp-content\/uploads\/2020\/12\/EI1040.jpg\" class=\"skip-lazy\" alt=\"\" data-no-lazy=\"1\" srcset=\"https:\/\/www.tempatech.com\/wp-content\/uploads\/2020\/12\/EI1040.jpg 675w, https:\/\/www.tempatech.com\/wp-content\/uploads\/2020\/12\/EI1040-113x150.jpg 113w\" sizes=\"(max-width: 675px) 100vw, 675px\" \/><\/div><div class=\"vcex-module wpex-slider slider-pro vcex-image-slider wpex-clr no-stretch\" data-loop=\"true\" data-auto-play-delay=\"5000\" data-thumbnails=\"true\" data-animation-speed=\"600\" data-height-animation-duration=\"500\" data-thumbnail-height=\"70\" data-thumbnail-width=\"70\"><div class=\"wpex-slider-slides sp-slides\"><div class=\"wpex-slider-slide sp-slide\"><div class=\"wpex-slider-media\"><img loading=\"lazy\" decoding=\"async\" width=\"675\" height=\"900\" src=\"https:\/\/www.tempatech.com\/wp-content\/uploads\/2020\/12\/EI1040.jpg\" class=\"skip-lazy\" alt=\"\" data-no-lazy=\"1\" srcset=\"https:\/\/www.tempatech.com\/wp-content\/uploads\/2020\/12\/EI1040.jpg 675w, https:\/\/www.tempatech.com\/wp-content\/uploads\/2020\/12\/EI1040-113x150.jpg 113w\" sizes=\"(max-width: 675px) 100vw, 675px\" \/><div class=\"wpex-slider-caption sp-layer sp-padding wpex-clr sp-black\"data-position=\"bottomCenter\" data-show-transition=\"up\" data-hide-transition=\"down\" data-width=\"100%\" data-show-delay=\"500\">EI1040<\/div><\/div><\/div><\/div><div class=\"wpex-slider-thumbnails sp-thumbnails\"><img loading=\"lazy\" decoding=\"async\" width=\"675\" height=\"900\" src=\"https:\/\/www.tempatech.com\/wp-content\/uploads\/2020\/12\/EI1040.jpg\" class=\"wpex-slider-thumbnail sp-thumbnail skip-lazy\" alt=\"\" data-no-lazy=\"1\" srcset=\"https:\/\/www.tempatech.com\/wp-content\/uploads\/2020\/12\/EI1040.jpg 675w, https:\/\/www.tempatech.com\/wp-content\/uploads\/2020\/12\/EI1040-113x150.jpg 113w\" sizes=\"(max-width: 675px) 100vw, 675px\" \/><\/div><\/div><\/div><\/div><\/div><\/div>","protected":false},"excerpt":{"rendered":"EI1040 Dual Instrumentation Amplifier General purpose dual instrumentation amplifier. Often used in conjunction with the LabJack U12 to provide analog input gain. Operates from a single 5 volt supply and provides a \u00b115 volt supply and a 4.096 volt reference voltage. Analog input range is \u00b110 volts. The gain of each channel is set to&hellip;","protected":false},"author":1,"featured_media":0,"parent":479,"menu_order":0,"comment_status":"closed","ping_status":"closed","template":"","meta":{"footnotes":""},"_links":{"self":[{"href":"https:\/\/www.tempatech.com\/tr\/wp-json\/wp\/v2\/pages\/633"}],"collection":[{"href":"https:\/\/www.tempatech.com\/tr\/wp-json\/wp\/v2\/pages"}],"about":[{"href":"https:\/\/www.tempatech.com\/tr\/wp-json\/wp\/v2\/types\/page"}],"author":[{"embeddable":true,"href":"https:\/\/www.tempatech.com\/tr\/wp-json\/wp\/v2\/users\/1"}],"replies":[{"embeddable":true,"href":"https:\/\/www.tempatech.com\/tr\/wp-json\/wp\/v2\/comments?post=633"}],"version-history":[{"count":3,"href":"https:\/\/www.tempatech.com\/tr\/wp-json\/wp\/v2\/pages\/633\/revisions"}],"predecessor-version":[{"id":678,"href":"https:\/\/www.tempatech.com\/tr\/wp-json\/wp\/v2\/pages\/633\/revisions\/678"}],"up":[{"embeddable":true,"href":"https:\/\/www.tempatech.com\/tr\/wp-json\/wp\/v2\/pages\/479"}],"wp:attachment":[{"href":"https:\/\/www.tempatech.com\/tr\/wp-json\/wp\/v2\/media?parent=633"}],"curies":[{"name":"wp","href":"https:\/\/api.w.org\/{rel}","templated":true}]}}