{"id":634,"date":"2020-12-29T23:35:50","date_gmt":"2020-12-29T23:35:50","guid":{"rendered":"https:\/\/www.tempatech.com\/?page_id=634"},"modified":"2020-12-29T23:35:50","modified_gmt":"2020-12-29T23:35:50","slug":"eb37-experiment-board","status":"publish","type":"page","link":"https:\/\/www.tempatech.com\/tr\/test-measurement-systems\/labjack-products\/accessories\/eb37-experiment-board\/","title":{"rendered":"LabJack Aksesuarlar\u0131: EB37 Experiment Board"},"content":{"rendered":"<div class=\"vc_row wpb_row vc_row-fluid\"><div class=\"wpb_column vc_column_container vc_col-sm-6\"><div class=\"vc_column-inner\"><div class=\"wpb_wrapper\"><div class=\"vcex-heading vcex-module wpex-text-2xl wpex-font-normal wpex-m-auto wpex-max-w-100 vcex-heading-graphical wpex-block wpex-text-left vc_custom_1609284801431\" data-wpex-hover=\"{&quot;color&quot;:&quot;#ffffff&quot;}\" style=\"color:#dd3333;\"><span class=\"vcex-heading-inner wpex-inline-block wpex-clr\">EB37 Experiment Board<br \/><\/span><\/div>\n\t<div class=\"wpb_text_column wpb_content_element  vc_custom_1609284831864\" >\n\t\t<div class=\"wpb_wrapper\">\n\t\t\t<p>T\u0131pk\u0131 herhangi bir breadboard gibi, EB37 de elektronik tasar\u0131mlar\u0131 test etmek ve do\u011frulamak i\u00e7in \u00e7ok kullan\u0131\u015fl\u0131d\u0131r, ancak ayn\u0131 zamanda birka\u00e7 farkl\u0131 g\u00fc\u00e7 kayna\u011f\u0131 ray voltaj\u0131na sahiptir ve dizayn\u0131n\u0131z\u0131n hemen yan\u0131nda LabJack I\/O'yu ortaya \u00e7\u0131kar\u0131r.<\/p>\n<ul>\n<li>LabJacks'te DB37 ba\u011flant\u0131 noktas\u0131na ba\u011flan\u0131r<\/li>\n<li>Kullan\u0131\u015fl\u0131 g\u00fc\u00e7 kaynaklar\u0131 i\u00e7erir: \u00b1 9.5V, 3.3V ve 1.25V<\/li>\n<li>Bir tornavida, 5V g\u00fc\u00e7 kayna\u011f\u0131 ve bir jumper kablosu i\u00e7erir.<\/li>\n<\/ul>\n<p>To learn more, see\u00a0<a href=\"https:\/\/labjack.com\/support\/datasheets\/accessories\/eb37\">Daha fazla bilgi i\u00e7in The EB37 Experiment Board Datasheet\u2019e bakabilirsiniz.<\/a>.<\/p>\n<div class=\"field-label\"><em><strong>Uyumlu Modeller:<\/strong><\/em><\/div>\n<div class=\"field-items\">\n<div class=\"field-item even\"><a href=\"https:\/\/www.tempatech.com\/tr\/products\/labjack-products\/t7\/\" target=\"_blank\" rel=\"noopener noreferrer\">T7, <\/a><a href=\"https:\/\/www.tempatech.com\/tr\/products\/labjack-products\/labjack-products-u6\/\" target=\"_blank\" rel=\"noopener noreferrer\">U6, <\/a><a href=\"https:\/\/www.tempatech.com\/tr\/products\/labjack-products\/ue9\/\" target=\"_blank\" rel=\"noopener noreferrer\">UE9<\/a><\/div>\n<\/div>\n\n\t\t<\/div>\n\t<\/div>\n<\/div><\/div><\/div><div class=\"wpb_column vc_column_container vc_col-sm-6\"><div class=\"vc_column-inner\"><div class=\"wpb_wrapper\"><div class=\"wpex-slider-preloaderimg wpex-relative\"><img loading=\"lazy\" decoding=\"async\" width=\"900\" height=\"675\" src=\"https:\/\/www.tempatech.com\/wp-content\/uploads\/2020\/12\/LabJack-EB37.jpg\" class=\"skip-lazy\" alt=\"\" data-no-lazy=\"1\" srcset=\"https:\/\/www.tempatech.com\/wp-content\/uploads\/2020\/12\/LabJack-EB37.jpg 900w, https:\/\/www.tempatech.com\/wp-content\/uploads\/2020\/12\/LabJack-EB37-300x225.jpg 300w, https:\/\/www.tempatech.com\/wp-content\/uploads\/2020\/12\/LabJack-EB37-768x576.jpg 768w\" sizes=\"(max-width: 900px) 100vw, 900px\" \/><\/div><div class=\"vcex-module wpex-slider slider-pro vcex-image-slider wpex-clr\" data-loop=\"true\" data-auto-play-delay=\"5000\" data-thumbnails=\"true\" data-animation-speed=\"600\" data-height-animation-duration=\"500\" data-thumbnail-height=\"70\" data-thumbnail-width=\"70\"><div class=\"wpex-slider-slides sp-slides\"><div class=\"wpex-slider-slide sp-slide\"><div class=\"wpex-slider-media\"><img loading=\"lazy\" decoding=\"async\" width=\"900\" height=\"675\" src=\"https:\/\/www.tempatech.com\/wp-content\/uploads\/2020\/12\/LabJack-EB37.jpg\" class=\"skip-lazy\" alt=\"\" data-no-lazy=\"1\" srcset=\"https:\/\/www.tempatech.com\/wp-content\/uploads\/2020\/12\/LabJack-EB37.jpg 900w, https:\/\/www.tempatech.com\/wp-content\/uploads\/2020\/12\/LabJack-EB37-300x225.jpg 300w, https:\/\/www.tempatech.com\/wp-content\/uploads\/2020\/12\/LabJack-EB37-768x576.jpg 768w\" sizes=\"(max-width: 900px) 100vw, 900px\" \/><div class=\"wpex-slider-caption sp-layer sp-padding wpex-clr sp-black\"data-position=\"bottomCenter\" data-show-transition=\"up\" data-hide-transition=\"down\" data-width=\"100%\" data-show-delay=\"500\">LabJack EB37<\/div><\/div><\/div><div class=\"wpex-slider-slide sp-slide\"><div class=\"wpex-slider-media\"><img loading=\"lazy\" decoding=\"async\" width=\"900\" height=\"677\" src=\"https:\/\/www.tempatech.com\/wp-content\/uploads\/2020\/12\/LabJack-EB37-2.jpg\" class=\"skip-lazy\" alt=\"\" data-no-lazy=\"1\" srcset=\"https:\/\/www.tempatech.com\/wp-content\/uploads\/2020\/12\/LabJack-EB37-2.jpg 900w, https:\/\/www.tempatech.com\/wp-content\/uploads\/2020\/12\/LabJack-EB37-2-300x226.jpg 300w, https:\/\/www.tempatech.com\/wp-content\/uploads\/2020\/12\/LabJack-EB37-2-768x578.jpg 768w\" sizes=\"(max-width: 900px) 100vw, 900px\" \/><div class=\"wpex-slider-caption sp-layer sp-padding wpex-clr sp-black\"data-position=\"bottomCenter\" data-show-transition=\"up\" data-hide-transition=\"down\" data-width=\"100%\" data-show-delay=\"500\">LabJack EB37 ve U6<\/div><\/div><\/div><div class=\"wpex-slider-slide sp-slide\"><div class=\"wpex-slider-media\"><img loading=\"lazy\" decoding=\"async\" width=\"2560\" height=\"1707\" src=\"https:\/\/www.tempatech.com\/wp-content\/uploads\/2020\/12\/LabJack-EB37-Prototyping-CB15-not-included-scaled.jpg\" class=\"skip-lazy\" alt=\"\" data-no-lazy=\"1\" srcset=\"https:\/\/www.tempatech.com\/wp-content\/uploads\/2020\/12\/LabJack-EB37-Prototyping-CB15-not-included-scaled.jpg 2560w, https:\/\/www.tempatech.com\/wp-content\/uploads\/2020\/12\/LabJack-EB37-Prototyping-CB15-not-included-300x200.jpg 300w, https:\/\/www.tempatech.com\/wp-content\/uploads\/2020\/12\/LabJack-EB37-Prototyping-CB15-not-included-1024x683.jpg 1024w, https:\/\/www.tempatech.com\/wp-content\/uploads\/2020\/12\/LabJack-EB37-Prototyping-CB15-not-included-768x512.jpg 768w, https:\/\/www.tempatech.com\/wp-content\/uploads\/2020\/12\/LabJack-EB37-Prototyping-CB15-not-included-1536x1024.jpg 1536w, https:\/\/www.tempatech.com\/wp-content\/uploads\/2020\/12\/LabJack-EB37-Prototyping-CB15-not-included-2048x1365.jpg 2048w\" sizes=\"(max-width: 2560px) 100vw, 2560px\" \/><div class=\"wpex-slider-caption sp-layer sp-padding wpex-clr sp-black\"data-position=\"bottomCenter\" data-show-transition=\"up\" data-hide-transition=\"down\" data-width=\"100%\" data-show-delay=\"500\">LabJack EB37 Prototipleme (CB15 dahil de\u011fildir)<\/div><\/div><\/div><div class=\"wpex-slider-slide sp-slide\"><div class=\"wpex-slider-media\"><img loading=\"lazy\" decoding=\"async\" width=\"900\" height=\"675\" src=\"https:\/\/www.tempatech.com\/wp-content\/uploads\/2020\/12\/EB37-Package-Contents.jpg\" class=\"skip-lazy\" alt=\"\" data-no-lazy=\"1\" srcset=\"https:\/\/www.tempatech.com\/wp-content\/uploads\/2020\/12\/EB37-Package-Contents.jpg 900w, https:\/\/www.tempatech.com\/wp-content\/uploads\/2020\/12\/EB37-Package-Contents-300x225.jpg 300w, https:\/\/www.tempatech.com\/wp-content\/uploads\/2020\/12\/EB37-Package-Contents-768x576.jpg 768w\" sizes=\"(max-width: 900px) 100vw, 900px\" \/><div class=\"wpex-slider-caption sp-layer sp-padding wpex-clr sp-black\"data-position=\"bottomCenter\" data-show-transition=\"up\" data-hide-transition=\"down\" data-width=\"100%\" data-show-delay=\"500\">EB37 Paket \u0130\u00e7eri\u011fi<\/div><\/div><\/div><\/div><div class=\"wpex-slider-thumbnails sp-thumbnails\"><img loading=\"lazy\" decoding=\"async\" width=\"900\" height=\"675\" src=\"https:\/\/www.tempatech.com\/wp-content\/uploads\/2020\/12\/LabJack-EB37.jpg\" class=\"wpex-slider-thumbnail sp-thumbnail skip-lazy\" alt=\"\" data-no-lazy=\"1\" srcset=\"https:\/\/www.tempatech.com\/wp-content\/uploads\/2020\/12\/LabJack-EB37.jpg 900w, https:\/\/www.tempatech.com\/wp-content\/uploads\/2020\/12\/LabJack-EB37-300x225.jpg 300w, https:\/\/www.tempatech.com\/wp-content\/uploads\/2020\/12\/LabJack-EB37-768x576.jpg 768w\" sizes=\"(max-width: 900px) 100vw, 900px\" \/><img loading=\"lazy\" decoding=\"async\" width=\"900\" height=\"677\" src=\"https:\/\/www.tempatech.com\/wp-content\/uploads\/2020\/12\/LabJack-EB37-2.jpg\" class=\"wpex-slider-thumbnail sp-thumbnail skip-lazy\" alt=\"\" data-no-lazy=\"1\" srcset=\"https:\/\/www.tempatech.com\/wp-content\/uploads\/2020\/12\/LabJack-EB37-2.jpg 900w, https:\/\/www.tempatech.com\/wp-content\/uploads\/2020\/12\/LabJack-EB37-2-300x226.jpg 300w, https:\/\/www.tempatech.com\/wp-content\/uploads\/2020\/12\/LabJack-EB37-2-768x578.jpg 768w\" sizes=\"(max-width: 900px) 100vw, 900px\" \/><img loading=\"lazy\" decoding=\"async\" width=\"2560\" height=\"1707\" src=\"https:\/\/www.tempatech.com\/wp-content\/uploads\/2020\/12\/LabJack-EB37-Prototyping-CB15-not-included-scaled.jpg\" class=\"wpex-slider-thumbnail sp-thumbnail skip-lazy\" alt=\"\" data-no-lazy=\"1\" srcset=\"https:\/\/www.tempatech.com\/wp-content\/uploads\/2020\/12\/LabJack-EB37-Prototyping-CB15-not-included-scaled.jpg 2560w, https:\/\/www.tempatech.com\/wp-content\/uploads\/2020\/12\/LabJack-EB37-Prototyping-CB15-not-included-300x200.jpg 300w, https:\/\/www.tempatech.com\/wp-content\/uploads\/2020\/12\/LabJack-EB37-Prototyping-CB15-not-included-1024x683.jpg 1024w, https:\/\/www.tempatech.com\/wp-content\/uploads\/2020\/12\/LabJack-EB37-Prototyping-CB15-not-included-768x512.jpg 768w, https:\/\/www.tempatech.com\/wp-content\/uploads\/2020\/12\/LabJack-EB37-Prototyping-CB15-not-included-1536x1024.jpg 1536w, https:\/\/www.tempatech.com\/wp-content\/uploads\/2020\/12\/LabJack-EB37-Prototyping-CB15-not-included-2048x1365.jpg 2048w\" sizes=\"(max-width: 2560px) 100vw, 2560px\" \/><img loading=\"lazy\" decoding=\"async\" width=\"900\" height=\"675\" src=\"https:\/\/www.tempatech.com\/wp-content\/uploads\/2020\/12\/EB37-Package-Contents.jpg\" class=\"wpex-slider-thumbnail sp-thumbnail skip-lazy\" alt=\"\" data-no-lazy=\"1\" srcset=\"https:\/\/www.tempatech.com\/wp-content\/uploads\/2020\/12\/EB37-Package-Contents.jpg 900w, https:\/\/www.tempatech.com\/wp-content\/uploads\/2020\/12\/EB37-Package-Contents-300x225.jpg 300w, https:\/\/www.tempatech.com\/wp-content\/uploads\/2020\/12\/EB37-Package-Contents-768x576.jpg 768w\" sizes=\"(max-width: 900px) 100vw, 900px\" \/><\/div><\/div><\/div><\/div><\/div><\/div>","protected":false},"excerpt":{"rendered":"EB37 Experiment Board Just like any breadboard, the EB37 is very useful for testing and validating electronic designs, but it also has a few different power supply rail voltages and breaks out LabJack I\/O right next to your design. Connects to the DB37 port on LabJacks Includes useful power supplies: \u00b19.5V, 3.3V, and 1.25V Includes&hellip;","protected":false},"author":1,"featured_media":0,"parent":479,"menu_order":0,"comment_status":"closed","ping_status":"closed","template":"","meta":{"footnotes":""},"_links":{"self":[{"href":"https:\/\/www.tempatech.com\/tr\/wp-json\/wp\/v2\/pages\/634"}],"collection":[{"href":"https:\/\/www.tempatech.com\/tr\/wp-json\/wp\/v2\/pages"}],"about":[{"href":"https:\/\/www.tempatech.com\/tr\/wp-json\/wp\/v2\/types\/page"}],"author":[{"embeddable":true,"href":"https:\/\/www.tempatech.com\/tr\/wp-json\/wp\/v2\/users\/1"}],"replies":[{"embeddable":true,"href":"https:\/\/www.tempatech.com\/tr\/wp-json\/wp\/v2\/comments?post=634"}],"version-history":[{"count":2,"href":"https:\/\/www.tempatech.com\/tr\/wp-json\/wp\/v2\/pages\/634\/revisions"}],"predecessor-version":[{"id":684,"href":"https:\/\/www.tempatech.com\/tr\/wp-json\/wp\/v2\/pages\/634\/revisions\/684"}],"up":[{"embeddable":true,"href":"https:\/\/www.tempatech.com\/tr\/wp-json\/wp\/v2\/pages\/479"}],"wp:attachment":[{"href":"https:\/\/www.tempatech.com\/tr\/wp-json\/wp\/v2\/media?parent=634"}],"curies":[{"name":"wp","href":"https:\/\/api.w.org\/{rel}","templated":true}]}}