{"id":637,"date":"2020-12-29T23:41:47","date_gmt":"2020-12-29T23:41:47","guid":{"rendered":"https:\/\/www.tempatech.com\/?page_id=637"},"modified":"2020-12-29T23:41:47","modified_gmt":"2020-12-29T23:41:47","slug":"5v-2a-usb-psu","status":"publish","type":"page","link":"https:\/\/www.tempatech.com\/tr\/test-measurement-systems\/labjack-products\/accessories\/5v-2a-usb-psu\/","title":{"rendered":"LabJack Aksesuarlar\u0131: 5V 2A USB PSU"},"content":{"rendered":"<div class=\"vc_row wpb_row vc_row-fluid\"><div class=\"wpb_column vc_column_container vc_col-sm-6\"><div class=\"vc_column-inner\"><div class=\"wpb_wrapper\"><div class=\"vcex-heading vcex-module wpex-text-2xl wpex-font-normal wpex-m-auto wpex-max-w-100 vcex-heading-graphical wpex-block wpex-text-left vc_custom_1609285217363\" data-wpex-hover=\"{&quot;color&quot;:&quot;#ffffff&quot;}\" style=\"color:#dd3333;\"><span class=\"vcex-heading-inner wpex-inline-block wpex-clr\">5V 2A USB PSU<br \/><\/span><\/div>\n\t<div class=\"wpb_text_column wpb_content_element  vc_custom_1609285243326\" >\n\t\t<div class=\"wpb_wrapper\">\n\t\t\t<p>T7 \/ T7-Pro ile birlikte gelen 5V 2A USB g\u00fc\u00e7 kayna\u011f\u0131d\u0131r. Sipari\u015f verirken, l\u00fctfen ihtiyac\u0131n\u0131z olan do\u011fru g\u00fc\u00e7 kayna\u011f\u0131 fi\u015f tipini se\u00e7in.  ABD fi\u015f tipini varsay\u0131lan olarak g\u00f6nderiyoruz ancak Avustralya, \u00c7in, Avrupa ve \u0130ngiltere fi\u015f tipleri de mevcuttur.<\/p>\n<div class=\"field-label\"><em><strong>Uyumlu Modeller:<\/strong><\/em><\/div>\n<div class=\"field-items\">\n<div class=\"field-item even\"><a href=\"https:\/\/www.tempatech.com\/tr\/products\/labjack-products\/t7\/\" target=\"_blank\" rel=\"noopener noreferrer\">T7, <\/a><a href=\"https:\/\/www.tempatech.com\/tr\/products\/labjack-products\/ue9\/\" target=\"_blank\" rel=\"noopener noreferrer\">UE9, <\/a><a href=\"https:\/\/www.tempatech.com\/tr\/products\/labjack-products\/t4\/\" target=\"_blank\" rel=\"noopener noreferrer\">T4<\/a><\/div>\n<\/div>\n\n\t\t<\/div>\n\t<\/div>\n<\/div><\/div><\/div><div class=\"wpb_column vc_column_container vc_col-sm-6\"><div class=\"vc_column-inner\"><div class=\"wpb_wrapper\"><div class=\"wpex-slider-preloaderimg wpex-relative\"><img loading=\"lazy\" decoding=\"async\" width=\"900\" height=\"675\" src=\"https:\/\/www.tempatech.com\/wp-content\/uploads\/2020\/12\/5V-2A-USB-PSU.png\" class=\"skip-lazy\" alt=\"\" data-no-lazy=\"1\" srcset=\"https:\/\/www.tempatech.com\/wp-content\/uploads\/2020\/12\/5V-2A-USB-PSU.png 900w, https:\/\/www.tempatech.com\/wp-content\/uploads\/2020\/12\/5V-2A-USB-PSU-300x225.png 300w, https:\/\/www.tempatech.com\/wp-content\/uploads\/2020\/12\/5V-2A-USB-PSU-768x576.png 768w\" sizes=\"(max-width: 900px) 100vw, 900px\" \/><\/div><div class=\"vcex-module wpex-slider slider-pro vcex-image-slider wpex-clr\" data-loop=\"true\" data-auto-play-delay=\"5000\" data-thumbnails=\"true\" data-animation-speed=\"600\" data-height-animation-duration=\"500\" data-thumbnail-height=\"70\" data-thumbnail-width=\"70\"><div class=\"wpex-slider-slides sp-slides\"><div class=\"wpex-slider-slide sp-slide\"><div class=\"wpex-slider-media\"><img loading=\"lazy\" decoding=\"async\" width=\"900\" height=\"675\" src=\"https:\/\/www.tempatech.com\/wp-content\/uploads\/2020\/12\/5V-2A-USB-PSU.png\" class=\"skip-lazy\" alt=\"\" data-no-lazy=\"1\" srcset=\"https:\/\/www.tempatech.com\/wp-content\/uploads\/2020\/12\/5V-2A-USB-PSU.png 900w, https:\/\/www.tempatech.com\/wp-content\/uploads\/2020\/12\/5V-2A-USB-PSU-300x225.png 300w, https:\/\/www.tempatech.com\/wp-content\/uploads\/2020\/12\/5V-2A-USB-PSU-768x576.png 768w\" sizes=\"(max-width: 900px) 100vw, 900px\" \/><div class=\"wpex-slider-caption sp-layer sp-padding wpex-clr sp-black\"data-position=\"bottomCenter\" data-show-transition=\"up\" data-hide-transition=\"down\" data-width=\"100%\" data-show-delay=\"500\">5V 2A USB PSU<\/div><\/div><\/div><div class=\"wpex-slider-slide sp-slide\"><div class=\"wpex-slider-media\"><img loading=\"lazy\" decoding=\"async\" width=\"900\" height=\"675\" src=\"https:\/\/www.tempatech.com\/wp-content\/uploads\/2020\/12\/Euro-UK-and-USA-5V-2A-PSU-Options.png\" class=\"skip-lazy\" alt=\"\" data-no-lazy=\"1\" srcset=\"https:\/\/www.tempatech.com\/wp-content\/uploads\/2020\/12\/Euro-UK-and-USA-5V-2A-PSU-Options.png 900w, https:\/\/www.tempatech.com\/wp-content\/uploads\/2020\/12\/Euro-UK-and-USA-5V-2A-PSU-Options-300x225.png 300w, https:\/\/www.tempatech.com\/wp-content\/uploads\/2020\/12\/Euro-UK-and-USA-5V-2A-PSU-Options-768x576.png 768w\" sizes=\"(max-width: 900px) 100vw, 900px\" \/><div class=\"wpex-slider-caption sp-layer sp-padding wpex-clr sp-black\"data-position=\"bottomCenter\" data-show-transition=\"up\" data-hide-transition=\"down\" data-width=\"100%\" data-show-delay=\"500\">Euro, \u0130ngiltere ve ABD 5V 2A PSU Se\u00e7enekleri<\/div><\/div><\/div><\/div><div class=\"wpex-slider-thumbnails sp-thumbnails\"><img loading=\"lazy\" decoding=\"async\" width=\"900\" height=\"675\" src=\"https:\/\/www.tempatech.com\/wp-content\/uploads\/2020\/12\/5V-2A-USB-PSU.png\" class=\"wpex-slider-thumbnail sp-thumbnail skip-lazy\" alt=\"\" data-no-lazy=\"1\" srcset=\"https:\/\/www.tempatech.com\/wp-content\/uploads\/2020\/12\/5V-2A-USB-PSU.png 900w, https:\/\/www.tempatech.com\/wp-content\/uploads\/2020\/12\/5V-2A-USB-PSU-300x225.png 300w, https:\/\/www.tempatech.com\/wp-content\/uploads\/2020\/12\/5V-2A-USB-PSU-768x576.png 768w\" sizes=\"(max-width: 900px) 100vw, 900px\" \/><img loading=\"lazy\" decoding=\"async\" width=\"900\" height=\"675\" src=\"https:\/\/www.tempatech.com\/wp-content\/uploads\/2020\/12\/Euro-UK-and-USA-5V-2A-PSU-Options.png\" class=\"wpex-slider-thumbnail sp-thumbnail skip-lazy\" alt=\"\" data-no-lazy=\"1\" srcset=\"https:\/\/www.tempatech.com\/wp-content\/uploads\/2020\/12\/Euro-UK-and-USA-5V-2A-PSU-Options.png 900w, https:\/\/www.tempatech.com\/wp-content\/uploads\/2020\/12\/Euro-UK-and-USA-5V-2A-PSU-Options-300x225.png 300w, https:\/\/www.tempatech.com\/wp-content\/uploads\/2020\/12\/Euro-UK-and-USA-5V-2A-PSU-Options-768x576.png 768w\" sizes=\"(max-width: 900px) 100vw, 900px\" \/><\/div><\/div><\/div><\/div><\/div><\/div>","protected":false},"excerpt":{"rendered":"5V 2A USB PSU This is the 5V 2A USB Power Supply that ships with the T7\/T7-Pro.\u00a0When ordering, please choose the correct power supply plug-type you need. \u00a0We ship USA power supplies by default. \u00a0The other options are Australia, China, Euro, and UK. Compatible Products: T7, UE9, T4 5V 2A USB PSUEuro, UK, and USA&hellip;","protected":false},"author":1,"featured_media":0,"parent":479,"menu_order":0,"comment_status":"closed","ping_status":"closed","template":"","meta":{"footnotes":""},"_links":{"self":[{"href":"https:\/\/www.tempatech.com\/tr\/wp-json\/wp\/v2\/pages\/637"}],"collection":[{"href":"https:\/\/www.tempatech.com\/tr\/wp-json\/wp\/v2\/pages"}],"about":[{"href":"https:\/\/www.tempatech.com\/tr\/wp-json\/wp\/v2\/types\/page"}],"author":[{"embeddable":true,"href":"https:\/\/www.tempatech.com\/tr\/wp-json\/wp\/v2\/users\/1"}],"replies":[{"embeddable":true,"href":"https:\/\/www.tempatech.com\/tr\/wp-json\/wp\/v2\/comments?post=637"}],"version-history":[{"count":3,"href":"https:\/\/www.tempatech.com\/tr\/wp-json\/wp\/v2\/pages\/637\/revisions"}],"predecessor-version":[{"id":697,"href":"https:\/\/www.tempatech.com\/tr\/wp-json\/wp\/v2\/pages\/637\/revisions\/697"}],"up":[{"embeddable":true,"href":"https:\/\/www.tempatech.com\/tr\/wp-json\/wp\/v2\/pages\/479"}],"wp:attachment":[{"href":"https:\/\/www.tempatech.com\/tr\/wp-json\/wp\/v2\/media?parent=637"}],"curies":[{"name":"wp","href":"https:\/\/api.w.org\/{rel}","templated":true}]}}