{"id":896,"date":"2021-01-06T10:17:51","date_gmt":"2021-01-06T10:17:51","guid":{"rendered":"https:\/\/www.tempatech.com\/?page_id=896"},"modified":"2021-02-19T16:02:26","modified_gmt":"2021-02-19T13:02:26","slug":"modal-analysis-vmodal","status":"publish","type":"page","link":"https:\/\/www.tempatech.com\/tr\/test-measurement-systems\/maul-theet-products\/modal-analysis-vmodal\/","title":{"rendered":"Modal Analysis | vModal"},"content":{"rendered":"<div class=\"vc_row wpb_row vc_row-fluid\"><div class=\"wpb_column vc_column_container vc_col-sm-6\"><div class=\"vc_column-inner\"><div class=\"wpb_wrapper\">\n\t<div class=\"wpb_text_column wpb_content_element  vc_custom_1609927854628\" >\n\t\t<div class=\"wpb_wrapper\">\n\t\t\t<p><strong><i>Modal Analiz<\/i><\/strong><\/p>\n<p class=\" translation-block\">Hi\u00e7bir m\u00fchendis, bir yap\u0131n\u0131n do\u011fas\u0131nda bulunan \u00f6zellikler hakk\u0131nda kesin bilgi sahibi olmadan, g\u00fcr\u00fclt\u00fc ve titre\u015fimlerden kaynaklanan t\u00fcm sorunlar\u0131 \u00e7\u00f6zmeden bir yap\u0131 tasarlamay\u0131 muhtemelen ba\u015faramaz.Yap\u0131n\u0131n \u00f6zelliklerini deneysel olarak belirlemek i\u00e7in modal analiz m\u00fckemmel bir ara\u00e7 sunar. vModal, m\u00fchendislere ba\u015far\u0131l\u0131 bir modal analiz veya bir operasyon sapma \u015fekli \u00f6l\u00e7\u00fcm\u00fc ger\u00e7ekle\u015ftirmek i\u00e7in gerekli t\u00fcm donan\u0131m ve yaz\u0131l\u0131m ekipman\u0131n\u0131 sa\u011flar.<\/p>\n<p>&nbsp;<\/p>\n<p><strong><i>Yap\u0131sal Analiz<\/i><\/strong><\/p>\n<p class=\" translation-block\">vModal, Modal test a\u015famas\u0131nda veri toplama b\u00f6l\u00fcm\u00fc i\u00e7in \u00e7ok kanall\u0131 FFT analiz\u00f6r olan vAnalyzer ile son derece entegre \u00e7al\u0131\u015f\u0131r. VAnalyser, testlerin gereksinimlerine ba\u011fl\u0131 olarak birka\u00e7 DAQ Donan\u0131m Frontend\u2019ini kullanabilen eksiksiz bir g\u00fcr\u00fclt\u00fc ve titre\u015fim \u00f6l\u00e7\u00fcm sistemidir. 1Hz'den 80kHz'e kadar olan frekans aral\u0131klar\u0131nda USB veya LAN \u00e7\u00f6z\u00fcmleri olarak 2 ila 64+ Kanal aras\u0131nda frontendler mevcuttur.<\/p>\n\n\t\t<\/div>\n\t<\/div>\n<\/div><\/div><\/div><div class=\"wpb_column vc_column_container vc_col-sm-6\"><div class=\"vc_column-inner\"><div class=\"wpb_wrapper\">\n\t<div  class=\"wpb_single_image wpb_content_element vc_align_center\">\n\t\t\n\t\t<figure class=\"wpb_wrapper vc_figure\">\n\t\t\t<div class=\"vc_single_image-wrapper   vc_box_border_grey\"><img loading=\"lazy\" decoding=\"async\" width=\"980\" height=\"716\" src=\"https:\/\/www.tempatech.com\/wp-content\/uploads\/2021\/01\/Resim1-1024x748.png\" class=\"vc_single_image-img attachment-large\" alt=\"\" title=\"\" srcset=\"https:\/\/www.tempatech.com\/wp-content\/uploads\/2021\/01\/Resim1-1024x748.png 1024w, https:\/\/www.tempatech.com\/wp-content\/uploads\/2021\/01\/Resim1-300x219.png 300w, https:\/\/www.tempatech.com\/wp-content\/uploads\/2021\/01\/Resim1-768x561.png 768w, https:\/\/www.tempatech.com\/wp-content\/uploads\/2021\/01\/Resim1-16x12.png 16w, https:\/\/www.tempatech.com\/wp-content\/uploads\/2021\/01\/Resim1.png 1103w\" sizes=\"(max-width: 980px) 100vw, 980px\" \/><\/div>\n\t\t<\/figure>\n\t<\/div>\n<\/div><\/div><\/div><\/div><div class=\"vc_row wpb_row vc_row-fluid\"><div class=\"wpb_column vc_column_container vc_col-sm-12\"><div class=\"vc_column-inner\"><div class=\"wpb_wrapper\">\n\t<div class=\"wpb_text_column wpb_content_element\" >\n\t\t<div class=\"wpb_wrapper\">\n\t\t\t<p><strong><i>\u00d6l\u00e7\u00fcm Verileri<\/i><\/strong><\/p>\n<p><span style=\"font-weight: 400;\">Her \u00f6l\u00e7\u00fcm, \u00f6l\u00e7\u00fcm aray\u00fcz\u00fc \u00fczerinden veritaban\u0131na aktar\u0131l\u0131r. Veritaban\u0131ndan, herhangi bir g\u00f6r\u00fcnt\u00fcleme ve d\u00fczenleme i\u00e7in geri \u00e7a\u011f\u0131rabilirler. Ek olarak, \u00f6l\u00e7\u00fcm aray\u00fcz\u00fc \u00e7oklu-kar\u0131\u015ft\u0131r\u0131c\u0131 \u00f6l\u00e7\u00fcmlerinin modal \u00e7\u0131kar\u0131mlar\u0131 i\u00e7in rutin uygulamalar\u0131 i\u00e7erir.<\/span><\/p>\n\n\t\t<\/div>\n\t<\/div>\n<div class=\"vc_row wpb_row vc_inner vc_row-fluid vc_custom_1609928368463\"><div class=\"wpb_column vc_column_container vc_col-sm-4\"><div class=\"vc_column-inner\"><div class=\"wpb_wrapper\">\n\t<div  class=\"wpb_single_image wpb_content_element vc_align_  vc_custom_1609928344553\">\n\t\t\n\t\t<figure class=\"wpb_wrapper vc_figure\">\n\t\t\t<div class=\"vc_single_image-wrapper   vc_box_border_grey\"><img loading=\"lazy\" decoding=\"async\" width=\"1090\" height=\"796\" src=\"https:\/\/www.tempatech.com\/wp-content\/uploads\/2021\/01\/Resim2.png\" class=\"vc_single_image-img attachment-full\" alt=\"\" title=\"\" srcset=\"https:\/\/www.tempatech.com\/wp-content\/uploads\/2021\/01\/Resim2.png 1090w, https:\/\/www.tempatech.com\/wp-content\/uploads\/2021\/01\/Resim2-300x219.png 300w, https:\/\/www.tempatech.com\/wp-content\/uploads\/2021\/01\/Resim2-1024x748.png 1024w, https:\/\/www.tempatech.com\/wp-content\/uploads\/2021\/01\/Resim2-768x561.png 768w, https:\/\/www.tempatech.com\/wp-content\/uploads\/2021\/01\/Resim2-16x12.png 16w\" sizes=\"(max-width: 1090px) 100vw, 1090px\" \/><\/div>\n\t\t<\/figure>\n\t<\/div>\n<\/div><\/div><\/div><div class=\"wpb_column vc_column_container vc_col-sm-8\"><div class=\"vc_column-inner\"><div class=\"wpb_wrapper\">\n\t<div class=\"wpb_text_column wpb_content_element\" >\n\t\t<div class=\"wpb_wrapper\">\n\t\t\t<p style=\"padding-left: 40px;\"><strong><i>Harici Veriler \u0130\u00e7in UFF \u0130\u00e7e Aktar\u0131m\u0131<\/i><\/strong><\/p>\n<p style=\"padding-left: 80px;\"><span style=\"font-weight: 400;\">Harici DAQ sistemlerinden gelen veriler UFF Dosyalar\u0131 olarak i\u00e7e aktar\u0131labilir.<\/span><\/p>\n<p style=\"padding-left: 80px;\"><span style=\"font-weight: 400;\">vModal, Modal de\u011ferlerin belirlenmesi ve di\u011fer hesaplamalar i\u00e7in a\u015fa\u011f\u0131daki \u00f6zelliklere sahiptir.<\/span><\/p>\n<ul>\n<li style=\"list-style-type: none;\">\n<ul>\n<li style=\"list-style-type: none;\">\n<ul>\n<li><span style=\"font-weight: 400;\"> SDOF(Tek Serbestlik Dereceli) yerel, global<\/span><\/li>\n<li><span style=\"font-weight: 400;\"> MDOF(\u00c7oklu Serbestlik Dereceli)  yerel, global<\/span><\/li>\n<li><span style=\"font-weight: 400;\"> Hand-fit<\/span><\/li>\n<li><span style=\"font-weight: 400;\"> Mod G\u00f6sterge \u0130\u015flevi<\/span><\/li>\n<li><span style=\"font-weight: 400;\"> Poly Reference<\/span><\/li>\n<li><span style=\"font-weight: 400;\"> \u00b7 Sentetik Frekans Tepki Fonksiyonlar\u0131 (FRFs)<\/span><\/li>\n<li><span style=\"font-weight: 400;\"> Uyum Kalite \u00d6zelli\u011fi<\/span><\/li>\n<li><span style=\"font-weight: 400;\"> MAC \u00d6zelli\u011fi<\/span><\/li>\n<\/ul>\n<\/li>\n<\/ul>\n<\/li>\n<\/ul>\n\n\t\t<\/div>\n\t<\/div>\n<\/div><\/div><\/div><\/div><div class=\"vc_row wpb_row vc_inner vc_row-fluid\"><div class=\"wpb_column vc_column_container vc_col-sm-8\"><div class=\"vc_column-inner\"><div class=\"wpb_wrapper\">\n\t<div class=\"wpb_text_column wpb_content_element\" >\n\t\t<div class=\"wpb_wrapper\">\n\t\t\t<p><strong>Sim\u00fclasyon<\/strong><\/p>\n<p><span style=\"font-weight: 400;\">vModal, modal analizin sonu\u00e7lar\u0131n\u0131n kullan\u0131lmas\u0131na imkan sa\u011flayarak, do\u011fal frekanslar, mod bi\u00e7imleri ve s\u00f6n\u00fcmlem), duyarl\u0131l\u0131k ve optimizasyonla ilgili her t\u00fcrl\u00fc hesaplamaya uygun bir matematiksel model olu\u015fturabilmeyi m\u00fcmk\u00fcn k\u0131lar. Zorunlu yan\u0131t hesaplamalar\u0131n\u0131 y\u00fcr\u00fctmek i\u00e7in bir \u00f6zellik de entegre edilmi\u015ftir.<\/span><\/p>\n<p><span style=\"font-weight: 400;\">FEM hesaplamalar\u0131n\u0131n do\u011frulanmas\u0131, FEM Eigen-vekt\u00f6rleri i\u00e7in \u00f6zel bir i\u00e7e aktarma mod\u00fcl\u00fc ile m\u00fcmk\u00fcnd\u00fcr.<\/span><\/p>\n<p><strong>\u00c7al\u0131\u015fma Sapmalar\u0131<\/strong><\/p>\n<p><span style=\"font-weight: 400;\">Sabit \u00e7al\u0131\u015fma sapmalar\u0131, frekans veya zaman domaininde \u00f6l\u00e7\u00fclebilir. Ge\u00e7ici titre\u015fimler i\u00e7in, zaman domainindeki \u00f6l\u00e7\u00fcmler ve ODS yap\u0131labilir.<\/span><\/p>\n<p><strong>3D-Animasyon<\/strong><\/p>\n<p><span style=\"font-weight: 400;\">T\u00fcm sonu\u00e7lar animasyonlu \u015fekiller olarak g\u00f6r\u00fcnt\u00fclenebilir. Kullan\u0131c\u0131n\u0131n \u00e7al\u0131\u015fma sapma \u00f6l\u00e7\u00fcmleri, modal analiz ve hesaplanan zorlanm\u0131\u015f tepki titre\u015fimlerinin sonu\u00e7lar\u0131n\u0131 g\u00f6r\u00fcnt\u00fclemesini sa\u011flayan wire frame ve hidden line modelleri bulunmaktad\u0131r.<\/span><\/p>\n<p><strong>Raporlama<\/strong><\/p>\n<p><span style=\"font-weight: 400;\">T\u00fcm Grafikler ve 3D Animasyon ad\u0131mlar\u0131 wmf dosyalar\u0131 olarak d\u0131\u015fa aktar\u0131labilir, panoya kopyalanabilir veya do\u011frudan yaz\u0131c\u0131ya g\u00f6nderilebilir. 3D Animasyonlar AVI-Films format\u0131 olarak Windows Media Player'da yeniden oynatmak i\u00e7in veya Microsoft PowerPoint gibi g\u00f6rsel sunumlarda kullan\u0131lmak \u00fczere kaydedilebilir.<\/span><\/p>\n\n\t\t<\/div>\n\t<\/div>\n<\/div><\/div><\/div><div class=\"wpb_column vc_column_container vc_col-sm-4\"><div class=\"vc_column-inner\"><div class=\"wpb_wrapper\">\n\t<div  class=\"wpb_single_image wpb_content_element vc_align_center  vc_custom_1609928221447\">\n\t\t\n\t\t<figure class=\"wpb_wrapper vc_figure\">\n\t\t\t<div class=\"vc_single_image-wrapper   vc_box_border_grey\"><img loading=\"lazy\" decoding=\"async\" width=\"480\" height=\"489\" src=\"https:\/\/www.tempatech.com\/wp-content\/uploads\/2021\/01\/Resim3.png\" class=\"vc_single_image-img attachment-full\" alt=\"\" title=\"\" srcset=\"https:\/\/www.tempatech.com\/wp-content\/uploads\/2021\/01\/Resim3.png 480w, https:\/\/www.tempatech.com\/wp-content\/uploads\/2021\/01\/Resim3-294x300.png 294w, https:\/\/www.tempatech.com\/wp-content\/uploads\/2021\/01\/Resim3-12x12.png 12w\" sizes=\"(max-width: 480px) 100vw, 480px\" \/><\/div>\n\t\t<\/figure>\n\t<\/div>\n<\/div><\/div><\/div><\/div><\/div><\/div><\/div><\/div>","protected":false},"excerpt":{"rendered":"Modal Analysis: No engineer could possibly manage to design a construction, solving all problems due to noise and vibrations without precise knowledge of the inherent properties of a structure. To determine the structure's properties experimentally the modal analysis offers an excellent tool. vModal provides the engineer with the complete hard- and software equipment necessary to&hellip;","protected":false},"author":1,"featured_media":0,"parent":884,"menu_order":0,"comment_status":"closed","ping_status":"closed","template":"","meta":{"footnotes":""},"_links":{"self":[{"href":"https:\/\/www.tempatech.com\/tr\/wp-json\/wp\/v2\/pages\/896"}],"collection":[{"href":"https:\/\/www.tempatech.com\/tr\/wp-json\/wp\/v2\/pages"}],"about":[{"href":"https:\/\/www.tempatech.com\/tr\/wp-json\/wp\/v2\/types\/page"}],"author":[{"embeddable":true,"href":"https:\/\/www.tempatech.com\/tr\/wp-json\/wp\/v2\/users\/1"}],"replies":[{"embeddable":true,"href":"https:\/\/www.tempatech.com\/tr\/wp-json\/wp\/v2\/comments?post=896"}],"version-history":[{"count":6,"href":"https:\/\/www.tempatech.com\/tr\/wp-json\/wp\/v2\/pages\/896\/revisions"}],"predecessor-version":[{"id":1228,"href":"https:\/\/www.tempatech.com\/tr\/wp-json\/wp\/v2\/pages\/896\/revisions\/1228"}],"up":[{"embeddable":true,"href":"https:\/\/www.tempatech.com\/tr\/wp-json\/wp\/v2\/pages\/884"}],"wp:attachment":[{"href":"https:\/\/www.tempatech.com\/tr\/wp-json\/wp\/v2\/media?parent=896"}],"curies":[{"name":"wp","href":"https:\/\/api.w.org\/{rel}","templated":true}]}}