{"id":907,"date":"2021-01-06T11:04:21","date_gmt":"2021-01-06T11:04:21","guid":{"rendered":"https:\/\/www.tempatech.com\/?page_id=907"},"modified":"2021-02-19T16:03:18","modified_gmt":"2021-02-19T13:03:18","slug":"saej2598-vdamp","status":"publish","type":"page","link":"https:\/\/www.tempatech.com\/tr\/test-measurement-systems\/maul-theet-products\/saej2598-vdamp\/","title":{"rendered":"Damping Test Stand SAEJ2598 | vDamp"},"content":{"rendered":"<div class=\"vc_row wpb_row vc_row-fluid\"><div class=\"wpb_column vc_column_container vc_col-sm-6\"><div class=\"vc_column-inner\"><div class=\"wpb_wrapper\">\n\t<div class=\"wpb_text_column wpb_content_element  vc_custom_1609941083492\" >\n\t\t<div class=\"wpb_wrapper\">\n\t\t\t<p style=\"text-align: center;\"><span style=\"color: #000000;\"><em><strong>Y\u00fcksek Hassasiyetli Otomotiv Diskli Fren Balatas\u0131<\/strong><\/em><\/span><\/p>\n<p style=\"text-align: center;\"><span style=\"color: #000000;\"><em><strong>\u00a0Do\u011fal Frekans ve S\u00f6n\u00fcmleme Testi<\/strong><\/em><\/span><\/p>\n<h3><b>SAE J2598<\/b><\/h3>\n<ul>\n<li><span style=\"font-weight: 400;\">Standart gereksinimden daha iyi Frekans Aral\u0131\u011f\u0131 (500 Hz - 16 kHz)<\/span><\/li>\n<li><span style=\"font-weight: 400;\">Frekans \u00c7\u00f6z\u00fcn\u00fcrl\u00fc\u011f\u00fc  &lt;  20 kHz\u2019de 1 Hz<\/span><\/li>\n<li><span style=\"font-weight: 400;\">SAE J2598'e g\u00f6re S\u00f6n\u00fcmleme veya Kay\u0131p Fakt\u00f6r\u00fcn\u00fcn Hesaplanmas\u0131<\/span><\/li>\n<li><span style=\"font-weight: 400;\">Her Do\u011fal Frekans\u0131n S\u00f6n\u00fcmleme Tahmini i\u00e7in Se\u00e7ilebilir dB De\u011ferleri<\/span><\/li>\n<li><span style=\"font-weight: 400;\">Farkl\u0131 frekanslara dayal\u0131 Quality Sentencing<\/span><\/li>\n<li><span style=\"font-weight: 400;\">\u0130ste\u011fe ba\u011fl\u0131 Frekans D\u00fczeltme ile S\u0131cakl\u0131k \u00d6l\u00e7\u00fcm\u00fc<\/span><\/li>\n<\/ul>\n<h3><b>\u00d6l\u00e7\u00fcm Tipleri<\/b><\/h3>\n<ul>\n<li><span style=\"font-weight: 400;\">Par\u00e7a Tipi Tan\u0131m\u0131<\/span><\/li>\n<li><span style=\"font-weight: 400;\">Seri \u00d6l\u00e7\u00fcm<\/span><\/li>\n<li><span style=\"font-weight: 400;\">Tekrarlama \u00d6l\u00e7\u00fcm\u00fc<\/span><\/li>\n<li><span style=\"font-weight: 400;\">Ana Par\u00e7a \u00d6l\u00e7\u00fcm\u00fc<\/span><\/li>\n<\/ul>\n<h3><b>Veri Y\u00f6netimi<\/b><\/h3>\n<ul>\n<li><span style=\"font-weight: 400;\">SQL Veritaban\u0131<\/span><\/li>\n<li><span style=\"font-weight: 400;\">Kullan\u0131c\u0131 Y\u00f6netimi<\/span><\/li>\n<li><span style=\"font-weight: 400;\">\u0130\u015f Emri<\/span><\/li>\n<li><span style=\"font-weight: 400;\">Par\u00e7a Tipleri<\/span><\/li>\n<li><span style=\"font-weight: 400;\">\u00d6l\u00e7\u00fcm Verileri<\/span><\/li>\n<\/ul>\n\n\t\t<\/div>\n\t<\/div>\n<\/div><\/div><\/div><div class=\"wpb_column vc_column_container vc_col-sm-6\"><div class=\"vc_column-inner\"><div class=\"wpb_wrapper\">\n\t<div  class=\"wpb_single_image wpb_content_element vc_align_center\">\n\t\t\n\t\t<figure class=\"wpb_wrapper vc_figure\">\n\t\t\t<div class=\"vc_single_image-wrapper   vc_box_border_grey\"><img loading=\"lazy\" decoding=\"async\" class=\"vc_single_image-img\" src=\"https:\/\/www.tempatech.com\/wp-content\/uploads\/2021\/01\/Resim1-4-500x600.png\" width=\"500\" height=\"600\" alt=\"\" title=\"\" \/><\/div>\n\t\t<\/figure>\n\t<\/div>\n<\/div><\/div><\/div><\/div><div class=\"vc_row wpb_row vc_row-fluid\"><div class=\"wpb_column vc_column_container vc_col-sm-12\"><div class=\"vc_column-inner\"><div class=\"wpb_wrapper\"><div class=\"vc_row wpb_row vc_inner vc_row-fluid vc_custom_1609928368463\"><div class=\"wpb_column vc_column_container vc_col-sm-4\"><div class=\"vc_column-inner\"><div class=\"wpb_wrapper\">\n\t<div  class=\"wpb_single_image wpb_content_element vc_align_  vc_custom_1609930812626\">\n\t\t\n\t\t<figure class=\"wpb_wrapper vc_figure\">\n\t\t\t<div class=\"vc_single_image-wrapper   vc_box_border_grey\"><img loading=\"lazy\" decoding=\"async\" width=\"1531\" height=\"925\" src=\"https:\/\/www.tempatech.com\/wp-content\/uploads\/2021\/01\/Resim2-4.png\" class=\"vc_single_image-img attachment-full\" alt=\"\" title=\"\" srcset=\"https:\/\/www.tempatech.com\/wp-content\/uploads\/2021\/01\/Resim2-4.png 1531w, https:\/\/www.tempatech.com\/wp-content\/uploads\/2021\/01\/Resim2-4-300x181.png 300w, https:\/\/www.tempatech.com\/wp-content\/uploads\/2021\/01\/Resim2-4-1024x619.png 1024w, https:\/\/www.tempatech.com\/wp-content\/uploads\/2021\/01\/Resim2-4-768x464.png 768w, https:\/\/www.tempatech.com\/wp-content\/uploads\/2021\/01\/Resim2-4-16x10.png 16w\" sizes=\"(max-width: 1531px) 100vw, 1531px\" \/><\/div>\n\t\t<\/figure>\n\t<\/div>\n<\/div><\/div><\/div><div class=\"wpb_column vc_column_container vc_col-sm-8\"><div class=\"vc_column-inner\"><div class=\"wpb_wrapper\">\n\t<div class=\"wpb_text_column wpb_content_element\" >\n\t\t<div class=\"wpb_wrapper\">\n\t\t\t<p><span style=\"color: #000000;\"><strong><span style=\"font-size: 14px;\">Raporlama<\/span><\/strong><\/span><\/p>\n<p><span style=\"font-weight: 400;\">Maul-Theet S\u00f6n\u00fcmleme Test Stand\u0131 (vDamp) a\u015fa\u011f\u0131dakilerin belirlenmesi i\u00e7in optimize edilmi\u015ftir:<\/span><\/p>\n<ul>\n<li><span style=\"font-weight: 400;\">Do\u011fal Frekanslar<\/span><\/li>\n<li><span style=\"font-weight: 400;\">SAE J2598'e g\u00f6re fren par\u00e7alar\u0131n\u0131n S\u00f6n\u00fcmleme De\u011ferleri <\/span><span style=\"font-weight: 400;\">of brake parts <\/span><span style=\"font-weight: 400;\">following SAE J2598.<\/span><\/li>\n<\/ul>\n<p><span style=\"font-weight: 400;\">A\u015fa\u011f\u0131daki bile\u015fenlere sahip al\u00fcminyum bir konstr\u00fcksiyondan olu\u015fur:<\/span><\/p>\n<ul>\n<li><span style=\"font-weight: 400;\">Uyarma \u00dcnitesi<\/span><\/li>\n<li><span style=\"font-weight: 400;\">Titre\u015fim Sens\u00f6r\u00fc<\/span><\/li>\n<li><span style=\"font-weight: 400;\">Veri Toplay\u0131c\u0131<\/span><\/li>\n<li><span style=\"font-weight: 400;\">Windows PC<\/span><\/li>\n<\/ul>\n\n\t\t<\/div>\n\t<\/div>\n<\/div><\/div><\/div><\/div><div class=\"vc_row wpb_row vc_inner vc_row-fluid\"><div class=\"wpb_column vc_column_container vc_col-sm-6\"><div class=\"vc_column-inner\"><div class=\"wpb_wrapper\">\n\t<div class=\"wpb_text_column wpb_content_element\" >\n\t\t<div class=\"wpb_wrapper\">\n\t\t\t<h3><b>Uyarma \u00dcnitesi<\/b><\/h3>\n<p><span style=\"font-weight: 400;\">Geni\u015f bantl\u0131 uyarma, Otomatik Darbeli \u00c7eki\u00e7 ile yap\u0131l\u0131r:<\/span><\/p>\n<ul>\n<li><b><\/b> <b>Frekans Aral\u0131\u011f\u0131 0.3 - 40 kHz<\/b><\/li>\n<li><b><\/b> <b>200N'a kadar Darbe G\u00fcc\u00fc<\/b><\/li>\n<li><b><\/b> <b>Y\u00fcksek Tekrarlanabilirlik<\/b><\/li>\n<\/ul>\n<p><span style=\"color: #000000;\"><strong>Titre\u015fim Sens\u00f6r\u00fc<\/strong><\/span><\/p>\n<p><b>A\u015fa\u011f\u0131daki sens\u00f6rler VTS ile kullan\u0131labilir:<\/b><\/p>\n<ul>\n<li><b><\/b> <b>Mikrofon<\/b><\/li>\n<li><b><\/b> <b>Lazer Doppler Vibrometre<\/b><\/li>\n<li><b><\/b> <b>H\u0131zlanma Sens\u00f6r\u00fc<\/b><\/li>\n<\/ul>\n\n\t\t<\/div>\n\t<\/div>\n<\/div><\/div><\/div><div class=\"wpb_column vc_column_container vc_col-sm-6\"><div class=\"vc_column-inner\"><div class=\"wpb_wrapper\">\n\t<div  class=\"wpb_single_image wpb_content_element vc_align_center  vc_custom_1609930839712\">\n\t\t\n\t\t<figure class=\"wpb_wrapper vc_figure\">\n\t\t\t<div class=\"vc_single_image-wrapper   vc_box_border_grey\"><img loading=\"lazy\" decoding=\"async\" width=\"1531\" height=\"925\" src=\"https:\/\/www.tempatech.com\/wp-content\/uploads\/2021\/01\/Resim3-1.png\" class=\"vc_single_image-img attachment-full\" alt=\"\" title=\"\" srcset=\"https:\/\/www.tempatech.com\/wp-content\/uploads\/2021\/01\/Resim3-1.png 1531w, https:\/\/www.tempatech.com\/wp-content\/uploads\/2021\/01\/Resim3-1-300x181.png 300w, https:\/\/www.tempatech.com\/wp-content\/uploads\/2021\/01\/Resim3-1-1024x619.png 1024w, https:\/\/www.tempatech.com\/wp-content\/uploads\/2021\/01\/Resim3-1-768x464.png 768w, https:\/\/www.tempatech.com\/wp-content\/uploads\/2021\/01\/Resim3-1-16x10.png 16w\" sizes=\"(max-width: 1531px) 100vw, 1531px\" \/><\/div>\n\t\t<\/figure>\n\t<\/div>\n<\/div><\/div><\/div><\/div><div class=\"vc_row wpb_row vc_inner vc_row-fluid\"><div class=\"wpb_column vc_column_container vc_col-sm-6\"><div class=\"vc_column-inner\"><div class=\"wpb_wrapper\">\n\t<div class=\"wpb_text_column wpb_content_element\" >\n\t\t<div class=\"wpb_wrapper\">\n\t\t\t<p><strong><span style=\"color: #000000;\">Veri Toplay\u0131c\u0131<\/span><\/strong><\/p>\n<p><b>Senkron \u00f6rnekleme ile 4 Kanall\u0131 DAQ<\/b><\/p>\n<ul>\n<li><b><\/b> <b>Frekans Aral\u0131klar\u0131 1 kHz - 40 kHz<\/b><\/li>\n<li><b><\/b> <b>Frekans \u00c7\u00f6z\u00fcn\u00fcrl\u00fc\u011f\u00fc 100 ila 26500 FFT Hatlar\u0131<\/b><\/li>\n<li><b><\/b> <b>AC, DC ve IEPE Ba\u011flant\u0131s\u0131<\/b><\/li>\n<\/ul>\n<p><span style=\"color: #000000;\"><strong>Windows PC<\/strong><\/span><\/p>\n<p><b>Windows 10 Bilgisayar<\/b><\/p>\n<ul>\n<li><b><\/b> <b>8 GB RAM<\/b><\/li>\n<li><b><\/b> <b>256 GB SSD<\/b><\/li>\n<\/ul>\n<p><span style=\"color: #333300;\">vDamp Yaz\u0131l\u0131m\u0131 ile beraber<\/span><\/p>\n<p><b>VDamp yaz\u0131l\u0131m\u0131 t\u00fcm test prosed\u00fcr\u00fcn\u00fc ger\u00e7ekle\u015ftirir. Kullan\u0131c\u0131 y\u00f6netimi, par\u00e7a ve i\u015f emri y\u00f6netimi, \u00f6l\u00e7\u00fcmler, analiz, dok\u00fcmantasyon ve raporlamay\u0131 kapsar.<\/b><\/p>\n<p><span style=\"color: #000000;\"><strong>Par\u00e7a tipi \u00f6zellikleri:<\/strong><\/span><\/p>\n<ul>\n<li><b><\/b> <b>\u0130sim ve Meta verileri<\/b><\/li>\n<li><b><\/b> <b>Se\u00e7ilebilir frekans aral\u0131\u011f\u0131 1 kHz - 20 kHz<\/b><\/li>\n<li><b><\/b> <b>Se\u00e7ilebilir Frekans \u00c7\u00f6z\u00fcn\u00fcrl\u00fc\u011f\u00fc (FFT hatt\u0131 say\u0131s\u0131)<\/b><\/li>\n<li><b><\/b> <b>Frekans bantlar\u0131, Frekans Toleranslar\u0131<\/b><\/li>\n<li><b><\/b> <b>S\u00f6n\u00fcmleme Hesaplamas\u0131 i\u00e7in dB De\u011ferleri (0.5 - 3dB)<\/b><\/li>\n<\/ul>\n\n\t\t<\/div>\n\t<\/div>\n<\/div><\/div><\/div><div class=\"wpb_column vc_column_container vc_col-sm-6\"><div class=\"vc_column-inner\"><div class=\"wpb_wrapper\">\n\t<div class=\"wpb_text_column wpb_content_element\" >\n\t\t<div class=\"wpb_wrapper\">\n\t\t\t<p><span style=\"color: #000000;\"><strong>\u0130\u015f Emrine G\u00f6re \u00d6l\u00e7\u00fcm Prosed\u00fcr\u00fc:<\/strong><\/span><\/p>\n<ul>\n<li><b><\/b> <b>Seri \u00d6l\u00e7\u00fcm<\/b><\/li>\n<li><b><\/b> <b>Tekrarlama \u00d6l\u00e7\u00fcm\u00fc<\/b><\/li>\n<\/ul>\n<p><b>\u00a0<\/b><\/p>\n<p><strong><span style=\"color: #000000;\">Otomatik \u00d6l\u00e7\u00fcm Prosed\u00fcr\u00fc:<\/span><\/strong><\/p>\n<ul>\n<li><b><\/b> <b>Otomatik Darbe \u00c7ekicinin Tetiklenmesi<\/b><\/li>\n<li><b><\/b> <b>Uyarma Kuvveti ve Titre\u015fim Tepkisinin \u00d6l\u00e7\u00fclmesi<\/b><\/li>\n<li><b><\/b> <b>Ortalama Alma ve Analiz<\/b><\/li>\n<li><b><\/b> <b>Pik Toplama, S\u00f6n\u00fcmleme Hesaplama ve Sentencing<\/b><\/li>\n<\/ul>\n<p><b>\u00a0<\/b><\/p>\n<p><span style=\"color: #000000;\"><strong>Raporlama<\/strong><\/span><\/p>\n<p><b>\u0130\u015f Emri Sonu\u00e7lar\u0131n\u0131n Grafik Olarak \u00c7\u0131kt\u0131s\u0131:<\/b><\/p>\n<ul>\n<li><b><\/b> <b>Yaz\u0131c\u0131, PDF, Excel, CSV vb.<\/b><\/li>\n<\/ul>\n<p><b>\u00a0<\/b><\/p>\n<p><span style=\"color: #000000;\"><strong>Veri Aktar\u0131m\u0131<\/strong><\/span><\/p>\n<ul>\n<li><b><\/b> <b>ASCII Dosyalar\u0131<\/b><\/li>\n<\/ul>\n\n\t\t<\/div>\n\t<\/div>\n<\/div><\/div><\/div><\/div><\/div><\/div><\/div><\/div>","protected":false},"excerpt":{"rendered":"High Precision Automotive Disc Brake Pad \u00a0Natural Frequency and Damping Test SAE J2598 Frequency Range better than standard requirement (500Hz to 16 kHz) Frequency Resolution &lt; 1 Hz at 20 kHz Calculation of Damping or Loss Factor according to SAE J2598 Selectable dB Values for Damping Estimation for each Natural Frequency Quality Sentencing based on&hellip;","protected":false},"author":1,"featured_media":0,"parent":884,"menu_order":0,"comment_status":"closed","ping_status":"closed","template":"","meta":{"footnotes":""},"_links":{"self":[{"href":"https:\/\/www.tempatech.com\/tr\/wp-json\/wp\/v2\/pages\/907"}],"collection":[{"href":"https:\/\/www.tempatech.com\/tr\/wp-json\/wp\/v2\/pages"}],"about":[{"href":"https:\/\/www.tempatech.com\/tr\/wp-json\/wp\/v2\/types\/page"}],"author":[{"embeddable":true,"href":"https:\/\/www.tempatech.com\/tr\/wp-json\/wp\/v2\/users\/1"}],"replies":[{"embeddable":true,"href":"https:\/\/www.tempatech.com\/tr\/wp-json\/wp\/v2\/comments?post=907"}],"version-history":[{"count":6,"href":"https:\/\/www.tempatech.com\/tr\/wp-json\/wp\/v2\/pages\/907\/revisions"}],"predecessor-version":[{"id":1226,"href":"https:\/\/www.tempatech.com\/tr\/wp-json\/wp\/v2\/pages\/907\/revisions\/1226"}],"up":[{"embeddable":true,"href":"https:\/\/www.tempatech.com\/tr\/wp-json\/wp\/v2\/pages\/884"}],"wp:attachment":[{"href":"https:\/\/www.tempatech.com\/tr\/wp-json\/wp\/v2\/media?parent=907"}],"curies":[{"name":"wp","href":"https:\/\/api.w.org\/{rel}","templated":true}]}}