{"id":935,"date":"2021-01-06T11:40:25","date_gmt":"2021-01-06T11:40:25","guid":{"rendered":"https:\/\/www.tempatech.com\/?page_id=935"},"modified":"2021-02-19T16:02:39","modified_gmt":"2021-02-19T13:02:39","slug":"data-acquisition-software-vanalyser","status":"publish","type":"page","link":"https:\/\/www.tempatech.com\/tr\/test-measurement-systems\/maul-theet-products\/data-acquisition-software-vanalyser\/","title":{"rendered":"Data Acquisition Software | vAnalyser"},"content":{"rendered":"<div class=\"vc_row wpb_row vc_row-fluid\"><div class=\"wpb_column vc_column_container vc_col-sm-6\"><div class=\"vc_column-inner\"><div class=\"wpb_wrapper\">\n\t<div  class=\"wpb_single_image wpb_content_element vc_align_center\">\n\t\t\n\t\t<figure class=\"wpb_wrapper vc_figure\">\n\t\t\t<div class=\"vc_single_image-wrapper   vc_box_border_grey\"><img loading=\"lazy\" decoding=\"async\" width=\"980\" height=\"551\" src=\"https:\/\/www.tempatech.com\/wp-content\/uploads\/2021\/01\/Resim1-6-1024x576.png\" class=\"vc_single_image-img attachment-large\" alt=\"\" title=\"\" srcset=\"https:\/\/www.tempatech.com\/wp-content\/uploads\/2021\/01\/Resim1-6-1024x576.png 1024w, https:\/\/www.tempatech.com\/wp-content\/uploads\/2021\/01\/Resim1-6-300x169.png 300w, https:\/\/www.tempatech.com\/wp-content\/uploads\/2021\/01\/Resim1-6-768x432.png 768w, https:\/\/www.tempatech.com\/wp-content\/uploads\/2021\/01\/Resim1-6-16x9.png 16w, https:\/\/www.tempatech.com\/wp-content\/uploads\/2021\/01\/Resim1-6.png 1529w\" sizes=\"(max-width: 980px) 100vw, 980px\" \/><\/div>\n\t\t<\/figure>\n\t<\/div>\n<\/div><\/div><\/div><div class=\"wpb_column vc_column_container vc_col-sm-6\"><div class=\"vc_column-inner\"><div class=\"wpb_wrapper\">\n\t<div class=\"wpb_text_column wpb_content_element  vc_custom_1609932693690\" >\n\t\t<div class=\"wpb_wrapper\">\n\t\t\t<p><span style=\"color: #000000;\"><strong>\u00a0Donan\u0131m<\/strong><\/span><\/p>\n<p class=\" translation-block\">vAnalyzer PC tabanl\u0131 bir \u00f6l\u00e7\u00fcm sistemidir. Diz\u00fcst\u00fc bilgisayara ba\u011fl\u0131 2, 4, 8, 12 veya 16 kanala sahip harici USB kutusundan LAN ba\u011flant\u0131s\u0131 kullanan 64 kanall\u0131 b\u00fcy\u00fck sistemlere kadar pek \u00e7ok sistem mevcuttur.<\/p>\n<p class=\" translation-block\">\u00d6zel vAnalyzer versiyonlar\u0131 harici sistemlerden veri transferine olanak sa\u011flar. M\u00fc\u015fteri aray\u00fcz sistemleri \u00e7\u00f6z\u00fcmleri i\u00e7in l\u00fctfen bizimle ba\u011flant\u0131 kurun.<\/p>\n<p><span style=\"font-weight: 400;\">\u00d6l\u00e7\u00fcm verilerinin aktar\u0131m\u0131 genellikle UFF dosya t\u00fcr\u00fc veya kullan\u0131c\u0131 taraf\u0131ndan tan\u0131mlanan ASCII dosyalar\u0131 ile y\u00f6netilir.<\/span><\/p>\n\n\t\t<\/div>\n\t<\/div>\n<\/div><\/div><\/div><\/div><div class=\"vc_row wpb_row vc_row-fluid\"><div class=\"wpb_column vc_column_container vc_col-sm-12\"><div class=\"vc_column-inner\"><div class=\"wpb_wrapper\"><div class=\"vc_row wpb_row vc_inner vc_row-fluid vc_custom_1609928368463\"><div class=\"wpb_column vc_column_container vc_col-sm-4\"><div class=\"vc_column-inner\"><div class=\"wpb_wrapper\">\n\t<div class=\"wpb_text_column wpb_content_element\" >\n\t\t<div class=\"wpb_wrapper\">\n\t\t\t<p><span style=\"color: #000000;\"><strong>\u00d6ne \u00c7\u0131kan \u00d6zellikler:<\/strong><\/span><\/p>\n<ul>\n<li><b><i>2\u2019den 64+\u2019ya kadar kanal say\u0131s\u0131<\/i><\/b><\/li>\n<li><b><i>ICP,\u00a0 AC\/DC<\/i><\/b><\/li>\n<li><b><i>1\u2019den 8+\u2019ya kadar Sinyal \u00dcreteci<\/i><\/b><\/li>\n<li><b><i>Tacho Giri\u015fi<\/i><\/b><\/li>\n<li><b><i>Frekans Aral\u0131\u011f\u0131 0-80 kHz<\/i><\/b><\/li>\n<li><b><i>Giri\u015f <\/i><\/b>\n<ul>\n<li><b><i>&#8211;<\/i><\/b><b><i>24bit\u00a0<\/i><\/b><\/li>\n<li><b><i>\u00b1100mV  - \u00b110V  (1,2,5 aral\u0131k se\u00e7enekleriyle)<\/i><\/b><\/li>\n<\/ul>\n<\/li>\n<li><b><i>Sens\u00f6r-Veritaban\u0131<\/i><\/b><\/li>\n<li><b><i>FFT-Analizeri<\/i><\/b>\n<ul>\n<li><b><i>Otomatik-spektrum<\/i><\/b><\/li>\n<li><b><i>\u00c7apraz-spektrum<\/i><\/b><\/li>\n<li><b><i>FRF (H1,2,3)<\/i><\/b><\/li>\n<li><b><i>Coherence<\/i><\/b><\/li>\n<li><b><i>vb...<\/i><\/b><\/li>\n<\/ul>\n<\/li>\n<li><b><i>Kay\u0131t Cihaz\u0131<\/i><\/b>\n<ul>\n<li><b><i>Hard disk \u00dczerine yazma<\/i><\/b><\/li>\n<li><b><i>RMS Zaman Serileri<\/i><\/b><\/li>\n<li><b><i>Tetiklenebilen \u00f6l\u00e7\u00fcm<\/i><\/b><\/li>\n<\/ul>\n<\/li>\n<li><b><i>Windows XP\/7<\/i><\/b><\/li>\n<\/ul>\n\n\t\t<\/div>\n\t<\/div>\n<\/div><\/div><\/div><div class=\"wpb_column vc_column_container vc_col-sm-4\"><div class=\"vc_column-inner\"><div class=\"wpb_wrapper\">\n\t<div class=\"wpb_text_column wpb_content_element\" >\n\t\t<div class=\"wpb_wrapper\">\n\t\t\t<p><span style=\"color: #000000;\"><strong>Analiz ve Grafik<\/strong><\/span><\/p>\n<p><span style=\"font-weight: 400;\">Esnek g\u00f6sterim pek \u00e7ok farkl\u0131 diyagram ve spektrum g\u00f6stermeye olanak sa\u011flar. Kullan\u0131c\u0131 diyagramlar\u0131 a\u015fa\u011f\u0131daki tiplerde g\u00f6sterebilir:<\/span><\/p>\n<ul>\n<li><span style=\"font-weight: 400;\"> Zaman a\u011f\u0131rl\u0131kl\u0131\/a\u011f\u0131rl\u0131ks\u0131z<\/span><\/li>\n<li><span style=\"font-weight: 400;\"> Zaman KB a\u011f\u0131rl\u0131kl\u0131<\/span><\/li>\n<li><span style=\"font-weight: 400;\"> RMS ve Max\/Min a\u011f\u0131rl\u0131kl\u0131<\/span><\/li>\n<li><span style=\"font-weight: 400;\"> FFT-spektrumu<\/span><\/li>\n<li><span style=\"font-weight: 400;\"> Otomatik-spektrum<\/span><\/li>\n<li><span style=\"font-weight: 400;\"> Cross-spectra<\/span><\/li>\n<li><span style=\"font-weight: 400;\"> FRF 1, FRF 2 ve FRF 3<\/span><\/li>\n<li><span style=\"font-weight: 400;\"> Coherence<\/span><\/li>\n<\/ul>\n<p><span style=\"font-weight: 400;\">G\u00f6sterim se\u00e7enekleri dosyalara kaydedilebilir ve kolayca geri uygulanabilir. \u0130stenilen g\u00f6r\u00fcnt\u00fcler aras\u0131nda ge\u00e7i\u015f yapabilmek i\u00e7in 8 adete kadar farkl\u0131 g\u00f6sterim se\u00e7ene\u011fine k\u0131sayollar atanabilir. Bu \u00f6zellik, \u00e7ok kanall\u0131 sistemlerde \u00e7al\u0131\u015f\u0131rken olduk\u00e7a kullan\u0131\u015fl\u0131d\u0131r.<\/span><\/p>\n\n\t\t<\/div>\n\t<\/div>\n<\/div><\/div><\/div><div class=\"wpb_column vc_column_container vc_col-sm-4\"><div class=\"vc_column-inner\"><div class=\"wpb_wrapper\">\n\t<div  class=\"wpb_single_image wpb_content_element vc_align_center  vc_custom_1609933011199\">\n\t\t\n\t\t<figure class=\"wpb_wrapper vc_figure\">\n\t\t\t<div class=\"vc_single_image-wrapper   vc_box_border_grey\"><img loading=\"lazy\" decoding=\"async\" width=\"361\" height=\"245\" src=\"https:\/\/www.tempatech.com\/wp-content\/uploads\/2021\/01\/Resim3-3.png\" class=\"vc_single_image-img attachment-full\" alt=\"\" title=\"\" srcset=\"https:\/\/www.tempatech.com\/wp-content\/uploads\/2021\/01\/Resim3-3.png 361w, https:\/\/www.tempatech.com\/wp-content\/uploads\/2021\/01\/Resim3-3-300x204.png 300w, https:\/\/www.tempatech.com\/wp-content\/uploads\/2021\/01\/Resim3-3-16x12.png 16w\" sizes=\"(max-width: 361px) 100vw, 361px\" \/><\/div>\n\t\t<\/figure>\n\t<\/div>\n<\/div><\/div><\/div><\/div><div class=\"vc_row wpb_row vc_inner vc_row-fluid\"><div class=\"wpb_column vc_column_container vc_col-sm-4\"><div class=\"vc_column-inner\"><div class=\"wpb_wrapper\">\n\t<div  class=\"wpb_single_image wpb_content_element vc_align_center  vc_custom_1609933022676\">\n\t\t\n\t\t<figure class=\"wpb_wrapper vc_figure\">\n\t\t\t<div class=\"vc_single_image-wrapper   vc_box_border_grey\"><img loading=\"lazy\" decoding=\"async\" width=\"396\" height=\"268\" src=\"https:\/\/www.tempatech.com\/wp-content\/uploads\/2021\/01\/Resim4-1.png\" class=\"vc_single_image-img attachment-full\" alt=\"\" title=\"Resim4\" srcset=\"https:\/\/www.tempatech.com\/wp-content\/uploads\/2021\/01\/Resim4-1.png 396w, https:\/\/www.tempatech.com\/wp-content\/uploads\/2021\/01\/Resim4-1-300x203.png 300w, https:\/\/www.tempatech.com\/wp-content\/uploads\/2021\/01\/Resim4-1-16x12.png 16w\" sizes=\"(max-width: 396px) 100vw, 396px\" \/><\/div>\n\t\t<\/figure>\n\t<\/div>\n<\/div><\/div><\/div><div class=\"wpb_column vc_column_container vc_col-sm-8\"><div class=\"vc_column-inner\"><div class=\"wpb_wrapper\">\n\t<div class=\"wpb_text_column wpb_content_element  vc_custom_1609933076894\" >\n\t\t<div class=\"wpb_wrapper\">\n\t\t\t<p><span style=\"color: #000000;\"><strong>Zaman Verisi Kaydedici<\/strong><\/span><\/p>\n<p class=\" translation-block\">vAnalyer\u2019\u0131n en \u00f6nemli \u00f6zelliklerinden biri de zaman verisi kaydedici \u00f6zelli\u011fidir. Bug\u00fcnlerde olduk\u00e7a h\u0131zl\u0131 olan y\u00fcksek kapasiteli hard disk s\u00fcr\u00fcc\u00fclerin avantaj\u0131yla, kullan\u0131c\u0131 \u00e7ok kanall\u0131 sinyalleri daha uzun s\u00fcre kaydedebilir. Kay\u0131t izleme modunda, sinyal tetikleyici ko\u015fullar\u0131 sa\u011flad\u0131ktan sonra analiz\u00f6r, belirlenmi\u015f bir zaman diliminde zaman serilerini kaydedecektir.<\/p>\n<p class=\" translation-block\">Kay\u0131t edilmi\u015f b\u00fct\u00fcn veri dosyalar\u0131, vAnalyzer kullan\u0131larak \u00e7evrimi\u00e7i \u00f6l\u00e7\u00fcmlerdekiyle ayn\u0131 \u015fekilde daha sonra da analiz edilebilir.<\/p>\n<p><span style=\"color: #000000;\"><strong>Ayarlar<\/strong><\/span><\/p>\n<p class=\" translation-block\">Grafik giri\u015f maskelerini a\u00e7\u0131k\u00e7a ortaya koyabilmek i\u00e7in b\u00fct\u00fcn frekans menzili ayarlar\u0131 girilebilir (frekans \u00e7\u00f6z\u00fcn\u00fcrl\u00fc\u011f\u00fc, amplifikat\u00f6r, ICP kayna\u011f\u0131, tetikleyici ve pencereleme fonksiyonlar\u0131). Bu ayarlar hard disk \u00fczerine kaydedilerek her an geri uygulanabilir. vAnalyzer, sens\u00f6rler i\u00e7in girilen kalibrasyon fakt\u00f6rlerini direkt olarak okuyabilmesi i\u00e7in entegre edilmi\u015f bir sens\u00f6r veritaban\u0131na sahiptir.<\/p>\n\n\t\t<\/div>\n\t<\/div>\n<\/div><\/div><\/div><\/div><div class=\"vc_row wpb_row vc_inner vc_row-fluid\"><div class=\"wpb_column vc_column_container vc_col-sm-8\"><div class=\"vc_column-inner\"><div class=\"wpb_wrapper\">\n\t<div class=\"wpb_text_column wpb_content_element  vc_custom_1609933167545\" >\n\t\t<div class=\"wpb_wrapper\">\n\t\t\t<p><strong><span style=\"color: #000000;\">\u00c7\u0131k\u0131\u015f Sinyali \u00dcretici<\/span><\/strong><\/p>\n<p><span style=\"font-weight: 400;\">Yerle\u015fik \u00fcrete\u00e7 \u015fu sinyalleri \u00fcretmeye izin verir:<\/span><\/p>\n<ul>\n<li><span style=\"font-weight: 400;\"> sine<\/span><\/li>\n<li><span style=\"font-weight: 400;\"> Noise<\/span><\/li>\n<li><span style=\"font-weight: 400;\"> Chirp<\/span><\/li>\n<li><span style=\"font-weight: 400;\"> step sine.<\/span><\/li>\n<\/ul>\n<p><span style=\"font-weight: 400;\">Gerekli oldu\u011funda, i\u00e7erden tetikleme ile jenerat\u00f6r sinyalleri, \u00f6l\u00e7\u00fclen zaman bloklar\u0131na otomatik olarak senkronize edilir. \u00d6rne\u011fin sars\u0131c\u0131n\u0131n d\u00fc\u015f\u00fck genlikli sinyal ile s\u00fcr\u00fclmesi.<\/span><\/p>\n<p><span style=\"color: #000000;\"><strong>\u00d6l\u00e7\u00fcm Veritaban\u0131<\/strong><\/span><\/p>\n<p class=\" translation-block\">Kullan\u0131c\u0131, vAnalyzer veri format\u0131yla b\u00fct\u00fcn zaman ve spektrum verilerini, ilerleyen d\u00fczenlemelerde tekrar kullanabilmek i\u00e7in kaydedebilir.<\/p>\n\n\t\t<\/div>\n\t<\/div>\n<\/div><\/div><\/div><div class=\"wpb_column vc_column_container vc_col-sm-4\"><div class=\"vc_column-inner\"><div class=\"wpb_wrapper\">\n\t<div  class=\"wpb_single_image wpb_content_element vc_align_center  vc_custom_1609933134449\">\n\t\t\n\t\t<figure class=\"wpb_wrapper vc_figure\">\n\t\t\t<div class=\"vc_single_image-wrapper   vc_box_border_grey\"><img loading=\"lazy\" decoding=\"async\" width=\"573\" height=\"216\" src=\"https:\/\/www.tempatech.com\/wp-content\/uploads\/2021\/01\/Resim2-6.png\" class=\"vc_single_image-img attachment-full\" alt=\"\" title=\"\" srcset=\"https:\/\/www.tempatech.com\/wp-content\/uploads\/2021\/01\/Resim2-6.png 573w, https:\/\/www.tempatech.com\/wp-content\/uploads\/2021\/01\/Resim2-6-300x113.png 300w, https:\/\/www.tempatech.com\/wp-content\/uploads\/2021\/01\/Resim2-6-16x6.png 16w\" sizes=\"(max-width: 573px) 100vw, 573px\" \/><\/div>\n\t\t<\/figure>\n\t<\/div>\n<\/div><\/div><\/div><\/div>\n\t<div class=\"wpb_text_column wpb_content_element\" >\n\t\t<div class=\"wpb_wrapper\">\n\t\t\t<p><span style=\"color: #000000;\"><strong>Modal Aray\u00fcz<\/strong><\/span><\/p>\n<p class=\" translation-block\">vAnalyzer,  Modal Analiz paketi vModal i\u00e7in entegre edilmi\u015f aray\u00fcz i\u00e7erir. Ayr\u0131ca, veriler UFF veya ASCII dosyalar\u0131 olarak disk \u00fczerine kaydedilebilir.<\/p>\n<p><strong><span style=\"color: #000000;\">Raporlama<\/span><\/strong><\/p>\n<p class=\" translation-block\">B\u00fct\u00fcn grafikler wmf-dosyalar\u0131 olarak; d\u0131\u015fa aktar\u0131labilir, panoya kaydedilebilir veya do\u011frudan yaz\u0131c\u0131ya g\u00f6nderilebilir.<\/p>\n\n\t\t<\/div>\n\t<\/div>\n<\/div><\/div><\/div><\/div>","protected":false},"excerpt":{"rendered":"\u00a0Hardware The vAnalyzer is PC based measurement system. There are various systems available, ranging from a small external USB-box connected to a notebook with 2, 4, 8,12 or 16 channels up to a large systems with 64 channels using LAN connection. Special versions of the vAnalyzer allow the data transfer from different external systems. For&hellip;","protected":false},"author":1,"featured_media":0,"parent":884,"menu_order":0,"comment_status":"closed","ping_status":"closed","template":"","meta":{"footnotes":""},"_links":{"self":[{"href":"https:\/\/www.tempatech.com\/tr\/wp-json\/wp\/v2\/pages\/935"}],"collection":[{"href":"https:\/\/www.tempatech.com\/tr\/wp-json\/wp\/v2\/pages"}],"about":[{"href":"https:\/\/www.tempatech.com\/tr\/wp-json\/wp\/v2\/types\/page"}],"author":[{"embeddable":true,"href":"https:\/\/www.tempatech.com\/tr\/wp-json\/wp\/v2\/users\/1"}],"replies":[{"embeddable":true,"href":"https:\/\/www.tempatech.com\/tr\/wp-json\/wp\/v2\/comments?post=935"}],"version-history":[{"count":3,"href":"https:\/\/www.tempatech.com\/tr\/wp-json\/wp\/v2\/pages\/935\/revisions"}],"predecessor-version":[{"id":1229,"href":"https:\/\/www.tempatech.com\/tr\/wp-json\/wp\/v2\/pages\/935\/revisions\/1229"}],"up":[{"embeddable":true,"href":"https:\/\/www.tempatech.com\/tr\/wp-json\/wp\/v2\/pages\/884"}],"wp:attachment":[{"href":"https:\/\/www.tempatech.com\/tr\/wp-json\/wp\/v2\/media?parent=935"}],"curies":[{"name":"wp","href":"https:\/\/api.w.org\/{rel}","templated":true}]}}