{"id":942,"date":"2021-01-06T11:53:33","date_gmt":"2021-01-06T11:53:33","guid":{"rendered":"https:\/\/www.tempatech.com\/?page_id=942"},"modified":"2021-02-19T16:01:08","modified_gmt":"2021-02-19T13:01:08","slug":"scanning-laser-scanset","status":"publish","type":"page","link":"https:\/\/www.tempatech.com\/tr\/test-measurement-systems\/maul-theet-products\/scanning-laser-scanset\/","title":{"rendered":"Scanning Laser | ScanSet"},"content":{"rendered":"<div class=\"vc_row wpb_row vc_row-fluid\"><div class=\"wpb_column vc_column_container vc_col-sm-6\"><div class=\"vc_column-inner\"><div class=\"wpb_wrapper\">\n\t<div class=\"wpb_text_column wpb_content_element  vc_custom_1609933566989\" >\n\t\t<div class=\"wpb_wrapper\">\n\t\t\t<p style=\"text-align: center;\"><em><span style=\"color: #000000;\"><strong>Y\u00fcksek Performans Lazer Doppler Vibrometre Tarama Sistemi<\/strong><\/span><\/em><\/p>\n<p><span style=\"font-weight: 400;\">\u00d6ne \u00c7\u0131kan \u00d6zellikler:<\/span><\/p>\n<ul>\n<li><b><i>Tek-Noktal\u0131 Lazer Vibrometreyi tam mesafe tarama sistemine d\u00f6n\u00fc\u015ft\u00fcrebilir.<\/i><\/b><\/li>\n<li><b><i>HD CCD-Optik Yak\u0131nla\u015ft\u0131rma \u00d6zellikli Kamera<\/i><\/b><\/li>\n<li><b><i>Dahili Veri Toplay\u0131c\u0131<\/i><\/b><\/li>\n<li class=\" translation-block\">4 kanal ile 20 kHz frekans aral\u0131\u011f\u0131<\/li>\n<li class=\" translation-block\">3 kanal ile 80 KHz frekans aral\u0131\u011f\u0131<\/li>\n<li class=\" translation-block\">2 kanal ile 2 MHz frekans aral\u0131\u011f\u0131<\/li>\n<li><b><i>AC, DC, IEPE<\/i><\/b><\/li>\n<li><b><i>Ta\u015f\u0131nabilir<\/i><\/b><\/li>\n<li><b><i>USB arabirimi<\/i><\/b><\/li>\n<li><b><i>Kapsaml\u0131 Tarama Yaz\u0131l\u0131m\u0131<\/i><\/b><\/li>\n<li><b><i>ODS Animasyonu<\/i><\/b><\/li>\n<li><b><i>Se\u00e7enekler<\/i><\/b>\n<ul>\n<li><b><i>\u00a0 \u00a0Zaman Kayd\u0131<\/i><\/b><\/li>\n<li><b><i>\u00a0 \u00a0Modal Analiz<\/i><\/b><\/li>\n<\/ul>\n<\/li>\n<\/ul>\n<p><em><strong><span style=\"color: #000000;\">ScanSet + Tek-Noktal\u0131 Lazer<\/span> <\/strong><b><span style=\"font-weight: 400;\">(\u00dcreticiden Ba\u011f\u0131ms\u0131z) <\/span><\/b><strong><span style=\"color: #000000;\">= Taray\u0131c\u0131 Lazer<\/span><\/strong><\/em><\/p>\n\n\t\t<\/div>\n\t<\/div>\n<\/div><\/div><\/div><div class=\"wpb_column vc_column_container vc_col-sm-6\"><div class=\"vc_column-inner\"><div class=\"wpb_wrapper\"><div class=\"wpex-slider-preloaderimg wpex-relative\"><img loading=\"lazy\" decoding=\"async\" width=\"461\" height=\"346\" src=\"https:\/\/www.tempatech.com\/wp-content\/uploads\/2021\/01\/Resim1-7.png\" class=\"skip-lazy\" alt=\"\" data-no-lazy=\"1\" srcset=\"https:\/\/www.tempatech.com\/wp-content\/uploads\/2021\/01\/Resim1-7.png 461w, https:\/\/www.tempatech.com\/wp-content\/uploads\/2021\/01\/Resim1-7-300x225.png 300w, https:\/\/www.tempatech.com\/wp-content\/uploads\/2021\/01\/Resim1-7-16x12.png 16w\" sizes=\"(max-width: 461px) 100vw, 461px\" \/><\/div><div class=\"vcex-module wpex-slider slider-pro vcex-image-slider wpex-clr\" data-auto-play-delay=\"5000\" data-thumbnails=\"true\" data-animation-speed=\"600\" data-height-animation-duration=\"500\" data-thumbnail-height=\"70\" data-thumbnail-width=\"70\"><div class=\"wpex-slider-slides sp-slides\"><div class=\"wpex-slider-slide sp-slide\"><div class=\"wpex-slider-media\"><img loading=\"lazy\" decoding=\"async\" width=\"461\" height=\"346\" src=\"https:\/\/www.tempatech.com\/wp-content\/uploads\/2021\/01\/Resim1-7.png\" class=\"skip-lazy\" alt=\"\" data-no-lazy=\"1\" srcset=\"https:\/\/www.tempatech.com\/wp-content\/uploads\/2021\/01\/Resim1-7.png 461w, https:\/\/www.tempatech.com\/wp-content\/uploads\/2021\/01\/Resim1-7-300x225.png 300w, https:\/\/www.tempatech.com\/wp-content\/uploads\/2021\/01\/Resim1-7-16x12.png 16w\" sizes=\"(max-width: 461px) 100vw, 461px\" \/><\/div><\/div><div class=\"wpex-slider-slide sp-slide\"><div class=\"wpex-slider-media\"><img loading=\"lazy\" decoding=\"async\" width=\"460\" height=\"344\" src=\"https:\/\/www.tempatech.com\/wp-content\/uploads\/2021\/01\/Resim2-7.png\" class=\"skip-lazy\" alt=\"\" data-no-lazy=\"1\" srcset=\"https:\/\/www.tempatech.com\/wp-content\/uploads\/2021\/01\/Resim2-7.png 460w, https:\/\/www.tempatech.com\/wp-content\/uploads\/2021\/01\/Resim2-7-300x224.png 300w, https:\/\/www.tempatech.com\/wp-content\/uploads\/2021\/01\/Resim2-7-16x12.png 16w\" sizes=\"(max-width: 460px) 100vw, 460px\" \/><\/div><\/div><div class=\"wpex-slider-slide sp-slide\"><div class=\"wpex-slider-media\"><img loading=\"lazy\" decoding=\"async\" width=\"581\" height=\"436\" src=\"https:\/\/www.tempatech.com\/wp-content\/uploads\/2021\/01\/Resim3-4.png\" class=\"skip-lazy\" alt=\"\" data-no-lazy=\"1\" srcset=\"https:\/\/www.tempatech.com\/wp-content\/uploads\/2021\/01\/Resim3-4.png 581w, https:\/\/www.tempatech.com\/wp-content\/uploads\/2021\/01\/Resim3-4-300x225.png 300w, https:\/\/www.tempatech.com\/wp-content\/uploads\/2021\/01\/Resim3-4-16x12.png 16w\" sizes=\"(max-width: 581px) 100vw, 581px\" \/><\/div><\/div><div class=\"wpex-slider-slide sp-slide\"><div class=\"wpex-slider-media\"><img loading=\"lazy\" decoding=\"async\" width=\"631\" height=\"383\" src=\"https:\/\/www.tempatech.com\/wp-content\/uploads\/2021\/01\/Resim4-2.png\" class=\"skip-lazy\" alt=\"\" data-no-lazy=\"1\" srcset=\"https:\/\/www.tempatech.com\/wp-content\/uploads\/2021\/01\/Resim4-2.png 631w, https:\/\/www.tempatech.com\/wp-content\/uploads\/2021\/01\/Resim4-2-300x182.png 300w, https:\/\/www.tempatech.com\/wp-content\/uploads\/2021\/01\/Resim4-2-16x10.png 16w\" sizes=\"(max-width: 631px) 100vw, 631px\" \/><\/div><\/div><div class=\"wpex-slider-slide sp-slide\"><div class=\"wpex-slider-media\"><img loading=\"lazy\" decoding=\"async\" width=\"315\" height=\"236\" src=\"https:\/\/www.tempatech.com\/wp-content\/uploads\/2021\/01\/Resim5-1.png\" class=\"skip-lazy\" alt=\"\" data-no-lazy=\"1\" srcset=\"https:\/\/www.tempatech.com\/wp-content\/uploads\/2021\/01\/Resim5-1.png 315w, https:\/\/www.tempatech.com\/wp-content\/uploads\/2021\/01\/Resim5-1-300x225.png 300w, https:\/\/www.tempatech.com\/wp-content\/uploads\/2021\/01\/Resim5-1-16x12.png 16w\" sizes=\"(max-width: 315px) 100vw, 315px\" \/><\/div><\/div><div class=\"wpex-slider-slide sp-slide\"><div class=\"wpex-slider-media\"><img loading=\"lazy\" decoding=\"async\" width=\"652\" height=\"386\" src=\"https:\/\/www.tempatech.com\/wp-content\/uploads\/2021\/01\/Ekran-goruntusu-2020-12-13-140144.png\" class=\"skip-lazy\" alt=\"\" data-no-lazy=\"1\" srcset=\"https:\/\/www.tempatech.com\/wp-content\/uploads\/2021\/01\/Ekran-goruntusu-2020-12-13-140144.png 652w, https:\/\/www.tempatech.com\/wp-content\/uploads\/2021\/01\/Ekran-goruntusu-2020-12-13-140144-300x178.png 300w, https:\/\/www.tempatech.com\/wp-content\/uploads\/2021\/01\/Ekran-goruntusu-2020-12-13-140144-16x9.png 16w\" sizes=\"(max-width: 652px) 100vw, 652px\" \/><\/div><\/div><\/div><div class=\"wpex-slider-thumbnails sp-thumbnails\"><img loading=\"lazy\" decoding=\"async\" width=\"461\" height=\"346\" src=\"https:\/\/www.tempatech.com\/wp-content\/uploads\/2021\/01\/Resim1-7.png\" class=\"wpex-slider-thumbnail sp-thumbnail skip-lazy\" alt=\"\" data-no-lazy=\"1\" srcset=\"https:\/\/www.tempatech.com\/wp-content\/uploads\/2021\/01\/Resim1-7.png 461w, https:\/\/www.tempatech.com\/wp-content\/uploads\/2021\/01\/Resim1-7-300x225.png 300w, https:\/\/www.tempatech.com\/wp-content\/uploads\/2021\/01\/Resim1-7-16x12.png 16w\" sizes=\"(max-width: 461px) 100vw, 461px\" \/><img loading=\"lazy\" decoding=\"async\" width=\"460\" height=\"344\" src=\"https:\/\/www.tempatech.com\/wp-content\/uploads\/2021\/01\/Resim2-7.png\" class=\"wpex-slider-thumbnail sp-thumbnail skip-lazy\" alt=\"\" data-no-lazy=\"1\" srcset=\"https:\/\/www.tempatech.com\/wp-content\/uploads\/2021\/01\/Resim2-7.png 460w, https:\/\/www.tempatech.com\/wp-content\/uploads\/2021\/01\/Resim2-7-300x224.png 300w, https:\/\/www.tempatech.com\/wp-content\/uploads\/2021\/01\/Resim2-7-16x12.png 16w\" sizes=\"(max-width: 460px) 100vw, 460px\" \/><img loading=\"lazy\" decoding=\"async\" width=\"581\" height=\"436\" src=\"https:\/\/www.tempatech.com\/wp-content\/uploads\/2021\/01\/Resim3-4.png\" class=\"wpex-slider-thumbnail sp-thumbnail skip-lazy\" alt=\"\" data-no-lazy=\"1\" srcset=\"https:\/\/www.tempatech.com\/wp-content\/uploads\/2021\/01\/Resim3-4.png 581w, https:\/\/www.tempatech.com\/wp-content\/uploads\/2021\/01\/Resim3-4-300x225.png 300w, https:\/\/www.tempatech.com\/wp-content\/uploads\/2021\/01\/Resim3-4-16x12.png 16w\" sizes=\"(max-width: 581px) 100vw, 581px\" \/><img loading=\"lazy\" decoding=\"async\" width=\"631\" height=\"383\" src=\"https:\/\/www.tempatech.com\/wp-content\/uploads\/2021\/01\/Resim4-2.png\" class=\"wpex-slider-thumbnail sp-thumbnail skip-lazy\" alt=\"\" data-no-lazy=\"1\" srcset=\"https:\/\/www.tempatech.com\/wp-content\/uploads\/2021\/01\/Resim4-2.png 631w, https:\/\/www.tempatech.com\/wp-content\/uploads\/2021\/01\/Resim4-2-300x182.png 300w, https:\/\/www.tempatech.com\/wp-content\/uploads\/2021\/01\/Resim4-2-16x10.png 16w\" sizes=\"(max-width: 631px) 100vw, 631px\" \/><img loading=\"lazy\" decoding=\"async\" width=\"315\" height=\"236\" src=\"https:\/\/www.tempatech.com\/wp-content\/uploads\/2021\/01\/Resim5-1.png\" class=\"wpex-slider-thumbnail sp-thumbnail skip-lazy\" alt=\"\" data-no-lazy=\"1\" srcset=\"https:\/\/www.tempatech.com\/wp-content\/uploads\/2021\/01\/Resim5-1.png 315w, https:\/\/www.tempatech.com\/wp-content\/uploads\/2021\/01\/Resim5-1-300x225.png 300w, https:\/\/www.tempatech.com\/wp-content\/uploads\/2021\/01\/Resim5-1-16x12.png 16w\" sizes=\"(max-width: 315px) 100vw, 315px\" \/><img loading=\"lazy\" decoding=\"async\" width=\"652\" height=\"386\" src=\"https:\/\/www.tempatech.com\/wp-content\/uploads\/2021\/01\/Ekran-goruntusu-2020-12-13-140144.png\" class=\"wpex-slider-thumbnail sp-thumbnail skip-lazy\" alt=\"\" data-no-lazy=\"1\" srcset=\"https:\/\/www.tempatech.com\/wp-content\/uploads\/2021\/01\/Ekran-goruntusu-2020-12-13-140144.png 652w, https:\/\/www.tempatech.com\/wp-content\/uploads\/2021\/01\/Ekran-goruntusu-2020-12-13-140144-300x178.png 300w, https:\/\/www.tempatech.com\/wp-content\/uploads\/2021\/01\/Ekran-goruntusu-2020-12-13-140144-16x9.png 16w\" sizes=\"(max-width: 652px) 100vw, 652px\" \/><\/div><\/div><\/div><\/div><\/div><\/div><div class=\"vc_row wpb_row vc_row-fluid\"><div class=\"wpb_column vc_column_container vc_col-sm-12\"><div class=\"vc_column-inner\"><div class=\"wpb_wrapper\">\n\t<div class=\"wpb_text_column wpb_content_element\" >\n\t\t<div class=\"wpb_wrapper\">\n\t\t\t<p><strong><span style=\"color: #000000;\">Genel \u00d6zellikler<\/span><\/strong><\/p>\n<p class=\" translation-block\">Tarama Lazeri Vibrometresi\u2019nin lazer \u0131\u015f\u0131n\u0131 iki adet PC kontroll\u00fc ayna taraf\u0131ndan konumland\u0131r\u0131l\u0131r. Dahili HD kamera test objesinin canl\u0131 g\u00f6r\u00fcnt\u00fcs\u00fcn\u00fc yakalar. Bu foto\u011fraf \u00fczerinde \u00f6l\u00e7\u00fcm noktalar\u0131 entegre \u00e7izim ara\u00e7lar\u0131 ile kolayca ayarlanabilir. Tan\u0131mlanan noktalar ScanSet\u200b yaz\u0131l\u0131m\u0131 yard\u0131m\u0131yla otomatik olarak taran\u0131r.<\/p>\n<p class=\" translation-block\">ScanSet\u200b, bir tarama lazeri vibrometresinin b\u00fct\u00fcn bile\u015fenlerini i\u00e7erir.<\/p>\n<p class=\" translation-block\">Lazer Vibrometreyi k\u0131ska\u00e7lar yard\u0131m\u0131yla ScanSet adapt\u00f6r\u00fcne kolayca sabitleyip, ard\u0131ndan ayna \u00fcnitesini do\u011frusal s\u00fcrg\u00fcler yard\u0131m\u0131yla ayarlad\u0131ktan sonra \u00f6l\u00e7\u00fcmleri taramak i\u00e7in haz\u0131r hale gelirsiniz.<\/p>\n<p class=\" translation-block\">ScanSet\u200b,  lazer ve referans sinyallerini \u00f6l\u00e7mek i\u00e7in analog giri\u015f kanallar\u0131na sahip Veri Toplay\u0131c\u0131 ile gelir. Kullan\u0131c\u0131 dostu \u00f6l\u00e7\u00fcm ve analiz yaz\u0131l\u0131m\u0131, titre\u015fim bi\u00e7imlerinin titre\u015fim verilerini, grafik g\u00f6sterimlerini, foto\u011fraflar\u0131n\u0131 ve animasyonlar\u0131n\u0131 frekans ve titre\u015fim alan\u0131nda h\u0131zl\u0131ca i\u015fler.<\/p>\n\n\t\t<\/div>\n\t<\/div>\n<div class=\"vc_row wpb_row vc_inner vc_row-fluid\"><div class=\"wpb_column vc_column_container vc_col-sm-6\"><div class=\"vc_column-inner\"><div class=\"wpb_wrapper\">\n\t<div class=\"wpb_text_column wpb_content_element\" >\n\t\t<div class=\"wpb_wrapper\">\n\t\t\t<p><span style=\"color: #000000;\"><strong>Bile\u015fenler ve \u00d6zellikler<\/strong><\/span><\/p>\n<p><span style=\"font-weight: 400;\">\u2022 <\/span><b>\u200bScanSet\u200b haz\u0131r ve hemen uygulanabilir bir \u00e7\u00f6z\u00fcmd\u00fcr.<\/b><span style=\"font-weight: 400;\"> is a turnkey solution:\u00a0<\/span><\/p>\n<p class=\" translation-block\">\u00b7\u200b \u200bAynalar ve kamera ile birlikte tarama ba\u015fl\u0131\u011f\u0131<\/p>\n<p class=\" translation-block\">\u00b7\u200b \u200b\u200bTarama ba\u015fl\u0131\u011f\u0131 ve lazer vibrometre i\u00e7in ScanSet\u200b tutucu<\/p>\n<p class=\" translation-block\">\u00b7\u200b \u200b4, 3 veya 2 kanall\u0131 data toplay\u0131c\u0131 se\u00e7enekli kumanda<\/p>\n<p class=\" translation-block\">\u00b7\u200b \u200bTek-noktal\u0131 Lazer Doppler Vibrometresi (opsiyonel)<\/p>\n<p class=\" translation-block\">\u00b7\u200b \u200bKontrol ve Analiz Yaz\u0131l\u0131m\u0131na Sahip Diz\u00fcst\u00fc Bilgisayar veya Windows PC<\/p>\n<p class=\" translation-block\">\u00b7\u200b \u200bMobil \u00f6l\u00e7\u00fcmler i\u00e7in ta\u015f\u0131nmas\u0131 kolay<\/p>\n\n\t\t<\/div>\n\t<\/div>\n<\/div><\/div><\/div><div class=\"wpb_column vc_column_container vc_col-sm-6\"><div class=\"vc_column-inner\"><div class=\"wpb_wrapper\">\n\t<div class=\"wpb_text_column wpb_content_element\" >\n\t\t<div class=\"wpb_wrapper\">\n\t\t\t<p><span style=\"color: #000000;\"><strong>\u00d6l\u00e7\u00fcm ve Analiz - Yaz\u0131l\u0131m<\/strong><\/span><\/p>\n<p><span style=\"font-weight: 400;\">\u00d6l\u00e7\u00fcm ve analiz yaz\u0131l\u0131m\u0131 tarama g\u00f6revlerini tamamlamak i\u00e7in gerekli b\u00fct\u00fcn mod\u00fclleri i\u00e7erir.<\/span><\/p>\n<p class=\" translation-block\">\u200b\u00b7\u200b \u200bCCD-Foto\u011fraf yakalama, Canl\u0131 G\u00f6sterim<\/p>\n<p class=\" translation-block\">\u00b7\u200b \u200bGeometri ve \u00d6l\u00e7\u00fcm i\u015faretleme edit\u00f6r\u00fc<\/p>\n<p class=\" translation-block\">\u00b7\u200b \u200bKapsaml\u0131 fonksiyonelli\u011fi ile FFT Analiz\u00f6r\u00fc<\/p>\n<p class=\" translation-block\">\u00b7\u200b \u200bODS ve Modal se\u00e7ene\u011fi<\/p>\n<p class=\" translation-block\">\u00b7\u200b \u200b\u200bAnimasyon (Mod ve ODS, Nokta kay\u0131tlar\u0131n\u0131n Zaman Veri animasyonu<\/p>\n<p class=\" translation-block\">\u00b7\u200b \u200bAVI-, UFF\u2013 , ASCII\u2013 ve MatLab- formatlar\u0131nda aktar\u0131m<\/p>\n<p class=\" translation-block\">\u00b7\u200b \u200bOfiste kullan\u0131ma uygun \u00fccretsiz \u00e7evrimd\u0131\u015f\u0131 versiyon<\/p>\n\n\t\t<\/div>\n\t<\/div>\n<\/div><\/div><\/div><\/div>\n\t<div class=\"wpb_text_column wpb_content_element\" >\n\t\t<div class=\"wpb_wrapper\">\n\t\t\t<p><span style=\"color: #000000;\"><strong>\u200bScanSet\u200b haz\u0131r ve hemen uygulanabilir bir \u00e7\u00f6z\u00fcmd\u00fcr.<\/strong><\/span><\/p>\n<p class=\" translation-block\">ScanSet \u200b\u200btutucu, kameral\u0131 ve aynal\u0131 tarama ba\u015fl\u0131\u011f\u0131 ile Lazer Vibrometreyi ta\u015f\u0131yabilmek i\u00e7in al\u00fcminyumdan \u00fcretilmi\u015ftir. \u200bScanSet, Lazer Vibrometrenin lazer \u0131\u015f\u0131nlar\u0131n\u0131n aynalara merkez pozisyonda \u00e7arpmas\u0131n\u0131 sa\u011flamak i\u00e7in do\u011frusal s\u00fcrg\u00fcler sunar, bu s\u00fcrg\u00fcler kesin ve g\u00fcvenli pozisyon almas\u0131 i\u00e7in s\u0131k\u0131\u015ft\u0131rma kolu ile sabitlenebilir. Sinyal kalitesini \u00f6l\u00e7mek i\u00e7in ScanSet kullanmak yaln\u0131zca kullan\u0131lan Lazer Vibrometrenin \u00f6zelliklerine ve kalitesine ba\u011fl\u0131d\u0131r. Tarama ba\u015fl\u0131\u011f\u0131, kumandaya farkl\u0131 uzunluklarda mevcut olan tek bir kablo ile ba\u011flan\u0131r.<\/p>\n<p>&nbsp;<\/p>\n<p><span style=\"color: #000000;\"><strong>Kumanda<\/strong><\/span><\/p>\n<p><span style=\"font-weight: 400;\">Kumanda; g\u00fc\u00e7 kaynaklar\u0131, ayna kumandas\u0131 ve veri toplama sistemini i\u00e7erir. Giri\u015f kanallar\u0131 ve \u00e7\u0131k\u0131\u015f sinyali \u00fcreteci i\u00e7in sinyal BNC konnekt\u00f6r\u00fc ile temin edilebilir. PC ile ba\u011flant\u0131 tek bir USB ba\u011flant\u0131s\u0131 kullan\u0131larak kurulur.<\/span><\/p>\n\n\t\t<\/div>\n\t<\/div>\n<div class=\"vc_row wpb_row vc_inner vc_row-fluid vc_custom_1609934032108\"><div class=\"wpb_column vc_column_container vc_col-sm-4\"><div class=\"vc_column-inner\"><div class=\"wpb_wrapper\">\n\t<div class=\"wpb_text_column wpb_content_element\" >\n\t\t<div class=\"wpb_wrapper\">\n\t\t\t<p><span style=\"color: #000000;\"><strong>ScanSet-20 kHz<\/strong><\/span><\/p>\n<p><span style=\"font-weight: 400;\">\u00a0\u00a0Giri\u015f Kanallar\u0131: 24 Bit \u00c7\u00f6z\u00fcn\u00fcrl\u00fc\u011fe sahip 4 adet giri\u015f kanal\u0131<\/span><\/p>\n<p><span style=\"font-weight: 400;\">\u00a0\u00a0Giri\u015f Aral\u0131\u011f\u0131: \u00b11V veya \u00b110V se\u00e7ilebilir.<\/span><\/p>\n<p><span style=\"font-weight: 400;\">\u00a0\u00a0Ba\u011flant\u0131: AC, DC, IEPE Supply (2...4mA)<\/span><\/p>\n<p><span style=\"font-weight: 400;\">\u00a0\u00a0Frekans Aral\u0131\u011f\u0131: 1Hz ile 20 kHz 1,2,5,10 aral\u0131klar\u0131nda se\u00e7ilebilir.<\/span><\/p>\n<p><span style=\"font-weight: 400;\">\u00a0\u00a0\u00c7\u0131k\u0131\u015f Sinyali \u00dcreteci: Sine, Chirp, Noise ve Step-sine<\/span><\/p>\n\n\t\t<\/div>\n\t<\/div>\n<\/div><\/div><\/div><div class=\"wpb_column vc_column_container vc_col-sm-4\"><div class=\"vc_column-inner\"><div class=\"wpb_wrapper\">\n\t<div class=\"wpb_text_column wpb_content_element\" >\n\t\t<div class=\"wpb_wrapper\">\n\t\t\t<p><span style=\"color: #000000;\"><strong>ScanSet-80 kHz<\/strong><\/span><\/p>\n<p><span style=\"font-weight: 400;\">\u00a0\u00a0Giri\u015f Kanallar\u0131: 24 Bit \u00c7\u00f6z\u00fcn\u00fcrl\u00fc\u011fe sahip 3 adet giri\u015f kanal\u0131<\/span><\/p>\n<p><span style=\"font-weight: 400;\">\u00a0\u00a0Giri\u015f Aral\u0131\u011f\u0131: \u00b11V veya \u00b110V se\u00e7ilebilir.<\/span><\/p>\n<p><span style=\"font-weight: 400;\">\u00a0\u00a0Ba\u011flant\u0131: AC, DC, IEPE Supply (2...4mA)<\/span><\/p>\n<p><span style=\"font-weight: 400;\">\u00a0\u00a0Frekans Aral\u0131\u011f\u0131: 1Hz ile 80 kHz 1,2,5,10 aral\u0131klar\u0131nda se\u00e7ilebilir.<\/span><\/p>\n<p><span style=\"font-weight: 400;\">\u00a0<\/span><\/p>\n\n\t\t<\/div>\n\t<\/div>\n<\/div><\/div><\/div><div class=\"wpb_column vc_column_container vc_col-sm-4\"><div class=\"vc_column-inner\"><div class=\"wpb_wrapper\">\n\t<div class=\"wpb_text_column wpb_content_element\" >\n\t\t<div class=\"wpb_wrapper\">\n\t\t\t<p><span style=\"color: #000000;\"><strong>ScanSet-2 MHz<\/strong><\/span><\/p>\n<p><span style=\"font-weight: 400;\">Giri\u015f Kanallar\u0131: 24 Bit \u00c7\u00f6z\u00fcn\u00fcrl\u00fc\u011fe sahip 2 adet giri\u015f kanal\u0131<\/span><\/p>\n<p><span style=\"font-weight: 400;\">Giri\u015f Aral\u0131\u011f\u0131: \u00b12,5V<\/span><\/p>\n<p><span style=\"font-weight: 400;\">Ba\u011flant\u0131: DC<\/span><\/p>\n<p><span style=\"font-weight: 400;\">Frekans Aral\u0131\u011f\u0131: 1000 Hz ile 2 MHz 1,2,5,10 aral\u0131klar\u0131nda se\u00e7ilebilir.<\/span><\/p>\n<p><span style=\"font-weight: 400;\">Frekans \u00c7\u00f6z\u00fcn\u00fcrl\u00fc\u011f\u00fc: maksimum 25600 Frekans \u00e7izgileri<\/span><\/p>\n<p><span style=\"font-weight: 400;\">Anti-Aliasing Filter: Frekans mesafesine g\u00f6re ayarl\u0131<\/span><\/p>\n\n\t\t<\/div>\n\t<\/div>\n<\/div><\/div><\/div><\/div><\/div><\/div><\/div><\/div>","protected":false},"excerpt":{"rendered":"High Perfomance Laser Doppler Vibrometer Scanning System Highlights: Upgrades Single-Point Laser Vibrometer to a full Range Scanning System HD CCD-Camera with optical Zoom Built-In Data Acquisition 4 Channel with \u00a0 20 kHz Freq. range 3 Channel with\u00a0 \u00a0 80 KHz Freq. range 2 Channel with \u00a0 \u00a0 2 MHz Freq. range AC, DC, IEPE Portable&hellip;","protected":false},"author":1,"featured_media":0,"parent":884,"menu_order":0,"comment_status":"closed","ping_status":"closed","template":"","meta":{"footnotes":""},"_links":{"self":[{"href":"https:\/\/www.tempatech.com\/tr\/wp-json\/wp\/v2\/pages\/942"}],"collection":[{"href":"https:\/\/www.tempatech.com\/tr\/wp-json\/wp\/v2\/pages"}],"about":[{"href":"https:\/\/www.tempatech.com\/tr\/wp-json\/wp\/v2\/types\/page"}],"author":[{"embeddable":true,"href":"https:\/\/www.tempatech.com\/tr\/wp-json\/wp\/v2\/users\/1"}],"replies":[{"embeddable":true,"href":"https:\/\/www.tempatech.com\/tr\/wp-json\/wp\/v2\/comments?post=942"}],"version-history":[{"count":5,"href":"https:\/\/www.tempatech.com\/tr\/wp-json\/wp\/v2\/pages\/942\/revisions"}],"predecessor-version":[{"id":1227,"href":"https:\/\/www.tempatech.com\/tr\/wp-json\/wp\/v2\/pages\/942\/revisions\/1227"}],"up":[{"embeddable":true,"href":"https:\/\/www.tempatech.com\/tr\/wp-json\/wp\/v2\/pages\/884"}],"wp:attachment":[{"href":"https:\/\/www.tempatech.com\/tr\/wp-json\/wp\/v2\/media?parent=942"}],"curies":[{"name":"wp","href":"https:\/\/api.w.org\/{rel}","templated":true}]}}